{"id":672,"date":"2019-04-11T14:54:55","date_gmt":"2019-04-11T14:54:55","guid":{"rendered":"http:\/\/hemogum.acocvetic.com\/about-us\/"},"modified":"2025-07-28T12:27:55","modified_gmt":"2025-07-28T12:27:55","slug":"uber-uns","status":"publish","type":"page","link":"https:\/\/hemogum.com\/de\/uber-uns\/","title":{"rendered":"\u00dcber uns"},"content":{"rendered":"\t\t<div data-elementor-type=\"wp-page\" data-elementor-id=\"672\" class=\"elementor elementor-672\">\n\t\t\t\t<div class=\"wd-negative-gap elementor-element elementor-element-630ae5b e-flex e-con-boxed e-con e-parent\" data-id=\"630ae5b\" data-element_type=\"container\">\n\t\t\t\t\t<div class=\"e-con-inner\">\n\t\t\t\t<div class=\"elementor-element elementor-element-d599c49 text-center color-scheme-inherit elementor-widget elementor-widget-text-editor\" data-id=\"d599c49\" data-element_type=\"widget\" data-widget_type=\"text-editor.default\">\n\t\t\t\t<div class=\"elementor-widget-container\">\n\t\t\t\t\t\t\t\t\t<p><strong>Hemogum<\/strong> wurde im Jahr 1991 gegr\u00fcndet, mit dem Ziel Gummiformartikel sowie Gummi-Metall-Verbundelemente herzustellen. In der internen Konstruktionsabteilung werden Werkzeuge und Formen selber hergestellt. Hemogum verarbeitet s\u00e4mtliche Elastomermischungen \u2013 teils aus eigener Fertigung \u2013 um die Anforderungen der Kunden zu erf\u00fcllen.<\/p><p>Wir stellen selber Mischungen auf Silikonbasis, Naturkautschuk und synthetischem Kautschuk her, unter Ber\u00fccksichtigung der DIN 53529 Normen, bzw. verwandten Vorschriften aus den EN und ASTM-Normen.<\/p>\t\t\t\t\t\t\t\t<\/div>\n\t\t\t\t<\/div>\n\t\t\t\t<div class=\"elementor-element elementor-element-4372ad0 wd-width-100 elementor-widget elementor-widget-wd_title\" data-id=\"4372ad0\" data-element_type=\"widget\" data-widget_type=\"wd_title.default\">\n\t\t\t\t<div class=\"elementor-widget-container\">\n\t\t\t\t\t\t\t<div class=\"title-wrapper wd-set-mb reset-last-child wd-title-color-white wd-title-style-default wd-title-size-small text-center\">\n\n\t\t\t\n\t\t\t<div class=\"liner-continer\">\n\t\t\t\t<h4 class=\"woodmart-title-container title wd-fontsize-m wd-underline-colored\">Untersuchung der erhaltenen Mischungen<\/h4> \n\t\t\t\t\t\t\t<\/div>\n\n\t\t\t\t\t<\/div>\n\t\t\t\t\t\t<\/div>\n\t\t\t\t<\/div>\n\t\t\t\t<div class=\"elementor-element elementor-element-7715635 elementor-widget elementor-widget-wd_text_block\" data-id=\"7715635\" data-element_type=\"widget\" data-widget_type=\"wd_text_block.default\">\n\t\t\t\t<div class=\"elementor-widget-container\">\n\t\t\t\t\t\t\t<div class=\"wd-text-block reset-last-child text-center\">\n\t\t\t\n\t\t\tZur Pr\u00fcfung der erhaltenen Mischungen nutzen wir Standardtests nach DIN-, EN- und ASTM-Normen.\n\t\t\t\t\t<\/div>\n\t\t\t\t\t\t<\/div>\n\t\t\t\t<\/div>\n\t\t\t\t<div class=\"elementor-element elementor-element-fc64f19 elementor-widget elementor-widget-wd_table\" data-id=\"fc64f19\" data-element_type=\"widget\" data-widget_type=\"wd_table.default\">\n\t\t\t\t<div class=\"elementor-widget-container\">\n\t\t\t\t\t\t\t<div class=\"wd-el-table-wrap wd-reset-all-last\">\n\t\t\t<table class=\"wd-el-table\">\n\t\t\t\t\t\t\t\t\t<thead class=\"text-center\">\n\t\t\t\t\t\t\t\t\t\t\t\t\t\t\t\t\t\t\t\t\t\t\t\t\t\t\t\t\t\t<tr class=\"wd-table-row elementor-repeater-item-b34fe55\">\n\t\t\t\t\t\t\t\t\t\t\t\t\t\t\t\t\t\t\t\t\t\t\t\t\t\t\t\t\t\t\t\t\t\t\t\t<th class=\"wd-table-cell elementor-repeater-item-04dbb01\" colspan=\"1\" rowspan=\"1\">\n\t\t\t\t\t\t\t\t\tMethode\t\t\t\t\t\t\t\t<\/th>\n\t\t\t\t\t\t\t\t\t\t\t\t\t\t\t\t\t\t\t\t\t\t\t\t\t\t\t\t<th class=\"wd-table-cell elementor-repeater-item-f4a4948\" colspan=\"1\" rowspan=\"1\">\n\t\t\t\t\t\t\t\t\tMessgr\u00f6\u00dfe\t\t\t\t\t\t\t\t<\/th>\n\t\t\t\t\t\t\t\t\t\t\t\t\t\t\t\t\t\t\t\t\t\t\t\t\t\t\t\t<th class=\"wd-table-cell elementor-repeater-item-2cb7cdb\" colspan=\"1\" rowspan=\"1\">\n\t\t\t\t\t\t\t\t\t<p>DIN standard<\/p>\t\t\t\t\t\t\t\t<\/th>\n\t\t\t\t\t\t\t\t\t\t\t\t\t\t\t\t\t\t\t<\/tr>\n\t\t\t\t\t<\/thead>\n\t\t\t\t\n\t\t\t\t<tbody class=\"text-center\">\n\t\t\t\t\t\t\t\t\t\t\t\t\t\t\t\t\t\t\t\t\t\t\t\t\t\t<tr class=\"wd-table-row elementor-repeater-item-5a6c39a\">\n\t\t\t\t\t\t\t\t\t\t\t\t\t\t\t\t\t\t\t\t\t\t\t\t\t\t\t\t\t\t\t<td class=\"wd-table-cell elementor-repeater-item-a6f8eab\" colspan=\"1\" rowspan=\"1\">\n\t\t\t\t\t\t\tShore-H\u00e4rte\t\t\t\t\t\t\t<\/td>\n\t\t\t\t\t\t\t\t\t\t\t\t\t\t\t\t\t\t\t\t\t\t\t\t<td class=\"wd-table-cell elementor-repeater-item-2a4731a\" colspan=\"1\" rowspan=\"1\">\n\t\t\t\t\t\t\t<p>Sh. A<\/p>\t\t\t\t\t\t\t<\/td>\n\t\t\t\t\t\t\t\t\t\t\t\t\t\t\t\t\t\t\t\t\t\t\t\t<td class=\"wd-table-cell elementor-repeater-item-f0d24db\" colspan=\"1\" rowspan=\"1\">\n\t\t\t\t\t\t\t<p>DIN 53505 A<\/p>\t\t\t\t\t\t\t<\/td>\n\t\t\t\t\t\t\t\t\t\t\t\t\t\t\t\t\t\t\t\t\t\t\t\t\t\t\t\t\t\t\t\t<\/tr>\n\t\t\t\t\t\t\t\t<tr class=\"wd-table-row elementor-repeater-item-41f01c1\">\n\t\t\t\t\t\t\t\t\t\t\t\t\t\t\t\t\t\t\t\t\t\t\t\t\t\t\t\t\t\t\t<td class=\"wd-table-cell elementor-repeater-item-b095029\" colspan=\"1\" rowspan=\"1\">\n\t\t\t\t\t\t\tDichte\t\t\t\t\t\t\t<\/td>\n\t\t\t\t\t\t\t\t\t\t\t\t\t\t\t\t\t\t\t\t\t\t\t\t<td class=\"wd-table-cell elementor-repeater-item-d064964\" colspan=\"1\" rowspan=\"1\">\n\t\t\t\t\t\t\t<p>g\/cm3<\/p>\t\t\t\t\t\t\t<\/td>\n\t\t\t\t\t\t\t\t\t\t\t\t\t\t\t\t\t\t\t\t\t\t\t\t<td class=\"wd-table-cell elementor-repeater-item-74ef422\" colspan=\"1\" rowspan=\"1\">\n\t\t\t\t\t\t\t<p>DIN 53479<\/p>\t\t\t\t\t\t\t<\/td>\n\t\t\t\t\t\t\t\t\t\t\t\t\t\t\t\t\t\t\t\t\t\t\t\t\t\t\t\t\t\t\t\t<\/tr>\n\t\t\t\t\t\t\t\t<tr class=\"wd-table-row elementor-repeater-item-539d532\">\n\t\t\t\t\t\t\t\t\t\t\t\t\t\t\t\t\t\t\t\t\t\t\t\t\t\t\t\t\t\t\t<td class=\"wd-table-cell elementor-repeater-item-4b849d5\" colspan=\"1\" rowspan=\"1\">\n\t\t\t\t\t\t\tZugfestigkeit\t\t\t\t\t\t\t<\/td>\n\t\t\t\t\t\t\t\t\t\t\t\t\t\t\t\t\t\t\t\t\t\t\t\t<td class=\"wd-table-cell elementor-repeater-item-9a6b850\" colspan=\"1\" rowspan=\"1\">\n\t\t\t\t\t\t\t<p>N\/mm2<\/p>\t\t\t\t\t\t\t<\/td>\n\t\t\t\t\t\t\t\t\t\t\t\t\t\t\t\t\t\t\t\t\t\t\t\t<td class=\"wd-table-cell elementor-repeater-item-09332db\" colspan=\"1\" rowspan=\"1\">\n\t\t\t\t\t\t\t<p>DIN 53504<\/p>\t\t\t\t\t\t\t<\/td>\n\t\t\t\t\t\t\t\t\t\t\t\t\t\t\t\t\t\t\t\t\t\t\t\t\t\t\t\t\t\t\t\t<\/tr>\n\t\t\t\t\t\t\t\t<tr class=\"wd-table-row elementor-repeater-item-194ef1f\">\n\t\t\t\t\t\t\t\t\t\t\t\t\t\t\t\t\t\t\t\t\t\t\t\t\t\t\t\t\t\t\t<td class=\"wd-table-cell elementor-repeater-item-685fe56\" colspan=\"1\" rowspan=\"1\">\n\t\t\t\t\t\t\tBruchdehnung\t\t\t\t\t\t\t<\/td>\n\t\t\t\t\t\t\t\t\t\t\t\t\t\t\t\t\t\t\t\t\t\t\t\t<td class=\"wd-table-cell elementor-repeater-item-391755b\" colspan=\"1\" rowspan=\"1\">\n\t\t\t\t\t\t\t<p>%<\/p>\t\t\t\t\t\t\t<\/td>\n\t\t\t\t\t\t\t\t\t\t\t\t\t\t\t\t\t\t\t\t\t\t\t\t<td class=\"wd-table-cell elementor-repeater-item-8fb6c9f\" colspan=\"1\" rowspan=\"1\">\n\t\t\t\t\t\t\t<p>DIN 53504<\/p>\t\t\t\t\t\t\t<\/td>\n\t\t\t\t\t\t\t\t\t\t\t\t\t\t\t\t\t\t\t\t\t\t\t\t\t\t\t\t\t\t\t\t<\/tr>\n\t\t\t\t\t\t\t\t<tr class=\"wd-table-row elementor-repeater-item-6fc57e6\">\n\t\t\t\t\t\t\t\t\t\t\t\t\t\t\t\t\t\t\t\t\t\t\t\t\t\t\t\t\t\t\t<td class=\"wd-table-cell elementor-repeater-item-6cdecfd\" colspan=\"1\" rowspan=\"1\">\n\t\t\t\t\t\t\tRei\u00dffestigkeit\t\t\t\t\t\t\t<\/td>\n\t\t\t\t\t\t\t\t\t\t\t\t\t\t\t\t\t\t\t\t\t\t\t\t<td class=\"wd-table-cell elementor-repeater-item-c2c5519\" colspan=\"1\" rowspan=\"1\">\n\t\t\t\t\t\t\t<p>N\/mm<\/p>\t\t\t\t\t\t\t<\/td>\n\t\t\t\t\t\t\t\t\t\t\t\t\t\t\t\t\t\t\t\t\t\t\t\t<td class=\"wd-table-cell elementor-repeater-item-4c5965d\" colspan=\"1\" rowspan=\"1\">\n\t\t\t\t\t\t\t<p>DIN 53507 A<\/p>\t\t\t\t\t\t\t<\/td>\n\t\t\t\t\t\t\t\t\t\t\t\t\t\t\t\t\t\t\t\t\t\t\t\t\t\t\t\t\t\t\t\t<\/tr>\n\t\t\t\t\t\t\t\t<tr class=\"wd-table-row elementor-repeater-item-b7fc655\">\n\t\t\t\t\t\t\t\t\t\t\t\t\t\t\t\t\t\t\t\t\t\t\t\t\t\t\t\t\t\t\t<td class=\"wd-table-cell elementor-repeater-item-9678543\" colspan=\"1\" rowspan=\"1\">\n\t\t\t\t\t\t\tAbrieb\n\n\t\t\t\t\t\t\t<\/td>\n\t\t\t\t\t\t\t\t\t\t\t\t\t\t\t\t\t\t\t\t\t\t\t\t<td class=\"wd-table-cell elementor-repeater-item-fa487fb\" colspan=\"1\" rowspan=\"1\">\n\t\t\t\t\t\t\t<p>mm3<\/p>\t\t\t\t\t\t\t<\/td>\n\t\t\t\t\t\t\t\t\t\t\t\t\t\t\t\t\t\t\t\t\t\t\t\t<td class=\"wd-table-cell elementor-repeater-item-b1b242d\" colspan=\"1\" rowspan=\"1\">\n\t\t\t\t\t\t\t<p>DIN 53516<\/p>\t\t\t\t\t\t\t<\/td>\n\t\t\t\t\t\t\t\t\t\t\t\t\t\t\t\t\t\t\t\t\t\t\t\t\t\t\t\t\t\t\t\t<\/tr>\n\t\t\t\t\t\t\t\t<tr class=\"wd-table-row elementor-repeater-item-36b6a94\">\n\t\t\t\t\t\t\t\t\t\t\t\t\t\t\t\t\t\t\t\t\t\t\t\t\t\t\t\t\t\t\t<td class=\"wd-table-cell elementor-repeater-item-5897582\" colspan=\"1\" rowspan=\"1\">\n\t\t\t\t\t\t\tKompressionsrest\t\t\t\t\t\t\t<\/td>\n\t\t\t\t\t\t\t\t\t\t\t\t\t\t\t\t\t\t\t\t\t\t\t\t<td class=\"wd-table-cell elementor-repeater-item-d479dee\" colspan=\"1\" rowspan=\"1\">\n\t\t\t\t\t\t\t<p>%<\/p>\t\t\t\t\t\t\t<\/td>\n\t\t\t\t\t\t\t\t\t\t\t\t\t\t\t\t\t\t\t\t\t\t\t\t<td class=\"wd-table-cell elementor-repeater-item-5bc771a\" colspan=\"1\" rowspan=\"1\">\n\t\t\t\t\t\t\t<p>DIN 53517<\/p>\t\t\t\t\t\t\t<\/td>\n\t\t\t\t\t\t\t\t\t\t\t\t\t\t\t\t<\/tr>\n\t\t\t\t<\/tbody>\n\t\t\t<\/table>\n\t\t<\/div>\n\t\t\t\t\t\t<\/div>\n\t\t\t\t<\/div>\n\t\t\t\t<div class=\"elementor-element elementor-element-f0c4a4b text-center color-scheme-inherit elementor-widget elementor-widget-text-editor\" data-id=\"f0c4a4b\" data-element_type=\"widget\" data-widget_type=\"text-editor.default\">\n\t\t\t\t<div class=\"elementor-widget-container\">\n\t\t\t\t\t\t\t\t\t<p>Durch unser breites Dienstleistungs- und Herstellungsprogramm, m\u00f6chten wir m\u00f6glichst vielen Kundenaforderungen gerecht werden. Kontinuierliche Verbesserungen, und regelm\u00e4ssige Investitionen in Modernisierungen und Erneuerungen bewirken stetige Qualit\u00e4tsverbesserung von bestehenden Produkten und bei der Herstellung neuer Bauteile. Eine Vielzahl unserer unserer Produkte exportieren wir in EU-L\u00e4nder.<\/p><p>Wir arbeiten bei allen Prozessen nach ISO 9001 konformen Richtlinien. In unserer eigenen Werkstatt mit modernen CNC-Maschinen k\u00f6nnen wir kurzfrisitg Werkzeuge und Prototypen herstellen.<\/p><p>Sofern Sie auch die Elastomermischungen bei uns anfragen m\u00f6chten, bitten wir Sie das unten stehende Anfrageformular auszuf\u00fcllen. Sehen Sie sich die Videopr\u00e4sentation unseres Unternehmens an.<\/p>\t\t\t\t\t\t\t\t<\/div>\n\t\t\t\t<\/div>\n\t\t\t\t\t<\/div>\n\t\t\t\t<\/div>\n\t\t<div class=\"wd-negative-gap elementor-element elementor-element-d9c59f6 e-flex e-con-boxed e-con e-parent\" data-id=\"d9c59f6\" data-element_type=\"container\">\n\t\t\t\t\t<div class=\"e-con-inner\">\n\t\t<div class=\"elementor-element elementor-element-8752188 e-con-full e-flex e-con e-child\" data-id=\"8752188\" data-element_type=\"container\">\n\t\t\t\t<div class=\"elementor-element elementor-element-6b3aca0 wd-width-100 elementor-widget elementor-widget-wd_title\" data-id=\"6b3aca0\" data-element_type=\"widget\" data-widget_type=\"wd_title.default\">\n\t\t\t\t<div class=\"elementor-widget-container\">\n\t\t\t\t\t\t\t<div class=\"title-wrapper wd-set-mb reset-last-child wd-title-color-white wd-title-style-default wd-title-size-small text-center\">\n\n\t\t\t\n\t\t\t<div class=\"liner-continer\">\n\t\t\t\t<h4 class=\"woodmart-title-container title wd-fontsize-m wd-underline-colored\">Hemogum<\/h4> \n\t\t\t\t\t\t\t<\/div>\n\n\t\t\t\t\t\t\t<div class=\"title-after_title reset-last-child wd-fontsize-xs\">\n\t\t\t\t\tLernen Sie uns kennen \u2013 schauen Sie sich unser Unternehmensvideo an.\t\t\t\t<\/div>\n\t\t\t\t\t<\/div>\n\t\t\t\t\t\t<\/div>\n\t\t\t\t<\/div>\n\t\t\t\t<\/div>\n\t\t<div class=\"elementor-element elementor-element-66e24ba e-con-full e-flex e-con e-child\" data-id=\"66e24ba\" data-element_type=\"container\">\n\t\t\t\t<div class=\"elementor-element elementor-element-f963e7d elementor-widget elementor-widget-video\" data-id=\"f963e7d\" data-element_type=\"widget\" data-settings=\"{&quot;youtube_url&quot;:&quot;https:\\\/\\\/www.youtube.com\\\/watch?v=gW7U0BrlB_I&amp;t=7s&quot;,&quot;show_image_overlay&quot;:&quot;yes&quot;,&quot;image_overlay&quot;:{&quot;url&quot;:&quot;https:\\\/\\\/hemogum.com\\\/wp-content\\\/uploads\\\/2024\\\/02\\\/IMG_2965.webp&quot;,&quot;id&quot;:3232,&quot;size&quot;:&quot;&quot;,&quot;alt&quot;:&quot;&quot;,&quot;source&quot;:&quot;library&quot;},&quot;video_type&quot;:&quot;youtube&quot;,&quot;controls&quot;:&quot;yes&quot;}\" data-widget_type=\"video.default\">\n\t\t\t\t<div class=\"elementor-widget-container\">\n\t\t\t\t\t\t\t<div class=\"elementor-wrapper elementor-open-inline\">\n\t\t\t<div class=\"elementor-video\"><\/div>\t\t\t\t<div class=\"elementor-custom-embed-image-overlay\" style=\"background-image: url(https:\/\/hemogum.com\/wp-content\/uploads\/2024\/02\/IMG_2965.webp);\">\n\t\t\t\t\t\t\t\t\t\t\t\t\t\t\t\t<div class=\"elementor-custom-embed-play\" role=\"button\" aria-label=\"Video abspielen\" tabindex=\"0\">\n\t\t\t\t\t\t\t<svg aria-hidden=\"true\" class=\"e-font-icon-svg e-eicon-play\" viewBox=\"0 0 1000 1000\" xmlns=\"http:\/\/www.w3.org\/2000\/svg\"><path d=\"M838 162C746 71 633 25 500 25 371 25 258 71 163 162 71 254 25 367 25 500 25 633 71 746 163 837 254 929 367 979 500 979 633 979 746 933 838 837 929 746 975 633 975 500 975 367 929 254 838 162M808 192C892 279 933 379 933 500 933 621 892 725 808 808 725 892 621 938 500 938 379 938 279 896 196 808 113 725 67 621 67 500 67 379 108 279 196 192 279 108 383 62 500 62 621 62 721 108 808 192M438 392V642L642 517 438 392Z\"><\/path><\/svg>\t\t\t\t\t\t<\/div>\n\t\t\t\t\t\t\t\t\t<\/div>\n\t\t\t\t\t<\/div>\n\t\t\t\t\t\t<\/div>\n\t\t\t\t<\/div>\n\t\t\t\t<\/div>\n\t\t\t\t\t<\/div>\n\t\t\t\t<\/div>\n\t\t<div class=\"wd-negative-gap elementor-element elementor-element-0c17a57 wd-section-stretch e-flex e-con-boxed e-con e-parent\" data-id=\"0c17a57\" data-element_type=\"container\" data-settings=\"{&quot;background_background&quot;:&quot;classic&quot;}\">\n\t\t\t\t\t<div class=\"e-con-inner\">\n\t\t<div class=\"elementor-element elementor-element-0b17487 e-con-full e-flex e-con e-child\" data-id=\"0b17487\" data-element_type=\"container\">\n\t\t\t\t<div class=\"elementor-element elementor-element-40e62b3 wd-width-100 elementor-widget elementor-widget-wd_title\" data-id=\"40e62b3\" data-element_type=\"widget\" data-widget_type=\"wd_title.default\">\n\t\t\t\t<div class=\"elementor-widget-container\">\n\t\t\t\t\t\t\t<div class=\"title-wrapper wd-set-mb reset-last-child wd-title-color-white wd-title-style-default wd-title-size-small text-center\">\n\n\t\t\t\n\t\t\t<div class=\"liner-continer\">\n\t\t\t\t<h4 class=\"woodmart-title-container title wd-fontsize-m wd-underline-colored\">Zertifikate:<\/h4> \n\t\t\t\t\t\t\t<\/div>\n\n\t\t\t\t\t\t\t<div class=\"title-after_title reset-last-child wd-fontsize-xs\">\n\t\t\t\t\t<p>Gegenstand und Bereich der Zertifizierung:<br \/>Design, Produktion und Verkauf von technischen Gummiartikeln f\u00fcr die Automobilindustrie, Elektroindustrie, Bauwesen, Bergbau und Sonderproduktion.<\/p>\t\t\t\t<\/div>\n\t\t\t\t\t<\/div>\n\t\t\t\t\t\t<\/div>\n\t\t\t\t<\/div>\n\t\t\t\t<div class=\"elementor-element elementor-element-ba19e4b elementor-widget elementor-widget-wd_button\" data-id=\"ba19e4b\" data-element_type=\"widget\" data-widget_type=\"wd_button.default\">\n\t\t\t\t<div class=\"elementor-widget-container\">\n\t\t\t\t\t\t\t<div class=\"wd-button-wrapper text-center\" >\n\t\t\t<a class=\"btn btn-style-default btn-shape-semi-round btn-size-small btn-color-primary btn-full-width btn-icon-pos-left\"  href=\"https:\/\/hemogum.com\/wp-content\/uploads\/2025\/07\/IMS-RICHTLINIENERKLARUNG-1.pdf\" target=\"_blank\">\n\t\t\t\t<span class=\"wd-btn-text\" data-elementor-setting-key=\"text\">\n\t\t\t\t\tIMS-RICHTLINIENERKL\u00c4RUNG\t\t\t\t<\/span>\n\n\t\t\t\t\t\t\t\t\t<span class=\"wd-btn-icon\">\n\t\t\t\t\t\t<svg class=\"wd-icon e-font-icon-svg e-fas-file-download\" viewBox=\"0 0 384 512\" xmlns=\"http:\/\/www.w3.org\/2000\/svg\"><path d=\"M224 136V0H24C10.7 0 0 10.7 0 24v464c0 13.3 10.7 24 24 24h336c13.3 0 24-10.7 24-24V160H248c-13.2 0-24-10.8-24-24zm76.45 211.36l-96.42 95.7c-6.65 6.61-17.39 6.61-24.04 0l-96.42-95.7C73.42 337.29 80.54 320 94.82 320H160v-80c0-8.84 7.16-16 16-16h32c8.84 0 16 7.16 16 16v80h65.18c14.28 0 21.4 17.29 11.27 27.36zM377 105L279.1 7c-4.5-4.5-10.6-7-17-7H256v128h128v-6.1c0-6.3-2.5-12.4-7-16.9z\"><\/path><\/svg>\t\t\t\t\t<\/span>\n\t\t\t\t\t\t\t<\/a>\n\t\t<\/div>\n\t\t\t\t\t\t<\/div>\n\t\t\t\t<\/div>\n\t\t\t\t<\/div>\n\t\t<div class=\"elementor-element elementor-element-7d6ddcd e-con-full e-flex e-con e-child\" data-id=\"7d6ddcd\" data-element_type=\"container\">\n\t\t\t\t<div class=\"elementor-element elementor-element-a1df2a3 elementor-widget elementor-widget-wd_image_or_svg\" data-id=\"a1df2a3\" data-element_type=\"widget\" data-widget_type=\"wd_image_or_svg.default\">\n\t\t\t\t<div class=\"elementor-widget-container\">\n\t\t\t\t\t\n\t\t<div class=\"wd-image text-left\">\n\t\t\t\t\t\t\t\t<img fetchpriority=\"high\" decoding=\"async\" width=\"1810\" height=\"2560\" src=\"https:\/\/hemogum.com\/wp-content\/uploads\/2025\/07\/iso9001-2015-scaled.jpg\" class=\"attachment-full size-full\" alt=\"\" srcset=\"https:\/\/hemogum.com\/wp-content\/uploads\/2025\/07\/iso9001-2015-scaled.jpg 1810w, https:\/\/hemogum.com\/wp-content\/uploads\/2025\/07\/iso9001-2015-212x300.jpg 212w, https:\/\/hemogum.com\/wp-content\/uploads\/2025\/07\/iso9001-2015-724x1024.jpg 724w, https:\/\/hemogum.com\/wp-content\/uploads\/2025\/07\/iso9001-2015-768x1086.jpg 768w, https:\/\/hemogum.com\/wp-content\/uploads\/2025\/07\/iso9001-2015-1086x1536.jpg 1086w, https:\/\/hemogum.com\/wp-content\/uploads\/2025\/07\/iso9001-2015-1448x2048.jpg 1448w\" sizes=\"(max-width: 1810px) 100vw, 1810px\" \/>\t\t\t\t\t<\/div>\n\n\t\t\t\t\t\t<\/div>\n\t\t\t\t<\/div>\n\t\t\t\t<\/div>\n\t\t<div class=\"elementor-element elementor-element-8eeaa03 e-con-full e-flex e-con e-child\" data-id=\"8eeaa03\" data-element_type=\"container\">\n\t\t\t\t<div class=\"elementor-element elementor-element-f0b4285 elementor-widget elementor-widget-wd_image_or_svg\" data-id=\"f0b4285\" data-element_type=\"widget\" data-widget_type=\"wd_image_or_svg.default\">\n\t\t\t\t<div class=\"elementor-widget-container\">\n\t\t\t\t\t\n\t\t<div class=\"wd-image text-left\">\n\t\t\t\t\t\t\t\t<img decoding=\"async\" width=\"1810\" height=\"2560\" src=\"https:\/\/hemogum.com\/wp-content\/uploads\/2025\/07\/sertifikat-eng-14001-scaled.jpg\" class=\"attachment-full size-full\" alt=\"\" srcset=\"https:\/\/hemogum.com\/wp-content\/uploads\/2025\/07\/sertifikat-eng-14001-scaled.jpg 1810w, https:\/\/hemogum.com\/wp-content\/uploads\/2025\/07\/sertifikat-eng-14001-212x300.jpg 212w, https:\/\/hemogum.com\/wp-content\/uploads\/2025\/07\/sertifikat-eng-14001-724x1024.jpg 724w, https:\/\/hemogum.com\/wp-content\/uploads\/2025\/07\/sertifikat-eng-14001-768x1086.jpg 768w, https:\/\/hemogum.com\/wp-content\/uploads\/2025\/07\/sertifikat-eng-14001-1086x1536.jpg 1086w, https:\/\/hemogum.com\/wp-content\/uploads\/2025\/07\/sertifikat-eng-14001-1448x2048.jpg 1448w\" sizes=\"(max-width: 1810px) 100vw, 1810px\" \/>\t\t\t\t\t<\/div>\n\n\t\t\t\t\t\t<\/div>\n\t\t\t\t<\/div>\n\t\t\t\t<\/div>\n\t\t\t\t\t<\/div>\n\t\t\t\t<\/div>\n\t\t\t\t<\/div>\n\t\t","protected":false},"excerpt":{"rendered":"<p>Hemogum wurde im Jahr 1991 gegr\u00fcndet, mit dem Ziel Gummiformartikel sowie Gummi-Metall-Verbundelemente herzustellen. In der internen Konstruktionsabteilung werden Werkzeuge und<\/p>\n","protected":false},"author":1,"featured_media":0,"parent":0,"menu_order":0,"comment_status":"closed","ping_status":"closed","template":"","meta":{"footnotes":""},"class_list":["post-672","page","type-page","status-publish","hentry"],"yoast_head":"<!-- This site is optimized with the Yoast SEO plugin v25.5 - https:\/\/yoast.com\/wordpress\/plugins\/seo\/ -->\n<title>\u00dcber uns - Hemogum<\/title>\n<meta name=\"description\" content=\"Hemogum wurde im Jahr 1991 gegr\u00fcndet, mit dem Ziel Gummiformartikel sowie Gummi-Metall-Verbundelemente herzustellen.\" \/>\n<meta name=\"robots\" content=\"index, follow, max-snippet:-1, max-image-preview:large, max-video-preview:-1\" \/>\n<link rel=\"canonical\" href=\"https:\/\/hemogum.com\/about-us\/\" \/>\n<meta property=\"og:locale\" content=\"de_DE\" \/>\n<meta property=\"og:type\" content=\"article\" \/>\n<meta property=\"og:title\" content=\"\u00dcber uns - Hemogum\" \/>\n<meta property=\"og:description\" content=\"Hemogum wurde im Jahr 1991 gegr\u00fcndet, mit dem Ziel Gummiformartikel sowie Gummi-Metall-Verbundelemente herzustellen.\" \/>\n<meta property=\"og:url\" content=\"https:\/\/hemogum.com\/about-us\/\" \/>\n<meta property=\"og:site_name\" content=\"Hemogum\" \/>\n<meta property=\"article:modified_time\" content=\"2025-07-28T12:27:55+00:00\" \/>\n<meta property=\"og:image\" content=\"https:\/\/hemogum.com\/wp-content\/uploads\/2025\/07\/iso9001-2015-scaled.jpg\" \/>\n<meta name=\"twitter:card\" content=\"summary_large_image\" \/>\n<meta name=\"twitter:label1\" content=\"Gesch\u00e4tzte Lesezeit\" \/>\n\t<meta name=\"twitter:data1\" content=\"2\u00a0Minuten\" \/>\n<script type=\"application\/ld+json\" class=\"yoast-schema-graph\">{\"@context\":\"https:\/\/schema.org\",\"@graph\":[{\"@type\":\"WebPage\",\"@id\":\"https:\/\/hemogum.com\/about-us\/\",\"url\":\"https:\/\/hemogum.com\/about-us\/\",\"name\":\"\u00dcber uns - Hemogum\",\"isPartOf\":{\"@id\":\"https:\/\/hemogum.com\/sr\/#website\"},\"primaryImageOfPage\":{\"@id\":\"https:\/\/hemogum.com\/about-us\/#primaryimage\"},\"image\":{\"@id\":\"https:\/\/hemogum.com\/about-us\/#primaryimage\"},\"thumbnailUrl\":\"https:\/\/hemogum.com\/wp-content\/uploads\/2025\/07\/iso9001-2015-scaled.jpg\",\"datePublished\":\"2019-04-11T14:54:55+00:00\",\"dateModified\":\"2025-07-28T12:27:55+00:00\",\"description\":\"Hemogum wurde im Jahr 1991 gegr\u00fcndet, mit dem Ziel Gummiformartikel sowie Gummi-Metall-Verbundelemente herzustellen.\",\"breadcrumb\":{\"@id\":\"https:\/\/hemogum.com\/about-us\/#breadcrumb\"},\"inLanguage\":\"de\",\"potentialAction\":[{\"@type\":\"ReadAction\",\"target\":[\"https:\/\/hemogum.com\/about-us\/\"]}]},{\"@type\":\"ImageObject\",\"inLanguage\":\"de\",\"@id\":\"https:\/\/hemogum.com\/about-us\/#primaryimage\",\"url\":\"https:\/\/hemogum.com\/wp-content\/uploads\/2025\/07\/iso9001-2015-scaled.jpg\",\"contentUrl\":\"https:\/\/hemogum.com\/wp-content\/uploads\/2025\/07\/iso9001-2015-scaled.jpg\"},{\"@type\":\"BreadcrumbList\",\"@id\":\"https:\/\/hemogum.com\/about-us\/#breadcrumb\",\"itemListElement\":[{\"@type\":\"ListItem\",\"position\":1,\"name\":\"Home\",\"item\":\"https:\/\/hemogum.com\/\"},{\"@type\":\"ListItem\",\"position\":2,\"name\":\"\u00dcber uns\"}]},{\"@type\":\"WebSite\",\"@id\":\"https:\/\/hemogum.com\/sr\/#website\",\"url\":\"https:\/\/hemogum.com\/sr\/\",\"name\":\"Hemogum\",\"description\":\"\",\"potentialAction\":[{\"@type\":\"SearchAction\",\"target\":{\"@type\":\"EntryPoint\",\"urlTemplate\":\"https:\/\/hemogum.com\/sr\/?s={search_term_string}\"},\"query-input\":{\"@type\":\"PropertyValueSpecification\",\"valueRequired\":true,\"valueName\":\"search_term_string\"}}],\"inLanguage\":\"de\"}]}<\/script>\n<!-- \/ Yoast SEO plugin. -->","yoast_head_json":{"title":"\u00dcber uns - Hemogum","description":"Hemogum wurde im Jahr 1991 gegr\u00fcndet, mit dem Ziel Gummiformartikel sowie Gummi-Metall-Verbundelemente herzustellen.","robots":{"index":"index","follow":"follow","max-snippet":"max-snippet:-1","max-image-preview":"max-image-preview:large","max-video-preview":"max-video-preview:-1"},"canonical":"https:\/\/hemogum.com\/about-us\/","og_locale":"de_DE","og_type":"article","og_title":"\u00dcber uns - Hemogum","og_description":"Hemogum wurde im Jahr 1991 gegr\u00fcndet, mit dem Ziel Gummiformartikel sowie Gummi-Metall-Verbundelemente herzustellen.","og_url":"https:\/\/hemogum.com\/about-us\/","og_site_name":"Hemogum","article_modified_time":"2025-07-28T12:27:55+00:00","og_image":[{"url":"https:\/\/hemogum.com\/wp-content\/uploads\/2025\/07\/iso9001-2015-scaled.jpg","type":"","width":"","height":""}],"twitter_card":"summary_large_image","twitter_misc":{"Gesch\u00e4tzte Lesezeit":"2\u00a0Minuten"},"schema":{"@context":"https:\/\/schema.org","@graph":[{"@type":"WebPage","@id":"https:\/\/hemogum.com\/about-us\/","url":"https:\/\/hemogum.com\/about-us\/","name":"\u00dcber uns - Hemogum","isPartOf":{"@id":"https:\/\/hemogum.com\/sr\/#website"},"primaryImageOfPage":{"@id":"https:\/\/hemogum.com\/about-us\/#primaryimage"},"image":{"@id":"https:\/\/hemogum.com\/about-us\/#primaryimage"},"thumbnailUrl":"https:\/\/hemogum.com\/wp-content\/uploads\/2025\/07\/iso9001-2015-scaled.jpg","datePublished":"2019-04-11T14:54:55+00:00","dateModified":"2025-07-28T12:27:55+00:00","description":"Hemogum wurde im Jahr 1991 gegr\u00fcndet, mit dem Ziel Gummiformartikel sowie Gummi-Metall-Verbundelemente herzustellen.","breadcrumb":{"@id":"https:\/\/hemogum.com\/about-us\/#breadcrumb"},"inLanguage":"de","potentialAction":[{"@type":"ReadAction","target":["https:\/\/hemogum.com\/about-us\/"]}]},{"@type":"ImageObject","inLanguage":"de","@id":"https:\/\/hemogum.com\/about-us\/#primaryimage","url":"https:\/\/hemogum.com\/wp-content\/uploads\/2025\/07\/iso9001-2015-scaled.jpg","contentUrl":"https:\/\/hemogum.com\/wp-content\/uploads\/2025\/07\/iso9001-2015-scaled.jpg"},{"@type":"BreadcrumbList","@id":"https:\/\/hemogum.com\/about-us\/#breadcrumb","itemListElement":[{"@type":"ListItem","position":1,"name":"Home","item":"https:\/\/hemogum.com\/"},{"@type":"ListItem","position":2,"name":"\u00dcber uns"}]},{"@type":"WebSite","@id":"https:\/\/hemogum.com\/sr\/#website","url":"https:\/\/hemogum.com\/sr\/","name":"Hemogum","description":"","potentialAction":[{"@type":"SearchAction","target":{"@type":"EntryPoint","urlTemplate":"https:\/\/hemogum.com\/sr\/?s={search_term_string}"},"query-input":{"@type":"PropertyValueSpecification","valueRequired":true,"valueName":"search_term_string"}}],"inLanguage":"de"}]}},"_links":{"self":[{"href":"https:\/\/hemogum.com\/de\/wp-json\/wp\/v2\/pages\/672","targetHints":{"allow":["GET"]}}],"collection":[{"href":"https:\/\/hemogum.com\/de\/wp-json\/wp\/v2\/pages"}],"about":[{"href":"https:\/\/hemogum.com\/de\/wp-json\/wp\/v2\/types\/page"}],"author":[{"embeddable":true,"href":"https:\/\/hemogum.com\/de\/wp-json\/wp\/v2\/users\/1"}],"replies":[{"embeddable":true,"href":"https:\/\/hemogum.com\/de\/wp-json\/wp\/v2\/comments?post=672"}],"version-history":[{"count":26,"href":"https:\/\/hemogum.com\/de\/wp-json\/wp\/v2\/pages\/672\/revisions"}],"predecessor-version":[{"id":3587,"href":"https:\/\/hemogum.com\/de\/wp-json\/wp\/v2\/pages\/672\/revisions\/3587"}],"wp:attachment":[{"href":"https:\/\/hemogum.com\/de\/wp-json\/wp\/v2\/media?parent=672"}],"curies":[{"name":"wp","href":"https:\/\/api.w.org\/{rel}","templated":true}]}}