{"id":678,"date":"2019-04-11T14:55:32","date_gmt":"2019-04-11T14:55:32","guid":{"rendered":"http:\/\/hemogum.acocvetic.com\/toolroom\/"},"modified":"2025-07-28T11:54:43","modified_gmt":"2025-07-28T11:54:43","slug":"werkstatt","status":"publish","type":"page","link":"https:\/\/hemogum.com\/de\/werkstatt\/","title":{"rendered":"Werkstatt"},"content":{"rendered":"\t\t<div data-elementor-type=\"wp-page\" data-elementor-id=\"678\" class=\"elementor elementor-678\">\n\t\t\t\t<div class=\"wd-negative-gap elementor-element elementor-element-6b132df e-flex e-con-boxed e-con e-parent\" data-id=\"6b132df\" data-element_type=\"container\">\n\t\t\t\t\t<div class=\"e-con-inner\">\n\t\t\t\t<div class=\"elementor-element elementor-element-60a8235 color-scheme-inherit text-left elementor-widget elementor-widget-text-editor\" data-id=\"60a8235\" data-element_type=\"widget\" data-widget_type=\"text-editor.default\">\n\t\t\t\t<div class=\"elementor-widget-container\">\n\t\t\t\t\t\t\t\t\t<p>Aufgrund der uns vorgegebenen Anforderung entwerfen wir, fertigen an, und pr\u00fcfen neue Produkte. Wir beginnen mit einem virtuellen Modell, entworfen mit moderner Software, gefolgt von der Pr\u00fcfung der finiten Elemente bis zur Fertigung von Prototypen, sowie der Fertigung von Werkzeugen f\u00fcr die Serienproduktion.<\/p><p>Aufgrund unserer Erfahrungen in der Anwendung von 3D Software sind wir in der Lage, die Entwicklungszeiten und Kosten zu reduzieren.<\/p><p>Anhand der uns zur Verf\u00fcgung gestellten Vorlagen bieten wir Ihnen das Reverse-Engineering an, bspw. bei einem schadhaften Bauteil oder bei neuen Produkten. Wir sind in der Lage Messungen, Analysen und Pr\u00fcfungen Ihrer komplexen Teile durchzuf\u00fchren. Wir bieten auch die Anfertigung eines Einzelteils an, oder eines neuen Werkzeugs. In unserer Werkstatt werden Werkzeuge f\u00fcr Gummi-,Silikon- und Kunststoffprodukte gefertigt.<\/p>\t\t\t\t\t\t\t\t<\/div>\n\t\t\t\t<\/div>\n\t\t\t\t\t<\/div>\n\t\t\t\t<\/div>\n\t\t<div class=\"wd-negative-gap elementor-element elementor-element-5339d34 e-flex e-con-boxed e-con e-parent\" data-id=\"5339d34\" data-element_type=\"container\">\n\t\t\t\t\t<div class=\"e-con-inner\">\n\t\t\t\t<div class=\"elementor-element elementor-element-6a066bc wd-width-100 elementor-widget elementor-widget-wd_images_gallery\" data-id=\"6a066bc\" data-element_type=\"widget\" data-widget_type=\"wd_images_gallery.default\">\n\t\t\t\t<div class=\"elementor-widget-container\">\n\t\t\t\t\t\t\t<div class=\"wd-images-gallery photoswipe-images wd-carousel-container\" style=\"--wd-align-items:center; --wd-justify-content:center;\">\n\t\t\t\t\t\t\t<div class=\"wd-carousel-inner\">\n\t\t\t\t\t\t<div class=\"wd-carousel wd-grid\" data-speed=\"10000\" data-wrap=\"yes\" data-autoplay=\"yes\" data-scroll_per_page=\"yes\" style=\"--wd-col-lg:3;--wd-col-md:3;--wd-col-sm:1;--wd-gap-lg:6px;\">\n\t\t\t\t\t\t\t\t\t<div class=\"wd-carousel-wrap\">\n\t\t\t\t\t\t\t\t\t\t\t\t\t\t\t\t\t\t<div class=\"wd-gallery-item wd-carousel-item\">\n\t\t\t\t\t\t\t\t\t\t\t\t\t<a  href=\"https:\/\/hemogum.com\/wp-content\/uploads\/2024\/02\/IMG_2920-1.webp\" data-width=\"1200\" data-height=\"800\" data-index=\"1\" data-elementor-open-lightbox=\"no\">\n\t\t\t\t\t\t\n\t\t\t\t\t\t<img fetchpriority=\"high\" decoding=\"async\" width=\"1024\" height=\"683\" src=\"https:\/\/hemogum.com\/wp-content\/uploads\/2024\/02\/IMG_2920-1-1024x683.webp\" class=\"attachment-large size-large\" alt=\"IMG_2920.webp\" srcset=\"https:\/\/hemogum.com\/wp-content\/uploads\/2024\/02\/IMG_2920-1-1024x683.webp 1024w, https:\/\/hemogum.com\/wp-content\/uploads\/2024\/02\/IMG_2920-1-300x200.webp 300w, https:\/\/hemogum.com\/wp-content\/uploads\/2024\/02\/IMG_2920-1-768x512.webp 768w, https:\/\/hemogum.com\/wp-content\/uploads\/2024\/02\/IMG_2920-1.webp 1200w\" sizes=\"(max-width: 1024px) 100vw, 1024px\" \/>\n\t\t\t\t\t\t\t\t\t\t\t\t\t<\/a>\n\t\t\t\t\t\t\t\t\t\t\t<\/div>\n\t\t\t\t\t\t\t\t\t\t\t\t\t\t\t<div class=\"wd-gallery-item wd-carousel-item\">\n\t\t\t\t\t\t\t\t\t\t\t\t\t<a  href=\"https:\/\/hemogum.com\/wp-content\/uploads\/2024\/02\/IMG_2950-1-1.webp\" data-width=\"1200\" data-height=\"800\" data-index=\"2\" data-elementor-open-lightbox=\"no\">\n\t\t\t\t\t\t\n\t\t\t\t\t\t<img decoding=\"async\" width=\"1024\" height=\"683\" src=\"https:\/\/hemogum.com\/wp-content\/uploads\/2024\/02\/IMG_2950-1-1-1024x683.webp\" class=\"attachment-large size-large\" alt=\"IMG_2950-1.webp\" srcset=\"https:\/\/hemogum.com\/wp-content\/uploads\/2024\/02\/IMG_2950-1-1-1024x683.webp 1024w, https:\/\/hemogum.com\/wp-content\/uploads\/2024\/02\/IMG_2950-1-1-300x200.webp 300w, https:\/\/hemogum.com\/wp-content\/uploads\/2024\/02\/IMG_2950-1-1-768x512.webp 768w, https:\/\/hemogum.com\/wp-content\/uploads\/2024\/02\/IMG_2950-1-1.webp 1200w\" sizes=\"(max-width: 1024px) 100vw, 1024px\" \/>\n\t\t\t\t\t\t\t\t\t\t\t\t\t<\/a>\n\t\t\t\t\t\t\t\t\t\t\t<\/div>\n\t\t\t\t\t\t\t\t\t\t\t\t\t\t\t<div class=\"wd-gallery-item wd-carousel-item\">\n\t\t\t\t\t\t\t\t\t\t\t\t\t<a  href=\"https:\/\/hemogum.com\/wp-content\/uploads\/2024\/02\/IMG_2907-1.webp\" data-width=\"1200\" data-height=\"800\" data-index=\"3\" data-elementor-open-lightbox=\"no\">\n\t\t\t\t\t\t\n\t\t\t\t\t\t<img decoding=\"async\" width=\"1024\" height=\"683\" src=\"https:\/\/hemogum.com\/wp-content\/uploads\/2024\/02\/IMG_2907-1-1024x683.webp\" class=\"attachment-large size-large\" alt=\"IMG_2907.webp\" srcset=\"https:\/\/hemogum.com\/wp-content\/uploads\/2024\/02\/IMG_2907-1-1024x683.webp 1024w, https:\/\/hemogum.com\/wp-content\/uploads\/2024\/02\/IMG_2907-1-300x200.webp 300w, https:\/\/hemogum.com\/wp-content\/uploads\/2024\/02\/IMG_2907-1-768x512.webp 768w, https:\/\/hemogum.com\/wp-content\/uploads\/2024\/02\/IMG_2907-1.webp 1200w\" sizes=\"(max-width: 1024px) 100vw, 1024px\" \/>\n\t\t\t\t\t\t\t\t\t\t\t\t\t<\/a>\n\t\t\t\t\t\t\t\t\t\t\t<\/div>\n\t\t\t\t\t\t\t\t\t\t\t\t\t\t\t<div class=\"wd-gallery-item wd-carousel-item\">\n\t\t\t\t\t\t\t\t\t\t\t\t\t<a  href=\"https:\/\/hemogum.com\/wp-content\/uploads\/2024\/02\/IMG_2965-1.webp\" data-width=\"1200\" data-height=\"800\" data-index=\"4\" data-elementor-open-lightbox=\"no\">\n\t\t\t\t\t\t\n\t\t\t\t\t\t<img loading=\"lazy\" decoding=\"async\" width=\"1024\" height=\"683\" src=\"https:\/\/hemogum.com\/wp-content\/uploads\/2024\/02\/IMG_2965-1-1024x683.webp\" class=\"attachment-large size-large\" alt=\"IMG_2965.webp\" srcset=\"https:\/\/hemogum.com\/wp-content\/uploads\/2024\/02\/IMG_2965-1-1024x683.webp 1024w, https:\/\/hemogum.com\/wp-content\/uploads\/2024\/02\/IMG_2965-1-300x200.webp 300w, https:\/\/hemogum.com\/wp-content\/uploads\/2024\/02\/IMG_2965-1-768x512.webp 768w, https:\/\/hemogum.com\/wp-content\/uploads\/2024\/02\/IMG_2965-1.webp 1200w\" sizes=\"(max-width: 1024px) 100vw, 1024px\" \/>\n\t\t\t\t\t\t\t\t\t\t\t\t\t<\/a>\n\t\t\t\t\t\t\t\t\t\t\t<\/div>\n\t\t\t\t\t\t\t\t\t\t\t\t\t\t\t\t<\/div>\n\t\t\t\t\t\t\t\t<\/div>\n\t\t\t\t\t\t\t\t\t\t\t\t\t\t<div class=\"wd-nav-arrows wd-pos-sep wd-hover-1 wd-icon-1\">\n\t\t\t<div class=\"wd-btn-arrow wd-prev wd-disabled\">\n\t\t\t\t<div class=\"wd-arrow-inner\"><\/div>\n\t\t\t<\/div>\n\t\t\t<div class=\"wd-btn-arrow wd-next\">\n\t\t\t\t<div class=\"wd-arrow-inner\"><\/div>\n\t\t\t<\/div>\n\t\t<\/div>\n\t\t\t\t\t\t\n\t\t\t\t<\/div>\n\n\t\t\t\t\t\t<div class=\"wd-nav-pagin-wrap text-center wd-style-shape wd-hide-md-sm wd-hide-sm\">\n\t\t\t<ul class=\"wd-nav-pagin\"><\/ul>\n\t\t<\/div>\n\t\t\t\t\t\t\t\t\t\t\t<\/div>\n\t\t\t\t\t\t<\/div>\n\t\t\t\t<\/div>\n\t\t\t\t<div class=\"elementor-element elementor-element-8deaabf color-scheme-inherit text-left elementor-widget elementor-widget-text-editor\" data-id=\"8deaabf\" data-element_type=\"widget\" data-widget_type=\"text-editor.default\">\n\t\t\t\t<div class=\"elementor-widget-container\">\n\t\t\t\t\t\t\t\t\tHemogum verf\u00fcgt \u00fcber eine Vielzahl von Pressen, und stellt Artikel im Compression-, Transfer- und Injection (Transfer) Moulding Verfahren her.\n\nJede Presse nutzt das Intelinjekt \u2013 System, in welchem Thermotrac und Mastertrac integriert sind. Durch Intelinjekt wird die Einspritzung kontrolliert, sowie der geschlo\u00dfene Kreislauf reguliert, was die stetige Presseregelung sicherstellt.\n\nDie permanente \u00dcberwachung der Parameter stellt reproduzierbare Ergebnisse sicher.\t\t\t\t\t\t\t\t<\/div>\n\t\t\t\t<\/div>\n\t\t\t\t\t<\/div>\n\t\t\t\t<\/div>\n\t\t\t\t<\/div>\n\t\t","protected":false},"excerpt":{"rendered":"<p>Aufgrund der uns vorgegebenen Anforderung entwerfen wir, fertigen an, und pr\u00fcfen neue Produkte. Wir beginnen mit einem virtuellen Modell, entworfen<\/p>\n","protected":false},"author":1,"featured_media":0,"parent":0,"menu_order":0,"comment_status":"closed","ping_status":"closed","template":"","meta":{"footnotes":""},"class_list":["post-678","page","type-page","status-publish","hentry"],"yoast_head":"<!-- This site is optimized with the Yoast SEO plugin v25.5 - https:\/\/yoast.com\/wordpress\/plugins\/seo\/ -->\n<title>Werkstatt - Hemogum<\/title>\n<meta name=\"description\" content=\"Werkstatt - Aufgrund der uns vorgegebenen Anforderung entwerfen wir, fertigen an, und pr\u00fcfen neue Produkte...\" \/>\n<meta name=\"robots\" content=\"index, follow, max-snippet:-1, max-image-preview:large, max-video-preview:-1\" \/>\n<link rel=\"canonical\" href=\"https:\/\/hemogum.com\/toolroom\/\" \/>\n<meta property=\"og:locale\" content=\"de_DE\" \/>\n<meta property=\"og:type\" content=\"article\" \/>\n<meta property=\"og:title\" content=\"Werkstatt - Hemogum\" \/>\n<meta property=\"og:description\" content=\"Werkstatt - Aufgrund der uns vorgegebenen Anforderung entwerfen wir, fertigen an, und pr\u00fcfen neue Produkte...\" \/>\n<meta property=\"og:url\" content=\"https:\/\/hemogum.com\/toolroom\/\" \/>\n<meta property=\"og:site_name\" content=\"Hemogum\" \/>\n<meta property=\"article:modified_time\" content=\"2025-07-28T11:54:43+00:00\" \/>\n<meta property=\"og:image\" content=\"https:\/\/hemogum.com\/wp-content\/uploads\/2024\/02\/IMG_2920-1-1024x683.webp\" \/>\n<meta name=\"twitter:card\" content=\"summary_large_image\" \/>\n<meta name=\"twitter:label1\" content=\"Gesch\u00e4tzte Lesezeit\" \/>\n\t<meta name=\"twitter:data1\" content=\"2\u00a0Minuten\" \/>\n<script type=\"application\/ld+json\" class=\"yoast-schema-graph\">{\"@context\":\"https:\/\/schema.org\",\"@graph\":[{\"@type\":\"WebPage\",\"@id\":\"https:\/\/hemogum.com\/toolroom\/\",\"url\":\"https:\/\/hemogum.com\/toolroom\/\",\"name\":\"Werkstatt - Hemogum\",\"isPartOf\":{\"@id\":\"https:\/\/hemogum.com\/sr\/#website\"},\"primaryImageOfPage\":{\"@id\":\"https:\/\/hemogum.com\/toolroom\/#primaryimage\"},\"image\":{\"@id\":\"https:\/\/hemogum.com\/toolroom\/#primaryimage\"},\"thumbnailUrl\":\"https:\/\/hemogum.com\/wp-content\/uploads\/2024\/02\/IMG_2920-1-1024x683.webp\",\"datePublished\":\"2019-04-11T14:55:32+00:00\",\"dateModified\":\"2025-07-28T11:54:43+00:00\",\"description\":\"Werkstatt - Aufgrund der uns vorgegebenen Anforderung entwerfen wir, fertigen an, und pr\u00fcfen neue Produkte...\",\"breadcrumb\":{\"@id\":\"https:\/\/hemogum.com\/toolroom\/#breadcrumb\"},\"inLanguage\":\"de\",\"potentialAction\":[{\"@type\":\"ReadAction\",\"target\":[\"https:\/\/hemogum.com\/toolroom\/\"]}]},{\"@type\":\"ImageObject\",\"inLanguage\":\"de\",\"@id\":\"https:\/\/hemogum.com\/toolroom\/#primaryimage\",\"url\":\"https:\/\/hemogum.com\/wp-content\/uploads\/2024\/02\/IMG_2920-1-1024x683.webp\",\"contentUrl\":\"https:\/\/hemogum.com\/wp-content\/uploads\/2024\/02\/IMG_2920-1-1024x683.webp\"},{\"@type\":\"BreadcrumbList\",\"@id\":\"https:\/\/hemogum.com\/toolroom\/#breadcrumb\",\"itemListElement\":[{\"@type\":\"ListItem\",\"position\":1,\"name\":\"Home\",\"item\":\"https:\/\/hemogum.com\/\"},{\"@type\":\"ListItem\",\"position\":2,\"name\":\"Werkstatt\"}]},{\"@type\":\"WebSite\",\"@id\":\"https:\/\/hemogum.com\/sr\/#website\",\"url\":\"https:\/\/hemogum.com\/sr\/\",\"name\":\"Hemogum\",\"description\":\"\",\"potentialAction\":[{\"@type\":\"SearchAction\",\"target\":{\"@type\":\"EntryPoint\",\"urlTemplate\":\"https:\/\/hemogum.com\/sr\/?s={search_term_string}\"},\"query-input\":{\"@type\":\"PropertyValueSpecification\",\"valueRequired\":true,\"valueName\":\"search_term_string\"}}],\"inLanguage\":\"de\"}]}<\/script>\n<!-- \/ Yoast SEO plugin. -->","yoast_head_json":{"title":"Werkstatt - Hemogum","description":"Werkstatt - Aufgrund der uns vorgegebenen Anforderung entwerfen wir, fertigen an, und pr\u00fcfen neue Produkte...","robots":{"index":"index","follow":"follow","max-snippet":"max-snippet:-1","max-image-preview":"max-image-preview:large","max-video-preview":"max-video-preview:-1"},"canonical":"https:\/\/hemogum.com\/toolroom\/","og_locale":"de_DE","og_type":"article","og_title":"Werkstatt - Hemogum","og_description":"Werkstatt - Aufgrund der uns vorgegebenen Anforderung entwerfen wir, fertigen an, und pr\u00fcfen neue Produkte...","og_url":"https:\/\/hemogum.com\/toolroom\/","og_site_name":"Hemogum","article_modified_time":"2025-07-28T11:54:43+00:00","og_image":[{"url":"https:\/\/hemogum.com\/wp-content\/uploads\/2024\/02\/IMG_2920-1-1024x683.webp","type":"","width":"","height":""}],"twitter_card":"summary_large_image","twitter_misc":{"Gesch\u00e4tzte Lesezeit":"2\u00a0Minuten"},"schema":{"@context":"https:\/\/schema.org","@graph":[{"@type":"WebPage","@id":"https:\/\/hemogum.com\/toolroom\/","url":"https:\/\/hemogum.com\/toolroom\/","name":"Werkstatt - Hemogum","isPartOf":{"@id":"https:\/\/hemogum.com\/sr\/#website"},"primaryImageOfPage":{"@id":"https:\/\/hemogum.com\/toolroom\/#primaryimage"},"image":{"@id":"https:\/\/hemogum.com\/toolroom\/#primaryimage"},"thumbnailUrl":"https:\/\/hemogum.com\/wp-content\/uploads\/2024\/02\/IMG_2920-1-1024x683.webp","datePublished":"2019-04-11T14:55:32+00:00","dateModified":"2025-07-28T11:54:43+00:00","description":"Werkstatt - Aufgrund der uns vorgegebenen Anforderung entwerfen wir, fertigen an, und pr\u00fcfen neue Produkte...","breadcrumb":{"@id":"https:\/\/hemogum.com\/toolroom\/#breadcrumb"},"inLanguage":"de","potentialAction":[{"@type":"ReadAction","target":["https:\/\/hemogum.com\/toolroom\/"]}]},{"@type":"ImageObject","inLanguage":"de","@id":"https:\/\/hemogum.com\/toolroom\/#primaryimage","url":"https:\/\/hemogum.com\/wp-content\/uploads\/2024\/02\/IMG_2920-1-1024x683.webp","contentUrl":"https:\/\/hemogum.com\/wp-content\/uploads\/2024\/02\/IMG_2920-1-1024x683.webp"},{"@type":"BreadcrumbList","@id":"https:\/\/hemogum.com\/toolroom\/#breadcrumb","itemListElement":[{"@type":"ListItem","position":1,"name":"Home","item":"https:\/\/hemogum.com\/"},{"@type":"ListItem","position":2,"name":"Werkstatt"}]},{"@type":"WebSite","@id":"https:\/\/hemogum.com\/sr\/#website","url":"https:\/\/hemogum.com\/sr\/","name":"Hemogum","description":"","potentialAction":[{"@type":"SearchAction","target":{"@type":"EntryPoint","urlTemplate":"https:\/\/hemogum.com\/sr\/?s={search_term_string}"},"query-input":{"@type":"PropertyValueSpecification","valueRequired":true,"valueName":"search_term_string"}}],"inLanguage":"de"}]}},"_links":{"self":[{"href":"https:\/\/hemogum.com\/de\/wp-json\/wp\/v2\/pages\/678","targetHints":{"allow":["GET"]}}],"collection":[{"href":"https:\/\/hemogum.com\/de\/wp-json\/wp\/v2\/pages"}],"about":[{"href":"https:\/\/hemogum.com\/de\/wp-json\/wp\/v2\/types\/page"}],"author":[{"embeddable":true,"href":"https:\/\/hemogum.com\/de\/wp-json\/wp\/v2\/users\/1"}],"replies":[{"embeddable":true,"href":"https:\/\/hemogum.com\/de\/wp-json\/wp\/v2\/comments?post=678"}],"version-history":[{"count":18,"href":"https:\/\/hemogum.com\/de\/wp-json\/wp\/v2\/pages\/678\/revisions"}],"predecessor-version":[{"id":3575,"href":"https:\/\/hemogum.com\/de\/wp-json\/wp\/v2\/pages\/678\/revisions\/3575"}],"wp:attachment":[{"href":"https:\/\/hemogum.com\/de\/wp-json\/wp\/v2\/media?parent=678"}],"curies":[{"name":"wp","href":"https:\/\/api.w.org\/{rel}","templated":true}]}}