{"id":694,"date":"2019-04-12T17:36:08","date_gmt":"2019-04-12T17:36:08","guid":{"rendered":"http:\/\/hemogum.acocvetic.com\/rubber-and-silicone-products\/"},"modified":"2024-02-07T13:37:56","modified_gmt":"2024-02-07T13:37:56","slug":"silikon-produkte","status":"publish","type":"page","link":"https:\/\/hemogum.com\/de\/silikon-produkte\/","title":{"rendered":"Silikon-Produkte"},"content":{"rendered":"\t\t<div data-elementor-type=\"wp-page\" data-elementor-id=\"694\" class=\"elementor elementor-694\">\n\t\t\t\t<div class=\"wd-negative-gap elementor-element elementor-element-db3b9fd e-flex e-con-boxed e-con e-parent\" data-id=\"db3b9fd\" data-element_type=\"container\">\n\t\t\t\t\t<div class=\"e-con-inner\">\n\t\t\t\t<div class=\"elementor-element elementor-element-bc3b1fa elementor-widget elementor-widget-image\" data-id=\"bc3b1fa\" data-element_type=\"widget\" data-widget_type=\"image.default\">\n\t\t\t\t<div class=\"elementor-widget-container\">\n\t\t\t\t\t\t\t\t\t\t\t\t\t\t\t<img fetchpriority=\"high\" decoding=\"async\" width=\"960\" height=\"230\" src=\"https:\/\/hemogum.com\/wp-content\/uploads\/2019\/04\/rubber-and-silicone-products.jpg\" class=\"attachment-large size-large wp-image-167\" alt=\"Rubber and silicone products\" srcset=\"https:\/\/hemogum.com\/wp-content\/uploads\/2019\/04\/rubber-and-silicone-products.jpg 960w, https:\/\/hemogum.com\/wp-content\/uploads\/2019\/04\/rubber-and-silicone-products-300x72.jpg 300w, https:\/\/hemogum.com\/wp-content\/uploads\/2019\/04\/rubber-and-silicone-products-768x184.jpg 768w\" sizes=\"(max-width: 960px) 100vw, 960px\" \/>\t\t\t\t\t\t\t\t\t\t\t\t\t\t\t<\/div>\n\t\t\t\t<\/div>\n\t\t\t\t<div class=\"elementor-element elementor-element-d23dd59 elementor-widget elementor-widget-heading\" data-id=\"d23dd59\" data-element_type=\"widget\" data-widget_type=\"heading.default\">\n\t\t\t\t<div class=\"elementor-widget-container\">\n\t\t\t\t\t<h2 class=\"elementor-heading-title elementor-size-default\">Silikon-Produkte<\/h2>\t\t\t\t<\/div>\n\t\t\t\t<\/div>\n\t\t\t\t<div class=\"elementor-element elementor-element-ff73d9a color-scheme-inherit text-left elementor-widget elementor-widget-text-editor\" data-id=\"ff73d9a\" data-element_type=\"widget\" data-widget_type=\"text-editor.default\">\n\t\t\t\t<div class=\"elementor-widget-container\">\n\t\t\t\t\t\t\t\t\t<p><span class=\"\">Silikon-Produkte &#8211; Hemogum stellt o.g. Produkte laut Ihren Anfoderungen und Spezifikationen her.<\/span><\/p><p>Hemogum fertigt Gummi- und Silikonprodukte nach Ihren W\u00fcnschen oder nach Muster.<br \/>Das Produkt kann aus weichem oder hartem Gummi sowie weicherem oder h\u00e4rterem Silikon bestehen. Die Eigenschaften des Produkts selbst vereinbaren Sie mit unserem Ingenieurteam.<\/p><p>Wir bieten bereits ein breites Sortiment an Gummi- und Silikonprodukten f\u00fcr unterschiedliche Ger\u00e4te und Einsatzzwecke an.<\/p><p>Wenn Sie einige unserer Artikel bestellen m\u00f6chten oder m\u00f6chten, dass wir einen Artikel nach Ihren Ma\u00dfen anfertigen, k\u00f6nnen Sie uns kontaktieren<\/p><p><span style=\"text-decoration: underline;\"><strong><a href=\"https:\/\/hemogum.com\/de\/kontakt\/\">&#8211; Kntakt&#8230;<\/a><\/strong><\/span><\/p><p><span class=\"\">\u00a0<\/span><\/p>\t\t\t\t\t\t\t\t<\/div>\n\t\t\t\t<\/div>\n\t\t\t\t\t<\/div>\n\t\t\t\t<\/div>\n\t\t\t\t<\/div>\n\t\t","protected":false},"excerpt":{"rendered":"<p>Silikon-Produkte Silikon-Produkte &#8211; Hemogum stellt o.g. Produkte laut Ihren Anfoderungen und Spezifikationen her. Hemogum fertigt Gummi- und Silikonprodukte nach Ihren<\/p>\n","protected":false},"author":1,"featured_media":0,"parent":0,"menu_order":0,"comment_status":"closed","ping_status":"closed","template":"","meta":{"footnotes":""},"class_list":["post-694","page","type-page","status-publish","hentry"],"yoast_head":"<!-- This site is optimized with the Yoast SEO plugin v25.5 - https:\/\/yoast.com\/wordpress\/plugins\/seo\/ -->\n<title>Silikon-Produkte - Hemogum<\/title>\n<meta name=\"description\" content=\"Silikon-Produkte Hemogum fertigt Gummi- und Silikonprodukte nach Ihren W\u00fcnschen oder nach Muster. Hemogum...\" \/>\n<meta name=\"robots\" content=\"index, follow, max-snippet:-1, max-image-preview:large, max-video-preview:-1\" \/>\n<link rel=\"canonical\" href=\"https:\/\/hemogum.com\/rubber-and-silicone-products\/\" \/>\n<meta property=\"og:locale\" content=\"de_DE\" \/>\n<meta property=\"og:type\" content=\"article\" \/>\n<meta property=\"og:title\" content=\"Silikon-Produkte - Hemogum\" \/>\n<meta property=\"og:description\" content=\"Silikon-Produkte Hemogum fertigt Gummi- und Silikonprodukte nach Ihren W\u00fcnschen oder nach Muster. Hemogum...\" \/>\n<meta property=\"og:url\" content=\"https:\/\/hemogum.com\/rubber-and-silicone-products\/\" \/>\n<meta property=\"og:site_name\" content=\"Hemogum\" \/>\n<meta property=\"article:modified_time\" content=\"2024-02-07T13:37:56+00:00\" \/>\n<meta property=\"og:image\" content=\"https:\/\/hemogum.com\/wp-content\/uploads\/2019\/04\/rubber-and-silicone-products.jpg\" \/>\n<meta name=\"twitter:card\" content=\"summary_large_image\" \/>\n<meta name=\"twitter:label1\" content=\"Gesch\u00e4tzte Lesezeit\" \/>\n\t<meta name=\"twitter:data1\" content=\"1\u00a0Minute\" \/>\n<script type=\"application\/ld+json\" class=\"yoast-schema-graph\">{\"@context\":\"https:\/\/schema.org\",\"@graph\":[{\"@type\":\"WebPage\",\"@id\":\"https:\/\/hemogum.com\/rubber-and-silicone-products\/\",\"url\":\"https:\/\/hemogum.com\/rubber-and-silicone-products\/\",\"name\":\"Silikon-Produkte - Hemogum\",\"isPartOf\":{\"@id\":\"https:\/\/hemogum.com\/sr\/#website\"},\"primaryImageOfPage\":{\"@id\":\"https:\/\/hemogum.com\/rubber-and-silicone-products\/#primaryimage\"},\"image\":{\"@id\":\"https:\/\/hemogum.com\/rubber-and-silicone-products\/#primaryimage\"},\"thumbnailUrl\":\"https:\/\/hemogum.com\/wp-content\/uploads\/2019\/04\/rubber-and-silicone-products.jpg\",\"datePublished\":\"2019-04-12T17:36:08+00:00\",\"dateModified\":\"2024-02-07T13:37:56+00:00\",\"description\":\"Silikon-Produkte Hemogum fertigt Gummi- und Silikonprodukte nach Ihren W\u00fcnschen oder nach Muster. Hemogum...\",\"breadcrumb\":{\"@id\":\"https:\/\/hemogum.com\/rubber-and-silicone-products\/#breadcrumb\"},\"inLanguage\":\"de\",\"potentialAction\":[{\"@type\":\"ReadAction\",\"target\":[\"https:\/\/hemogum.com\/rubber-and-silicone-products\/\"]}]},{\"@type\":\"ImageObject\",\"inLanguage\":\"de\",\"@id\":\"https:\/\/hemogum.com\/rubber-and-silicone-products\/#primaryimage\",\"url\":\"https:\/\/hemogum.com\/wp-content\/uploads\/2019\/04\/rubber-and-silicone-products.jpg\",\"contentUrl\":\"https:\/\/hemogum.com\/wp-content\/uploads\/2019\/04\/rubber-and-silicone-products.jpg\"},{\"@type\":\"BreadcrumbList\",\"@id\":\"https:\/\/hemogum.com\/rubber-and-silicone-products\/#breadcrumb\",\"itemListElement\":[{\"@type\":\"ListItem\",\"position\":1,\"name\":\"Home\",\"item\":\"https:\/\/hemogum.com\/\"},{\"@type\":\"ListItem\",\"position\":2,\"name\":\"Silikon-Produkte\"}]},{\"@type\":\"WebSite\",\"@id\":\"https:\/\/hemogum.com\/sr\/#website\",\"url\":\"https:\/\/hemogum.com\/sr\/\",\"name\":\"Hemogum\",\"description\":\"\",\"potentialAction\":[{\"@type\":\"SearchAction\",\"target\":{\"@type\":\"EntryPoint\",\"urlTemplate\":\"https:\/\/hemogum.com\/sr\/?s={search_term_string}\"},\"query-input\":{\"@type\":\"PropertyValueSpecification\",\"valueRequired\":true,\"valueName\":\"search_term_string\"}}],\"inLanguage\":\"de\"}]}<\/script>\n<!-- \/ Yoast SEO plugin. -->","yoast_head_json":{"title":"Silikon-Produkte - Hemogum","description":"Silikon-Produkte Hemogum fertigt Gummi- und Silikonprodukte nach Ihren W\u00fcnschen oder nach Muster. Hemogum...","robots":{"index":"index","follow":"follow","max-snippet":"max-snippet:-1","max-image-preview":"max-image-preview:large","max-video-preview":"max-video-preview:-1"},"canonical":"https:\/\/hemogum.com\/rubber-and-silicone-products\/","og_locale":"de_DE","og_type":"article","og_title":"Silikon-Produkte - Hemogum","og_description":"Silikon-Produkte Hemogum fertigt Gummi- und Silikonprodukte nach Ihren W\u00fcnschen oder nach Muster. Hemogum...","og_url":"https:\/\/hemogum.com\/rubber-and-silicone-products\/","og_site_name":"Hemogum","article_modified_time":"2024-02-07T13:37:56+00:00","og_image":[{"url":"https:\/\/hemogum.com\/wp-content\/uploads\/2019\/04\/rubber-and-silicone-products.jpg","type":"","width":"","height":""}],"twitter_card":"summary_large_image","twitter_misc":{"Gesch\u00e4tzte Lesezeit":"1\u00a0Minute"},"schema":{"@context":"https:\/\/schema.org","@graph":[{"@type":"WebPage","@id":"https:\/\/hemogum.com\/rubber-and-silicone-products\/","url":"https:\/\/hemogum.com\/rubber-and-silicone-products\/","name":"Silikon-Produkte - Hemogum","isPartOf":{"@id":"https:\/\/hemogum.com\/sr\/#website"},"primaryImageOfPage":{"@id":"https:\/\/hemogum.com\/rubber-and-silicone-products\/#primaryimage"},"image":{"@id":"https:\/\/hemogum.com\/rubber-and-silicone-products\/#primaryimage"},"thumbnailUrl":"https:\/\/hemogum.com\/wp-content\/uploads\/2019\/04\/rubber-and-silicone-products.jpg","datePublished":"2019-04-12T17:36:08+00:00","dateModified":"2024-02-07T13:37:56+00:00","description":"Silikon-Produkte Hemogum fertigt Gummi- und Silikonprodukte nach Ihren W\u00fcnschen oder nach Muster. Hemogum...","breadcrumb":{"@id":"https:\/\/hemogum.com\/rubber-and-silicone-products\/#breadcrumb"},"inLanguage":"de","potentialAction":[{"@type":"ReadAction","target":["https:\/\/hemogum.com\/rubber-and-silicone-products\/"]}]},{"@type":"ImageObject","inLanguage":"de","@id":"https:\/\/hemogum.com\/rubber-and-silicone-products\/#primaryimage","url":"https:\/\/hemogum.com\/wp-content\/uploads\/2019\/04\/rubber-and-silicone-products.jpg","contentUrl":"https:\/\/hemogum.com\/wp-content\/uploads\/2019\/04\/rubber-and-silicone-products.jpg"},{"@type":"BreadcrumbList","@id":"https:\/\/hemogum.com\/rubber-and-silicone-products\/#breadcrumb","itemListElement":[{"@type":"ListItem","position":1,"name":"Home","item":"https:\/\/hemogum.com\/"},{"@type":"ListItem","position":2,"name":"Silikon-Produkte"}]},{"@type":"WebSite","@id":"https:\/\/hemogum.com\/sr\/#website","url":"https:\/\/hemogum.com\/sr\/","name":"Hemogum","description":"","potentialAction":[{"@type":"SearchAction","target":{"@type":"EntryPoint","urlTemplate":"https:\/\/hemogum.com\/sr\/?s={search_term_string}"},"query-input":{"@type":"PropertyValueSpecification","valueRequired":true,"valueName":"search_term_string"}}],"inLanguage":"de"}]}},"_links":{"self":[{"href":"https:\/\/hemogum.com\/de\/wp-json\/wp\/v2\/pages\/694","targetHints":{"allow":["GET"]}}],"collection":[{"href":"https:\/\/hemogum.com\/de\/wp-json\/wp\/v2\/pages"}],"about":[{"href":"https:\/\/hemogum.com\/de\/wp-json\/wp\/v2\/types\/page"}],"author":[{"embeddable":true,"href":"https:\/\/hemogum.com\/de\/wp-json\/wp\/v2\/users\/1"}],"replies":[{"embeddable":true,"href":"https:\/\/hemogum.com\/de\/wp-json\/wp\/v2\/comments?post=694"}],"version-history":[{"count":18,"href":"https:\/\/hemogum.com\/de\/wp-json\/wp\/v2\/pages\/694\/revisions"}],"predecessor-version":[{"id":3060,"href":"https:\/\/hemogum.com\/de\/wp-json\/wp\/v2\/pages\/694\/revisions\/3060"}],"wp:attachment":[{"href":"https:\/\/hemogum.com\/de\/wp-json\/wp\/v2\/media?parent=694"}],"curies":[{"name":"wp","href":"https:\/\/api.w.org\/{rel}","templated":true}]}}