{"id":702,"date":"2019-04-12T17:44:27","date_gmt":"2019-04-12T17:44:27","guid":{"rendered":"http:\/\/hemogum.acocvetic.com\/oil-seals\/"},"modified":"2024-02-05T21:49:37","modified_gmt":"2024-02-05T21:49:37","slug":"simmerringe","status":"publish","type":"page","link":"https:\/\/hemogum.com\/de\/simmerringe\/","title":{"rendered":"Simmerringe"},"content":{"rendered":"\t\t<div data-elementor-type=\"wp-page\" data-elementor-id=\"702\" class=\"elementor elementor-702\">\n\t\t\t\t<div class=\"wd-negative-gap elementor-element elementor-element-1b9b8b1 e-flex e-con-boxed e-con e-parent\" data-id=\"1b9b8b1\" data-element_type=\"container\">\n\t\t\t\t\t<div class=\"e-con-inner\">\n\t\t\t\t<div class=\"elementor-element elementor-element-eca5370 elementor-widget elementor-widget-image\" data-id=\"eca5370\" data-element_type=\"widget\" data-widget_type=\"image.default\">\n\t\t\t\t<div class=\"elementor-widget-container\">\n\t\t\t\t\t\t\t\t\t\t\t\t\t\t\t<img fetchpriority=\"high\" decoding=\"async\" width=\"960\" height=\"230\" src=\"https:\/\/hemogum.com\/wp-content\/uploads\/2019\/04\/oil-seals.jpg\" class=\"attachment-large size-large wp-image-174\" alt=\"Oil Seals\" srcset=\"https:\/\/hemogum.com\/wp-content\/uploads\/2019\/04\/oil-seals.jpg 960w, https:\/\/hemogum.com\/wp-content\/uploads\/2019\/04\/oil-seals-300x72.jpg 300w, https:\/\/hemogum.com\/wp-content\/uploads\/2019\/04\/oil-seals-768x184.jpg 768w\" sizes=\"(max-width: 960px) 100vw, 960px\" \/>\t\t\t\t\t\t\t\t\t\t\t\t\t\t\t<\/div>\n\t\t\t\t<\/div>\n\t\t\t\t<div class=\"elementor-element elementor-element-5ea0abd elementor-widget elementor-widget-heading\" data-id=\"5ea0abd\" data-element_type=\"widget\" data-widget_type=\"heading.default\">\n\t\t\t\t<div class=\"elementor-widget-container\">\n\t\t\t\t\t<h1 class=\"elementor-heading-title elementor-size-default\">Simmerringe<\/h1>\t\t\t\t<\/div>\n\t\t\t\t<\/div>\n\t\t\t\t<div class=\"elementor-element elementor-element-f34ff18 color-scheme-inherit text-left elementor-widget elementor-widget-text-editor\" data-id=\"f34ff18\" data-element_type=\"widget\" data-widget_type=\"text-editor.default\">\n\t\t\t\t<div class=\"elementor-widget-container\">\n\t\t\t\t\t\t\t\t\t<div class=\"text\"><p>Simmerringe &#8211; Die radialen Wellendichtungen bestehen aus einem festen Au\u00dfen- und einem elastischen Innenteil, und werden in Umgebungen mit rotierenden Elementen eingebaut. Die gew\u00fcnschte Funktion wird mittels des elastischen Teils erreicht, in dem jeweils eine Spiralfeder eingebaut ist. Dichtungen bewirken die Trennung verschiedener Medien mit kleinem Druckunterschied. Sie werden in Autos, Maschinen und Haushaltsger\u00e4ten eingebaut. Wir fertigen die Wellendichtringe in 11 verschiedenen und nummerierten Formen, konform der DIN NORM 3760, an.<\/p><p>Bei der Herstellung werden nachstehende Materialien eingesetzt:<\/p><p>&#8211; Perbunan (<strong>NBR<\/strong>)<br \/>&#8211; Silikon (<strong>MVQ<\/strong>)<br \/>&#8211; Flour (<strong>FPM<\/strong>)<\/p><p>Abweichende Materialien und Formen k\u00f6nnen anhand technischer Unterlagen der Kunden angefertigt werden.<\/p><\/div>\t\t\t\t\t\t\t\t<\/div>\n\t\t\t\t<\/div>\n\t\t\t\t\t<\/div>\n\t\t\t\t<\/div>\n\t\t<div class=\"wd-negative-gap elementor-element elementor-element-9a29c44 e-flex e-con-boxed e-con e-parent\" data-id=\"9a29c44\" data-element_type=\"container\">\n\t\t\t\t\t<div class=\"e-con-inner\">\n\t\t<div class=\"elementor-element elementor-element-68f303c e-con-full e-flex e-con e-child\" data-id=\"68f303c\" data-element_type=\"container\">\n\t\t\t\t<div class=\"elementor-element elementor-element-7284495 elementor-widget elementor-widget-image\" data-id=\"7284495\" data-element_type=\"widget\" data-widget_type=\"image.default\">\n\t\t\t\t<div class=\"elementor-widget-container\">\n\t\t\t\t\t\t\t\t\t\t\t\t\t\t\t<img decoding=\"async\" width=\"500\" height=\"430\" src=\"https:\/\/hemogum.com\/wp-content\/uploads\/2019\/04\/oil-seals-1.jpg\" class=\"attachment-large size-large wp-image-175\" alt=\"\" srcset=\"https:\/\/hemogum.com\/wp-content\/uploads\/2019\/04\/oil-seals-1.jpg 500w, https:\/\/hemogum.com\/wp-content\/uploads\/2019\/04\/oil-seals-1-300x258.jpg 300w\" sizes=\"(max-width: 500px) 100vw, 500px\" \/>\t\t\t\t\t\t\t\t\t\t\t\t\t\t\t<\/div>\n\t\t\t\t<\/div>\n\t\t\t\t<\/div>\n\t\t<div class=\"elementor-element elementor-element-edec2b4 e-con-full e-flex e-con e-child\" data-id=\"edec2b4\" data-element_type=\"container\">\n\t\t\t\t<div class=\"elementor-element elementor-element-a6cd4ff elementor-widget elementor-widget-image\" data-id=\"a6cd4ff\" data-element_type=\"widget\" data-widget_type=\"image.default\">\n\t\t\t\t<div class=\"elementor-widget-container\">\n\t\t\t\t\t\t\t\t\t\t\t\t\t\t\t<img decoding=\"async\" width=\"500\" height=\"430\" src=\"https:\/\/hemogum.com\/wp-content\/uploads\/2019\/04\/oil-seals-2.jpg\" class=\"attachment-large size-large wp-image-176\" alt=\"\" srcset=\"https:\/\/hemogum.com\/wp-content\/uploads\/2019\/04\/oil-seals-2.jpg 500w, https:\/\/hemogum.com\/wp-content\/uploads\/2019\/04\/oil-seals-2-300x258.jpg 300w\" sizes=\"(max-width: 500px) 100vw, 500px\" \/>\t\t\t\t\t\t\t\t\t\t\t\t\t\t\t<\/div>\n\t\t\t\t<\/div>\n\t\t\t\t<\/div>\n\t\t<div class=\"elementor-element elementor-element-5aa99ec e-con-full e-flex e-con e-child\" data-id=\"5aa99ec\" data-element_type=\"container\">\n\t\t\t\t<div class=\"elementor-element elementor-element-b7f1037 elementor-widget elementor-widget-image\" data-id=\"b7f1037\" data-element_type=\"widget\" data-widget_type=\"image.default\">\n\t\t\t\t<div class=\"elementor-widget-container\">\n\t\t\t\t\t\t\t\t\t\t\t\t\t\t\t<img loading=\"lazy\" decoding=\"async\" width=\"500\" height=\"430\" src=\"https:\/\/hemogum.com\/wp-content\/uploads\/2019\/04\/oil-seals-3.jpg\" class=\"attachment-large size-large wp-image-177\" alt=\"\" srcset=\"https:\/\/hemogum.com\/wp-content\/uploads\/2019\/04\/oil-seals-3.jpg 500w, https:\/\/hemogum.com\/wp-content\/uploads\/2019\/04\/oil-seals-3-300x258.jpg 300w\" sizes=\"(max-width: 500px) 100vw, 500px\" \/>\t\t\t\t\t\t\t\t\t\t\t\t\t\t\t<\/div>\n\t\t\t\t<\/div>\n\t\t\t\t<\/div>\n\t\t<div class=\"elementor-element elementor-element-85971e5 e-con-full e-flex e-con e-child\" data-id=\"85971e5\" data-element_type=\"container\">\n\t\t\t\t<div class=\"elementor-element elementor-element-21f283d elementor-widget elementor-widget-image\" data-id=\"21f283d\" data-element_type=\"widget\" data-widget_type=\"image.default\">\n\t\t\t\t<div class=\"elementor-widget-container\">\n\t\t\t\t\t\t\t\t\t\t\t\t\t\t\t<img loading=\"lazy\" decoding=\"async\" width=\"500\" height=\"430\" src=\"https:\/\/hemogum.com\/wp-content\/uploads\/2019\/04\/oil-seals-4.jpg\" class=\"attachment-large size-large wp-image-178\" alt=\"\" srcset=\"https:\/\/hemogum.com\/wp-content\/uploads\/2019\/04\/oil-seals-4.jpg 500w, https:\/\/hemogum.com\/wp-content\/uploads\/2019\/04\/oil-seals-4-300x258.jpg 300w\" sizes=\"(max-width: 500px) 100vw, 500px\" \/>\t\t\t\t\t\t\t\t\t\t\t\t\t\t\t<\/div>\n\t\t\t\t<\/div>\n\t\t\t\t<\/div>\n\t\t<div class=\"elementor-element elementor-element-c61d52c e-con-full e-flex e-con e-child\" data-id=\"c61d52c\" data-element_type=\"container\">\n\t\t\t\t<div class=\"elementor-element elementor-element-b372631 elementor-widget elementor-widget-image\" data-id=\"b372631\" data-element_type=\"widget\" data-widget_type=\"image.default\">\n\t\t\t\t<div class=\"elementor-widget-container\">\n\t\t\t\t\t\t\t\t\t\t\t\t\t\t\t<img loading=\"lazy\" decoding=\"async\" width=\"500\" height=\"430\" src=\"https:\/\/hemogum.com\/wp-content\/uploads\/2019\/04\/oil-seals-5.jpg\" class=\"attachment-large size-large wp-image-179\" alt=\"\" srcset=\"https:\/\/hemogum.com\/wp-content\/uploads\/2019\/04\/oil-seals-5.jpg 500w, https:\/\/hemogum.com\/wp-content\/uploads\/2019\/04\/oil-seals-5-300x258.jpg 300w\" sizes=\"(max-width: 500px) 100vw, 500px\" \/>\t\t\t\t\t\t\t\t\t\t\t\t\t\t\t<\/div>\n\t\t\t\t<\/div>\n\t\t\t\t<\/div>\n\t\t<div class=\"elementor-element elementor-element-4bf8433 e-con-full e-flex e-con e-child\" data-id=\"4bf8433\" data-element_type=\"container\">\n\t\t\t\t<div class=\"elementor-element elementor-element-1e50632 elementor-widget elementor-widget-image\" data-id=\"1e50632\" data-element_type=\"widget\" data-widget_type=\"image.default\">\n\t\t\t\t<div class=\"elementor-widget-container\">\n\t\t\t\t\t\t\t\t\t\t\t\t\t\t\t<img loading=\"lazy\" decoding=\"async\" width=\"500\" height=\"430\" src=\"https:\/\/hemogum.com\/wp-content\/uploads\/2019\/04\/oil-seals-6.jpg\" class=\"attachment-large size-large wp-image-180\" alt=\"\" srcset=\"https:\/\/hemogum.com\/wp-content\/uploads\/2019\/04\/oil-seals-6.jpg 500w, https:\/\/hemogum.com\/wp-content\/uploads\/2019\/04\/oil-seals-6-300x258.jpg 300w\" sizes=\"(max-width: 500px) 100vw, 500px\" \/>\t\t\t\t\t\t\t\t\t\t\t\t\t\t\t<\/div>\n\t\t\t\t<\/div>\n\t\t\t\t<\/div>\n\t\t<div class=\"elementor-element elementor-element-78559bb e-con-full e-flex e-con e-child\" data-id=\"78559bb\" data-element_type=\"container\">\n\t\t\t\t<div class=\"elementor-element elementor-element-cdbebc1 elementor-widget elementor-widget-image\" data-id=\"cdbebc1\" data-element_type=\"widget\" data-widget_type=\"image.default\">\n\t\t\t\t<div class=\"elementor-widget-container\">\n\t\t\t\t\t\t\t\t\t\t\t\t\t\t\t<img loading=\"lazy\" decoding=\"async\" width=\"500\" height=\"430\" src=\"https:\/\/hemogum.com\/wp-content\/uploads\/2019\/04\/oil-seals-7.jpg\" class=\"attachment-large size-large wp-image-181\" alt=\"\" srcset=\"https:\/\/hemogum.com\/wp-content\/uploads\/2019\/04\/oil-seals-7.jpg 500w, https:\/\/hemogum.com\/wp-content\/uploads\/2019\/04\/oil-seals-7-300x258.jpg 300w\" sizes=\"(max-width: 500px) 100vw, 500px\" \/>\t\t\t\t\t\t\t\t\t\t\t\t\t\t\t<\/div>\n\t\t\t\t<\/div>\n\t\t\t\t<\/div>\n\t\t<div class=\"elementor-element elementor-element-f6c2070 e-con-full e-flex e-con e-child\" data-id=\"f6c2070\" data-element_type=\"container\">\n\t\t\t\t<div class=\"elementor-element elementor-element-2a30c17 elementor-widget elementor-widget-image\" data-id=\"2a30c17\" data-element_type=\"widget\" data-widget_type=\"image.default\">\n\t\t\t\t<div class=\"elementor-widget-container\">\n\t\t\t\t\t\t\t\t\t\t\t\t\t\t\t<img loading=\"lazy\" decoding=\"async\" width=\"500\" height=\"430\" src=\"https:\/\/hemogum.com\/wp-content\/uploads\/2019\/04\/oil-seals-8.jpg\" class=\"attachment-large size-large wp-image-182\" alt=\"\" srcset=\"https:\/\/hemogum.com\/wp-content\/uploads\/2019\/04\/oil-seals-8.jpg 500w, https:\/\/hemogum.com\/wp-content\/uploads\/2019\/04\/oil-seals-8-300x258.jpg 300w\" sizes=\"(max-width: 500px) 100vw, 500px\" \/>\t\t\t\t\t\t\t\t\t\t\t\t\t\t\t<\/div>\n\t\t\t\t<\/div>\n\t\t\t\t<\/div>\n\t\t<div class=\"elementor-element elementor-element-b88b6a7 e-con-full e-flex e-con e-child\" data-id=\"b88b6a7\" data-element_type=\"container\">\n\t\t\t\t<div class=\"elementor-element elementor-element-61cc1f5 elementor-widget elementor-widget-image\" data-id=\"61cc1f5\" data-element_type=\"widget\" data-widget_type=\"image.default\">\n\t\t\t\t<div class=\"elementor-widget-container\">\n\t\t\t\t\t\t\t\t\t\t\t\t\t\t\t<img loading=\"lazy\" decoding=\"async\" width=\"500\" height=\"430\" src=\"https:\/\/hemogum.com\/wp-content\/uploads\/2019\/04\/oil-seals-9.jpg\" class=\"attachment-large size-large wp-image-183\" alt=\"\" srcset=\"https:\/\/hemogum.com\/wp-content\/uploads\/2019\/04\/oil-seals-9.jpg 500w, https:\/\/hemogum.com\/wp-content\/uploads\/2019\/04\/oil-seals-9-300x258.jpg 300w\" sizes=\"(max-width: 500px) 100vw, 500px\" \/>\t\t\t\t\t\t\t\t\t\t\t\t\t\t\t<\/div>\n\t\t\t\t<\/div>\n\t\t\t\t<\/div>\n\t\t<div class=\"elementor-element elementor-element-e709cef e-con-full e-flex e-con e-child\" data-id=\"e709cef\" data-element_type=\"container\">\n\t\t\t\t<div class=\"elementor-element elementor-element-1a89e93 elementor-widget elementor-widget-image\" data-id=\"1a89e93\" data-element_type=\"widget\" data-widget_type=\"image.default\">\n\t\t\t\t<div class=\"elementor-widget-container\">\n\t\t\t\t\t\t\t\t\t\t\t\t\t\t\t<img loading=\"lazy\" decoding=\"async\" width=\"500\" height=\"430\" src=\"https:\/\/hemogum.com\/wp-content\/uploads\/2019\/04\/oil-seals-10.jpg\" class=\"attachment-large size-large wp-image-184\" alt=\"\" srcset=\"https:\/\/hemogum.com\/wp-content\/uploads\/2019\/04\/oil-seals-10.jpg 500w, https:\/\/hemogum.com\/wp-content\/uploads\/2019\/04\/oil-seals-10-300x258.jpg 300w\" sizes=\"(max-width: 500px) 100vw, 500px\" \/>\t\t\t\t\t\t\t\t\t\t\t\t\t\t\t<\/div>\n\t\t\t\t<\/div>\n\t\t\t\t<\/div>\n\t\t<div class=\"elementor-element elementor-element-afb56ee e-con-full e-flex e-con e-child\" data-id=\"afb56ee\" data-element_type=\"container\">\n\t\t\t\t<div class=\"elementor-element elementor-element-7df7614 elementor-widget elementor-widget-image\" data-id=\"7df7614\" data-element_type=\"widget\" data-widget_type=\"image.default\">\n\t\t\t\t<div class=\"elementor-widget-container\">\n\t\t\t\t\t\t\t\t\t\t\t\t\t\t\t<img loading=\"lazy\" decoding=\"async\" width=\"500\" height=\"430\" src=\"https:\/\/hemogum.com\/wp-content\/uploads\/2019\/04\/oil-seals-11.jpg\" class=\"attachment-large size-large wp-image-185\" alt=\"\" srcset=\"https:\/\/hemogum.com\/wp-content\/uploads\/2019\/04\/oil-seals-11.jpg 500w, https:\/\/hemogum.com\/wp-content\/uploads\/2019\/04\/oil-seals-11-300x258.jpg 300w\" sizes=\"(max-width: 500px) 100vw, 500px\" \/>\t\t\t\t\t\t\t\t\t\t\t\t\t\t\t<\/div>\n\t\t\t\t<\/div>\n\t\t\t\t<\/div>\n\t\t<div class=\"elementor-element elementor-element-5c454e7 e-con-full e-flex e-con e-child\" data-id=\"5c454e7\" data-element_type=\"container\">\n\t\t\t\t<div class=\"elementor-element elementor-element-7173763 elementor-widget elementor-widget-image\" data-id=\"7173763\" data-element_type=\"widget\" data-widget_type=\"image.default\">\n\t\t\t\t<div class=\"elementor-widget-container\">\n\t\t\t\t\t\t\t\t\t\t\t\t\t\t\t<img loading=\"lazy\" decoding=\"async\" width=\"500\" height=\"430\" src=\"https:\/\/hemogum.com\/wp-content\/uploads\/2019\/04\/oil-seals-12.jpg\" class=\"attachment-large size-large wp-image-186\" alt=\"\" srcset=\"https:\/\/hemogum.com\/wp-content\/uploads\/2019\/04\/oil-seals-12.jpg 500w, https:\/\/hemogum.com\/wp-content\/uploads\/2019\/04\/oil-seals-12-300x258.jpg 300w\" sizes=\"(max-width: 500px) 100vw, 500px\" \/>\t\t\t\t\t\t\t\t\t\t\t\t\t\t\t<\/div>\n\t\t\t\t<\/div>\n\t\t\t\t<\/div>\n\t\t\t\t\t<\/div>\n\t\t\t\t<\/div>\n\t\t<div class=\"wd-negative-gap elementor-element elementor-element-338e8e3 e-flex e-con-boxed e-con e-parent\" data-id=\"338e8e3\" data-element_type=\"container\">\n\t\t\t\t\t<div class=\"e-con-inner\">\n\t\t\t\t<div class=\"elementor-element elementor-element-ce30f08 wd-width-100 elementor-widget elementor-widget-wd_title\" data-id=\"ce30f08\" data-element_type=\"widget\" data-widget_type=\"wd_title.default\">\n\t\t\t\t<div class=\"elementor-widget-container\">\n\t\t\t\t\t\t\t<div class=\"title-wrapper wd-set-mb reset-last-child wd-title-color-default wd-title-style-default wd-title-size-default text-left\">\n\n\t\t\t\n\t\t\t<div class=\"liner-continer\">\n\t\t\t\t<h1 class=\"woodmart-title-container title wd-fontsize-l\"><\/h1> \n\t\t\t\t\t\t\t<\/div>\n\n\t\t\t\t\t\t\t<div class=\"title-after_title reset-last-child wd-fontsize-xs\">\n\t\t\t\t\tHerstellung aller Arten und Formen von Semmern. Eine Kombination aus Gummi- und Metallprodukten.<br \/>\n<br \/>\nHerstellung aller Arten, Formen und Gr\u00f6\u00dfen von Semmern. Wir produzieren Dichtungen f\u00fcr alle Kettens\u00e4gen, Trimmer, Rasenm\u00e4her, Arbeitsmaschinen und andere Ger\u00e4te.<br \/>\n<br \/>\nWenn Sie einige unserer Artikel bestellen m\u00f6chten oder m\u00f6chten, dass wir einen Artikel nach Ihren Ma\u00dfen anfertigen, k\u00f6nnen Sie uns kontaktieren<br \/>\n<br \/>\n<span style=\"text-decoration: underline\"><strong><a href=\"https:\/\/hemogum.com\/de\/kontakt\/\">- Kntakt...<\/a><\/strong><\/span>\t\t\t\t<\/div>\n\t\t\t\t\t<\/div>\n\t\t\t\t\t\t<\/div>\n\t\t\t\t<\/div>\n\t\t\t\t\t<\/div>\n\t\t\t\t<\/div>\n\t\t\t\t<\/div>\n\t\t","protected":false},"excerpt":{"rendered":"<p>Simmerringe Simmerringe &#8211; Die radialen Wellendichtungen bestehen aus einem festen Au\u00dfen- und einem elastischen Innenteil, und werden in Umgebungen mit<\/p>\n","protected":false},"author":1,"featured_media":0,"parent":0,"menu_order":0,"comment_status":"closed","ping_status":"closed","template":"","meta":{"footnotes":""},"class_list":["post-702","page","type-page","status-publish","hentry"],"yoast_head":"<!-- This site is optimized with the Yoast SEO plugin v25.5 - https:\/\/yoast.com\/wordpress\/plugins\/seo\/ -->\n<title>Simmerringe - Hemogum<\/title>\n<meta name=\"description\" content=\"Simmerringe - Herstellung aller Arten von N\u00e4hten. Herstellung von Gummi-, Gummi-Metall- und Silikondichtringen.\" \/>\n<meta name=\"robots\" content=\"index, follow, max-snippet:-1, max-image-preview:large, max-video-preview:-1\" \/>\n<link rel=\"canonical\" href=\"https:\/\/hemogum.com\/oil-seals\/\" \/>\n<meta property=\"og:locale\" content=\"de_DE\" \/>\n<meta property=\"og:type\" content=\"article\" \/>\n<meta property=\"og:title\" content=\"Simmerringe - Hemogum\" \/>\n<meta property=\"og:description\" content=\"Simmerringe - Herstellung aller Arten von N\u00e4hten. Herstellung von Gummi-, Gummi-Metall- und Silikondichtringen.\" \/>\n<meta property=\"og:url\" content=\"https:\/\/hemogum.com\/oil-seals\/\" \/>\n<meta property=\"og:site_name\" content=\"Hemogum\" \/>\n<meta property=\"article:modified_time\" content=\"2024-02-05T21:49:37+00:00\" \/>\n<meta property=\"og:image\" content=\"https:\/\/hemogum.com\/wp-content\/uploads\/2019\/04\/oil-seals.jpg\" \/>\n<meta name=\"twitter:card\" content=\"summary_large_image\" \/>\n<meta name=\"twitter:label1\" content=\"Gesch\u00e4tzte Lesezeit\" \/>\n\t<meta name=\"twitter:data1\" content=\"4\u00a0Minuten\" \/>\n<script type=\"application\/ld+json\" class=\"yoast-schema-graph\">{\"@context\":\"https:\/\/schema.org\",\"@graph\":[{\"@type\":\"WebPage\",\"@id\":\"https:\/\/hemogum.com\/oil-seals\/\",\"url\":\"https:\/\/hemogum.com\/oil-seals\/\",\"name\":\"Simmerringe - Hemogum\",\"isPartOf\":{\"@id\":\"https:\/\/hemogum.com\/sr\/#website\"},\"primaryImageOfPage\":{\"@id\":\"https:\/\/hemogum.com\/oil-seals\/#primaryimage\"},\"image\":{\"@id\":\"https:\/\/hemogum.com\/oil-seals\/#primaryimage\"},\"thumbnailUrl\":\"https:\/\/hemogum.com\/wp-content\/uploads\/2019\/04\/oil-seals.jpg\",\"datePublished\":\"2019-04-12T17:44:27+00:00\",\"dateModified\":\"2024-02-05T21:49:37+00:00\",\"description\":\"Simmerringe - Herstellung aller Arten von N\u00e4hten. Herstellung von Gummi-, Gummi-Metall- und Silikondichtringen.\",\"breadcrumb\":{\"@id\":\"https:\/\/hemogum.com\/oil-seals\/#breadcrumb\"},\"inLanguage\":\"de\",\"potentialAction\":[{\"@type\":\"ReadAction\",\"target\":[\"https:\/\/hemogum.com\/oil-seals\/\"]}]},{\"@type\":\"ImageObject\",\"inLanguage\":\"de\",\"@id\":\"https:\/\/hemogum.com\/oil-seals\/#primaryimage\",\"url\":\"https:\/\/hemogum.com\/wp-content\/uploads\/2019\/04\/oil-seals.jpg\",\"contentUrl\":\"https:\/\/hemogum.com\/wp-content\/uploads\/2019\/04\/oil-seals.jpg\"},{\"@type\":\"BreadcrumbList\",\"@id\":\"https:\/\/hemogum.com\/oil-seals\/#breadcrumb\",\"itemListElement\":[{\"@type\":\"ListItem\",\"position\":1,\"name\":\"Home\",\"item\":\"https:\/\/hemogum.com\/\"},{\"@type\":\"ListItem\",\"position\":2,\"name\":\"Simmerringe\"}]},{\"@type\":\"WebSite\",\"@id\":\"https:\/\/hemogum.com\/sr\/#website\",\"url\":\"https:\/\/hemogum.com\/sr\/\",\"name\":\"Hemogum\",\"description\":\"\",\"potentialAction\":[{\"@type\":\"SearchAction\",\"target\":{\"@type\":\"EntryPoint\",\"urlTemplate\":\"https:\/\/hemogum.com\/sr\/?s={search_term_string}\"},\"query-input\":{\"@type\":\"PropertyValueSpecification\",\"valueRequired\":true,\"valueName\":\"search_term_string\"}}],\"inLanguage\":\"de\"}]}<\/script>\n<!-- \/ Yoast SEO plugin. -->","yoast_head_json":{"title":"Simmerringe - Hemogum","description":"Simmerringe - Herstellung aller Arten von N\u00e4hten. Herstellung von Gummi-, Gummi-Metall- und Silikondichtringen.","robots":{"index":"index","follow":"follow","max-snippet":"max-snippet:-1","max-image-preview":"max-image-preview:large","max-video-preview":"max-video-preview:-1"},"canonical":"https:\/\/hemogum.com\/oil-seals\/","og_locale":"de_DE","og_type":"article","og_title":"Simmerringe - Hemogum","og_description":"Simmerringe - Herstellung aller Arten von N\u00e4hten. Herstellung von Gummi-, Gummi-Metall- und Silikondichtringen.","og_url":"https:\/\/hemogum.com\/oil-seals\/","og_site_name":"Hemogum","article_modified_time":"2024-02-05T21:49:37+00:00","og_image":[{"url":"https:\/\/hemogum.com\/wp-content\/uploads\/2019\/04\/oil-seals.jpg","type":"","width":"","height":""}],"twitter_card":"summary_large_image","twitter_misc":{"Gesch\u00e4tzte Lesezeit":"4\u00a0Minuten"},"schema":{"@context":"https:\/\/schema.org","@graph":[{"@type":"WebPage","@id":"https:\/\/hemogum.com\/oil-seals\/","url":"https:\/\/hemogum.com\/oil-seals\/","name":"Simmerringe - Hemogum","isPartOf":{"@id":"https:\/\/hemogum.com\/sr\/#website"},"primaryImageOfPage":{"@id":"https:\/\/hemogum.com\/oil-seals\/#primaryimage"},"image":{"@id":"https:\/\/hemogum.com\/oil-seals\/#primaryimage"},"thumbnailUrl":"https:\/\/hemogum.com\/wp-content\/uploads\/2019\/04\/oil-seals.jpg","datePublished":"2019-04-12T17:44:27+00:00","dateModified":"2024-02-05T21:49:37+00:00","description":"Simmerringe - Herstellung aller Arten von N\u00e4hten. Herstellung von Gummi-, Gummi-Metall- und Silikondichtringen.","breadcrumb":{"@id":"https:\/\/hemogum.com\/oil-seals\/#breadcrumb"},"inLanguage":"de","potentialAction":[{"@type":"ReadAction","target":["https:\/\/hemogum.com\/oil-seals\/"]}]},{"@type":"ImageObject","inLanguage":"de","@id":"https:\/\/hemogum.com\/oil-seals\/#primaryimage","url":"https:\/\/hemogum.com\/wp-content\/uploads\/2019\/04\/oil-seals.jpg","contentUrl":"https:\/\/hemogum.com\/wp-content\/uploads\/2019\/04\/oil-seals.jpg"},{"@type":"BreadcrumbList","@id":"https:\/\/hemogum.com\/oil-seals\/#breadcrumb","itemListElement":[{"@type":"ListItem","position":1,"name":"Home","item":"https:\/\/hemogum.com\/"},{"@type":"ListItem","position":2,"name":"Simmerringe"}]},{"@type":"WebSite","@id":"https:\/\/hemogum.com\/sr\/#website","url":"https:\/\/hemogum.com\/sr\/","name":"Hemogum","description":"","potentialAction":[{"@type":"SearchAction","target":{"@type":"EntryPoint","urlTemplate":"https:\/\/hemogum.com\/sr\/?s={search_term_string}"},"query-input":{"@type":"PropertyValueSpecification","valueRequired":true,"valueName":"search_term_string"}}],"inLanguage":"de"}]}},"_links":{"self":[{"href":"https:\/\/hemogum.com\/de\/wp-json\/wp\/v2\/pages\/702","targetHints":{"allow":["GET"]}}],"collection":[{"href":"https:\/\/hemogum.com\/de\/wp-json\/wp\/v2\/pages"}],"about":[{"href":"https:\/\/hemogum.com\/de\/wp-json\/wp\/v2\/types\/page"}],"author":[{"embeddable":true,"href":"https:\/\/hemogum.com\/de\/wp-json\/wp\/v2\/users\/1"}],"replies":[{"embeddable":true,"href":"https:\/\/hemogum.com\/de\/wp-json\/wp\/v2\/comments?post=702"}],"version-history":[{"count":12,"href":"https:\/\/hemogum.com\/de\/wp-json\/wp\/v2\/pages\/702\/revisions"}],"predecessor-version":[{"id":2740,"href":"https:\/\/hemogum.com\/de\/wp-json\/wp\/v2\/pages\/702\/revisions\/2740"}],"wp:attachment":[{"href":"https:\/\/hemogum.com\/de\/wp-json\/wp\/v2\/media?parent=702"}],"curies":[{"name":"wp","href":"https:\/\/api.w.org\/{rel}","templated":true}]}}