{"id":706,"date":"2019-04-12T17:49:40","date_gmt":"2019-04-12T17:49:40","guid":{"rendered":"http:\/\/hemogum.acocvetic.com\/u-cups\/"},"modified":"2024-02-07T13:37:13","modified_gmt":"2024-02-07T13:37:13","slug":"manschetten","status":"publish","type":"page","link":"https:\/\/hemogum.com\/de\/manschetten\/","title":{"rendered":"Manschetten"},"content":{"rendered":"\t\t<div data-elementor-type=\"wp-page\" data-elementor-id=\"706\" class=\"elementor elementor-706\">\n\t\t\t\t<div class=\"wd-negative-gap elementor-element elementor-element-e5b777e e-flex e-con-boxed e-con e-parent\" data-id=\"e5b777e\" data-element_type=\"container\">\n\t\t\t\t\t<div class=\"e-con-inner\">\n\t\t\t\t<div class=\"elementor-element elementor-element-53cb7e3 elementor-widget elementor-widget-image\" data-id=\"53cb7e3\" data-element_type=\"widget\" data-widget_type=\"image.default\">\n\t\t\t\t<div class=\"elementor-widget-container\">\n\t\t\t\t\t\t\t\t\t\t\t\t\t\t\t<img fetchpriority=\"high\" decoding=\"async\" width=\"960\" height=\"230\" src=\"https:\/\/hemogum.com\/wp-content\/uploads\/2019\/04\/u-cups.jpg\" class=\"attachment-large size-large wp-image-191\" alt=\"U cups\" srcset=\"https:\/\/hemogum.com\/wp-content\/uploads\/2019\/04\/u-cups.jpg 960w, https:\/\/hemogum.com\/wp-content\/uploads\/2019\/04\/u-cups-300x72.jpg 300w, https:\/\/hemogum.com\/wp-content\/uploads\/2019\/04\/u-cups-768x184.jpg 768w\" sizes=\"(max-width: 960px) 100vw, 960px\" \/>\t\t\t\t\t\t\t\t\t\t\t\t\t\t\t<\/div>\n\t\t\t\t<\/div>\n\t\t\t\t<div class=\"elementor-element elementor-element-606142b elementor-widget elementor-widget-heading\" data-id=\"606142b\" data-element_type=\"widget\" data-widget_type=\"heading.default\">\n\t\t\t\t<div class=\"elementor-widget-container\">\n\t\t\t\t\t<h2 class=\"elementor-heading-title elementor-size-default\">Manschetten<\/h2>\t\t\t\t<\/div>\n\t\t\t\t<\/div>\n\t\t\t\t<div class=\"elementor-element elementor-element-2ec60ef color-scheme-inherit text-left elementor-widget elementor-widget-text-editor\" data-id=\"2ec60ef\" data-element_type=\"widget\" data-widget_type=\"text-editor.default\">\n\t\t\t\t<div class=\"elementor-widget-container\">\n\t\t\t\t\t\t\t\t\t<p>Manschetten geh\u00f6ren zu den elastischen Dichtelementen, die im Bereich Hydraulik und Pneumatik zur Dichtung von Kolben und Zylindern zum Einsatz kommen. Die eigentliche Dichtfunktion wird durch Druck der Dichtungslippe auf Kolben und Zylinder erreicht. Manschetten z\u00e4hlen zu den Wellendichtelementen aus Gummi. Sie werden in verschiedenen Formen zu verschiedenen Zwecken hergestellt. In unserem Produktionsprogramm sind sechs Formen vertreten.<\/p><p>Die in unserer Produktion verwendeten Materialien:<br \/><br \/>&#8211; Perbunan (<strong>NBR<\/strong>)<br \/>&#8211; Flour (<strong>FPM<\/strong>)<\/p>\t\t\t\t\t\t\t\t<\/div>\n\t\t\t\t<\/div>\n\t\t\t\t\t<\/div>\n\t\t\t\t<\/div>\n\t\t<div class=\"wd-negative-gap elementor-element elementor-element-136c0bc e-flex e-con-boxed e-con e-parent\" data-id=\"136c0bc\" data-element_type=\"container\">\n\t\t\t\t\t<div class=\"e-con-inner\">\n\t\t<div class=\"elementor-element elementor-element-0dc55ef e-con-full e-flex e-con e-child\" data-id=\"0dc55ef\" data-element_type=\"container\">\n\t\t\t\t<div class=\"elementor-element elementor-element-0d8d497 elementor-widget elementor-widget-image\" data-id=\"0d8d497\" data-element_type=\"widget\" data-widget_type=\"image.default\">\n\t\t\t\t<div class=\"elementor-widget-container\">\n\t\t\t\t\t\t\t\t\t\t\t\t\t\t\t<img decoding=\"async\" width=\"420\" height=\"147\" src=\"https:\/\/hemogum.com\/wp-content\/uploads\/2019\/04\/001.jpg\" class=\"attachment-large size-large wp-image-192\" alt=\"\" srcset=\"https:\/\/hemogum.com\/wp-content\/uploads\/2019\/04\/001.jpg 420w, https:\/\/hemogum.com\/wp-content\/uploads\/2019\/04\/001-300x105.jpg 300w\" sizes=\"(max-width: 420px) 100vw, 420px\" \/>\t\t\t\t\t\t\t\t\t\t\t\t\t\t\t<\/div>\n\t\t\t\t<\/div>\n\t\t\t\t<div class=\"elementor-element elementor-element-7ab60ad text-center color-scheme-inherit elementor-widget elementor-widget-text-editor\" data-id=\"7ab60ad\" data-element_type=\"widget\" data-widget_type=\"text-editor.default\">\n\t\t\t\t<div class=\"elementor-widget-container\">\n\t\t\t\t\t\t\t\t\t<p><strong>Zylindermanschette<\/strong><br \/>Druck max.:\u00a0<strong>16Mpa<\/strong><\/p>\t\t\t\t\t\t\t\t<\/div>\n\t\t\t\t<\/div>\n\t\t\t\t<\/div>\n\t\t<div class=\"elementor-element elementor-element-b472acb e-con-full e-flex e-con e-child\" data-id=\"b472acb\" data-element_type=\"container\">\n\t\t\t\t<div class=\"elementor-element elementor-element-612290e elementor-widget elementor-widget-image\" data-id=\"612290e\" data-element_type=\"widget\" data-widget_type=\"image.default\">\n\t\t\t\t<div class=\"elementor-widget-container\">\n\t\t\t\t\t\t\t\t\t\t\t\t\t\t\t<img decoding=\"async\" width=\"420\" height=\"147\" src=\"https:\/\/hemogum.com\/wp-content\/uploads\/2019\/04\/002.jpg\" class=\"attachment-large size-large wp-image-193\" alt=\"\" srcset=\"https:\/\/hemogum.com\/wp-content\/uploads\/2019\/04\/002.jpg 420w, https:\/\/hemogum.com\/wp-content\/uploads\/2019\/04\/002-300x105.jpg 300w\" sizes=\"(max-width: 420px) 100vw, 420px\" \/>\t\t\t\t\t\t\t\t\t\t\t\t\t\t\t<\/div>\n\t\t\t\t<\/div>\n\t\t\t\t<div class=\"elementor-element elementor-element-924e57a text-center color-scheme-inherit elementor-widget elementor-widget-text-editor\" data-id=\"924e57a\" data-element_type=\"widget\" data-widget_type=\"text-editor.default\">\n\t\t\t\t<div class=\"elementor-widget-container\">\n\t\t\t\t\t\t\t\t\t<p><strong>Einseitige Manschette<br \/><\/strong>Druck max.:\u00a0<strong>16Mpa<\/strong><\/p>\t\t\t\t\t\t\t\t<\/div>\n\t\t\t\t<\/div>\n\t\t\t\t<\/div>\n\t\t\t\t\t<\/div>\n\t\t\t\t<\/div>\n\t\t<div class=\"wd-negative-gap elementor-element elementor-element-8e3214b e-flex e-con-boxed e-con e-parent\" data-id=\"8e3214b\" data-element_type=\"container\">\n\t\t\t\t\t<div class=\"e-con-inner\">\n\t\t<div class=\"elementor-element elementor-element-0c0f978 e-con-full e-flex e-con e-child\" data-id=\"0c0f978\" data-element_type=\"container\">\n\t\t\t\t<div class=\"elementor-element elementor-element-ea46db2 elementor-widget elementor-widget-image\" data-id=\"ea46db2\" data-element_type=\"widget\" data-widget_type=\"image.default\">\n\t\t\t\t<div class=\"elementor-widget-container\">\n\t\t\t\t\t\t\t\t\t\t\t\t\t\t\t<img loading=\"lazy\" decoding=\"async\" width=\"420\" height=\"147\" src=\"https:\/\/hemogum.com\/wp-content\/uploads\/2019\/04\/003.jpg\" class=\"attachment-large size-large wp-image-200\" alt=\"\" srcset=\"https:\/\/hemogum.com\/wp-content\/uploads\/2019\/04\/003.jpg 420w, https:\/\/hemogum.com\/wp-content\/uploads\/2019\/04\/003-300x105.jpg 300w\" sizes=\"(max-width: 420px) 100vw, 420px\" \/>\t\t\t\t\t\t\t\t\t\t\t\t\t\t\t<\/div>\n\t\t\t\t<\/div>\n\t\t\t\t<div class=\"elementor-element elementor-element-180d40b text-center color-scheme-inherit elementor-widget elementor-widget-text-editor\" data-id=\"180d40b\" data-element_type=\"widget\" data-widget_type=\"text-editor.default\">\n\t\t\t\t<div class=\"elementor-widget-container\">\n\t\t\t\t\t\t\t\t\t<p><strong>Kolbenmanschette<br \/><\/strong>Druck max.:\u00a0<strong>16Mpa<\/strong>\u00a0<\/p>\t\t\t\t\t\t\t\t<\/div>\n\t\t\t\t<\/div>\n\t\t\t\t<\/div>\n\t\t<div class=\"elementor-element elementor-element-86f7b56 e-con-full e-flex e-con e-child\" data-id=\"86f7b56\" data-element_type=\"container\">\n\t\t\t\t<div class=\"elementor-element elementor-element-0f54208 elementor-widget elementor-widget-image\" data-id=\"0f54208\" data-element_type=\"widget\" data-widget_type=\"image.default\">\n\t\t\t\t<div class=\"elementor-widget-container\">\n\t\t\t\t\t\t\t\t\t\t\t\t\t\t\t<img loading=\"lazy\" decoding=\"async\" width=\"420\" height=\"147\" src=\"https:\/\/hemogum.com\/wp-content\/uploads\/2019\/04\/004.jpg\" class=\"attachment-large size-large wp-image-201\" alt=\"\" srcset=\"https:\/\/hemogum.com\/wp-content\/uploads\/2019\/04\/004.jpg 420w, https:\/\/hemogum.com\/wp-content\/uploads\/2019\/04\/004-300x105.jpg 300w\" sizes=\"(max-width: 420px) 100vw, 420px\" \/>\t\t\t\t\t\t\t\t\t\t\t\t\t\t\t<\/div>\n\t\t\t\t<\/div>\n\t\t\t\t<div class=\"elementor-element elementor-element-3372350 text-center color-scheme-inherit elementor-widget elementor-widget-text-editor\" data-id=\"3372350\" data-element_type=\"widget\" data-widget_type=\"text-editor.default\">\n\t\t\t\t<div class=\"elementor-widget-container\">\n\t\t\t\t\t\t\t\t\t<p><strong>O-ring-Manschette<\/strong>\u00a0<br \/>Druck max.:\u00a0<strong>16Mpa<\/strong><\/p>\t\t\t\t\t\t\t\t<\/div>\n\t\t\t\t<\/div>\n\t\t\t\t<\/div>\n\t\t\t\t\t<\/div>\n\t\t\t\t<\/div>\n\t\t<div class=\"wd-negative-gap elementor-element elementor-element-a0def66 e-flex e-con-boxed e-con e-parent\" data-id=\"a0def66\" data-element_type=\"container\">\n\t\t\t\t\t<div class=\"e-con-inner\">\n\t\t<div class=\"elementor-element elementor-element-0078372 e-con-full e-flex e-con e-child\" data-id=\"0078372\" data-element_type=\"container\">\n\t\t\t\t<div class=\"elementor-element elementor-element-2725cfb elementor-widget elementor-widget-image\" data-id=\"2725cfb\" data-element_type=\"widget\" data-widget_type=\"image.default\">\n\t\t\t\t<div class=\"elementor-widget-container\">\n\t\t\t\t\t\t\t\t\t\t\t\t\t\t\t<img loading=\"lazy\" decoding=\"async\" width=\"420\" height=\"147\" src=\"https:\/\/hemogum.com\/wp-content\/uploads\/2019\/04\/005.jpg\" class=\"attachment-large size-large wp-image-202\" alt=\"\" srcset=\"https:\/\/hemogum.com\/wp-content\/uploads\/2019\/04\/005.jpg 420w, https:\/\/hemogum.com\/wp-content\/uploads\/2019\/04\/005-300x105.jpg 300w\" sizes=\"(max-width: 420px) 100vw, 420px\" \/>\t\t\t\t\t\t\t\t\t\t\t\t\t\t\t<\/div>\n\t\t\t\t<\/div>\n\t\t\t\t<div class=\"elementor-element elementor-element-b504770 text-center color-scheme-inherit elementor-widget elementor-widget-text-editor\" data-id=\"b504770\" data-element_type=\"widget\" data-widget_type=\"text-editor.default\">\n\t\t\t\t<div class=\"elementor-widget-container\">\n\t\t\t\t\t\t\t\t\t<p><strong>Druckringmanschette<\/strong>\u00a0<br \/>Druck max.:\u00a0<strong>25Mpa<\/strong>\u00a0<\/p>\t\t\t\t\t\t\t\t<\/div>\n\t\t\t\t<\/div>\n\t\t\t\t<\/div>\n\t\t<div class=\"elementor-element elementor-element-229b3ec e-con-full e-flex e-con e-child\" data-id=\"229b3ec\" data-element_type=\"container\">\n\t\t\t\t<\/div>\n\t\t\t\t\t<\/div>\n\t\t\t\t<\/div>\n\t\t<div class=\"wd-negative-gap elementor-element elementor-element-3688568 e-flex e-con-boxed e-con e-parent\" data-id=\"3688568\" data-element_type=\"container\">\n\t\t\t\t\t<div class=\"e-con-inner\">\n\t\t\t\t<div class=\"elementor-element elementor-element-3730466 elementor-widget elementor-widget-wd_text_block\" data-id=\"3730466\" data-element_type=\"widget\" data-widget_type=\"wd_text_block.default\">\n\t\t\t\t<div class=\"elementor-widget-container\">\n\t\t\t\t\t\t\t<div class=\"wd-text-block reset-last-child text-left\">\n\t\t\t\n\t\t\tWenn Sie einige unserer Artikel bestellen m\u00f6chten oder m\u00f6chten, dass wir einen Artikel nach Ihren Ma\u00dfen anfertigen, k\u00f6nnen Sie uns kontaktieren\n\n<span style=\"text-decoration: underline;\"><strong><a href=\"https:\/\/hemogum.com\/de\/kontakt\/\">- Kntakt...<\/a><\/strong><\/span>\n\t\t\t\t\t<\/div>\n\t\t\t\t\t\t<\/div>\n\t\t\t\t<\/div>\n\t\t\t\t\t<\/div>\n\t\t\t\t<\/div>\n\t\t\t\t<\/div>\n\t\t","protected":false},"excerpt":{"rendered":"<p>Manschetten Manschetten geh\u00f6ren zu den elastischen Dichtelementen, die im Bereich Hydraulik und Pneumatik zur Dichtung von Kolben und Zylindern zum<\/p>\n","protected":false},"author":1,"featured_media":0,"parent":0,"menu_order":0,"comment_status":"closed","ping_status":"closed","template":"","meta":{"footnotes":""},"class_list":["post-706","page","type-page","status-publish","hentry"],"yoast_head":"<!-- This site is optimized with the Yoast SEO plugin v25.5 - https:\/\/yoast.com\/wordpress\/plugins\/seo\/ -->\n<title>Manschetten - Hemogum<\/title>\n<meta name=\"description\" content=\"Manschetten - Zu den elastischen Dichtungen z\u00e4hlen solche, die in der Hydraulik und Pneumatik zur Abdichtung von Kolben eingesetzt werden...\" \/>\n<meta name=\"robots\" content=\"index, follow, max-snippet:-1, max-image-preview:large, max-video-preview:-1\" \/>\n<link rel=\"canonical\" href=\"https:\/\/hemogum.com\/u-cups\/\" \/>\n<meta property=\"og:locale\" content=\"de_DE\" \/>\n<meta property=\"og:type\" content=\"article\" \/>\n<meta property=\"og:title\" content=\"Manschetten - Hemogum\" \/>\n<meta property=\"og:description\" content=\"Manschetten - Zu den elastischen Dichtungen z\u00e4hlen solche, die in der Hydraulik und Pneumatik zur Abdichtung von Kolben eingesetzt werden...\" \/>\n<meta property=\"og:url\" content=\"https:\/\/hemogum.com\/u-cups\/\" \/>\n<meta property=\"og:site_name\" content=\"Hemogum\" \/>\n<meta property=\"article:modified_time\" content=\"2024-02-07T13:37:13+00:00\" \/>\n<meta property=\"og:image\" content=\"https:\/\/hemogum.com\/wp-content\/uploads\/2019\/04\/u-cups.jpg\" \/>\n<meta name=\"twitter:card\" content=\"summary_large_image\" \/>\n<meta name=\"twitter:label1\" content=\"Gesch\u00e4tzte Lesezeit\" \/>\n\t<meta name=\"twitter:data1\" content=\"2\u00a0Minuten\" \/>\n<script type=\"application\/ld+json\" class=\"yoast-schema-graph\">{\"@context\":\"https:\/\/schema.org\",\"@graph\":[{\"@type\":\"WebPage\",\"@id\":\"https:\/\/hemogum.com\/u-cups\/\",\"url\":\"https:\/\/hemogum.com\/u-cups\/\",\"name\":\"Manschetten - Hemogum\",\"isPartOf\":{\"@id\":\"https:\/\/hemogum.com\/sr\/#website\"},\"primaryImageOfPage\":{\"@id\":\"https:\/\/hemogum.com\/u-cups\/#primaryimage\"},\"image\":{\"@id\":\"https:\/\/hemogum.com\/u-cups\/#primaryimage\"},\"thumbnailUrl\":\"https:\/\/hemogum.com\/wp-content\/uploads\/2019\/04\/u-cups.jpg\",\"datePublished\":\"2019-04-12T17:49:40+00:00\",\"dateModified\":\"2024-02-07T13:37:13+00:00\",\"description\":\"Manschetten - Zu den elastischen Dichtungen z\u00e4hlen solche, die in der Hydraulik und Pneumatik zur Abdichtung von Kolben eingesetzt werden...\",\"breadcrumb\":{\"@id\":\"https:\/\/hemogum.com\/u-cups\/#breadcrumb\"},\"inLanguage\":\"de\",\"potentialAction\":[{\"@type\":\"ReadAction\",\"target\":[\"https:\/\/hemogum.com\/u-cups\/\"]}]},{\"@type\":\"ImageObject\",\"inLanguage\":\"de\",\"@id\":\"https:\/\/hemogum.com\/u-cups\/#primaryimage\",\"url\":\"https:\/\/hemogum.com\/wp-content\/uploads\/2019\/04\/u-cups.jpg\",\"contentUrl\":\"https:\/\/hemogum.com\/wp-content\/uploads\/2019\/04\/u-cups.jpg\"},{\"@type\":\"BreadcrumbList\",\"@id\":\"https:\/\/hemogum.com\/u-cups\/#breadcrumb\",\"itemListElement\":[{\"@type\":\"ListItem\",\"position\":1,\"name\":\"Home\",\"item\":\"https:\/\/hemogum.com\/\"},{\"@type\":\"ListItem\",\"position\":2,\"name\":\"Manschetten\"}]},{\"@type\":\"WebSite\",\"@id\":\"https:\/\/hemogum.com\/sr\/#website\",\"url\":\"https:\/\/hemogum.com\/sr\/\",\"name\":\"Hemogum\",\"description\":\"\",\"potentialAction\":[{\"@type\":\"SearchAction\",\"target\":{\"@type\":\"EntryPoint\",\"urlTemplate\":\"https:\/\/hemogum.com\/sr\/?s={search_term_string}\"},\"query-input\":{\"@type\":\"PropertyValueSpecification\",\"valueRequired\":true,\"valueName\":\"search_term_string\"}}],\"inLanguage\":\"de\"}]}<\/script>\n<!-- \/ Yoast SEO plugin. -->","yoast_head_json":{"title":"Manschetten - Hemogum","description":"Manschetten - Zu den elastischen Dichtungen z\u00e4hlen solche, die in der Hydraulik und Pneumatik zur Abdichtung von Kolben eingesetzt werden...","robots":{"index":"index","follow":"follow","max-snippet":"max-snippet:-1","max-image-preview":"max-image-preview:large","max-video-preview":"max-video-preview:-1"},"canonical":"https:\/\/hemogum.com\/u-cups\/","og_locale":"de_DE","og_type":"article","og_title":"Manschetten - Hemogum","og_description":"Manschetten - Zu den elastischen Dichtungen z\u00e4hlen solche, die in der Hydraulik und Pneumatik zur Abdichtung von Kolben eingesetzt werden...","og_url":"https:\/\/hemogum.com\/u-cups\/","og_site_name":"Hemogum","article_modified_time":"2024-02-07T13:37:13+00:00","og_image":[{"url":"https:\/\/hemogum.com\/wp-content\/uploads\/2019\/04\/u-cups.jpg","type":"","width":"","height":""}],"twitter_card":"summary_large_image","twitter_misc":{"Gesch\u00e4tzte Lesezeit":"2\u00a0Minuten"},"schema":{"@context":"https:\/\/schema.org","@graph":[{"@type":"WebPage","@id":"https:\/\/hemogum.com\/u-cups\/","url":"https:\/\/hemogum.com\/u-cups\/","name":"Manschetten - Hemogum","isPartOf":{"@id":"https:\/\/hemogum.com\/sr\/#website"},"primaryImageOfPage":{"@id":"https:\/\/hemogum.com\/u-cups\/#primaryimage"},"image":{"@id":"https:\/\/hemogum.com\/u-cups\/#primaryimage"},"thumbnailUrl":"https:\/\/hemogum.com\/wp-content\/uploads\/2019\/04\/u-cups.jpg","datePublished":"2019-04-12T17:49:40+00:00","dateModified":"2024-02-07T13:37:13+00:00","description":"Manschetten - Zu den elastischen Dichtungen z\u00e4hlen solche, die in der Hydraulik und Pneumatik zur Abdichtung von Kolben eingesetzt werden...","breadcrumb":{"@id":"https:\/\/hemogum.com\/u-cups\/#breadcrumb"},"inLanguage":"de","potentialAction":[{"@type":"ReadAction","target":["https:\/\/hemogum.com\/u-cups\/"]}]},{"@type":"ImageObject","inLanguage":"de","@id":"https:\/\/hemogum.com\/u-cups\/#primaryimage","url":"https:\/\/hemogum.com\/wp-content\/uploads\/2019\/04\/u-cups.jpg","contentUrl":"https:\/\/hemogum.com\/wp-content\/uploads\/2019\/04\/u-cups.jpg"},{"@type":"BreadcrumbList","@id":"https:\/\/hemogum.com\/u-cups\/#breadcrumb","itemListElement":[{"@type":"ListItem","position":1,"name":"Home","item":"https:\/\/hemogum.com\/"},{"@type":"ListItem","position":2,"name":"Manschetten"}]},{"@type":"WebSite","@id":"https:\/\/hemogum.com\/sr\/#website","url":"https:\/\/hemogum.com\/sr\/","name":"Hemogum","description":"","potentialAction":[{"@type":"SearchAction","target":{"@type":"EntryPoint","urlTemplate":"https:\/\/hemogum.com\/sr\/?s={search_term_string}"},"query-input":{"@type":"PropertyValueSpecification","valueRequired":true,"valueName":"search_term_string"}}],"inLanguage":"de"}]}},"_links":{"self":[{"href":"https:\/\/hemogum.com\/de\/wp-json\/wp\/v2\/pages\/706","targetHints":{"allow":["GET"]}}],"collection":[{"href":"https:\/\/hemogum.com\/de\/wp-json\/wp\/v2\/pages"}],"about":[{"href":"https:\/\/hemogum.com\/de\/wp-json\/wp\/v2\/types\/page"}],"author":[{"embeddable":true,"href":"https:\/\/hemogum.com\/de\/wp-json\/wp\/v2\/users\/1"}],"replies":[{"embeddable":true,"href":"https:\/\/hemogum.com\/de\/wp-json\/wp\/v2\/comments?post=706"}],"version-history":[{"count":12,"href":"https:\/\/hemogum.com\/de\/wp-json\/wp\/v2\/pages\/706\/revisions"}],"predecessor-version":[{"id":3057,"href":"https:\/\/hemogum.com\/de\/wp-json\/wp\/v2\/pages\/706\/revisions\/3057"}],"wp:attachment":[{"href":"https:\/\/hemogum.com\/de\/wp-json\/wp\/v2\/media?parent=706"}],"curies":[{"name":"wp","href":"https:\/\/api.w.org\/{rel}","templated":true}]}}