{"id":711,"date":"2019-04-12T17:56:06","date_gmt":"2019-04-12T17:56:06","guid":{"rendered":"http:\/\/hemogum.acocvetic.com\/o-ring\/"},"modified":"2024-02-05T22:06:13","modified_gmt":"2024-02-05T22:06:13","slug":"o-ringe","status":"publish","type":"page","link":"https:\/\/hemogum.com\/de\/o-ringe\/","title":{"rendered":"O-Ringe"},"content":{"rendered":"\t\t<div data-elementor-type=\"wp-page\" data-elementor-id=\"711\" class=\"elementor elementor-711\">\n\t\t\t\t<div class=\"wd-negative-gap elementor-element elementor-element-7ab18e4 e-flex e-con-boxed e-con e-parent\" data-id=\"7ab18e4\" data-element_type=\"container\">\n\t\t\t\t\t<div class=\"e-con-inner\">\n\t\t\t\t<div class=\"elementor-element elementor-element-443b396 elementor-widget elementor-widget-image\" data-id=\"443b396\" data-element_type=\"widget\" data-widget_type=\"image.default\">\n\t\t\t\t<div class=\"elementor-widget-container\">\n\t\t\t\t\t\t\t\t\t\t\t\t\t\t\t<img fetchpriority=\"high\" decoding=\"async\" width=\"960\" height=\"230\" src=\"https:\/\/hemogum.com\/wp-content\/uploads\/2019\/04\/101433498211.jpg\" class=\"attachment-large size-large wp-image-205\" alt=\"\" srcset=\"https:\/\/hemogum.com\/wp-content\/uploads\/2019\/04\/101433498211.jpg 960w, https:\/\/hemogum.com\/wp-content\/uploads\/2019\/04\/101433498211-300x72.jpg 300w, https:\/\/hemogum.com\/wp-content\/uploads\/2019\/04\/101433498211-768x184.jpg 768w\" sizes=\"(max-width: 960px) 100vw, 960px\" \/>\t\t\t\t\t\t\t\t\t\t\t\t\t\t\t<\/div>\n\t\t\t\t<\/div>\n\t\t\t\t<div class=\"elementor-element elementor-element-b2b69f3 elementor-widget elementor-widget-heading\" data-id=\"b2b69f3\" data-element_type=\"widget\" data-widget_type=\"heading.default\">\n\t\t\t\t<div class=\"elementor-widget-container\">\n\t\t\t\t\t<h2 class=\"elementor-heading-title elementor-size-default\">O-Ringe<\/h2>\t\t\t\t<\/div>\n\t\t\t\t<\/div>\n\t\t\t\t<div class=\"elementor-element elementor-element-e3d3b1a color-scheme-inherit text-left elementor-widget elementor-widget-text-editor\" data-id=\"e3d3b1a\" data-element_type=\"widget\" data-widget_type=\"text-editor.default\">\n\t\t\t\t<div class=\"elementor-widget-container\">\n\t\t\t\t\t\t\t\t\t<p class=\"siviTekst10pt\">O-Ringe sind weit verbreitet in der Dichtungstechnik aufgrund ihrer einfachen Form, ihrer hohen Dichtf\u00e4higkeit und einer einfachen Montage. Die Dichtfunktion wird durch eine mechanische Verformung des O-Rings gew\u00e4hrleistet, welcher sich innerhalb einer daf\u00fcr vorgesehenen Einbauumgebung befindet. O-Ringe k\u00f6nnen statisch oder dynamisch beansprucht sein. Sie werden nach DIN 3770 hergestellt.<\/p><p class=\"siviTekst10pt\">Bei der Herstellung werden nachstehende Materialien eingesetzt:<\/p><p>&#8211; Perbunan (<strong>NBR<\/strong>)<br \/>&#8211; Silikon (<strong>MVQ<\/strong>)<br \/>&#8211; Flour (<strong>FPM<\/strong>)<br \/>&#8211; Polychloropren (<strong>CR<\/strong>)<br \/>&#8211; Ethylen-Propylen-Dien (<strong>EPDM<\/strong>)<\/p>\t\t\t\t\t\t\t\t<\/div>\n\t\t\t\t<\/div>\n\t\t\t\t<div class=\"elementor-element elementor-element-a8bedbd elementor-widget elementor-widget-image\" data-id=\"a8bedbd\" data-element_type=\"widget\" data-widget_type=\"image.default\">\n\t\t\t\t<div class=\"elementor-widget-container\">\n\t\t\t\t\t\t\t\t\t\t\t\t\t\t\t<img decoding=\"async\" width=\"453\" height=\"100\" src=\"https:\/\/hemogum.com\/wp-content\/uploads\/2019\/04\/oring.gif\" class=\"attachment-large size-large wp-image-206\" alt=\"\" \/>\t\t\t\t\t\t\t\t\t\t\t\t\t\t\t<\/div>\n\t\t\t\t<\/div>\n\t\t\t\t\t<\/div>\n\t\t\t\t<\/div>\n\t\t<div class=\"wd-negative-gap elementor-element elementor-element-c43cb8d e-flex e-con-boxed e-con e-parent\" data-id=\"c43cb8d\" data-element_type=\"container\">\n\t\t\t\t\t<div class=\"e-con-inner\">\n\t\t\t\t<div class=\"elementor-element elementor-element-281895b elementor-widget elementor-widget-wd_text_block\" data-id=\"281895b\" data-element_type=\"widget\" data-widget_type=\"wd_text_block.default\">\n\t\t\t\t<div class=\"elementor-widget-container\">\n\t\t\t\t\t\t\t<div class=\"wd-text-block reset-last-child text-left\">\n\t\t\t\n\t\t\tWenn Sie einige unserer Artikel bestellen m\u00f6chten oder m\u00f6chten, dass wir einen Artikel nach Ihren Ma\u00dfen anfertigen, k\u00f6nnen Sie uns kontaktieren\n\n<span style=\"text-decoration: underline;\"><strong><a href=\"https:\/\/hemogum.com\/de\/kontakt\/\">- Kntakt...<\/a><\/strong><\/span>\n\t\t\t\t\t<\/div>\n\t\t\t\t\t\t<\/div>\n\t\t\t\t<\/div>\n\t\t\t\t\t<\/div>\n\t\t\t\t<\/div>\n\t\t\t\t<\/div>\n\t\t","protected":false},"excerpt":{"rendered":"<p>O-Ringe O-Ringe sind weit verbreitet in der Dichtungstechnik aufgrund ihrer einfachen Form, ihrer hohen Dichtf\u00e4higkeit und einer einfachen Montage. Die<\/p>\n","protected":false},"author":1,"featured_media":0,"parent":0,"menu_order":0,"comment_status":"closed","ping_status":"closed","template":"","meta":{"footnotes":""},"class_list":["post-711","page","type-page","status-publish","hentry"],"yoast_head":"<!-- This site is optimized with the Yoast SEO plugin v25.5 - https:\/\/yoast.com\/wordpress\/plugins\/seo\/ -->\n<title>O-Ringe - Hemogum<\/title>\n<meta name=\"description\" content=\"O-Ringe - Herstellung von Gummib\u00e4ndern aller Gr\u00f6\u00dfen und Formen. O ring dichtung, o ringe kaufen, dichtring, X-Ringe, V-Ringe, v dichtringe...\" \/>\n<meta name=\"robots\" content=\"index, follow, max-snippet:-1, max-image-preview:large, max-video-preview:-1\" \/>\n<link rel=\"canonical\" href=\"https:\/\/hemogum.com\/o-ring\/\" \/>\n<meta property=\"og:locale\" content=\"de_DE\" \/>\n<meta property=\"og:type\" content=\"article\" \/>\n<meta property=\"og:title\" content=\"O-Ringe - Hemogum\" \/>\n<meta property=\"og:description\" content=\"O-Ringe - Herstellung von Gummib\u00e4ndern aller Gr\u00f6\u00dfen und Formen. O ring dichtung, o ringe kaufen, dichtring, X-Ringe, V-Ringe, v dichtringe...\" \/>\n<meta property=\"og:url\" content=\"https:\/\/hemogum.com\/o-ring\/\" \/>\n<meta property=\"og:site_name\" content=\"Hemogum\" \/>\n<meta property=\"article:modified_time\" content=\"2024-02-05T22:06:13+00:00\" \/>\n<meta property=\"og:image\" content=\"https:\/\/hemogum.com\/wp-content\/uploads\/2019\/04\/101433498211.jpg\" \/>\n<meta name=\"twitter:card\" content=\"summary_large_image\" \/>\n<meta name=\"twitter:label1\" content=\"Gesch\u00e4tzte Lesezeit\" \/>\n\t<meta name=\"twitter:data1\" content=\"1\u00a0Minute\" \/>\n<script type=\"application\/ld+json\" class=\"yoast-schema-graph\">{\"@context\":\"https:\/\/schema.org\",\"@graph\":[{\"@type\":\"WebPage\",\"@id\":\"https:\/\/hemogum.com\/o-ring\/\",\"url\":\"https:\/\/hemogum.com\/o-ring\/\",\"name\":\"O-Ringe - Hemogum\",\"isPartOf\":{\"@id\":\"https:\/\/hemogum.com\/sr\/#website\"},\"primaryImageOfPage\":{\"@id\":\"https:\/\/hemogum.com\/o-ring\/#primaryimage\"},\"image\":{\"@id\":\"https:\/\/hemogum.com\/o-ring\/#primaryimage\"},\"thumbnailUrl\":\"https:\/\/hemogum.com\/wp-content\/uploads\/2019\/04\/101433498211.jpg\",\"datePublished\":\"2019-04-12T17:56:06+00:00\",\"dateModified\":\"2024-02-05T22:06:13+00:00\",\"description\":\"O-Ringe - Herstellung von Gummib\u00e4ndern aller Gr\u00f6\u00dfen und Formen. O ring dichtung, o ringe kaufen, dichtring, X-Ringe, V-Ringe, v dichtringe...\",\"breadcrumb\":{\"@id\":\"https:\/\/hemogum.com\/o-ring\/#breadcrumb\"},\"inLanguage\":\"de\",\"potentialAction\":[{\"@type\":\"ReadAction\",\"target\":[\"https:\/\/hemogum.com\/o-ring\/\"]}]},{\"@type\":\"ImageObject\",\"inLanguage\":\"de\",\"@id\":\"https:\/\/hemogum.com\/o-ring\/#primaryimage\",\"url\":\"https:\/\/hemogum.com\/wp-content\/uploads\/2019\/04\/101433498211.jpg\",\"contentUrl\":\"https:\/\/hemogum.com\/wp-content\/uploads\/2019\/04\/101433498211.jpg\"},{\"@type\":\"BreadcrumbList\",\"@id\":\"https:\/\/hemogum.com\/o-ring\/#breadcrumb\",\"itemListElement\":[{\"@type\":\"ListItem\",\"position\":1,\"name\":\"Home\",\"item\":\"https:\/\/hemogum.com\/\"},{\"@type\":\"ListItem\",\"position\":2,\"name\":\"O-Ringe\"}]},{\"@type\":\"WebSite\",\"@id\":\"https:\/\/hemogum.com\/sr\/#website\",\"url\":\"https:\/\/hemogum.com\/sr\/\",\"name\":\"Hemogum\",\"description\":\"\",\"potentialAction\":[{\"@type\":\"SearchAction\",\"target\":{\"@type\":\"EntryPoint\",\"urlTemplate\":\"https:\/\/hemogum.com\/sr\/?s={search_term_string}\"},\"query-input\":{\"@type\":\"PropertyValueSpecification\",\"valueRequired\":true,\"valueName\":\"search_term_string\"}}],\"inLanguage\":\"de\"}]}<\/script>\n<!-- \/ Yoast SEO plugin. -->","yoast_head_json":{"title":"O-Ringe - Hemogum","description":"O-Ringe - Herstellung von Gummib\u00e4ndern aller Gr\u00f6\u00dfen und Formen. O ring dichtung, o ringe kaufen, dichtring, X-Ringe, V-Ringe, v dichtringe...","robots":{"index":"index","follow":"follow","max-snippet":"max-snippet:-1","max-image-preview":"max-image-preview:large","max-video-preview":"max-video-preview:-1"},"canonical":"https:\/\/hemogum.com\/o-ring\/","og_locale":"de_DE","og_type":"article","og_title":"O-Ringe - Hemogum","og_description":"O-Ringe - Herstellung von Gummib\u00e4ndern aller Gr\u00f6\u00dfen und Formen. O ring dichtung, o ringe kaufen, dichtring, X-Ringe, V-Ringe, v dichtringe...","og_url":"https:\/\/hemogum.com\/o-ring\/","og_site_name":"Hemogum","article_modified_time":"2024-02-05T22:06:13+00:00","og_image":[{"url":"https:\/\/hemogum.com\/wp-content\/uploads\/2019\/04\/101433498211.jpg","type":"","width":"","height":""}],"twitter_card":"summary_large_image","twitter_misc":{"Gesch\u00e4tzte Lesezeit":"1\u00a0Minute"},"schema":{"@context":"https:\/\/schema.org","@graph":[{"@type":"WebPage","@id":"https:\/\/hemogum.com\/o-ring\/","url":"https:\/\/hemogum.com\/o-ring\/","name":"O-Ringe - Hemogum","isPartOf":{"@id":"https:\/\/hemogum.com\/sr\/#website"},"primaryImageOfPage":{"@id":"https:\/\/hemogum.com\/o-ring\/#primaryimage"},"image":{"@id":"https:\/\/hemogum.com\/o-ring\/#primaryimage"},"thumbnailUrl":"https:\/\/hemogum.com\/wp-content\/uploads\/2019\/04\/101433498211.jpg","datePublished":"2019-04-12T17:56:06+00:00","dateModified":"2024-02-05T22:06:13+00:00","description":"O-Ringe - Herstellung von Gummib\u00e4ndern aller Gr\u00f6\u00dfen und Formen. O ring dichtung, o ringe kaufen, dichtring, X-Ringe, V-Ringe, v dichtringe...","breadcrumb":{"@id":"https:\/\/hemogum.com\/o-ring\/#breadcrumb"},"inLanguage":"de","potentialAction":[{"@type":"ReadAction","target":["https:\/\/hemogum.com\/o-ring\/"]}]},{"@type":"ImageObject","inLanguage":"de","@id":"https:\/\/hemogum.com\/o-ring\/#primaryimage","url":"https:\/\/hemogum.com\/wp-content\/uploads\/2019\/04\/101433498211.jpg","contentUrl":"https:\/\/hemogum.com\/wp-content\/uploads\/2019\/04\/101433498211.jpg"},{"@type":"BreadcrumbList","@id":"https:\/\/hemogum.com\/o-ring\/#breadcrumb","itemListElement":[{"@type":"ListItem","position":1,"name":"Home","item":"https:\/\/hemogum.com\/"},{"@type":"ListItem","position":2,"name":"O-Ringe"}]},{"@type":"WebSite","@id":"https:\/\/hemogum.com\/sr\/#website","url":"https:\/\/hemogum.com\/sr\/","name":"Hemogum","description":"","potentialAction":[{"@type":"SearchAction","target":{"@type":"EntryPoint","urlTemplate":"https:\/\/hemogum.com\/sr\/?s={search_term_string}"},"query-input":{"@type":"PropertyValueSpecification","valueRequired":true,"valueName":"search_term_string"}}],"inLanguage":"de"}]}},"_links":{"self":[{"href":"https:\/\/hemogum.com\/de\/wp-json\/wp\/v2\/pages\/711","targetHints":{"allow":["GET"]}}],"collection":[{"href":"https:\/\/hemogum.com\/de\/wp-json\/wp\/v2\/pages"}],"about":[{"href":"https:\/\/hemogum.com\/de\/wp-json\/wp\/v2\/types\/page"}],"author":[{"embeddable":true,"href":"https:\/\/hemogum.com\/de\/wp-json\/wp\/v2\/users\/1"}],"replies":[{"embeddable":true,"href":"https:\/\/hemogum.com\/de\/wp-json\/wp\/v2\/comments?post=711"}],"version-history":[{"count":6,"href":"https:\/\/hemogum.com\/de\/wp-json\/wp\/v2\/pages\/711\/revisions"}],"predecessor-version":[{"id":2755,"href":"https:\/\/hemogum.com\/de\/wp-json\/wp\/v2\/pages\/711\/revisions\/2755"}],"wp:attachment":[{"href":"https:\/\/hemogum.com\/de\/wp-json\/wp\/v2\/media?parent=711"}],"curies":[{"name":"wp","href":"https:\/\/api.w.org\/{rel}","templated":true}]}}