{"id":718,"date":"2019-04-12T19:07:10","date_gmt":"2019-04-12T19:07:10","guid":{"rendered":"http:\/\/hemogum.acocvetic.com\/plug-rubber-cups\/"},"modified":"2024-02-07T13:33:32","modified_gmt":"2024-02-07T13:33:32","slug":"zundkerzenstecker","status":"publish","type":"page","link":"https:\/\/hemogum.com\/de\/zundkerzenstecker\/","title":{"rendered":"Z\u00fcndkerzenstecker"},"content":{"rendered":"\t\t<div data-elementor-type=\"wp-page\" data-elementor-id=\"718\" class=\"elementor elementor-718\">\n\t\t\t\t<div class=\"wd-negative-gap elementor-element elementor-element-dace148 e-flex e-con-boxed e-con e-parent\" data-id=\"dace148\" data-element_type=\"container\">\n\t\t\t\t\t<div class=\"e-con-inner\">\n\t\t\t\t<div class=\"elementor-element elementor-element-ab33fd6 wd-width-100 elementor-widget elementor-widget-wd_title\" data-id=\"ab33fd6\" data-element_type=\"widget\" data-widget_type=\"wd_title.default\">\n\t\t\t\t<div class=\"elementor-widget-container\">\n\t\t\t\t\t\t\t<div class=\"title-wrapper wd-set-mb reset-last-child wd-title-color-default wd-title-style-default wd-title-size-default text-left\">\n\n\t\t\t\n\t\t\t<div class=\"liner-continer\">\n\t\t\t\t<h2 class=\"woodmart-title-container title wd-fontsize-l\">Z\u00fcndkerzenstecker<\/h2> \n\t\t\t\t\t\t\t<\/div>\n\n\t\t\t\t\t\t\t<div class=\"title-after_title reset-last-child wd-fontsize-xs\">\n\t\t\t\t\tZ\u00fcndkerzenstecker - Herstellung von Kerzenkappen aller Art. Eine Kombination aus Gummi- und Metallprodukten.<br \/>\n<br \/>\nHerstellung von Kerzenkappen aller Art, Form und Gr\u00f6\u00dfe. Wir fertigen Z\u00fcndkerzenstecker f\u00fcr alle Kettens\u00e4gen, Trimmer, Rasenm\u00e4her, Arbeitsmaschinen und andere Ger\u00e4te.<br \/>\n<br \/>\nWenn Sie einige unserer Artikel bestellen m\u00f6chten oder m\u00f6chten, dass wir einen Artikel nach Ihren Ma\u00dfen anfertigen, k\u00f6nnen Sie uns kontaktieren<br \/>\n<br \/>\n<span style=\"text-decoration: underline\"><strong><a href=\"https:\/\/hemogum.com\/de\/kontakt\/\">- Kntakt...<\/a><\/strong><\/span>\t\t\t\t<\/div>\n\t\t\t\t\t<\/div>\n\t\t\t\t\t\t<\/div>\n\t\t\t\t<\/div>\n\t\t\t\t\t<\/div>\n\t\t\t\t<\/div>\n\t\t<div class=\"wd-negative-gap elementor-element elementor-element-75e4eb6 e-flex e-con-boxed e-con e-parent\" data-id=\"75e4eb6\" data-element_type=\"container\">\n\t\t\t\t\t<div class=\"e-con-inner\">\n\t\t<div class=\"elementor-element elementor-element-2752b90 e-con-full e-flex e-con e-child\" data-id=\"2752b90\" data-element_type=\"container\">\n\t\t\t\t<div class=\"elementor-element elementor-element-7fc0779 elementor-widget elementor-widget-image\" data-id=\"7fc0779\" data-element_type=\"widget\" data-widget_type=\"image.default\">\n\t\t\t\t<div class=\"elementor-widget-container\">\n\t\t\t\t\t\t\t\t\t\t\t\t\t\t\t<img fetchpriority=\"high\" decoding=\"async\" width=\"370\" height=\"222\" src=\"https:\/\/hemogum.com\/wp-content\/uploads\/2019\/04\/101433345122.jpg\" class=\"attachment-large size-large wp-image-320\" alt=\"\" srcset=\"https:\/\/hemogum.com\/wp-content\/uploads\/2019\/04\/101433345122.jpg 370w, https:\/\/hemogum.com\/wp-content\/uploads\/2019\/04\/101433345122-300x180.jpg 300w\" sizes=\"(max-width: 370px) 100vw, 370px\" \/>\t\t\t\t\t\t\t\t\t\t\t\t\t\t\t<\/div>\n\t\t\t\t<\/div>\n\t\t\t\t<div class=\"elementor-element elementor-element-d0a229c color-scheme-inherit text-left elementor-widget elementor-widget-text-editor\" data-id=\"d0a229c\" data-element_type=\"widget\" data-widget_type=\"text-editor.default\">\n\t\t\t\t<div class=\"elementor-widget-container\">\n\t\t\t\t\t\t\t\t\t<div class=\"product-bottom\"><p><span class=\"product-name\">Vertikale Kappe 90\u02da f\u00fcr STIHL<br \/><\/span>O.E.M. Nummer:\u00a0<strong>1106 405 1000<br \/><\/strong>Model: 041, 051<br \/>Hemogum code: 57-25-10<\/p><\/div><p><span class=\"\">\u00a0<\/span><\/p>\t\t\t\t\t\t\t\t<\/div>\n\t\t\t\t<\/div>\n\t\t\t\t<\/div>\n\t\t<div class=\"elementor-element elementor-element-e58104d e-con-full e-flex e-con e-child\" data-id=\"e58104d\" data-element_type=\"container\">\n\t\t\t\t<div class=\"elementor-element elementor-element-763b323 elementor-widget elementor-widget-image\" data-id=\"763b323\" data-element_type=\"widget\" data-widget_type=\"image.default\">\n\t\t\t\t<div class=\"elementor-widget-container\">\n\t\t\t\t\t\t\t\t\t\t\t\t\t\t\t<img decoding=\"async\" width=\"370\" height=\"222\" src=\"https:\/\/hemogum.com\/wp-content\/uploads\/2019\/04\/101433345070.jpg\" class=\"attachment-large size-large wp-image-319\" alt=\"\" srcset=\"https:\/\/hemogum.com\/wp-content\/uploads\/2019\/04\/101433345070.jpg 370w, https:\/\/hemogum.com\/wp-content\/uploads\/2019\/04\/101433345070-300x180.jpg 300w\" sizes=\"(max-width: 370px) 100vw, 370px\" \/>\t\t\t\t\t\t\t\t\t\t\t\t\t\t\t<\/div>\n\t\t\t\t<\/div>\n\t\t\t\t<div class=\"elementor-element elementor-element-44651b9 color-scheme-inherit text-left elementor-widget elementor-widget-text-editor\" data-id=\"44651b9\" data-element_type=\"widget\" data-widget_type=\"text-editor.default\">\n\t\t\t\t<div class=\"elementor-widget-container\">\n\t\t\t\t\t\t\t\t\t<div class=\"product-bottom\"><p><span class=\"product-name\">Schr\u00e4gen Kappe 70\u02da f\u00fcr HUSQVARNA<br \/><\/span>O.E.M. Nummer:\u00a0<strong>501 48 54-02<br \/><\/strong>Model: All<br \/>Hemogum code: 57-22-10<\/p><\/div><p><span class=\"\">\u00a0<\/span><\/p>\t\t\t\t\t\t\t\t<\/div>\n\t\t\t\t<\/div>\n\t\t\t\t<\/div>\n\t\t<div class=\"elementor-element elementor-element-aa7c71f e-con-full e-flex e-con e-child\" data-id=\"aa7c71f\" data-element_type=\"container\">\n\t\t\t\t<\/div>\n\t\t\t\t\t<\/div>\n\t\t\t\t<\/div>\n\t\t\t\t<\/div>\n\t\t","protected":false},"excerpt":{"rendered":"<p>Z\u00fcndkerzenstecker Z\u00fcndkerzenstecker &#8211; Herstellung von Kerzenkappen aller Art. Eine Kombination aus Gummi- und Metallprodukten. Herstellung von Kerzenkappen aller Art, Form<\/p>\n","protected":false},"author":1,"featured_media":0,"parent":0,"menu_order":0,"comment_status":"closed","ping_status":"closed","template":"","meta":{"footnotes":""},"class_list":["post-718","page","type-page","status-publish","hentry"],"yoast_head":"<!-- This site is optimized with the Yoast SEO plugin v25.5 - https:\/\/yoast.com\/wordpress\/plugins\/seo\/ -->\n<title>Z\u00fcndkerzenstecker - Hemogum<\/title>\n<meta name=\"description\" content=\"Z\u00fcndkerzenstecker - Produktion und Verkauf von Z\u00fcndkerzensteckern aller Art f\u00fcr Kettens\u00e4gen und andere Ger\u00e4te. Stihl, Husqvarna, Oleo Mac.\" \/>\n<meta name=\"robots\" content=\"index, follow, max-snippet:-1, max-image-preview:large, max-video-preview:-1\" \/>\n<link rel=\"canonical\" href=\"https:\/\/hemogum.com\/plug-rubber-cups\/\" \/>\n<meta property=\"og:locale\" content=\"de_DE\" \/>\n<meta property=\"og:type\" content=\"article\" \/>\n<meta property=\"og:title\" content=\"Z\u00fcndkerzenstecker - Hemogum\" \/>\n<meta property=\"og:description\" content=\"Z\u00fcndkerzenstecker - Produktion und Verkauf von Z\u00fcndkerzensteckern aller Art f\u00fcr Kettens\u00e4gen und andere Ger\u00e4te. Stihl, Husqvarna, Oleo Mac.\" \/>\n<meta property=\"og:url\" content=\"https:\/\/hemogum.com\/plug-rubber-cups\/\" \/>\n<meta property=\"og:site_name\" content=\"Hemogum\" \/>\n<meta property=\"article:modified_time\" content=\"2024-02-07T13:33:32+00:00\" \/>\n<meta property=\"og:image\" content=\"https:\/\/hemogum.com\/wp-content\/uploads\/2019\/04\/101433345122.jpg\" \/>\n<meta name=\"twitter:card\" content=\"summary_large_image\" \/>\n<meta name=\"twitter:label1\" content=\"Gesch\u00e4tzte Lesezeit\" \/>\n\t<meta name=\"twitter:data1\" content=\"1\u00a0Minute\" \/>\n<script type=\"application\/ld+json\" class=\"yoast-schema-graph\">{\"@context\":\"https:\/\/schema.org\",\"@graph\":[{\"@type\":\"WebPage\",\"@id\":\"https:\/\/hemogum.com\/plug-rubber-cups\/\",\"url\":\"https:\/\/hemogum.com\/plug-rubber-cups\/\",\"name\":\"Z\u00fcndkerzenstecker - Hemogum\",\"isPartOf\":{\"@id\":\"https:\/\/hemogum.com\/sr\/#website\"},\"primaryImageOfPage\":{\"@id\":\"https:\/\/hemogum.com\/plug-rubber-cups\/#primaryimage\"},\"image\":{\"@id\":\"https:\/\/hemogum.com\/plug-rubber-cups\/#primaryimage\"},\"thumbnailUrl\":\"https:\/\/hemogum.com\/wp-content\/uploads\/2019\/04\/101433345122.jpg\",\"datePublished\":\"2019-04-12T19:07:10+00:00\",\"dateModified\":\"2024-02-07T13:33:32+00:00\",\"description\":\"Z\u00fcndkerzenstecker - Produktion und Verkauf von Z\u00fcndkerzensteckern aller Art f\u00fcr Kettens\u00e4gen und andere Ger\u00e4te. Stihl, Husqvarna, Oleo Mac.\",\"breadcrumb\":{\"@id\":\"https:\/\/hemogum.com\/plug-rubber-cups\/#breadcrumb\"},\"inLanguage\":\"de\",\"potentialAction\":[{\"@type\":\"ReadAction\",\"target\":[\"https:\/\/hemogum.com\/plug-rubber-cups\/\"]}]},{\"@type\":\"ImageObject\",\"inLanguage\":\"de\",\"@id\":\"https:\/\/hemogum.com\/plug-rubber-cups\/#primaryimage\",\"url\":\"https:\/\/hemogum.com\/wp-content\/uploads\/2019\/04\/101433345122.jpg\",\"contentUrl\":\"https:\/\/hemogum.com\/wp-content\/uploads\/2019\/04\/101433345122.jpg\"},{\"@type\":\"BreadcrumbList\",\"@id\":\"https:\/\/hemogum.com\/plug-rubber-cups\/#breadcrumb\",\"itemListElement\":[{\"@type\":\"ListItem\",\"position\":1,\"name\":\"Home\",\"item\":\"https:\/\/hemogum.com\/\"},{\"@type\":\"ListItem\",\"position\":2,\"name\":\"Z\u00fcndkerzenstecker\"}]},{\"@type\":\"WebSite\",\"@id\":\"https:\/\/hemogum.com\/sr\/#website\",\"url\":\"https:\/\/hemogum.com\/sr\/\",\"name\":\"Hemogum\",\"description\":\"\",\"potentialAction\":[{\"@type\":\"SearchAction\",\"target\":{\"@type\":\"EntryPoint\",\"urlTemplate\":\"https:\/\/hemogum.com\/sr\/?s={search_term_string}\"},\"query-input\":{\"@type\":\"PropertyValueSpecification\",\"valueRequired\":true,\"valueName\":\"search_term_string\"}}],\"inLanguage\":\"de\"}]}<\/script>\n<!-- \/ Yoast SEO plugin. -->","yoast_head_json":{"title":"Z\u00fcndkerzenstecker - Hemogum","description":"Z\u00fcndkerzenstecker - Produktion und Verkauf von Z\u00fcndkerzensteckern aller Art f\u00fcr Kettens\u00e4gen und andere Ger\u00e4te. Stihl, Husqvarna, Oleo Mac.","robots":{"index":"index","follow":"follow","max-snippet":"max-snippet:-1","max-image-preview":"max-image-preview:large","max-video-preview":"max-video-preview:-1"},"canonical":"https:\/\/hemogum.com\/plug-rubber-cups\/","og_locale":"de_DE","og_type":"article","og_title":"Z\u00fcndkerzenstecker - Hemogum","og_description":"Z\u00fcndkerzenstecker - Produktion und Verkauf von Z\u00fcndkerzensteckern aller Art f\u00fcr Kettens\u00e4gen und andere Ger\u00e4te. Stihl, Husqvarna, Oleo Mac.","og_url":"https:\/\/hemogum.com\/plug-rubber-cups\/","og_site_name":"Hemogum","article_modified_time":"2024-02-07T13:33:32+00:00","og_image":[{"url":"https:\/\/hemogum.com\/wp-content\/uploads\/2019\/04\/101433345122.jpg","type":"","width":"","height":""}],"twitter_card":"summary_large_image","twitter_misc":{"Gesch\u00e4tzte Lesezeit":"1\u00a0Minute"},"schema":{"@context":"https:\/\/schema.org","@graph":[{"@type":"WebPage","@id":"https:\/\/hemogum.com\/plug-rubber-cups\/","url":"https:\/\/hemogum.com\/plug-rubber-cups\/","name":"Z\u00fcndkerzenstecker - Hemogum","isPartOf":{"@id":"https:\/\/hemogum.com\/sr\/#website"},"primaryImageOfPage":{"@id":"https:\/\/hemogum.com\/plug-rubber-cups\/#primaryimage"},"image":{"@id":"https:\/\/hemogum.com\/plug-rubber-cups\/#primaryimage"},"thumbnailUrl":"https:\/\/hemogum.com\/wp-content\/uploads\/2019\/04\/101433345122.jpg","datePublished":"2019-04-12T19:07:10+00:00","dateModified":"2024-02-07T13:33:32+00:00","description":"Z\u00fcndkerzenstecker - Produktion und Verkauf von Z\u00fcndkerzensteckern aller Art f\u00fcr Kettens\u00e4gen und andere Ger\u00e4te. Stihl, Husqvarna, Oleo Mac.","breadcrumb":{"@id":"https:\/\/hemogum.com\/plug-rubber-cups\/#breadcrumb"},"inLanguage":"de","potentialAction":[{"@type":"ReadAction","target":["https:\/\/hemogum.com\/plug-rubber-cups\/"]}]},{"@type":"ImageObject","inLanguage":"de","@id":"https:\/\/hemogum.com\/plug-rubber-cups\/#primaryimage","url":"https:\/\/hemogum.com\/wp-content\/uploads\/2019\/04\/101433345122.jpg","contentUrl":"https:\/\/hemogum.com\/wp-content\/uploads\/2019\/04\/101433345122.jpg"},{"@type":"BreadcrumbList","@id":"https:\/\/hemogum.com\/plug-rubber-cups\/#breadcrumb","itemListElement":[{"@type":"ListItem","position":1,"name":"Home","item":"https:\/\/hemogum.com\/"},{"@type":"ListItem","position":2,"name":"Z\u00fcndkerzenstecker"}]},{"@type":"WebSite","@id":"https:\/\/hemogum.com\/sr\/#website","url":"https:\/\/hemogum.com\/sr\/","name":"Hemogum","description":"","potentialAction":[{"@type":"SearchAction","target":{"@type":"EntryPoint","urlTemplate":"https:\/\/hemogum.com\/sr\/?s={search_term_string}"},"query-input":{"@type":"PropertyValueSpecification","valueRequired":true,"valueName":"search_term_string"}}],"inLanguage":"de"}]}},"_links":{"self":[{"href":"https:\/\/hemogum.com\/de\/wp-json\/wp\/v2\/pages\/718","targetHints":{"allow":["GET"]}}],"collection":[{"href":"https:\/\/hemogum.com\/de\/wp-json\/wp\/v2\/pages"}],"about":[{"href":"https:\/\/hemogum.com\/de\/wp-json\/wp\/v2\/types\/page"}],"author":[{"embeddable":true,"href":"https:\/\/hemogum.com\/de\/wp-json\/wp\/v2\/users\/1"}],"replies":[{"embeddable":true,"href":"https:\/\/hemogum.com\/de\/wp-json\/wp\/v2\/comments?post=718"}],"version-history":[{"count":15,"href":"https:\/\/hemogum.com\/de\/wp-json\/wp\/v2\/pages\/718\/revisions"}],"predecessor-version":[{"id":3042,"href":"https:\/\/hemogum.com\/de\/wp-json\/wp\/v2\/pages\/718\/revisions\/3042"}],"wp:attachment":[{"href":"https:\/\/hemogum.com\/de\/wp-json\/wp\/v2\/media?parent=718"}],"curies":[{"name":"wp","href":"https:\/\/api.w.org\/{rel}","templated":true}]}}