{"id":724,"date":"2019-04-12T19:47:53","date_gmt":"2019-04-12T19:47:53","guid":{"rendered":"http:\/\/hemogum.acocvetic.com\/oil-pump-rubber\/"},"modified":"2024-02-07T13:34:30","modified_gmt":"2024-02-07T13:34:30","slug":"olpumpen-gummiteile","status":"publish","type":"page","link":"https:\/\/hemogum.com\/de\/olpumpen-gummiteile\/","title":{"rendered":"\u00d6lpumpen Gummiteile"},"content":{"rendered":"\t\t<div data-elementor-type=\"wp-page\" data-elementor-id=\"724\" class=\"elementor elementor-724\">\n\t\t\t\t<div class=\"wd-negative-gap elementor-element elementor-element-f8986c2 e-flex e-con-boxed e-con e-parent\" data-id=\"f8986c2\" data-element_type=\"container\">\n\t\t\t\t\t<div class=\"e-con-inner\">\n\t\t\t\t<div class=\"elementor-element elementor-element-0e56586 wd-width-100 elementor-widget elementor-widget-wd_title\" data-id=\"0e56586\" data-element_type=\"widget\" data-widget_type=\"wd_title.default\">\n\t\t\t\t<div class=\"elementor-widget-container\">\n\t\t\t\t\t\t\t<div class=\"title-wrapper wd-set-mb reset-last-child wd-title-color-default wd-title-style-default wd-title-size-default text-left\">\n\n\t\t\t\n\t\t\t<div class=\"liner-continer\">\n\t\t\t\t<h2 class=\"woodmart-title-container title wd-fontsize-l\">\u00d6lpumpen Gummiteile<\/h2> \n\t\t\t\t\t\t\t<\/div>\n\n\t\t\t\t\t\t\t<div class=\"title-after_title reset-last-child wd-fontsize-xs\">\n\t\t\t\t\t\u00d6lpumpen Gummiteile -Herstellung aller Arten und Formen von Gummiteilen f\u00fcr \u00d6lpumpen. Eine Kombination aus Gummi- und Silikonprodukten.<br \/>\n<br \/>\nHerstellung aller Arten, Formen und Gr\u00f6\u00dfen von Gummiteilen f\u00fcr Pumpen. Wir produzieren Gummiteile f\u00fcr alle Kettens\u00e4gen, Trimmer, Rasenm\u00e4her, Arbeitsmaschinen und andere Ger\u00e4te.<br \/>\n<br \/>\nWenn Sie einige unserer Artikel bestellen m\u00f6chten oder m\u00f6chten, dass wir einen Artikel nach Ihren Ma\u00dfen anfertigen, k\u00f6nnen Sie uns kontaktieren<br \/>\n<br \/>\n<span style=\"text-decoration: underline\"><strong><a href=\"https:\/\/hemogum.com\/de\/kontakt\/\">- Kntakt...<\/a><\/strong><\/span>\t\t\t\t<\/div>\n\t\t\t\t\t<\/div>\n\t\t\t\t\t\t<\/div>\n\t\t\t\t<\/div>\n\t\t\t\t\t<\/div>\n\t\t\t\t<\/div>\n\t\t<div class=\"wd-negative-gap elementor-element elementor-element-efee68d e-flex e-con-boxed e-con e-parent\" data-id=\"efee68d\" data-element_type=\"container\">\n\t\t\t\t\t<div class=\"e-con-inner\">\n\t\t<div class=\"elementor-element elementor-element-03d375a e-con-full e-flex e-con e-child\" data-id=\"03d375a\" data-element_type=\"container\">\n\t\t\t\t<div class=\"elementor-element elementor-element-acbf5ac elementor-widget elementor-widget-image\" data-id=\"acbf5ac\" data-element_type=\"widget\" data-widget_type=\"image.default\">\n\t\t\t\t<div class=\"elementor-widget-container\">\n\t\t\t\t\t\t\t\t\t\t\t\t\t\t\t<img fetchpriority=\"high\" decoding=\"async\" width=\"370\" height=\"222\" src=\"https:\/\/hemogum.com\/wp-content\/uploads\/2019\/04\/101433345558.jpg\" class=\"attachment-large size-large wp-image-380\" alt=\"\" srcset=\"https:\/\/hemogum.com\/wp-content\/uploads\/2019\/04\/101433345558.jpg 370w, https:\/\/hemogum.com\/wp-content\/uploads\/2019\/04\/101433345558-300x180.jpg 300w\" sizes=\"(max-width: 370px) 100vw, 370px\" \/>\t\t\t\t\t\t\t\t\t\t\t\t\t\t\t<\/div>\n\t\t\t\t<\/div>\n\t\t\t\t<div class=\"elementor-element elementor-element-76fa1c0 color-scheme-inherit text-left elementor-widget elementor-widget-text-editor\" data-id=\"76fa1c0\" data-element_type=\"widget\" data-widget_type=\"text-editor.default\">\n\t\t\t\t<div class=\"elementor-widget-container\">\n\t\t\t\t\t\t\t\t\t<div class=\"product-bottom\"><p><span class=\"product-name\">\u00d6lpumpengeh\u00e4use Gummi f\u00fcr STIHL<br \/><\/span>O.E.M. Nummer:\u00a0<strong>1110 647 9000<br \/><\/strong>Model: 041<br \/>Hemogum code: 58-11-100<\/p><\/div><p><span class=\"\">\u00a0<\/span><\/p>\t\t\t\t\t\t\t\t<\/div>\n\t\t\t\t<\/div>\n\t\t\t\t<\/div>\n\t\t<div class=\"elementor-element elementor-element-6a2557f e-con-full e-flex e-con e-child\" data-id=\"6a2557f\" data-element_type=\"container\">\n\t\t\t\t<div class=\"elementor-element elementor-element-f329fe1 elementor-widget elementor-widget-image\" data-id=\"f329fe1\" data-element_type=\"widget\" data-widget_type=\"image.default\">\n\t\t\t\t<div class=\"elementor-widget-container\">\n\t\t\t\t\t\t\t\t\t\t\t\t\t\t\t<img decoding=\"async\" width=\"370\" height=\"222\" src=\"https:\/\/hemogum.com\/wp-content\/uploads\/2019\/04\/101433345508.jpg\" class=\"attachment-large size-large wp-image-379\" alt=\"\" srcset=\"https:\/\/hemogum.com\/wp-content\/uploads\/2019\/04\/101433345508.jpg 370w, https:\/\/hemogum.com\/wp-content\/uploads\/2019\/04\/101433345508-300x180.jpg 300w\" sizes=\"(max-width: 370px) 100vw, 370px\" \/>\t\t\t\t\t\t\t\t\t\t\t\t\t\t\t<\/div>\n\t\t\t\t<\/div>\n\t\t\t\t<div class=\"elementor-element elementor-element-8134ec0 color-scheme-inherit text-left elementor-widget elementor-widget-text-editor\" data-id=\"8134ec0\" data-element_type=\"widget\" data-widget_type=\"text-editor.default\">\n\t\t\t\t<div class=\"elementor-widget-container\">\n\t\t\t\t\t\t\t\t\t<div class=\"product-bottom\"><p><span class=\"product-name\">\u00d6lpumpengeh\u00e4use Gummi f\u00fcr STIHL<br \/><\/span>O.E.M. Nummer:\u00a0<strong>1111 647 9000<br \/><\/strong>Model: 051<br \/>Hemogum code: 58-11-101<\/p><\/div><p><span class=\"\">\u00a0<\/span><\/p>\t\t\t\t\t\t\t\t<\/div>\n\t\t\t\t<\/div>\n\t\t\t\t<\/div>\n\t\t<div class=\"elementor-element elementor-element-7e4d100 e-con-full e-flex e-con e-child\" data-id=\"7e4d100\" data-element_type=\"container\">\n\t\t\t\t<div class=\"elementor-element elementor-element-03d615b elementor-widget elementor-widget-image\" data-id=\"03d615b\" data-element_type=\"widget\" data-widget_type=\"image.default\">\n\t\t\t\t<div class=\"elementor-widget-container\">\n\t\t\t\t\t\t\t\t\t\t\t\t\t\t\t<img decoding=\"async\" width=\"370\" height=\"222\" src=\"https:\/\/hemogum.com\/wp-content\/uploads\/2019\/04\/101433345461.jpg\" class=\"attachment-large size-large wp-image-378\" alt=\"\" srcset=\"https:\/\/hemogum.com\/wp-content\/uploads\/2019\/04\/101433345461.jpg 370w, https:\/\/hemogum.com\/wp-content\/uploads\/2019\/04\/101433345461-300x180.jpg 300w\" sizes=\"(max-width: 370px) 100vw, 370px\" \/>\t\t\t\t\t\t\t\t\t\t\t\t\t\t\t<\/div>\n\t\t\t\t<\/div>\n\t\t\t\t<div class=\"elementor-element elementor-element-8a907c7 color-scheme-inherit text-left elementor-widget elementor-widget-text-editor\" data-id=\"8a907c7\" data-element_type=\"widget\" data-widget_type=\"text-editor.default\">\n\t\t\t\t<div class=\"elementor-widget-container\">\n\t\t\t\t\t\t\t\t\t<div class=\"product-bottom\"><p><span class=\"product-name\">\u00d6lpumpengeh\u00e4use Gummi f\u00fcr STIHL<br \/><\/span>O.E.M. Nummer:\u00a0<strong>1111 647 9001<br \/><\/strong>Model: 051<br \/>Hemogum code: 58-11-102<\/p><\/div><p><span class=\"\">\u00a0<\/span><\/p>\t\t\t\t\t\t\t\t<\/div>\n\t\t\t\t<\/div>\n\t\t\t\t<\/div>\n\t\t<div class=\"elementor-element elementor-element-a0ed46b e-con-full e-flex e-con e-child\" data-id=\"a0ed46b\" data-element_type=\"container\">\n\t\t\t\t<div class=\"elementor-element elementor-element-de6b0bc elementor-widget elementor-widget-image\" data-id=\"de6b0bc\" data-element_type=\"widget\" data-widget_type=\"image.default\">\n\t\t\t\t<div class=\"elementor-widget-container\">\n\t\t\t\t\t\t\t\t\t\t\t\t\t\t\t<img loading=\"lazy\" decoding=\"async\" width=\"370\" height=\"222\" src=\"https:\/\/hemogum.com\/wp-content\/uploads\/2019\/04\/101433345415.jpg\" class=\"attachment-large size-large wp-image-377\" alt=\"\" srcset=\"https:\/\/hemogum.com\/wp-content\/uploads\/2019\/04\/101433345415.jpg 370w, https:\/\/hemogum.com\/wp-content\/uploads\/2019\/04\/101433345415-300x180.jpg 300w\" sizes=\"(max-width: 370px) 100vw, 370px\" \/>\t\t\t\t\t\t\t\t\t\t\t\t\t\t\t<\/div>\n\t\t\t\t<\/div>\n\t\t\t\t<div class=\"elementor-element elementor-element-a877646 color-scheme-inherit text-left elementor-widget elementor-widget-text-editor\" data-id=\"a877646\" data-element_type=\"widget\" data-widget_type=\"text-editor.default\">\n\t\t\t\t<div class=\"elementor-widget-container\">\n\t\t\t\t\t\t\t\t\t<div class=\"product-bottom\"><p><span class=\"product-name\">\u00d6lpumpengeh\u00e4use Gummi f\u00fcr STIHL<br \/><\/span>O.E.M. Nummer:<br \/>Model: 051-old type<br \/>Hemogum code: 58-11-103<\/p><\/div><p><span class=\"\">\u00a0<\/span><\/p>\t\t\t\t\t\t\t\t<\/div>\n\t\t\t\t<\/div>\n\t\t\t\t<\/div>\n\t\t<div class=\"elementor-element elementor-element-d30d180 e-con-full e-flex e-con e-child\" data-id=\"d30d180\" data-element_type=\"container\">\n\t\t\t\t<div class=\"elementor-element elementor-element-6fecd73 elementor-widget elementor-widget-image\" data-id=\"6fecd73\" data-element_type=\"widget\" data-widget_type=\"image.default\">\n\t\t\t\t<div class=\"elementor-widget-container\">\n\t\t\t\t\t\t\t\t\t\t\t\t\t\t\t<img loading=\"lazy\" decoding=\"async\" width=\"370\" height=\"222\" src=\"https:\/\/hemogum.com\/wp-content\/uploads\/2019\/04\/101433345361.jpg\" class=\"attachment-large size-large wp-image-376\" alt=\"\" srcset=\"https:\/\/hemogum.com\/wp-content\/uploads\/2019\/04\/101433345361.jpg 370w, https:\/\/hemogum.com\/wp-content\/uploads\/2019\/04\/101433345361-300x180.jpg 300w\" sizes=\"(max-width: 370px) 100vw, 370px\" \/>\t\t\t\t\t\t\t\t\t\t\t\t\t\t\t<\/div>\n\t\t\t\t<\/div>\n\t\t\t\t<div class=\"elementor-element elementor-element-b336d84 color-scheme-inherit text-left elementor-widget elementor-widget-text-editor\" data-id=\"b336d84\" data-element_type=\"widget\" data-widget_type=\"text-editor.default\">\n\t\t\t\t<div class=\"elementor-widget-container\">\n\t\t\t\t\t\t\t\t\t<div class=\"product-bottom\"><div class=\"product-bottom\"><div class=\"product-bottom\"><p><span class=\"product-name\">\u00d6lpumpengeh\u00e4use Gummi f\u00fcr HUSQVARNA<br \/><\/span>O.E.M. Nummer:\u00a0<strong>503 85 48-01<br \/><\/strong>Model: Husqvarna 340, 345, 350<br \/>Hemogum code: 58-20-100<\/p><\/div><\/div><\/div><p><span class=\"\">\u00a0<\/span><\/p>\t\t\t\t\t\t\t\t<\/div>\n\t\t\t\t<\/div>\n\t\t\t\t<\/div>\n\t\t<div class=\"elementor-element elementor-element-e31bf44 e-con-full e-flex e-con e-child\" data-id=\"e31bf44\" data-element_type=\"container\">\n\t\t\t\t<div class=\"elementor-element elementor-element-d6b727c elementor-widget elementor-widget-image\" data-id=\"d6b727c\" data-element_type=\"widget\" data-widget_type=\"image.default\">\n\t\t\t\t<div class=\"elementor-widget-container\">\n\t\t\t\t\t\t\t\t\t\t\t\t\t\t\t<img loading=\"lazy\" decoding=\"async\" width=\"370\" height=\"222\" src=\"https:\/\/hemogum.com\/wp-content\/uploads\/2019\/04\/101433345307.jpg\" class=\"attachment-large size-large wp-image-375\" alt=\"\" srcset=\"https:\/\/hemogum.com\/wp-content\/uploads\/2019\/04\/101433345307.jpg 370w, https:\/\/hemogum.com\/wp-content\/uploads\/2019\/04\/101433345307-300x180.jpg 300w\" sizes=\"(max-width: 370px) 100vw, 370px\" \/>\t\t\t\t\t\t\t\t\t\t\t\t\t\t\t<\/div>\n\t\t\t\t<\/div>\n\t\t\t\t<div class=\"elementor-element elementor-element-93774f8 color-scheme-inherit text-left elementor-widget elementor-widget-text-editor\" data-id=\"93774f8\" data-element_type=\"widget\" data-widget_type=\"text-editor.default\">\n\t\t\t\t<div class=\"elementor-widget-container\">\n\t\t\t\t\t\t\t\t\t<div class=\"product-bottom\"><p><span class=\"product-name\">\u00d6lpumpengeh\u00e4use Gummi f\u00fcr HUSQVARNA<br \/><\/span>O.E.M. Nummer:\u00a0<strong>545 03 71-01<br \/><\/strong>Model: Husqvarna 136, 137, 141, 142<br \/>Hemogum code: 58-20-101<\/p><\/div><p><span class=\"\">\u00a0<\/span><\/p>\t\t\t\t\t\t\t\t<\/div>\n\t\t\t\t<\/div>\n\t\t\t\t<\/div>\n\t\t<div class=\"elementor-element elementor-element-9b96cca e-con-full e-flex e-con e-child\" data-id=\"9b96cca\" data-element_type=\"container\">\n\t\t\t\t<div class=\"elementor-element elementor-element-d0645c8 elementor-widget elementor-widget-image\" data-id=\"d0645c8\" data-element_type=\"widget\" data-widget_type=\"image.default\">\n\t\t\t\t<div class=\"elementor-widget-container\">\n\t\t\t\t\t\t\t\t\t\t\t\t\t\t\t<img loading=\"lazy\" decoding=\"async\" width=\"370\" height=\"222\" src=\"https:\/\/hemogum.com\/wp-content\/uploads\/2019\/04\/101433345238.jpg\" class=\"attachment-large size-large wp-image-374\" alt=\"\" srcset=\"https:\/\/hemogum.com\/wp-content\/uploads\/2019\/04\/101433345238.jpg 370w, https:\/\/hemogum.com\/wp-content\/uploads\/2019\/04\/101433345238-300x180.jpg 300w\" sizes=\"(max-width: 370px) 100vw, 370px\" \/>\t\t\t\t\t\t\t\t\t\t\t\t\t\t\t<\/div>\n\t\t\t\t<\/div>\n\t\t\t\t<div class=\"elementor-element elementor-element-3e38708 color-scheme-inherit text-left elementor-widget elementor-widget-text-editor\" data-id=\"3e38708\" data-element_type=\"widget\" data-widget_type=\"text-editor.default\">\n\t\t\t\t<div class=\"elementor-widget-container\">\n\t\t\t\t\t\t\t\t\t<div class=\"product-bottom\"><p><span class=\"product-name\">\u00d6lpumpengeh\u00e4use Gummi f\u00fcr OLEO MAC<br \/><\/span>O.E.M. Nummer:\u00a0<strong>094600046A<br \/><\/strong>Model: Oleo mac 938, 941, 942, 946, 951,138, 146<br \/>Hemogum code: 58-27-100<\/p><\/div><p><span class=\"\">\u00a0<\/span><\/p>\t\t\t\t\t\t\t\t<\/div>\n\t\t\t\t<\/div>\n\t\t\t\t<\/div>\n\t\t<div class=\"elementor-element elementor-element-b09dcc4 e-con-full e-flex e-con e-child\" data-id=\"b09dcc4\" data-element_type=\"container\">\n\t\t\t\t<\/div>\n\t\t<div class=\"elementor-element elementor-element-af45c69 e-con-full e-flex e-con e-child\" data-id=\"af45c69\" data-element_type=\"container\">\n\t\t\t\t<\/div>\n\t\t\t\t\t<\/div>\n\t\t\t\t<\/div>\n\t\t\t\t<\/div>\n\t\t","protected":false},"excerpt":{"rendered":"<p>\u00d6lpumpen Gummiteile \u00d6lpumpen Gummiteile -Herstellung aller Arten und Formen von Gummiteilen f\u00fcr \u00d6lpumpen. Eine Kombination aus Gummi- und Silikonprodukten. Herstellung<\/p>\n","protected":false},"author":1,"featured_media":0,"parent":0,"menu_order":0,"comment_status":"closed","ping_status":"closed","template":"","meta":{"footnotes":""},"class_list":["post-724","page","type-page","status-publish","hentry"],"yoast_head":"<!-- This site is optimized with the Yoast SEO plugin v25.5 - https:\/\/yoast.com\/wordpress\/plugins\/seo\/ -->\n<title>\u00d6lpumpen Gummiteile - Hemogum<\/title>\n<meta name=\"description\" content=\"\u00d6lpumpen Gummiteile - Herstellung von Gummiteilen f\u00fcr alle Arten von \u00d6lpumpen. Husqvarna, Stihl, Oleo mac...\" \/>\n<meta name=\"robots\" content=\"index, follow, max-snippet:-1, max-image-preview:large, max-video-preview:-1\" \/>\n<link rel=\"canonical\" href=\"https:\/\/hemogum.com\/oil-pump-rubber\/\" \/>\n<meta property=\"og:locale\" content=\"de_DE\" \/>\n<meta property=\"og:type\" content=\"article\" \/>\n<meta property=\"og:title\" content=\"\u00d6lpumpen Gummiteile - Hemogum\" \/>\n<meta property=\"og:description\" content=\"\u00d6lpumpen Gummiteile - Herstellung von Gummiteilen f\u00fcr alle Arten von \u00d6lpumpen. Husqvarna, Stihl, Oleo mac...\" \/>\n<meta property=\"og:url\" content=\"https:\/\/hemogum.com\/oil-pump-rubber\/\" \/>\n<meta property=\"og:site_name\" content=\"Hemogum\" \/>\n<meta property=\"article:modified_time\" content=\"2024-02-07T13:34:30+00:00\" \/>\n<meta property=\"og:image\" content=\"https:\/\/hemogum.com\/wp-content\/uploads\/2019\/04\/101433345558.jpg\" \/>\n<meta name=\"twitter:card\" content=\"summary_large_image\" \/>\n<meta name=\"twitter:label1\" content=\"Gesch\u00e4tzte Lesezeit\" \/>\n\t<meta name=\"twitter:data1\" content=\"3\u00a0Minuten\" \/>\n<script type=\"application\/ld+json\" class=\"yoast-schema-graph\">{\"@context\":\"https:\/\/schema.org\",\"@graph\":[{\"@type\":\"WebPage\",\"@id\":\"https:\/\/hemogum.com\/oil-pump-rubber\/\",\"url\":\"https:\/\/hemogum.com\/oil-pump-rubber\/\",\"name\":\"\u00d6lpumpen Gummiteile - Hemogum\",\"isPartOf\":{\"@id\":\"https:\/\/hemogum.com\/sr\/#website\"},\"primaryImageOfPage\":{\"@id\":\"https:\/\/hemogum.com\/oil-pump-rubber\/#primaryimage\"},\"image\":{\"@id\":\"https:\/\/hemogum.com\/oil-pump-rubber\/#primaryimage\"},\"thumbnailUrl\":\"https:\/\/hemogum.com\/wp-content\/uploads\/2019\/04\/101433345558.jpg\",\"datePublished\":\"2019-04-12T19:47:53+00:00\",\"dateModified\":\"2024-02-07T13:34:30+00:00\",\"description\":\"\u00d6lpumpen Gummiteile - Herstellung von Gummiteilen f\u00fcr alle Arten von \u00d6lpumpen. Husqvarna, Stihl, Oleo mac...\",\"breadcrumb\":{\"@id\":\"https:\/\/hemogum.com\/oil-pump-rubber\/#breadcrumb\"},\"inLanguage\":\"de\",\"potentialAction\":[{\"@type\":\"ReadAction\",\"target\":[\"https:\/\/hemogum.com\/oil-pump-rubber\/\"]}]},{\"@type\":\"ImageObject\",\"inLanguage\":\"de\",\"@id\":\"https:\/\/hemogum.com\/oil-pump-rubber\/#primaryimage\",\"url\":\"https:\/\/hemogum.com\/wp-content\/uploads\/2019\/04\/101433345558.jpg\",\"contentUrl\":\"https:\/\/hemogum.com\/wp-content\/uploads\/2019\/04\/101433345558.jpg\"},{\"@type\":\"BreadcrumbList\",\"@id\":\"https:\/\/hemogum.com\/oil-pump-rubber\/#breadcrumb\",\"itemListElement\":[{\"@type\":\"ListItem\",\"position\":1,\"name\":\"Home\",\"item\":\"https:\/\/hemogum.com\/\"},{\"@type\":\"ListItem\",\"position\":2,\"name\":\"\u00d6lpumpen Gummiteile\"}]},{\"@type\":\"WebSite\",\"@id\":\"https:\/\/hemogum.com\/sr\/#website\",\"url\":\"https:\/\/hemogum.com\/sr\/\",\"name\":\"Hemogum\",\"description\":\"\",\"potentialAction\":[{\"@type\":\"SearchAction\",\"target\":{\"@type\":\"EntryPoint\",\"urlTemplate\":\"https:\/\/hemogum.com\/sr\/?s={search_term_string}\"},\"query-input\":{\"@type\":\"PropertyValueSpecification\",\"valueRequired\":true,\"valueName\":\"search_term_string\"}}],\"inLanguage\":\"de\"}]}<\/script>\n<!-- \/ Yoast SEO plugin. -->","yoast_head_json":{"title":"\u00d6lpumpen Gummiteile - Hemogum","description":"\u00d6lpumpen Gummiteile - Herstellung von Gummiteilen f\u00fcr alle Arten von \u00d6lpumpen. Husqvarna, Stihl, Oleo mac...","robots":{"index":"index","follow":"follow","max-snippet":"max-snippet:-1","max-image-preview":"max-image-preview:large","max-video-preview":"max-video-preview:-1"},"canonical":"https:\/\/hemogum.com\/oil-pump-rubber\/","og_locale":"de_DE","og_type":"article","og_title":"\u00d6lpumpen Gummiteile - Hemogum","og_description":"\u00d6lpumpen Gummiteile - Herstellung von Gummiteilen f\u00fcr alle Arten von \u00d6lpumpen. Husqvarna, Stihl, Oleo mac...","og_url":"https:\/\/hemogum.com\/oil-pump-rubber\/","og_site_name":"Hemogum","article_modified_time":"2024-02-07T13:34:30+00:00","og_image":[{"url":"https:\/\/hemogum.com\/wp-content\/uploads\/2019\/04\/101433345558.jpg","type":"","width":"","height":""}],"twitter_card":"summary_large_image","twitter_misc":{"Gesch\u00e4tzte Lesezeit":"3\u00a0Minuten"},"schema":{"@context":"https:\/\/schema.org","@graph":[{"@type":"WebPage","@id":"https:\/\/hemogum.com\/oil-pump-rubber\/","url":"https:\/\/hemogum.com\/oil-pump-rubber\/","name":"\u00d6lpumpen Gummiteile - Hemogum","isPartOf":{"@id":"https:\/\/hemogum.com\/sr\/#website"},"primaryImageOfPage":{"@id":"https:\/\/hemogum.com\/oil-pump-rubber\/#primaryimage"},"image":{"@id":"https:\/\/hemogum.com\/oil-pump-rubber\/#primaryimage"},"thumbnailUrl":"https:\/\/hemogum.com\/wp-content\/uploads\/2019\/04\/101433345558.jpg","datePublished":"2019-04-12T19:47:53+00:00","dateModified":"2024-02-07T13:34:30+00:00","description":"\u00d6lpumpen Gummiteile - Herstellung von Gummiteilen f\u00fcr alle Arten von \u00d6lpumpen. Husqvarna, Stihl, Oleo mac...","breadcrumb":{"@id":"https:\/\/hemogum.com\/oil-pump-rubber\/#breadcrumb"},"inLanguage":"de","potentialAction":[{"@type":"ReadAction","target":["https:\/\/hemogum.com\/oil-pump-rubber\/"]}]},{"@type":"ImageObject","inLanguage":"de","@id":"https:\/\/hemogum.com\/oil-pump-rubber\/#primaryimage","url":"https:\/\/hemogum.com\/wp-content\/uploads\/2019\/04\/101433345558.jpg","contentUrl":"https:\/\/hemogum.com\/wp-content\/uploads\/2019\/04\/101433345558.jpg"},{"@type":"BreadcrumbList","@id":"https:\/\/hemogum.com\/oil-pump-rubber\/#breadcrumb","itemListElement":[{"@type":"ListItem","position":1,"name":"Home","item":"https:\/\/hemogum.com\/"},{"@type":"ListItem","position":2,"name":"\u00d6lpumpen Gummiteile"}]},{"@type":"WebSite","@id":"https:\/\/hemogum.com\/sr\/#website","url":"https:\/\/hemogum.com\/sr\/","name":"Hemogum","description":"","potentialAction":[{"@type":"SearchAction","target":{"@type":"EntryPoint","urlTemplate":"https:\/\/hemogum.com\/sr\/?s={search_term_string}"},"query-input":{"@type":"PropertyValueSpecification","valueRequired":true,"valueName":"search_term_string"}}],"inLanguage":"de"}]}},"_links":{"self":[{"href":"https:\/\/hemogum.com\/de\/wp-json\/wp\/v2\/pages\/724","targetHints":{"allow":["GET"]}}],"collection":[{"href":"https:\/\/hemogum.com\/de\/wp-json\/wp\/v2\/pages"}],"about":[{"href":"https:\/\/hemogum.com\/de\/wp-json\/wp\/v2\/types\/page"}],"author":[{"embeddable":true,"href":"https:\/\/hemogum.com\/de\/wp-json\/wp\/v2\/users\/1"}],"replies":[{"embeddable":true,"href":"https:\/\/hemogum.com\/de\/wp-json\/wp\/v2\/comments?post=724"}],"version-history":[{"count":15,"href":"https:\/\/hemogum.com\/de\/wp-json\/wp\/v2\/pages\/724\/revisions"}],"predecessor-version":[{"id":3048,"href":"https:\/\/hemogum.com\/de\/wp-json\/wp\/v2\/pages\/724\/revisions\/3048"}],"wp:attachment":[{"href":"https:\/\/hemogum.com\/de\/wp-json\/wp\/v2\/media?parent=724"}],"curies":[{"name":"wp","href":"https:\/\/api.w.org\/{rel}","templated":true}]}}