{"id":730,"date":"2019-04-12T20:24:32","date_gmt":"2019-04-12T20:24:32","guid":{"rendered":"http:\/\/hemogum.acocvetic.com\/fuel-pumps\/"},"modified":"2024-02-07T13:31:36","modified_gmt":"2024-02-07T13:31:36","slug":"kraftstoffpumpen","status":"publish","type":"page","link":"https:\/\/hemogum.com\/de\/kraftstoffpumpen\/","title":{"rendered":"Kraftstoffpumpen"},"content":{"rendered":"\t\t<div data-elementor-type=\"wp-page\" data-elementor-id=\"730\" class=\"elementor elementor-730\">\n\t\t\t\t<div class=\"wd-negative-gap elementor-element elementor-element-d49a617 e-flex e-con-boxed e-con e-parent\" data-id=\"d49a617\" data-element_type=\"container\">\n\t\t\t\t\t<div class=\"e-con-inner\">\n\t\t\t\t<div class=\"elementor-element elementor-element-1ded3fc wd-width-100 elementor-widget elementor-widget-wd_title\" data-id=\"1ded3fc\" data-element_type=\"widget\" data-widget_type=\"wd_title.default\">\n\t\t\t\t<div class=\"elementor-widget-container\">\n\t\t\t\t\t\t\t<div class=\"title-wrapper wd-set-mb reset-last-child wd-title-color-default wd-title-style-default wd-title-size-default text-left\">\n\n\t\t\t\n\t\t\t<div class=\"liner-continer\">\n\t\t\t\t<h2 class=\"woodmart-title-container title wd-fontsize-l\">Kraftstoffpumpen<\/h2> \n\t\t\t\t\t\t\t<\/div>\n\n\t\t\t\t\t\t\t<div class=\"title-after_title reset-last-child wd-fontsize-xs\">\n\t\t\t\t\tHerstellung von Reifen und Kraftstoffpumpen aller Art, Form und Gr\u00f6\u00dfe.<br \/>\nKraftstoffpumpen f\u00fcr Kettens\u00e4gen, Trimmer, Rasenm\u00e4her und andere Arbeitsmaschinen.<br \/>\n<br \/>\nWenn Sie einige unserer Artikel bestellen m\u00f6chten oder m\u00f6chten, dass wir einen Artikel nach Ihren Ma\u00dfen anfertigen, k\u00f6nnen Sie uns kontaktieren<br \/>\n<br \/>\n<span style=\"text-decoration: underline\"><strong><a href=\"https:\/\/hemogum.com\/de\/kontakt\/\">- Kntakt...<\/a><\/strong><\/span>\t\t\t\t<\/div>\n\t\t\t\t\t<\/div>\n\t\t\t\t\t\t<\/div>\n\t\t\t\t<\/div>\n\t\t\t\t\t<\/div>\n\t\t\t\t<\/div>\n\t\t<div class=\"wd-negative-gap elementor-element elementor-element-7fcc267 e-flex e-con-boxed e-con e-parent\" data-id=\"7fcc267\" data-element_type=\"container\">\n\t\t\t\t\t<div class=\"e-con-inner\">\n\t\t<div class=\"elementor-element elementor-element-717d7cf e-con-full e-flex e-con e-child\" data-id=\"717d7cf\" data-element_type=\"container\">\n\t\t\t\t<div class=\"elementor-element elementor-element-b9e5a46 elementor-widget elementor-widget-image\" data-id=\"b9e5a46\" data-element_type=\"widget\" data-widget_type=\"image.default\">\n\t\t\t\t<div class=\"elementor-widget-container\">\n\t\t\t\t\t\t\t\t\t\t\t\t\t\t\t<img fetchpriority=\"high\" decoding=\"async\" width=\"370\" height=\"222\" src=\"https:\/\/hemogum.com\/wp-content\/uploads\/2019\/04\/101433368527.jpg\" class=\"attachment-large size-large wp-image-428\" alt=\"\" srcset=\"https:\/\/hemogum.com\/wp-content\/uploads\/2019\/04\/101433368527.jpg 370w, https:\/\/hemogum.com\/wp-content\/uploads\/2019\/04\/101433368527-300x180.jpg 300w\" sizes=\"(max-width: 370px) 100vw, 370px\" \/>\t\t\t\t\t\t\t\t\t\t\t\t\t\t\t<\/div>\n\t\t\t\t<\/div>\n\t\t\t\t<div class=\"elementor-element elementor-element-bf0536b color-scheme-inherit text-left elementor-widget elementor-widget-text-editor\" data-id=\"bf0536b\" data-element_type=\"widget\" data-widget_type=\"text-editor.default\">\n\t\t\t\t<div class=\"elementor-widget-container\">\n\t\t\t\t\t\t\t\t\t<div class=\"product-bottom\"><div class=\"product-bottom\"><div class=\"product-bottom\"><div class=\"product-bottom\"><p><span class=\"product-name\">Kraftstoffpumpen f\u00fcr BRIKS<br \/><\/span>O.E.M. Nummer:\u00a0<strong>494408<br \/><\/strong>Model: 3,5\/3,75 HP<br \/>Hemogum code: 88-45-100<\/p><\/div><\/div><\/div><\/div>\t\t\t\t\t\t\t\t<\/div>\n\t\t\t\t<\/div>\n\t\t\t\t<\/div>\n\t\t<div class=\"elementor-element elementor-element-4c8acd3 e-con-full e-flex e-con e-child\" data-id=\"4c8acd3\" data-element_type=\"container\">\n\t\t\t\t<\/div>\n\t\t<div class=\"elementor-element elementor-element-ba63561 e-con-full e-flex e-con e-child\" data-id=\"ba63561\" data-element_type=\"container\">\n\t\t\t\t<\/div>\n\t\t\t\t\t<\/div>\n\t\t\t\t<\/div>\n\t\t\t\t<\/div>\n\t\t","protected":false},"excerpt":{"rendered":"<p>Kraftstoffpumpen Herstellung von Reifen und Kraftstoffpumpen aller Art, Form und Gr\u00f6\u00dfe. Kraftstoffpumpen f\u00fcr Kettens\u00e4gen, Trimmer, Rasenm\u00e4her und andere Arbeitsmaschinen. Wenn<\/p>\n","protected":false},"author":1,"featured_media":0,"parent":0,"menu_order":0,"comment_status":"closed","ping_status":"closed","template":"","meta":{"footnotes":""},"class_list":["post-730","page","type-page","status-publish","hentry"],"yoast_head":"<!-- This site is optimized with the Yoast SEO plugin v25.5 - https:\/\/yoast.com\/wordpress\/plugins\/seo\/ -->\n<title>Kraftstoffpumpen - Hemogum<\/title>\n<meta name=\"description\" content=\"Kraftstoffpumpen - Herstellung dieser Art und Form von Reifen und Kraftstoffpumpen f\u00fcr Kettens\u00e4gen, Trimmer und andere Ger\u00e4te...\" \/>\n<meta name=\"robots\" content=\"index, follow, max-snippet:-1, max-image-preview:large, max-video-preview:-1\" \/>\n<link rel=\"canonical\" href=\"https:\/\/hemogum.com\/fuel-pumps\/\" \/>\n<meta property=\"og:locale\" content=\"de_DE\" \/>\n<meta property=\"og:type\" content=\"article\" \/>\n<meta property=\"og:title\" content=\"Kraftstoffpumpen - Hemogum\" \/>\n<meta property=\"og:description\" content=\"Kraftstoffpumpen - Herstellung dieser Art und Form von Reifen und Kraftstoffpumpen f\u00fcr Kettens\u00e4gen, Trimmer und andere Ger\u00e4te...\" \/>\n<meta property=\"og:url\" content=\"https:\/\/hemogum.com\/fuel-pumps\/\" \/>\n<meta property=\"og:site_name\" content=\"Hemogum\" \/>\n<meta property=\"article:modified_time\" content=\"2024-02-07T13:31:36+00:00\" \/>\n<meta property=\"og:image\" content=\"https:\/\/hemogum.com\/wp-content\/uploads\/2019\/04\/101433368527.jpg\" \/>\n<meta name=\"twitter:card\" content=\"summary_large_image\" \/>\n<meta name=\"twitter:label1\" content=\"Gesch\u00e4tzte Lesezeit\" \/>\n\t<meta name=\"twitter:data1\" content=\"1\u00a0Minute\" \/>\n<script type=\"application\/ld+json\" class=\"yoast-schema-graph\">{\"@context\":\"https:\/\/schema.org\",\"@graph\":[{\"@type\":\"WebPage\",\"@id\":\"https:\/\/hemogum.com\/fuel-pumps\/\",\"url\":\"https:\/\/hemogum.com\/fuel-pumps\/\",\"name\":\"Kraftstoffpumpen - Hemogum\",\"isPartOf\":{\"@id\":\"https:\/\/hemogum.com\/sr\/#website\"},\"primaryImageOfPage\":{\"@id\":\"https:\/\/hemogum.com\/fuel-pumps\/#primaryimage\"},\"image\":{\"@id\":\"https:\/\/hemogum.com\/fuel-pumps\/#primaryimage\"},\"thumbnailUrl\":\"https:\/\/hemogum.com\/wp-content\/uploads\/2019\/04\/101433368527.jpg\",\"datePublished\":\"2019-04-12T20:24:32+00:00\",\"dateModified\":\"2024-02-07T13:31:36+00:00\",\"description\":\"Kraftstoffpumpen - Herstellung dieser Art und Form von Reifen und Kraftstoffpumpen f\u00fcr Kettens\u00e4gen, Trimmer und andere Ger\u00e4te...\",\"breadcrumb\":{\"@id\":\"https:\/\/hemogum.com\/fuel-pumps\/#breadcrumb\"},\"inLanguage\":\"de\",\"potentialAction\":[{\"@type\":\"ReadAction\",\"target\":[\"https:\/\/hemogum.com\/fuel-pumps\/\"]}]},{\"@type\":\"ImageObject\",\"inLanguage\":\"de\",\"@id\":\"https:\/\/hemogum.com\/fuel-pumps\/#primaryimage\",\"url\":\"https:\/\/hemogum.com\/wp-content\/uploads\/2019\/04\/101433368527.jpg\",\"contentUrl\":\"https:\/\/hemogum.com\/wp-content\/uploads\/2019\/04\/101433368527.jpg\"},{\"@type\":\"BreadcrumbList\",\"@id\":\"https:\/\/hemogum.com\/fuel-pumps\/#breadcrumb\",\"itemListElement\":[{\"@type\":\"ListItem\",\"position\":1,\"name\":\"Home\",\"item\":\"https:\/\/hemogum.com\/\"},{\"@type\":\"ListItem\",\"position\":2,\"name\":\"Kraftstoffpumpen\"}]},{\"@type\":\"WebSite\",\"@id\":\"https:\/\/hemogum.com\/sr\/#website\",\"url\":\"https:\/\/hemogum.com\/sr\/\",\"name\":\"Hemogum\",\"description\":\"\",\"potentialAction\":[{\"@type\":\"SearchAction\",\"target\":{\"@type\":\"EntryPoint\",\"urlTemplate\":\"https:\/\/hemogum.com\/sr\/?s={search_term_string}\"},\"query-input\":{\"@type\":\"PropertyValueSpecification\",\"valueRequired\":true,\"valueName\":\"search_term_string\"}}],\"inLanguage\":\"de\"}]}<\/script>\n<!-- \/ Yoast SEO plugin. -->","yoast_head_json":{"title":"Kraftstoffpumpen - Hemogum","description":"Kraftstoffpumpen - Herstellung dieser Art und Form von Reifen und Kraftstoffpumpen f\u00fcr Kettens\u00e4gen, Trimmer und andere Ger\u00e4te...","robots":{"index":"index","follow":"follow","max-snippet":"max-snippet:-1","max-image-preview":"max-image-preview:large","max-video-preview":"max-video-preview:-1"},"canonical":"https:\/\/hemogum.com\/fuel-pumps\/","og_locale":"de_DE","og_type":"article","og_title":"Kraftstoffpumpen - Hemogum","og_description":"Kraftstoffpumpen - Herstellung dieser Art und Form von Reifen und Kraftstoffpumpen f\u00fcr Kettens\u00e4gen, Trimmer und andere Ger\u00e4te...","og_url":"https:\/\/hemogum.com\/fuel-pumps\/","og_site_name":"Hemogum","article_modified_time":"2024-02-07T13:31:36+00:00","og_image":[{"url":"https:\/\/hemogum.com\/wp-content\/uploads\/2019\/04\/101433368527.jpg","type":"","width":"","height":""}],"twitter_card":"summary_large_image","twitter_misc":{"Gesch\u00e4tzte Lesezeit":"1\u00a0Minute"},"schema":{"@context":"https:\/\/schema.org","@graph":[{"@type":"WebPage","@id":"https:\/\/hemogum.com\/fuel-pumps\/","url":"https:\/\/hemogum.com\/fuel-pumps\/","name":"Kraftstoffpumpen - Hemogum","isPartOf":{"@id":"https:\/\/hemogum.com\/sr\/#website"},"primaryImageOfPage":{"@id":"https:\/\/hemogum.com\/fuel-pumps\/#primaryimage"},"image":{"@id":"https:\/\/hemogum.com\/fuel-pumps\/#primaryimage"},"thumbnailUrl":"https:\/\/hemogum.com\/wp-content\/uploads\/2019\/04\/101433368527.jpg","datePublished":"2019-04-12T20:24:32+00:00","dateModified":"2024-02-07T13:31:36+00:00","description":"Kraftstoffpumpen - Herstellung dieser Art und Form von Reifen und Kraftstoffpumpen f\u00fcr Kettens\u00e4gen, Trimmer und andere Ger\u00e4te...","breadcrumb":{"@id":"https:\/\/hemogum.com\/fuel-pumps\/#breadcrumb"},"inLanguage":"de","potentialAction":[{"@type":"ReadAction","target":["https:\/\/hemogum.com\/fuel-pumps\/"]}]},{"@type":"ImageObject","inLanguage":"de","@id":"https:\/\/hemogum.com\/fuel-pumps\/#primaryimage","url":"https:\/\/hemogum.com\/wp-content\/uploads\/2019\/04\/101433368527.jpg","contentUrl":"https:\/\/hemogum.com\/wp-content\/uploads\/2019\/04\/101433368527.jpg"},{"@type":"BreadcrumbList","@id":"https:\/\/hemogum.com\/fuel-pumps\/#breadcrumb","itemListElement":[{"@type":"ListItem","position":1,"name":"Home","item":"https:\/\/hemogum.com\/"},{"@type":"ListItem","position":2,"name":"Kraftstoffpumpen"}]},{"@type":"WebSite","@id":"https:\/\/hemogum.com\/sr\/#website","url":"https:\/\/hemogum.com\/sr\/","name":"Hemogum","description":"","potentialAction":[{"@type":"SearchAction","target":{"@type":"EntryPoint","urlTemplate":"https:\/\/hemogum.com\/sr\/?s={search_term_string}"},"query-input":{"@type":"PropertyValueSpecification","valueRequired":true,"valueName":"search_term_string"}}],"inLanguage":"de"}]}},"_links":{"self":[{"href":"https:\/\/hemogum.com\/de\/wp-json\/wp\/v2\/pages\/730","targetHints":{"allow":["GET"]}}],"collection":[{"href":"https:\/\/hemogum.com\/de\/wp-json\/wp\/v2\/pages"}],"about":[{"href":"https:\/\/hemogum.com\/de\/wp-json\/wp\/v2\/types\/page"}],"author":[{"embeddable":true,"href":"https:\/\/hemogum.com\/de\/wp-json\/wp\/v2\/users\/1"}],"replies":[{"embeddable":true,"href":"https:\/\/hemogum.com\/de\/wp-json\/wp\/v2\/comments?post=730"}],"version-history":[{"count":15,"href":"https:\/\/hemogum.com\/de\/wp-json\/wp\/v2\/pages\/730\/revisions"}],"predecessor-version":[{"id":3030,"href":"https:\/\/hemogum.com\/de\/wp-json\/wp\/v2\/pages\/730\/revisions\/3030"}],"wp:attachment":[{"href":"https:\/\/hemogum.com\/de\/wp-json\/wp\/v2\/media?parent=730"}],"curies":[{"name":"wp","href":"https:\/\/api.w.org\/{rel}","templated":true}]}}