{"id":739,"date":"2019-04-12T21:09:31","date_gmt":"2019-04-12T21:09:31","guid":{"rendered":"http:\/\/hemogum.acocvetic.com\/assy-bearing-and-seal\/"},"modified":"2024-02-07T13:31:12","modified_gmt":"2024-02-07T13:31:12","slug":"lagersimmerringe","status":"publish","type":"page","link":"https:\/\/hemogum.com\/de\/lagersimmerringe\/","title":{"rendered":"Lager simmerringe"},"content":{"rendered":"\t\t<div data-elementor-type=\"wp-page\" data-elementor-id=\"739\" class=\"elementor elementor-739\">\n\t\t\t\t<div class=\"wd-negative-gap elementor-element elementor-element-c169e8f e-flex e-con-boxed e-con e-parent\" data-id=\"c169e8f\" data-element_type=\"container\">\n\t\t\t\t\t<div class=\"e-con-inner\">\n\t\t\t\t<div class=\"elementor-element elementor-element-6e66ce1 wd-width-100 elementor-widget elementor-widget-wd_title\" data-id=\"6e66ce1\" data-element_type=\"widget\" data-widget_type=\"wd_title.default\">\n\t\t\t\t<div class=\"elementor-widget-container\">\n\t\t\t\t\t\t\t<div class=\"title-wrapper wd-set-mb reset-last-child wd-title-color-default wd-title-style-default wd-title-size-default text-left\">\n\n\t\t\t\n\t\t\t<div class=\"liner-continer\">\n\t\t\t\t<h2 class=\"woodmart-title-container title wd-fontsize-l\">Lager simmerringe<\/h2> \n\t\t\t\t\t\t\t<\/div>\n\n\t\t\t\t\t\t\t<div class=\"title-after_title reset-last-child wd-fontsize-xs\">\n\t\t\t\t\tHerstellung aller Arten und Formen von Lagern. Eine Kombination aus Gummi- und Metallprodukten.<br \/>\n<br \/>\nHerstellung aller Arten, Formen und Gr\u00f6\u00dfen von Gummidichtungen. Wir produzieren Gummidichtungen f\u00fcr alle Kettens\u00e4gen, Trimmer, M\u00e4her, Arbeitsmaschinen und andere Ger\u00e4te.<br \/>\n<br \/>\nWenn Sie einige unserer Artikel bestellen m\u00f6chten oder m\u00f6chten, dass wir einen Artikel nach Ihren Ma\u00dfen anfertigen, k\u00f6nnen Sie uns kontaktieren<br \/>\n<br \/>\n<span style=\"text-decoration: underline\"><strong><a href=\"https:\/\/hemogum.com\/de\/kontakt\/\">- Kntakt...<\/a><\/strong><\/span>\t\t\t\t<\/div>\n\t\t\t\t\t<\/div>\n\t\t\t\t\t\t<\/div>\n\t\t\t\t<\/div>\n\t\t\t\t\t<\/div>\n\t\t\t\t<\/div>\n\t\t<div class=\"wd-negative-gap elementor-element elementor-element-a97cc07 e-flex e-con-boxed e-con e-parent\" data-id=\"a97cc07\" data-element_type=\"container\">\n\t\t\t\t\t<div class=\"e-con-inner\">\n\t\t<div class=\"elementor-element elementor-element-22aa008 e-con-full e-flex e-con e-child\" data-id=\"22aa008\" data-element_type=\"container\">\n\t\t\t\t<div class=\"elementor-element elementor-element-c2e05fd elementor-widget elementor-widget-image\" data-id=\"c2e05fd\" data-element_type=\"widget\" data-widget_type=\"image.default\">\n\t\t\t\t<div class=\"elementor-widget-container\">\n\t\t\t\t\t\t\t\t\t\t\t\t\t\t\t<img fetchpriority=\"high\" decoding=\"async\" width=\"370\" height=\"222\" src=\"https:\/\/hemogum.com\/wp-content\/uploads\/2019\/04\/101433460655.jpg\" class=\"attachment-large size-large wp-image-516\" alt=\"\" srcset=\"https:\/\/hemogum.com\/wp-content\/uploads\/2019\/04\/101433460655.jpg 370w, https:\/\/hemogum.com\/wp-content\/uploads\/2019\/04\/101433460655-300x180.jpg 300w\" sizes=\"(max-width: 370px) 100vw, 370px\" \/>\t\t\t\t\t\t\t\t\t\t\t\t\t\t\t<\/div>\n\t\t\t\t<\/div>\n\t\t\t\t<div class=\"elementor-element elementor-element-e469876 color-scheme-inherit text-left elementor-widget elementor-widget-text-editor\" data-id=\"e469876\" data-element_type=\"widget\" data-widget_type=\"text-editor.default\">\n\t\t\t\t<div class=\"elementor-widget-container\">\n\t\t\t\t\t\t\t\t\t<div class=\"product-bottom\"><p><span class=\"product-name\">Lagersemeringe SKF C3 passend f\u00fcr HUSQVARNA<br \/><\/span>O.E.M. Nummer:\u00a0<strong>503 92 23-02<br \/><\/strong>Model: Husq. 340, 345, 350 Jonserad 2140, 2145, 2150<br \/>Hemogum code: 99-60-100<\/p><\/div>\t\t\t\t\t\t\t\t<\/div>\n\t\t\t\t<\/div>\n\t\t\t\t<\/div>\n\t\t<div class=\"elementor-element elementor-element-ff2015f e-con-full e-flex e-con e-child\" data-id=\"ff2015f\" data-element_type=\"container\">\n\t\t\t\t<div class=\"elementor-element elementor-element-6d107a8 elementor-widget elementor-widget-image\" data-id=\"6d107a8\" data-element_type=\"widget\" data-widget_type=\"image.default\">\n\t\t\t\t<div class=\"elementor-widget-container\">\n\t\t\t\t\t\t\t\t\t\t\t\t\t\t\t<img decoding=\"async\" width=\"370\" height=\"222\" src=\"https:\/\/hemogum.com\/wp-content\/uploads\/2019\/04\/101433460603.jpg\" class=\"attachment-large size-large wp-image-515\" alt=\"\" srcset=\"https:\/\/hemogum.com\/wp-content\/uploads\/2019\/04\/101433460603.jpg 370w, https:\/\/hemogum.com\/wp-content\/uploads\/2019\/04\/101433460603-300x180.jpg 300w\" sizes=\"(max-width: 370px) 100vw, 370px\" \/>\t\t\t\t\t\t\t\t\t\t\t\t\t\t\t<\/div>\n\t\t\t\t<\/div>\n\t\t\t\t<div class=\"elementor-element elementor-element-65e1a34 color-scheme-inherit text-left elementor-widget elementor-widget-text-editor\" data-id=\"65e1a34\" data-element_type=\"widget\" data-widget_type=\"text-editor.default\">\n\t\t\t\t<div class=\"elementor-widget-container\">\n\t\t\t\t\t\t\t\t\t<div class=\"product-bottom\"><p><span class=\"product-name\">Lagersemeringe SKF C3 passend f\u00fcr HUSQVARNA<br \/><\/span>O.E.M. Nummer:\u00a0<strong>503 91 34-01<br \/><\/strong>Model: Husq. 232R, 235R, 240R Jonserad 2136<br \/>Hemogum code: 99-60-101<\/p><\/div>\t\t\t\t\t\t\t\t<\/div>\n\t\t\t\t<\/div>\n\t\t\t\t<\/div>\n\t\t<div class=\"elementor-element elementor-element-c160525 e-con-full e-flex e-con e-child\" data-id=\"c160525\" data-element_type=\"container\">\n\t\t\t\t<div class=\"elementor-element elementor-element-c50133e elementor-widget elementor-widget-image\" data-id=\"c50133e\" data-element_type=\"widget\" data-widget_type=\"image.default\">\n\t\t\t\t<div class=\"elementor-widget-container\">\n\t\t\t\t\t\t\t\t\t\t\t\t\t\t\t<img decoding=\"async\" width=\"370\" height=\"222\" src=\"https:\/\/hemogum.com\/wp-content\/uploads\/2019\/04\/101433460554.jpg\" class=\"attachment-large size-large wp-image-514\" alt=\"\" srcset=\"https:\/\/hemogum.com\/wp-content\/uploads\/2019\/04\/101433460554.jpg 370w, https:\/\/hemogum.com\/wp-content\/uploads\/2019\/04\/101433460554-300x180.jpg 300w\" sizes=\"(max-width: 370px) 100vw, 370px\" \/>\t\t\t\t\t\t\t\t\t\t\t\t\t\t\t<\/div>\n\t\t\t\t<\/div>\n\t\t\t\t<div class=\"elementor-element elementor-element-edde730 color-scheme-inherit text-left elementor-widget elementor-widget-text-editor\" data-id=\"edde730\" data-element_type=\"widget\" data-widget_type=\"text-editor.default\">\n\t\t\t\t<div class=\"elementor-widget-container\">\n\t\t\t\t\t\t\t\t\t<div class=\"product-bottom\"><p><span class=\"product-name\">Lagersemeringe SKF C3 passend f\u00fcr HUSQVARNA<br \/><\/span>O.E.M. Nummer:\u00a0<strong>503 94 02-03<br \/><\/strong>Model: Husq. 323, 325, 326\u00a0Jonserad 2125<br \/>Hemogum code: 99-60-102<\/p><\/div>\t\t\t\t\t\t\t\t<\/div>\n\t\t\t\t<\/div>\n\t\t\t\t<\/div>\n\t\t<div class=\"elementor-element elementor-element-8cadad7 e-con-full e-flex e-con e-child\" data-id=\"8cadad7\" data-element_type=\"container\">\n\t\t\t\t<div class=\"elementor-element elementor-element-14c84c9 elementor-widget elementor-widget-image\" data-id=\"14c84c9\" data-element_type=\"widget\" data-widget_type=\"image.default\">\n\t\t\t\t<div class=\"elementor-widget-container\">\n\t\t\t\t\t\t\t\t\t\t\t\t\t\t\t<img loading=\"lazy\" decoding=\"async\" width=\"370\" height=\"222\" src=\"https:\/\/hemogum.com\/wp-content\/uploads\/2019\/04\/101433460456.jpg\" class=\"attachment-large size-large wp-image-513\" alt=\"\" srcset=\"https:\/\/hemogum.com\/wp-content\/uploads\/2019\/04\/101433460456.jpg 370w, https:\/\/hemogum.com\/wp-content\/uploads\/2019\/04\/101433460456-300x180.jpg 300w\" sizes=\"(max-width: 370px) 100vw, 370px\" \/>\t\t\t\t\t\t\t\t\t\t\t\t\t\t\t<\/div>\n\t\t\t\t<\/div>\n\t\t\t\t<div class=\"elementor-element elementor-element-c93ad01 color-scheme-inherit text-left elementor-widget elementor-widget-text-editor\" data-id=\"c93ad01\" data-element_type=\"widget\" data-widget_type=\"text-editor.default\">\n\t\t\t\t<div class=\"elementor-widget-container\">\n\t\t\t\t\t\t\t\t\t<div class=\"product-bottom\"><p><span class=\"product-name\">Lagersemeringe SKF C3 passend f\u00fcr HUSQVARNA<br \/><\/span>O.E.M. Nummer:\u00a0<strong>530 05 63-03<br \/><\/strong>Model: Husq. 136, 137, 141, 142 Partner 350, 351, 371<br \/>Hemogum code: 99-60-103<\/p><\/div>\t\t\t\t\t\t\t\t<\/div>\n\t\t\t\t<\/div>\n\t\t\t\t<\/div>\n\t\t<div class=\"elementor-element elementor-element-041c00b e-con-full e-flex e-con e-child\" data-id=\"041c00b\" data-element_type=\"container\">\n\t\t\t\t<\/div>\n\t\t<div class=\"elementor-element elementor-element-3489d4d e-con-full e-flex e-con e-child\" data-id=\"3489d4d\" data-element_type=\"container\">\n\t\t\t\t<\/div>\n\t\t\t\t\t<\/div>\n\t\t\t\t<\/div>\n\t\t\t\t<\/div>\n\t\t","protected":false},"excerpt":{"rendered":"<p>Lager simmerringe Herstellung aller Arten und Formen von Lagern. Eine Kombination aus Gummi- und Metallprodukten. Herstellung aller Arten, Formen und<\/p>\n","protected":false},"author":1,"featured_media":0,"parent":0,"menu_order":0,"comment_status":"closed","ping_status":"closed","template":"","meta":{"footnotes":""},"class_list":["post-739","page","type-page","status-publish","hentry"],"yoast_head":"<!-- This site is optimized with the Yoast SEO plugin v25.5 - https:\/\/yoast.com\/wordpress\/plugins\/seo\/ -->\n<title>Lager simmerringe - Hemogum<\/title>\n<meta name=\"description\" content=\"Lager simmerringe - Herstellung aller Arten und Formen von Lagern. Eine Kombination aus Gummi- und Metallprodukten Husqvarna, Stihl...\" \/>\n<meta name=\"robots\" content=\"index, follow, max-snippet:-1, max-image-preview:large, max-video-preview:-1\" \/>\n<link rel=\"canonical\" href=\"https:\/\/hemogum.com\/assy-bearing-and-seal\/\" \/>\n<meta property=\"og:locale\" content=\"de_DE\" \/>\n<meta property=\"og:type\" content=\"article\" \/>\n<meta property=\"og:title\" content=\"Lager simmerringe - Hemogum\" \/>\n<meta property=\"og:description\" content=\"Lager simmerringe - Herstellung aller Arten und Formen von Lagern. Eine Kombination aus Gummi- und Metallprodukten Husqvarna, Stihl...\" \/>\n<meta property=\"og:url\" content=\"https:\/\/hemogum.com\/assy-bearing-and-seal\/\" \/>\n<meta property=\"og:site_name\" content=\"Hemogum\" \/>\n<meta property=\"article:modified_time\" content=\"2024-02-07T13:31:12+00:00\" \/>\n<meta property=\"og:image\" content=\"https:\/\/hemogum.com\/wp-content\/uploads\/2019\/04\/101433460655.jpg\" \/>\n<meta name=\"twitter:card\" content=\"summary_large_image\" \/>\n<meta name=\"twitter:label1\" content=\"Gesch\u00e4tzte Lesezeit\" \/>\n\t<meta name=\"twitter:data1\" content=\"2\u00a0Minuten\" \/>\n<script type=\"application\/ld+json\" class=\"yoast-schema-graph\">{\"@context\":\"https:\/\/schema.org\",\"@graph\":[{\"@type\":\"WebPage\",\"@id\":\"https:\/\/hemogum.com\/assy-bearing-and-seal\/\",\"url\":\"https:\/\/hemogum.com\/assy-bearing-and-seal\/\",\"name\":\"Lager simmerringe - Hemogum\",\"isPartOf\":{\"@id\":\"https:\/\/hemogum.com\/sr\/#website\"},\"primaryImageOfPage\":{\"@id\":\"https:\/\/hemogum.com\/assy-bearing-and-seal\/#primaryimage\"},\"image\":{\"@id\":\"https:\/\/hemogum.com\/assy-bearing-and-seal\/#primaryimage\"},\"thumbnailUrl\":\"https:\/\/hemogum.com\/wp-content\/uploads\/2019\/04\/101433460655.jpg\",\"datePublished\":\"2019-04-12T21:09:31+00:00\",\"dateModified\":\"2024-02-07T13:31:12+00:00\",\"description\":\"Lager simmerringe - Herstellung aller Arten und Formen von Lagern. Eine Kombination aus Gummi- und Metallprodukten Husqvarna, Stihl...\",\"breadcrumb\":{\"@id\":\"https:\/\/hemogum.com\/assy-bearing-and-seal\/#breadcrumb\"},\"inLanguage\":\"de\",\"potentialAction\":[{\"@type\":\"ReadAction\",\"target\":[\"https:\/\/hemogum.com\/assy-bearing-and-seal\/\"]}]},{\"@type\":\"ImageObject\",\"inLanguage\":\"de\",\"@id\":\"https:\/\/hemogum.com\/assy-bearing-and-seal\/#primaryimage\",\"url\":\"https:\/\/hemogum.com\/wp-content\/uploads\/2019\/04\/101433460655.jpg\",\"contentUrl\":\"https:\/\/hemogum.com\/wp-content\/uploads\/2019\/04\/101433460655.jpg\"},{\"@type\":\"BreadcrumbList\",\"@id\":\"https:\/\/hemogum.com\/assy-bearing-and-seal\/#breadcrumb\",\"itemListElement\":[{\"@type\":\"ListItem\",\"position\":1,\"name\":\"Home\",\"item\":\"https:\/\/hemogum.com\/\"},{\"@type\":\"ListItem\",\"position\":2,\"name\":\"Lager simmerringe\"}]},{\"@type\":\"WebSite\",\"@id\":\"https:\/\/hemogum.com\/sr\/#website\",\"url\":\"https:\/\/hemogum.com\/sr\/\",\"name\":\"Hemogum\",\"description\":\"\",\"potentialAction\":[{\"@type\":\"SearchAction\",\"target\":{\"@type\":\"EntryPoint\",\"urlTemplate\":\"https:\/\/hemogum.com\/sr\/?s={search_term_string}\"},\"query-input\":{\"@type\":\"PropertyValueSpecification\",\"valueRequired\":true,\"valueName\":\"search_term_string\"}}],\"inLanguage\":\"de\"}]}<\/script>\n<!-- \/ Yoast SEO plugin. -->","yoast_head_json":{"title":"Lager simmerringe - Hemogum","description":"Lager simmerringe - Herstellung aller Arten und Formen von Lagern. Eine Kombination aus Gummi- und Metallprodukten Husqvarna, Stihl...","robots":{"index":"index","follow":"follow","max-snippet":"max-snippet:-1","max-image-preview":"max-image-preview:large","max-video-preview":"max-video-preview:-1"},"canonical":"https:\/\/hemogum.com\/assy-bearing-and-seal\/","og_locale":"de_DE","og_type":"article","og_title":"Lager simmerringe - Hemogum","og_description":"Lager simmerringe - Herstellung aller Arten und Formen von Lagern. Eine Kombination aus Gummi- und Metallprodukten Husqvarna, Stihl...","og_url":"https:\/\/hemogum.com\/assy-bearing-and-seal\/","og_site_name":"Hemogum","article_modified_time":"2024-02-07T13:31:12+00:00","og_image":[{"url":"https:\/\/hemogum.com\/wp-content\/uploads\/2019\/04\/101433460655.jpg","type":"","width":"","height":""}],"twitter_card":"summary_large_image","twitter_misc":{"Gesch\u00e4tzte Lesezeit":"2\u00a0Minuten"},"schema":{"@context":"https:\/\/schema.org","@graph":[{"@type":"WebPage","@id":"https:\/\/hemogum.com\/assy-bearing-and-seal\/","url":"https:\/\/hemogum.com\/assy-bearing-and-seal\/","name":"Lager simmerringe - Hemogum","isPartOf":{"@id":"https:\/\/hemogum.com\/sr\/#website"},"primaryImageOfPage":{"@id":"https:\/\/hemogum.com\/assy-bearing-and-seal\/#primaryimage"},"image":{"@id":"https:\/\/hemogum.com\/assy-bearing-and-seal\/#primaryimage"},"thumbnailUrl":"https:\/\/hemogum.com\/wp-content\/uploads\/2019\/04\/101433460655.jpg","datePublished":"2019-04-12T21:09:31+00:00","dateModified":"2024-02-07T13:31:12+00:00","description":"Lager simmerringe - Herstellung aller Arten und Formen von Lagern. Eine Kombination aus Gummi- und Metallprodukten Husqvarna, Stihl...","breadcrumb":{"@id":"https:\/\/hemogum.com\/assy-bearing-and-seal\/#breadcrumb"},"inLanguage":"de","potentialAction":[{"@type":"ReadAction","target":["https:\/\/hemogum.com\/assy-bearing-and-seal\/"]}]},{"@type":"ImageObject","inLanguage":"de","@id":"https:\/\/hemogum.com\/assy-bearing-and-seal\/#primaryimage","url":"https:\/\/hemogum.com\/wp-content\/uploads\/2019\/04\/101433460655.jpg","contentUrl":"https:\/\/hemogum.com\/wp-content\/uploads\/2019\/04\/101433460655.jpg"},{"@type":"BreadcrumbList","@id":"https:\/\/hemogum.com\/assy-bearing-and-seal\/#breadcrumb","itemListElement":[{"@type":"ListItem","position":1,"name":"Home","item":"https:\/\/hemogum.com\/"},{"@type":"ListItem","position":2,"name":"Lager simmerringe"}]},{"@type":"WebSite","@id":"https:\/\/hemogum.com\/sr\/#website","url":"https:\/\/hemogum.com\/sr\/","name":"Hemogum","description":"","potentialAction":[{"@type":"SearchAction","target":{"@type":"EntryPoint","urlTemplate":"https:\/\/hemogum.com\/sr\/?s={search_term_string}"},"query-input":{"@type":"PropertyValueSpecification","valueRequired":true,"valueName":"search_term_string"}}],"inLanguage":"de"}]}},"_links":{"self":[{"href":"https:\/\/hemogum.com\/de\/wp-json\/wp\/v2\/pages\/739","targetHints":{"allow":["GET"]}}],"collection":[{"href":"https:\/\/hemogum.com\/de\/wp-json\/wp\/v2\/pages"}],"about":[{"href":"https:\/\/hemogum.com\/de\/wp-json\/wp\/v2\/types\/page"}],"author":[{"embeddable":true,"href":"https:\/\/hemogum.com\/de\/wp-json\/wp\/v2\/users\/1"}],"replies":[{"embeddable":true,"href":"https:\/\/hemogum.com\/de\/wp-json\/wp\/v2\/comments?post=739"}],"version-history":[{"count":25,"href":"https:\/\/hemogum.com\/de\/wp-json\/wp\/v2\/pages\/739\/revisions"}],"predecessor-version":[{"id":3027,"href":"https:\/\/hemogum.com\/de\/wp-json\/wp\/v2\/pages\/739\/revisions\/3027"}],"wp:attachment":[{"href":"https:\/\/hemogum.com\/de\/wp-json\/wp\/v2\/media?parent=739"}],"curies":[{"name":"wp","href":"https:\/\/api.w.org\/{rel}","templated":true}]}}