{"id":558,"date":"2019-04-11T14:54:55","date_gmt":"2019-04-11T14:54:55","guid":{"rendered":"http:\/\/hemogum.acocvetic.com\/about-us\/"},"modified":"2025-07-28T12:30:32","modified_gmt":"2025-07-28T12:30:32","slug":"o-nama","status":"publish","type":"page","link":"https:\/\/hemogum.com\/sr\/o-nama\/","title":{"rendered":"O nama"},"content":{"rendered":"\t\t<div data-elementor-type=\"wp-page\" data-elementor-id=\"558\" class=\"elementor elementor-558\">\n\t\t\t\t<div class=\"wd-negative-gap elementor-element elementor-element-f9ed678 e-flex e-con-boxed e-con e-parent\" data-id=\"f9ed678\" data-element_type=\"container\">\n\t\t\t\t\t<div class=\"e-con-inner\">\n\t\t\t\t<div class=\"elementor-element elementor-element-04c9c37 text-center color-scheme-inherit elementor-widget elementor-widget-text-editor\" data-id=\"04c9c37\" data-element_type=\"widget\" data-widget_type=\"text-editor.default\">\n\t\t\t\t<div class=\"elementor-widget-container\">\n\t\t\t\t\t\t\t\t\t<strong>Hemogum<\/strong>\u00a0je osnovan 1991. godine i bavi se proizvodnjom gumotehni\u010dke robe. Ima sopstveni razvoj i veliki asortiman sme\u0161a razli\u010ditih namena koje ispunjavaju zahteve kupaca. Kao proizvo\u0111a\u010di delova od gume, nudimo ekonomi\u010dna re\u0161enja za proizvode od silikona, gume i gume-metala. Proizvodimo sme\u0161e na bazi silikona, prirodne i sinteti\u010dke gume uz kori\u0161\u0107enje DIN-53529 part.3.\t\t\t\t\t\t\t\t<\/div>\n\t\t\t\t<\/div>\n\t\t\t\t<div class=\"elementor-element elementor-element-2c3984f wd-width-100 elementor-widget elementor-widget-wd_title\" data-id=\"2c3984f\" data-element_type=\"widget\" data-widget_type=\"wd_title.default\">\n\t\t\t\t<div class=\"elementor-widget-container\">\n\t\t\t\t\t\t\t<div class=\"title-wrapper wd-set-mb reset-last-child wd-title-color-white wd-title-style-default wd-title-size-small text-center\">\n\n\t\t\t\n\t\t\t<div class=\"liner-continer\">\n\t\t\t\t<h4 class=\"woodmart-title-container title wd-fontsize-m wd-underline-colored\">Ispitivanje dobijenih sme\u0161a<\/h4> \n\t\t\t\t\t\t\t<\/div>\n\n\t\t\t\t\t<\/div>\n\t\t\t\t\t\t<\/div>\n\t\t\t\t<\/div>\n\t\t\t\t<div class=\"elementor-element elementor-element-9d0cef1 elementor-widget elementor-widget-wd_text_block\" data-id=\"9d0cef1\" data-element_type=\"widget\" data-widget_type=\"wd_text_block.default\">\n\t\t\t\t<div class=\"elementor-widget-container\">\n\t\t\t\t\t\t\t<div class=\"wd-text-block reset-last-child text-center\">\n\t\t\t\n\t\t\tZa ispitivanje dobijenih sme\u0161a koristimo standardne testove u skladu sa DIN, EN i ASTM standardom.\n\t\t\t\t\t<\/div>\n\t\t\t\t\t\t<\/div>\n\t\t\t\t<\/div>\n\t\t\t\t<div class=\"elementor-element elementor-element-a56c7e5 elementor-widget elementor-widget-wd_table\" data-id=\"a56c7e5\" data-element_type=\"widget\" data-widget_type=\"wd_table.default\">\n\t\t\t\t<div class=\"elementor-widget-container\">\n\t\t\t\t\t\t\t<div class=\"wd-el-table-wrap wd-reset-all-last\">\n\t\t\t<table class=\"wd-el-table\">\n\t\t\t\t\t\t\t\t\t<thead class=\"text-center\">\n\t\t\t\t\t\t\t\t\t\t\t\t\t\t\t\t\t\t\t\t\t\t\t\t\t\t\t\t\t\t<tr class=\"wd-table-row elementor-repeater-item-b34fe55\">\n\t\t\t\t\t\t\t\t\t\t\t\t\t\t\t\t\t\t\t\t\t\t\t\t\t\t\t\t\t\t\t\t\t\t\t\t<th class=\"wd-table-cell elementor-repeater-item-04dbb01\" colspan=\"1\" rowspan=\"1\">\n\t\t\t\t\t\t\t\t\t<p>Metoda<\/p>\t\t\t\t\t\t\t\t<\/th>\n\t\t\t\t\t\t\t\t\t\t\t\t\t\t\t\t\t\t\t\t\t\t\t\t\t\t\t\t<th class=\"wd-table-cell elementor-repeater-item-f4a4948\" colspan=\"1\" rowspan=\"1\">\n\t\t\t\t\t\t\t\t\tMerna veli\u010dina\t\t\t\t\t\t\t\t<\/th>\n\t\t\t\t\t\t\t\t\t\t\t\t\t\t\t\t\t\t\t\t\t\t\t\t\t\t\t\t<th class=\"wd-table-cell elementor-repeater-item-2cb7cdb\" colspan=\"1\" rowspan=\"1\">\n\t\t\t\t\t\t\t\t\t<p>DIN standard<\/p>\t\t\t\t\t\t\t\t<\/th>\n\t\t\t\t\t\t\t\t\t\t\t\t\t\t\t\t\t\t\t<\/tr>\n\t\t\t\t\t<\/thead>\n\t\t\t\t\n\t\t\t\t<tbody class=\"text-center\">\n\t\t\t\t\t\t\t\t\t\t\t\t\t\t\t\t\t\t\t\t\t\t\t\t\t\t<tr class=\"wd-table-row elementor-repeater-item-5a6c39a\">\n\t\t\t\t\t\t\t\t\t\t\t\t\t\t\t\t\t\t\t\t\t\t\t\t\t\t\t\t\t\t\t<td class=\"wd-table-cell elementor-repeater-item-a6f8eab\" colspan=\"1\" rowspan=\"1\">\n\t\t\t\t\t\t\tTvrdoc\u0301a po \u0160oru\t\t\t\t\t\t\t<\/td>\n\t\t\t\t\t\t\t\t\t\t\t\t\t\t\t\t\t\t\t\t\t\t\t\t<td class=\"wd-table-cell elementor-repeater-item-2a4731a\" colspan=\"1\" rowspan=\"1\">\n\t\t\t\t\t\t\t<p>Sh. A<\/p>\t\t\t\t\t\t\t<\/td>\n\t\t\t\t\t\t\t\t\t\t\t\t\t\t\t\t\t\t\t\t\t\t\t\t<td class=\"wd-table-cell elementor-repeater-item-f0d24db\" colspan=\"1\" rowspan=\"1\">\n\t\t\t\t\t\t\t<p>DIN 53505 A<\/p>\t\t\t\t\t\t\t<\/td>\n\t\t\t\t\t\t\t\t\t\t\t\t\t\t\t\t\t\t\t\t\t\t\t\t\t\t\t\t\t\t\t\t<\/tr>\n\t\t\t\t\t\t\t\t<tr class=\"wd-table-row elementor-repeater-item-41f01c1\">\n\t\t\t\t\t\t\t\t\t\t\t\t\t\t\t\t\t\t\t\t\t\t\t\t\t\t\t\t\t\t\t<td class=\"wd-table-cell elementor-repeater-item-b095029\" colspan=\"1\" rowspan=\"1\">\n\t\t\t\t\t\t\tGustina\t\t\t\t\t\t\t<\/td>\n\t\t\t\t\t\t\t\t\t\t\t\t\t\t\t\t\t\t\t\t\t\t\t\t<td class=\"wd-table-cell elementor-repeater-item-d064964\" colspan=\"1\" rowspan=\"1\">\n\t\t\t\t\t\t\t<p>g\/cm3<\/p>\t\t\t\t\t\t\t<\/td>\n\t\t\t\t\t\t\t\t\t\t\t\t\t\t\t\t\t\t\t\t\t\t\t\t<td class=\"wd-table-cell elementor-repeater-item-74ef422\" colspan=\"1\" rowspan=\"1\">\n\t\t\t\t\t\t\t<p>DIN 53479<\/p>\t\t\t\t\t\t\t<\/td>\n\t\t\t\t\t\t\t\t\t\t\t\t\t\t\t\t\t\t\t\t\t\t\t\t\t\t\t\t\t\t\t\t<\/tr>\n\t\t\t\t\t\t\t\t<tr class=\"wd-table-row elementor-repeater-item-539d532\">\n\t\t\t\t\t\t\t\t\t\t\t\t\t\t\t\t\t\t\t\t\t\t\t\t\t\t\t\t\t\t\t<td class=\"wd-table-cell elementor-repeater-item-4b849d5\" colspan=\"1\" rowspan=\"1\">\n\t\t\t\t\t\t\tZatezna \u010dvrstoc\u0301a\t\t\t\t\t\t\t<\/td>\n\t\t\t\t\t\t\t\t\t\t\t\t\t\t\t\t\t\t\t\t\t\t\t\t<td class=\"wd-table-cell elementor-repeater-item-9a6b850\" colspan=\"1\" rowspan=\"1\">\n\t\t\t\t\t\t\t<p>N\/mm2<\/p>\t\t\t\t\t\t\t<\/td>\n\t\t\t\t\t\t\t\t\t\t\t\t\t\t\t\t\t\t\t\t\t\t\t\t<td class=\"wd-table-cell elementor-repeater-item-09332db\" colspan=\"1\" rowspan=\"1\">\n\t\t\t\t\t\t\t<p>DIN 53504<\/p>\t\t\t\t\t\t\t<\/td>\n\t\t\t\t\t\t\t\t\t\t\t\t\t\t\t\t\t\t\t\t\t\t\t\t\t\t\t\t\t\t\t\t<\/tr>\n\t\t\t\t\t\t\t\t<tr class=\"wd-table-row elementor-repeater-item-194ef1f\">\n\t\t\t\t\t\t\t\t\t\t\t\t\t\t\t\t\t\t\t\t\t\t\t\t\t\t\t\t\t\t\t<td class=\"wd-table-cell elementor-repeater-item-685fe56\" colspan=\"1\" rowspan=\"1\">\n\t\t\t\t\t\t\tIzdu\u017eenje pri prekidu\t\t\t\t\t\t\t<\/td>\n\t\t\t\t\t\t\t\t\t\t\t\t\t\t\t\t\t\t\t\t\t\t\t\t<td class=\"wd-table-cell elementor-repeater-item-391755b\" colspan=\"1\" rowspan=\"1\">\n\t\t\t\t\t\t\t<p>%<\/p>\t\t\t\t\t\t\t<\/td>\n\t\t\t\t\t\t\t\t\t\t\t\t\t\t\t\t\t\t\t\t\t\t\t\t<td class=\"wd-table-cell elementor-repeater-item-8fb6c9f\" colspan=\"1\" rowspan=\"1\">\n\t\t\t\t\t\t\t<p>DIN 53504<\/p>\t\t\t\t\t\t\t<\/td>\n\t\t\t\t\t\t\t\t\t\t\t\t\t\t\t\t\t\t\t\t\t\t\t\t\t\t\t\t\t\t\t\t<\/tr>\n\t\t\t\t\t\t\t\t<tr class=\"wd-table-row elementor-repeater-item-6fc57e6\">\n\t\t\t\t\t\t\t\t\t\t\t\t\t\t\t\t\t\t\t\t\t\t\t\t\t\t\t\t\t\t\t<td class=\"wd-table-cell elementor-repeater-item-6cdecfd\" colspan=\"1\" rowspan=\"1\">\n\t\t\t\t\t\t\tSnaga kidanja\t\t\t\t\t\t\t<\/td>\n\t\t\t\t\t\t\t\t\t\t\t\t\t\t\t\t\t\t\t\t\t\t\t\t<td class=\"wd-table-cell elementor-repeater-item-c2c5519\" colspan=\"1\" rowspan=\"1\">\n\t\t\t\t\t\t\t<p>N\/mm<\/p>\t\t\t\t\t\t\t<\/td>\n\t\t\t\t\t\t\t\t\t\t\t\t\t\t\t\t\t\t\t\t\t\t\t\t<td class=\"wd-table-cell elementor-repeater-item-4c5965d\" colspan=\"1\" rowspan=\"1\">\n\t\t\t\t\t\t\t<p>DIN 53507 A<\/p>\t\t\t\t\t\t\t<\/td>\n\t\t\t\t\t\t\t\t\t\t\t\t\t\t\t\t\t\t\t\t\t\t\t\t\t\t\t\t\t\t\t\t<\/tr>\n\t\t\t\t\t\t\t\t<tr class=\"wd-table-row elementor-repeater-item-b7fc655\">\n\t\t\t\t\t\t\t\t\t\t\t\t\t\t\t\t\t\t\t\t\t\t\t\t\t\t\t\t\t\t\t<td class=\"wd-table-cell elementor-repeater-item-9678543\" colspan=\"1\" rowspan=\"1\">\n\t\t\t\t\t\t\tAbrazija\t\t\t\t\t\t\t<\/td>\n\t\t\t\t\t\t\t\t\t\t\t\t\t\t\t\t\t\t\t\t\t\t\t\t<td class=\"wd-table-cell elementor-repeater-item-fa487fb\" colspan=\"1\" rowspan=\"1\">\n\t\t\t\t\t\t\t<p>mm3<\/p>\t\t\t\t\t\t\t<\/td>\n\t\t\t\t\t\t\t\t\t\t\t\t\t\t\t\t\t\t\t\t\t\t\t\t<td class=\"wd-table-cell elementor-repeater-item-b1b242d\" colspan=\"1\" rowspan=\"1\">\n\t\t\t\t\t\t\t<p>DIN 53516<\/p>\t\t\t\t\t\t\t<\/td>\n\t\t\t\t\t\t\t\t\t\t\t\t\t\t\t\t\t\t\t\t\t\t\t\t\t\t\t\t\t\t\t\t<\/tr>\n\t\t\t\t\t\t\t\t<tr class=\"wd-table-row elementor-repeater-item-36b6a94\">\n\t\t\t\t\t\t\t\t\t\t\t\t\t\t\t\t\t\t\t\t\t\t\t\t\t\t\t\t\t\t\t<td class=\"wd-table-cell elementor-repeater-item-5897582\" colspan=\"1\" rowspan=\"1\">\n\t\t\t\t\t\t\tKompresija\t\t\t\t\t\t\t<\/td>\n\t\t\t\t\t\t\t\t\t\t\t\t\t\t\t\t\t\t\t\t\t\t\t\t<td class=\"wd-table-cell elementor-repeater-item-d479dee\" colspan=\"1\" rowspan=\"1\">\n\t\t\t\t\t\t\t<p>%<\/p>\t\t\t\t\t\t\t<\/td>\n\t\t\t\t\t\t\t\t\t\t\t\t\t\t\t\t\t\t\t\t\t\t\t\t<td class=\"wd-table-cell elementor-repeater-item-5bc771a\" colspan=\"1\" rowspan=\"1\">\n\t\t\t\t\t\t\t<p>DIN 53517<\/p>\t\t\t\t\t\t\t<\/td>\n\t\t\t\t\t\t\t\t\t\t\t\t\t\t\t\t<\/tr>\n\t\t\t\t<\/tbody>\n\t\t\t<\/table>\n\t\t<\/div>\n\t\t\t\t\t\t<\/div>\n\t\t\t\t<\/div>\n\t\t\t\t<div class=\"elementor-element elementor-element-1a18d90 color-scheme-inherit text-left elementor-widget elementor-widget-text-editor\" data-id=\"1a18d90\" data-element_type=\"widget\" data-widget_type=\"text-editor.default\">\n\t\t\t\t<div class=\"elementor-widget-container\">\n\t\t\t\t\t\t\t\t\t<p>Ovakvim proizvodnim programom ostvarujemo zna\u010dajne poslovne rezultate uz permanentni razvoj, stabilnu investicionu politiku i neprekidno pobolj\u0161anje kvaliteta postoje\u0107ih i osvajanje novih proizvoda. Svoje proizvode izvozimo u zemlje Evropske unije.<br \/><br \/>Hemogum u svojoj proizvodnji gumenotehni\u010dke robe primenjuje SRPS ISO \u2013 9001 \u2013 2008 standard. Imamo sopstvenu alatnicu, sa savremenim CNC ma\u0161inama, \u0161to nam omogu\u0107ava kra\u0107e vreme izrade novog proizvoda. Za izradu prototipova i alata u potpunosti primenjujemo CAD CAM CAE tehnologiju.<\/p>\t\t\t\t\t\t\t\t<\/div>\n\t\t\t\t<\/div>\n\t\t\t\t\t<\/div>\n\t\t\t\t<\/div>\n\t\t<div class=\"wd-negative-gap elementor-element elementor-element-35d4cca e-flex e-con-boxed e-con e-parent\" data-id=\"35d4cca\" data-element_type=\"container\">\n\t\t\t\t\t<div class=\"e-con-inner\">\n\t\t<div class=\"elementor-element elementor-element-c7a9ceb e-con-full e-flex e-con e-child\" data-id=\"c7a9ceb\" data-element_type=\"container\">\n\t\t\t\t<div class=\"elementor-element elementor-element-5e2bf84 wd-width-100 elementor-widget elementor-widget-wd_title\" data-id=\"5e2bf84\" data-element_type=\"widget\" data-widget_type=\"wd_title.default\">\n\t\t\t\t<div class=\"elementor-widget-container\">\n\t\t\t\t\t\t\t<div class=\"title-wrapper wd-set-mb reset-last-child wd-title-color-white wd-title-style-default wd-title-size-small text-center\">\n\n\t\t\t\n\t\t\t<div class=\"liner-continer\">\n\t\t\t\t<h4 class=\"woodmart-title-container title wd-fontsize-m wd-underline-colored\">Hemogum<\/h4> \n\t\t\t\t\t\t\t<\/div>\n\n\t\t\t\t\t\t\t<div class=\"title-after_title reset-last-child wd-fontsize-xs\">\n\t\t\t\t\t<p>Upoznajte se sa nama - pogledajte na\u0161 korporativni video.<\/p>\t\t\t\t<\/div>\n\t\t\t\t\t<\/div>\n\t\t\t\t\t\t<\/div>\n\t\t\t\t<\/div>\n\t\t\t\t<\/div>\n\t\t<div class=\"elementor-element elementor-element-5e375f2 e-con-full e-flex e-con e-child\" data-id=\"5e375f2\" data-element_type=\"container\">\n\t\t\t\t<div class=\"elementor-element elementor-element-51c8f6b elementor-widget elementor-widget-video\" data-id=\"51c8f6b\" data-element_type=\"widget\" data-settings=\"{&quot;youtube_url&quot;:&quot;https:\\\/\\\/www.youtube.com\\\/watch?v=gW7U0BrlB_I&amp;t=7s&quot;,&quot;show_image_overlay&quot;:&quot;yes&quot;,&quot;image_overlay&quot;:{&quot;url&quot;:&quot;https:\\\/\\\/hemogum.com\\\/wp-content\\\/uploads\\\/2024\\\/02\\\/IMG_2965.webp&quot;,&quot;id&quot;:3232,&quot;size&quot;:&quot;&quot;,&quot;alt&quot;:&quot;&quot;,&quot;source&quot;:&quot;library&quot;},&quot;video_type&quot;:&quot;youtube&quot;,&quot;controls&quot;:&quot;yes&quot;}\" data-widget_type=\"video.default\">\n\t\t\t\t<div class=\"elementor-widget-container\">\n\t\t\t\t\t\t\t<div class=\"elementor-wrapper elementor-open-inline\">\n\t\t\t<div class=\"elementor-video\"><\/div>\t\t\t\t<div class=\"elementor-custom-embed-image-overlay\" style=\"background-image: url(https:\/\/hemogum.com\/wp-content\/uploads\/2024\/02\/IMG_2965.webp);\">\n\t\t\t\t\t\t\t\t\t\t\t\t\t\t\t\t<div class=\"elementor-custom-embed-play\" role=\"button\" aria-label=\"\u041f\u0443\u0441\u0442\u0438 \u0432\u0438\u0434\u0435\u043e \u0437\u0430\u043f\u0438\u0441\" tabindex=\"0\">\n\t\t\t\t\t\t\t<svg aria-hidden=\"true\" class=\"e-font-icon-svg e-eicon-play\" viewBox=\"0 0 1000 1000\" xmlns=\"http:\/\/www.w3.org\/2000\/svg\"><path d=\"M838 162C746 71 633 25 500 25 371 25 258 71 163 162 71 254 25 367 25 500 25 633 71 746 163 837 254 929 367 979 500 979 633 979 746 933 838 837 929 746 975 633 975 500 975 367 929 254 838 162M808 192C892 279 933 379 933 500 933 621 892 725 808 808 725 892 621 938 500 938 379 938 279 896 196 808 113 725 67 621 67 500 67 379 108 279 196 192 279 108 383 62 500 62 621 62 721 108 808 192M438 392V642L642 517 438 392Z\"><\/path><\/svg>\t\t\t\t\t\t<\/div>\n\t\t\t\t\t\t\t\t\t<\/div>\n\t\t\t\t\t<\/div>\n\t\t\t\t\t\t<\/div>\n\t\t\t\t<\/div>\n\t\t\t\t<\/div>\n\t\t\t\t\t<\/div>\n\t\t\t\t<\/div>\n\t\t<div class=\"wd-negative-gap elementor-element elementor-element-1a56740 wd-section-stretch e-flex e-con-boxed e-con e-parent\" data-id=\"1a56740\" data-element_type=\"container\" data-settings=\"{&quot;background_background&quot;:&quot;classic&quot;}\">\n\t\t\t\t\t<div class=\"e-con-inner\">\n\t\t<div class=\"elementor-element elementor-element-6c2b969 e-con-full e-flex e-con e-child\" data-id=\"6c2b969\" data-element_type=\"container\">\n\t\t\t\t<div class=\"elementor-element elementor-element-1b4d6d0 wd-width-100 elementor-widget elementor-widget-wd_title\" data-id=\"1b4d6d0\" data-element_type=\"widget\" data-widget_type=\"wd_title.default\">\n\t\t\t\t<div class=\"elementor-widget-container\">\n\t\t\t\t\t\t\t<div class=\"title-wrapper wd-set-mb reset-last-child wd-title-color-white wd-title-style-default wd-title-size-small text-center\">\n\n\t\t\t\n\t\t\t<div class=\"liner-continer\">\n\t\t\t\t<h4 class=\"woodmart-title-container title wd-fontsize-m wd-underline-colored\">Sertifikati: <br \/>\n<\/h4> \n\t\t\t\t\t\t\t<\/div>\n\n\t\t\t\t\t\t\t<div class=\"title-after_title reset-last-child wd-fontsize-xs\">\n\t\t\t\t\t<p>Predmet i podru\u010dje sertifikacije:<br \/>Projektovanje, proizvodnja i prodaja gumeno tehni\u010dke robe za auto industriju, elektro industriju, gra\u0111evinarstvo, rudarstvo i namensku proizvodnju.<\/p>\t\t\t\t<\/div>\n\t\t\t\t\t<\/div>\n\t\t\t\t\t\t<\/div>\n\t\t\t\t<\/div>\n\t\t\t\t<div class=\"elementor-element elementor-element-c9c27c4 elementor-widget elementor-widget-wd_button\" data-id=\"c9c27c4\" data-element_type=\"widget\" data-widget_type=\"wd_button.default\">\n\t\t\t\t<div class=\"elementor-widget-container\">\n\t\t\t\t\t\t\t<div class=\"wd-button-wrapper text-center\" >\n\t\t\t<a class=\"btn btn-style-default btn-shape-semi-round btn-size-small btn-color-primary btn-full-width btn-icon-pos-left\"  href=\"https:\/\/hemogum.com\/wp-content\/uploads\/2025\/07\/IZJAVA-O-POLITICI-IMS-a.pdf\" target=\"_blank\">\n\t\t\t\t<span class=\"wd-btn-text\" data-elementor-setting-key=\"text\">\n\t\t\t\t\tIzjava o politici kvaliteta 2025\t\t\t\t<\/span>\n\n\t\t\t\t\t\t\t\t\t<span class=\"wd-btn-icon\">\n\t\t\t\t\t\t<svg class=\"wd-icon e-font-icon-svg e-fas-file-download\" viewBox=\"0 0 384 512\" xmlns=\"http:\/\/www.w3.org\/2000\/svg\"><path d=\"M224 136V0H24C10.7 0 0 10.7 0 24v464c0 13.3 10.7 24 24 24h336c13.3 0 24-10.7 24-24V160H248c-13.2 0-24-10.8-24-24zm76.45 211.36l-96.42 95.7c-6.65 6.61-17.39 6.61-24.04 0l-96.42-95.7C73.42 337.29 80.54 320 94.82 320H160v-80c0-8.84 7.16-16 16-16h32c8.84 0 16 7.16 16 16v80h65.18c14.28 0 21.4 17.29 11.27 27.36zM377 105L279.1 7c-4.5-4.5-10.6-7-17-7H256v128h128v-6.1c0-6.3-2.5-12.4-7-16.9z\"><\/path><\/svg>\t\t\t\t\t<\/span>\n\t\t\t\t\t\t\t<\/a>\n\t\t<\/div>\n\t\t\t\t\t\t<\/div>\n\t\t\t\t<\/div>\n\t\t\t\t<\/div>\n\t\t<div class=\"elementor-element elementor-element-5a66a04 e-con-full e-flex e-con e-child\" data-id=\"5a66a04\" data-element_type=\"container\">\n\t\t\t\t<div class=\"elementor-element elementor-element-22c7e42 elementor-widget elementor-widget-wd_image_or_svg\" data-id=\"22c7e42\" data-element_type=\"widget\" data-widget_type=\"wd_image_or_svg.default\">\n\t\t\t\t<div class=\"elementor-widget-container\">\n\t\t\t\t\t\n\t\t<div class=\"wd-image text-left\">\n\t\t\t\t\t\t\t\t<img fetchpriority=\"high\" decoding=\"async\" width=\"1810\" height=\"2560\" src=\"https:\/\/hemogum.com\/wp-content\/uploads\/2025\/07\/sertifikat-srb-9001-scaled.jpg\" class=\"attachment-full size-full\" alt=\"\" srcset=\"https:\/\/hemogum.com\/wp-content\/uploads\/2025\/07\/sertifikat-srb-9001-scaled.jpg 1810w, https:\/\/hemogum.com\/wp-content\/uploads\/2025\/07\/sertifikat-srb-9001-212x300.jpg 212w, https:\/\/hemogum.com\/wp-content\/uploads\/2025\/07\/sertifikat-srb-9001-724x1024.jpg 724w, https:\/\/hemogum.com\/wp-content\/uploads\/2025\/07\/sertifikat-srb-9001-768x1086.jpg 768w, https:\/\/hemogum.com\/wp-content\/uploads\/2025\/07\/sertifikat-srb-9001-1086x1536.jpg 1086w, https:\/\/hemogum.com\/wp-content\/uploads\/2025\/07\/sertifikat-srb-9001-1448x2048.jpg 1448w\" sizes=\"(max-width: 1810px) 100vw, 1810px\" \/>\t\t\t\t\t<\/div>\n\n\t\t\t\t\t\t<\/div>\n\t\t\t\t<\/div>\n\t\t\t\t<\/div>\n\t\t<div class=\"elementor-element elementor-element-e346ddb e-con-full e-flex e-con e-child\" data-id=\"e346ddb\" data-element_type=\"container\">\n\t\t\t\t<div class=\"elementor-element elementor-element-9833284 elementor-widget elementor-widget-wd_image_or_svg\" data-id=\"9833284\" data-element_type=\"widget\" data-widget_type=\"wd_image_or_svg.default\">\n\t\t\t\t<div class=\"elementor-widget-container\">\n\t\t\t\t\t\n\t\t<div class=\"wd-image text-left\">\n\t\t\t\t\t\t\t\t<img decoding=\"async\" width=\"1810\" height=\"2560\" src=\"https:\/\/hemogum.com\/wp-content\/uploads\/2025\/07\/iso14001-2015-scaled.jpg\" class=\"attachment-full size-full\" alt=\"\" srcset=\"https:\/\/hemogum.com\/wp-content\/uploads\/2025\/07\/iso14001-2015-scaled.jpg 1810w, https:\/\/hemogum.com\/wp-content\/uploads\/2025\/07\/iso14001-2015-212x300.jpg 212w, https:\/\/hemogum.com\/wp-content\/uploads\/2025\/07\/iso14001-2015-724x1024.jpg 724w, https:\/\/hemogum.com\/wp-content\/uploads\/2025\/07\/iso14001-2015-768x1086.jpg 768w, https:\/\/hemogum.com\/wp-content\/uploads\/2025\/07\/iso14001-2015-1086x1536.jpg 1086w, https:\/\/hemogum.com\/wp-content\/uploads\/2025\/07\/iso14001-2015-1448x2048.jpg 1448w\" sizes=\"(max-width: 1810px) 100vw, 1810px\" \/>\t\t\t\t\t<\/div>\n\n\t\t\t\t\t\t<\/div>\n\t\t\t\t<\/div>\n\t\t\t\t<\/div>\n\t\t\t\t\t<\/div>\n\t\t\t\t<\/div>\n\t\t\t\t<\/div>\n\t\t","protected":false},"excerpt":{"rendered":"<p>Hemogum\u00a0je osnovan 1991. godine i bavi se proizvodnjom gumotehni\u010dke robe. Ima sopstveni razvoj i veliki asortiman sme\u0161a razli\u010ditih namena koje<\/p>\n","protected":false},"author":1,"featured_media":0,"parent":0,"menu_order":0,"comment_status":"closed","ping_status":"closed","template":"","meta":{"footnotes":""},"class_list":["post-558","page","type-page","status-publish","hentry"],"yoast_head":"<!-- This site is optimized with the Yoast SEO plugin v25.5 - https:\/\/yoast.com\/wordpress\/plugins\/seo\/ -->\n<title>O Nama \u2013 Hemogum \u010ca\u010dak \/ Po\u0161aljite Zahtev za Ponudu<\/title>\n<meta name=\"description\" content=\"Hemogum je osnovan 1991. godine i bavi se proizvodnjom gumotehni\u010dke robe. Ima sopstveni razvoj i veliki asortiman sme\u0161a razli\u010ditih namena\" \/>\n<meta name=\"robots\" content=\"index, follow, max-snippet:-1, max-image-preview:large, max-video-preview:-1\" \/>\n<link rel=\"canonical\" href=\"https:\/\/hemogum.com\/about-us\/\" \/>\n<meta property=\"og:locale\" content=\"sr_RS\" \/>\n<meta property=\"og:type\" content=\"article\" \/>\n<meta property=\"og:title\" content=\"O Nama \u2013 Hemogum \u010ca\u010dak \/ Po\u0161aljite Zahtev za Ponudu\" \/>\n<meta property=\"og:description\" content=\"Hemogum je osnovan 1991. godine i bavi se proizvodnjom gumotehni\u010dke robe. Ima sopstveni razvoj i veliki asortiman sme\u0161a razli\u010ditih namena\" \/>\n<meta property=\"og:url\" content=\"https:\/\/hemogum.com\/about-us\/\" \/>\n<meta property=\"og:site_name\" content=\"Hemogum\" \/>\n<meta property=\"article:modified_time\" content=\"2025-07-28T12:30:32+00:00\" \/>\n<meta property=\"og:image\" content=\"https:\/\/hemogum.com\/wp-content\/uploads\/2025\/07\/sertifikat-srb-9001-scaled.jpg\" \/>\n<meta name=\"twitter:card\" content=\"summary_large_image\" \/>\n<meta name=\"twitter:label1\" content=\"\u041f\u0440\u043e\u0446\u0435\u045a\u0435\u043d\u043e \u0432\u0440\u0435\u043c\u0435 \u0447\u0438\u0442\u0430\u045a\u0430\" \/>\n\t<meta name=\"twitter:data1\" content=\"2 \u043c\u0438\u043d\u0443\u0442\u0430\" \/>\n<script type=\"application\/ld+json\" class=\"yoast-schema-graph\">{\"@context\":\"https:\/\/schema.org\",\"@graph\":[{\"@type\":\"WebPage\",\"@id\":\"https:\/\/hemogum.com\/about-us\/\",\"url\":\"https:\/\/hemogum.com\/about-us\/\",\"name\":\"O Nama \u2013 Hemogum \u010ca\u010dak \/ Po\u0161aljite Zahtev za Ponudu\",\"isPartOf\":{\"@id\":\"https:\/\/hemogum.com\/sr\/#website\"},\"primaryImageOfPage\":{\"@id\":\"https:\/\/hemogum.com\/about-us\/#primaryimage\"},\"image\":{\"@id\":\"https:\/\/hemogum.com\/about-us\/#primaryimage\"},\"thumbnailUrl\":\"https:\/\/hemogum.com\/wp-content\/uploads\/2025\/07\/sertifikat-srb-9001-scaled.jpg\",\"datePublished\":\"2019-04-11T14:54:55+00:00\",\"dateModified\":\"2025-07-28T12:30:32+00:00\",\"description\":\"Hemogum je osnovan 1991. godine i bavi se proizvodnjom gumotehni\u010dke robe. Ima sopstveni razvoj i veliki asortiman sme\u0161a razli\u010ditih namena\",\"breadcrumb\":{\"@id\":\"https:\/\/hemogum.com\/about-us\/#breadcrumb\"},\"inLanguage\":\"sr-RS\",\"potentialAction\":[{\"@type\":\"ReadAction\",\"target\":[\"https:\/\/hemogum.com\/about-us\/\"]}]},{\"@type\":\"ImageObject\",\"inLanguage\":\"sr-RS\",\"@id\":\"https:\/\/hemogum.com\/about-us\/#primaryimage\",\"url\":\"https:\/\/hemogum.com\/wp-content\/uploads\/2025\/07\/sertifikat-srb-9001-scaled.jpg\",\"contentUrl\":\"https:\/\/hemogum.com\/wp-content\/uploads\/2025\/07\/sertifikat-srb-9001-scaled.jpg\"},{\"@type\":\"BreadcrumbList\",\"@id\":\"https:\/\/hemogum.com\/about-us\/#breadcrumb\",\"itemListElement\":[{\"@type\":\"ListItem\",\"position\":1,\"name\":\"Home\",\"item\":\"https:\/\/hemogum.com\/\"},{\"@type\":\"ListItem\",\"position\":2,\"name\":\"O nama\"}]},{\"@type\":\"WebSite\",\"@id\":\"https:\/\/hemogum.com\/sr\/#website\",\"url\":\"https:\/\/hemogum.com\/sr\/\",\"name\":\"Hemogum\",\"description\":\"\",\"potentialAction\":[{\"@type\":\"SearchAction\",\"target\":{\"@type\":\"EntryPoint\",\"urlTemplate\":\"https:\/\/hemogum.com\/sr\/?s={search_term_string}\"},\"query-input\":{\"@type\":\"PropertyValueSpecification\",\"valueRequired\":true,\"valueName\":\"search_term_string\"}}],\"inLanguage\":\"sr-RS\"}]}<\/script>\n<!-- \/ Yoast SEO plugin. -->","yoast_head_json":{"title":"O Nama \u2013 Hemogum \u010ca\u010dak \/ Po\u0161aljite Zahtev za Ponudu","description":"Hemogum je osnovan 1991. godine i bavi se proizvodnjom gumotehni\u010dke robe. Ima sopstveni razvoj i veliki asortiman sme\u0161a razli\u010ditih namena","robots":{"index":"index","follow":"follow","max-snippet":"max-snippet:-1","max-image-preview":"max-image-preview:large","max-video-preview":"max-video-preview:-1"},"canonical":"https:\/\/hemogum.com\/about-us\/","og_locale":"sr_RS","og_type":"article","og_title":"O Nama \u2013 Hemogum \u010ca\u010dak \/ Po\u0161aljite Zahtev za Ponudu","og_description":"Hemogum je osnovan 1991. godine i bavi se proizvodnjom gumotehni\u010dke robe. Ima sopstveni razvoj i veliki asortiman sme\u0161a razli\u010ditih namena","og_url":"https:\/\/hemogum.com\/about-us\/","og_site_name":"Hemogum","article_modified_time":"2025-07-28T12:30:32+00:00","og_image":[{"url":"https:\/\/hemogum.com\/wp-content\/uploads\/2025\/07\/sertifikat-srb-9001-scaled.jpg","type":"","width":"","height":""}],"twitter_card":"summary_large_image","twitter_misc":{"\u041f\u0440\u043e\u0446\u0435\u045a\u0435\u043d\u043e \u0432\u0440\u0435\u043c\u0435 \u0447\u0438\u0442\u0430\u045a\u0430":"2 \u043c\u0438\u043d\u0443\u0442\u0430"},"schema":{"@context":"https:\/\/schema.org","@graph":[{"@type":"WebPage","@id":"https:\/\/hemogum.com\/about-us\/","url":"https:\/\/hemogum.com\/about-us\/","name":"O Nama \u2013 Hemogum \u010ca\u010dak \/ Po\u0161aljite Zahtev za Ponudu","isPartOf":{"@id":"https:\/\/hemogum.com\/sr\/#website"},"primaryImageOfPage":{"@id":"https:\/\/hemogum.com\/about-us\/#primaryimage"},"image":{"@id":"https:\/\/hemogum.com\/about-us\/#primaryimage"},"thumbnailUrl":"https:\/\/hemogum.com\/wp-content\/uploads\/2025\/07\/sertifikat-srb-9001-scaled.jpg","datePublished":"2019-04-11T14:54:55+00:00","dateModified":"2025-07-28T12:30:32+00:00","description":"Hemogum je osnovan 1991. godine i bavi se proizvodnjom gumotehni\u010dke robe. Ima sopstveni razvoj i veliki asortiman sme\u0161a razli\u010ditih namena","breadcrumb":{"@id":"https:\/\/hemogum.com\/about-us\/#breadcrumb"},"inLanguage":"sr-RS","potentialAction":[{"@type":"ReadAction","target":["https:\/\/hemogum.com\/about-us\/"]}]},{"@type":"ImageObject","inLanguage":"sr-RS","@id":"https:\/\/hemogum.com\/about-us\/#primaryimage","url":"https:\/\/hemogum.com\/wp-content\/uploads\/2025\/07\/sertifikat-srb-9001-scaled.jpg","contentUrl":"https:\/\/hemogum.com\/wp-content\/uploads\/2025\/07\/sertifikat-srb-9001-scaled.jpg"},{"@type":"BreadcrumbList","@id":"https:\/\/hemogum.com\/about-us\/#breadcrumb","itemListElement":[{"@type":"ListItem","position":1,"name":"Home","item":"https:\/\/hemogum.com\/"},{"@type":"ListItem","position":2,"name":"O nama"}]},{"@type":"WebSite","@id":"https:\/\/hemogum.com\/sr\/#website","url":"https:\/\/hemogum.com\/sr\/","name":"Hemogum","description":"","potentialAction":[{"@type":"SearchAction","target":{"@type":"EntryPoint","urlTemplate":"https:\/\/hemogum.com\/sr\/?s={search_term_string}"},"query-input":{"@type":"PropertyValueSpecification","valueRequired":true,"valueName":"search_term_string"}}],"inLanguage":"sr-RS"}]}},"_links":{"self":[{"href":"https:\/\/hemogum.com\/sr\/wp-json\/wp\/v2\/pages\/558","targetHints":{"allow":["GET"]}}],"collection":[{"href":"https:\/\/hemogum.com\/sr\/wp-json\/wp\/v2\/pages"}],"about":[{"href":"https:\/\/hemogum.com\/sr\/wp-json\/wp\/v2\/types\/page"}],"author":[{"embeddable":true,"href":"https:\/\/hemogum.com\/sr\/wp-json\/wp\/v2\/users\/1"}],"replies":[{"embeddable":true,"href":"https:\/\/hemogum.com\/sr\/wp-json\/wp\/v2\/comments?post=558"}],"version-history":[{"count":66,"href":"https:\/\/hemogum.com\/sr\/wp-json\/wp\/v2\/pages\/558\/revisions"}],"predecessor-version":[{"id":3593,"href":"https:\/\/hemogum.com\/sr\/wp-json\/wp\/v2\/pages\/558\/revisions\/3593"}],"wp:attachment":[{"href":"https:\/\/hemogum.com\/sr\/wp-json\/wp\/v2\/media?parent=558"}],"curies":[{"name":"wp","href":"https:\/\/api.w.org\/{rel}","templated":true}]}}