{"id":562,"date":"2019-04-11T14:55:32","date_gmt":"2019-04-11T14:55:32","guid":{"rendered":"http:\/\/hemogum.acocvetic.com\/toolroom\/"},"modified":"2025-07-28T11:55:30","modified_gmt":"2025-07-28T11:55:30","slug":"alatnica","status":"publish","type":"page","link":"https:\/\/hemogum.com\/sr\/alatnica\/","title":{"rendered":"Alatnica"},"content":{"rendered":"\t\t<div data-elementor-type=\"wp-page\" data-elementor-id=\"562\" class=\"elementor elementor-562\">\n\t\t\t\t<div class=\"wd-negative-gap elementor-element elementor-element-45a3842 e-flex e-con-boxed e-con e-parent\" data-id=\"45a3842\" data-element_type=\"container\">\n\t\t\t\t\t<div class=\"e-con-inner\">\n\t\t\t\t<div class=\"elementor-element elementor-element-1c56d67 color-scheme-inherit text-left elementor-widget elementor-widget-text-editor\" data-id=\"1c56d67\" data-element_type=\"widget\" data-widget_type=\"text-editor.default\">\n\t\t\t\t<div class=\"elementor-widget-container\">\n\t\t\t\t\t\t\t\t\t<p>Hemogum raspola\u017ee sa CNC ma\u0161inama, glodalicom i erozimatom koji su u potpunosti integrisani u CAD \u2013 CAM \u2013 CAE tehnolo\u0161ki sistem. Vr\u0161imo projektovanje, izradu i ispitivanje novih proizvoda iz prethodno definisanih zahteva, i to od faze izrade virtualnog modela u najsavremenijem 3D softveru, pa preko ispitivanja metodom kona\u010dnih elemenata, do izrade prototipa i izrade alata za serijsku proizvodnju. S\u2019 obzirom na veliko iskustvo u upotrebi 3D softvera u mogu\u0107nosti smo da maksimalno skratimo vreme razvoja i tro\u0161kove, zahvaljuju\u0107i maksimalnoj iskori\u0161\u0107enosti savremenih softverskih re\u0161enja.<\/p><p>Tako\u0111e se vrlo uspe\u0161no bavimo reverznim in\u017eenjeringom, prema datom uzorku, bilo da se radi o modelu koji je o\u0161te\u0107en na nekoj ma\u0161ini ili o novom modelu. Osposobljeni smo da izvr\u0161imo merenja, analize i ispitivanje veoma slo\u017eenih delova, a zatim i njihovu izradu ili kao pojedina\u010dni deo ili novi alat za izradu novog proizvoda. Na\u0161a alatnica osposobljena je za izradu alata za proizvode od gume I silikona i proizvode od plastike.<\/p>\t\t\t\t\t\t\t\t<\/div>\n\t\t\t\t<\/div>\n\t\t\t\t\t<\/div>\n\t\t\t\t<\/div>\n\t\t<div class=\"wd-negative-gap elementor-element elementor-element-b0eac7a e-flex e-con-boxed e-con e-parent\" data-id=\"b0eac7a\" data-element_type=\"container\">\n\t\t\t\t\t<div class=\"e-con-inner\">\n\t\t\t\t<div class=\"elementor-element elementor-element-1734499 wd-width-100 elementor-widget elementor-widget-wd_images_gallery\" data-id=\"1734499\" data-element_type=\"widget\" data-widget_type=\"wd_images_gallery.default\">\n\t\t\t\t<div class=\"elementor-widget-container\">\n\t\t\t\t\t\t\t<div class=\"wd-images-gallery photoswipe-images wd-carousel-container\" style=\"--wd-align-items:center; --wd-justify-content:center;\">\n\t\t\t\t\t\t\t<div class=\"wd-carousel-inner\">\n\t\t\t\t\t\t<div class=\"wd-carousel wd-grid\" data-speed=\"10000\" data-wrap=\"yes\" data-autoplay=\"yes\" data-scroll_per_page=\"yes\" style=\"--wd-col-lg:3;--wd-col-md:3;--wd-col-sm:1;--wd-gap-lg:6px;\">\n\t\t\t\t\t\t\t\t\t<div class=\"wd-carousel-wrap\">\n\t\t\t\t\t\t\t\t\t\t\t\t\t\t\t\t\t\t<div class=\"wd-gallery-item wd-carousel-item\">\n\t\t\t\t\t\t\t\t\t\t\t\t\t<a  href=\"https:\/\/hemogum.com\/wp-content\/uploads\/2024\/02\/IMG_2920.webp\" data-width=\"1200\" data-height=\"800\" data-index=\"1\" data-elementor-open-lightbox=\"no\">\n\t\t\t\t\t\t\n\t\t\t\t\t\t<img fetchpriority=\"high\" decoding=\"async\" width=\"1024\" height=\"683\" src=\"https:\/\/hemogum.com\/wp-content\/uploads\/2024\/02\/IMG_2920-1024x683.webp\" class=\"attachment-large size-large\" alt=\"IMG_2920\" srcset=\"https:\/\/hemogum.com\/wp-content\/uploads\/2024\/02\/IMG_2920-1024x683.webp 1024w, https:\/\/hemogum.com\/wp-content\/uploads\/2024\/02\/IMG_2920-300x200.webp 300w, https:\/\/hemogum.com\/wp-content\/uploads\/2024\/02\/IMG_2920-768x512.webp 768w, https:\/\/hemogum.com\/wp-content\/uploads\/2024\/02\/IMG_2920.webp 1200w\" sizes=\"(max-width: 1024px) 100vw, 1024px\" \/>\n\t\t\t\t\t\t\t\t\t\t\t\t\t<\/a>\n\t\t\t\t\t\t\t\t\t\t\t<\/div>\n\t\t\t\t\t\t\t\t\t\t\t\t\t\t\t<div class=\"wd-gallery-item wd-carousel-item\">\n\t\t\t\t\t\t\t\t\t\t\t\t\t<a  href=\"https:\/\/hemogum.com\/wp-content\/uploads\/2024\/02\/IMG_2950-1.webp\" data-width=\"1200\" data-height=\"800\" data-index=\"2\" data-elementor-open-lightbox=\"no\">\n\t\t\t\t\t\t\n\t\t\t\t\t\t<img decoding=\"async\" width=\"1024\" height=\"683\" src=\"https:\/\/hemogum.com\/wp-content\/uploads\/2024\/02\/IMG_2950-1-1024x683.webp\" class=\"attachment-large size-large\" alt=\"IMG_2950-1\" srcset=\"https:\/\/hemogum.com\/wp-content\/uploads\/2024\/02\/IMG_2950-1-1024x683.webp 1024w, https:\/\/hemogum.com\/wp-content\/uploads\/2024\/02\/IMG_2950-1-300x200.webp 300w, https:\/\/hemogum.com\/wp-content\/uploads\/2024\/02\/IMG_2950-1-768x512.webp 768w, https:\/\/hemogum.com\/wp-content\/uploads\/2024\/02\/IMG_2950-1.webp 1200w\" sizes=\"(max-width: 1024px) 100vw, 1024px\" \/>\n\t\t\t\t\t\t\t\t\t\t\t\t\t<\/a>\n\t\t\t\t\t\t\t\t\t\t\t<\/div>\n\t\t\t\t\t\t\t\t\t\t\t\t\t\t\t<div class=\"wd-gallery-item wd-carousel-item\">\n\t\t\t\t\t\t\t\t\t\t\t\t\t<a  href=\"https:\/\/hemogum.com\/wp-content\/uploads\/2024\/02\/IMG_2907.webp\" data-width=\"1200\" data-height=\"800\" data-index=\"3\" data-elementor-open-lightbox=\"no\">\n\t\t\t\t\t\t\n\t\t\t\t\t\t<img decoding=\"async\" width=\"1024\" height=\"683\" src=\"https:\/\/hemogum.com\/wp-content\/uploads\/2024\/02\/IMG_2907-1024x683.webp\" class=\"attachment-large size-large\" alt=\"IMG_2907\" srcset=\"https:\/\/hemogum.com\/wp-content\/uploads\/2024\/02\/IMG_2907-1024x683.webp 1024w, https:\/\/hemogum.com\/wp-content\/uploads\/2024\/02\/IMG_2907-300x200.webp 300w, https:\/\/hemogum.com\/wp-content\/uploads\/2024\/02\/IMG_2907-768x512.webp 768w, https:\/\/hemogum.com\/wp-content\/uploads\/2024\/02\/IMG_2907.webp 1200w\" sizes=\"(max-width: 1024px) 100vw, 1024px\" \/>\n\t\t\t\t\t\t\t\t\t\t\t\t\t<\/a>\n\t\t\t\t\t\t\t\t\t\t\t<\/div>\n\t\t\t\t\t\t\t\t\t\t\t\t\t\t\t<div class=\"wd-gallery-item wd-carousel-item\">\n\t\t\t\t\t\t\t\t\t\t\t\t\t<a  href=\"https:\/\/hemogum.com\/wp-content\/uploads\/2024\/02\/IMG_2965.webp\" data-width=\"1200\" data-height=\"800\" data-index=\"4\" data-elementor-open-lightbox=\"no\">\n\t\t\t\t\t\t\n\t\t\t\t\t\t<img loading=\"lazy\" decoding=\"async\" width=\"1024\" height=\"683\" src=\"https:\/\/hemogum.com\/wp-content\/uploads\/2024\/02\/IMG_2965-1024x683.webp\" class=\"attachment-large size-large\" alt=\"IMG_2965\" srcset=\"https:\/\/hemogum.com\/wp-content\/uploads\/2024\/02\/IMG_2965-1024x683.webp 1024w, https:\/\/hemogum.com\/wp-content\/uploads\/2024\/02\/IMG_2965-300x200.webp 300w, https:\/\/hemogum.com\/wp-content\/uploads\/2024\/02\/IMG_2965-768x512.webp 768w, https:\/\/hemogum.com\/wp-content\/uploads\/2024\/02\/IMG_2965.webp 1200w\" sizes=\"(max-width: 1024px) 100vw, 1024px\" \/>\n\t\t\t\t\t\t\t\t\t\t\t\t\t<\/a>\n\t\t\t\t\t\t\t\t\t\t\t<\/div>\n\t\t\t\t\t\t\t\t\t\t\t\t\t\t\t\t<\/div>\n\t\t\t\t\t\t\t\t<\/div>\n\t\t\t\t\t\t\t\t\t\t\t\t\t\t<div class=\"wd-nav-arrows wd-pos-sep wd-hover-1 wd-icon-1\">\n\t\t\t<div class=\"wd-btn-arrow wd-prev wd-disabled\">\n\t\t\t\t<div class=\"wd-arrow-inner\"><\/div>\n\t\t\t<\/div>\n\t\t\t<div class=\"wd-btn-arrow wd-next\">\n\t\t\t\t<div class=\"wd-arrow-inner\"><\/div>\n\t\t\t<\/div>\n\t\t<\/div>\n\t\t\t\t\t\t\n\t\t\t\t<\/div>\n\n\t\t\t\t\t\t<div class=\"wd-nav-pagin-wrap text-center wd-style-shape wd-hide-md-sm wd-hide-sm\">\n\t\t\t<ul class=\"wd-nav-pagin\"><\/ul>\n\t\t<\/div>\n\t\t\t\t\t\t\t\t\t\t\t<\/div>\n\t\t\t\t\t\t<\/div>\n\t\t\t\t<\/div>\n\t\t\t\t\t<\/div>\n\t\t\t\t<\/div>\n\t\t<div class=\"wd-negative-gap elementor-element elementor-element-7acb027 e-flex e-con-boxed e-con e-parent\" data-id=\"7acb027\" data-element_type=\"container\">\n\t\t\t\t\t<div class=\"e-con-inner\">\n\t\t\t\t<div class=\"elementor-element elementor-element-458e729 color-scheme-inherit text-left elementor-widget elementor-widget-text-editor\" data-id=\"458e729\" data-element_type=\"widget\" data-widget_type=\"text-editor.default\">\n\t\t\t\t<div class=\"elementor-widget-container\">\n\t\t\t\t\t\t\t\t\tHemogum u svojoj proizvodnji koristi kompresione prese, prese sa transfer postupkom i injekcionim ubrizgavanjem. Svaka presa koristi sistem intelinject koji integri\u0161e automatizme termotrac i mastertrac. Intelinject sistem kontrole ubrizgavanja i regulacije zatvorenog kola obezbe\u0111uje preciznost i ponavljanje regla\u017ee prese, integri\u0161e softvere mastertrac i termotrac. Stalna kontrola ovih parametara proizvodnje garantuje usagla\u0161enost delova sa tra\u017eenim standardom.\t\t\t\t\t\t\t\t<\/div>\n\t\t\t\t<\/div>\n\t\t\t\t\t<\/div>\n\t\t\t\t<\/div>\n\t\t\t\t<\/div>\n\t\t","protected":false},"excerpt":{"rendered":"<p>Hemogum raspola\u017ee sa CNC ma\u0161inama, glodalicom i erozimatom koji su u potpunosti integrisani u CAD \u2013 CAM \u2013 CAE tehnolo\u0161ki<\/p>\n","protected":false},"author":1,"featured_media":0,"parent":0,"menu_order":0,"comment_status":"closed","ping_status":"closed","template":"","meta":{"footnotes":""},"class_list":["post-562","page","type-page","status-publish","hentry"],"yoast_head":"<!-- This site is optimized with the Yoast SEO plugin v25.5 - https:\/\/yoast.com\/wordpress\/plugins\/seo\/ -->\n<title>Alatnica \u2013 CNC Ma\u0161ine i Alati<\/title>\n<meta name=\"description\" content=\"Hemogum raspola\u017ee sa CNC ma\u0161inama, glodalicom i erozimatom koji su u potpunosti integrisani u CAD \u2013 CAM - CAE tehnolo\u0161ki system.\" \/>\n<meta name=\"robots\" content=\"index, follow, max-snippet:-1, max-image-preview:large, max-video-preview:-1\" \/>\n<link rel=\"canonical\" href=\"https:\/\/hemogum.com\/toolroom\/\" \/>\n<meta property=\"og:locale\" content=\"sr_RS\" \/>\n<meta property=\"og:type\" content=\"article\" \/>\n<meta property=\"og:title\" content=\"Alatnica \u2013 CNC Ma\u0161ine i Alati\" \/>\n<meta property=\"og:description\" content=\"Hemogum raspola\u017ee sa CNC ma\u0161inama, glodalicom i erozimatom koji su u potpunosti integrisani u CAD \u2013 CAM - CAE tehnolo\u0161ki system.\" \/>\n<meta property=\"og:url\" content=\"https:\/\/hemogum.com\/toolroom\/\" \/>\n<meta property=\"og:site_name\" content=\"Hemogum\" \/>\n<meta property=\"article:modified_time\" content=\"2025-07-28T11:55:30+00:00\" \/>\n<meta property=\"og:image\" content=\"https:\/\/hemogum.com\/wp-content\/uploads\/2024\/02\/IMG_2920-1024x683.webp\" \/>\n<meta name=\"twitter:card\" content=\"summary_large_image\" \/>\n<meta name=\"twitter:label1\" content=\"\u041f\u0440\u043e\u0446\u0435\u045a\u0435\u043d\u043e \u0432\u0440\u0435\u043c\u0435 \u0447\u0438\u0442\u0430\u045a\u0430\" \/>\n\t<meta name=\"twitter:data1\" content=\"2 \u043c\u0438\u043d\u0443\u0442\u0430\" \/>\n<script type=\"application\/ld+json\" class=\"yoast-schema-graph\">{\"@context\":\"https:\/\/schema.org\",\"@graph\":[{\"@type\":\"WebPage\",\"@id\":\"https:\/\/hemogum.com\/toolroom\/\",\"url\":\"https:\/\/hemogum.com\/toolroom\/\",\"name\":\"Alatnica \u2013 CNC Ma\u0161ine i Alati\",\"isPartOf\":{\"@id\":\"https:\/\/hemogum.com\/sr\/#website\"},\"primaryImageOfPage\":{\"@id\":\"https:\/\/hemogum.com\/toolroom\/#primaryimage\"},\"image\":{\"@id\":\"https:\/\/hemogum.com\/toolroom\/#primaryimage\"},\"thumbnailUrl\":\"https:\/\/hemogum.com\/wp-content\/uploads\/2024\/02\/IMG_2920-1024x683.webp\",\"datePublished\":\"2019-04-11T14:55:32+00:00\",\"dateModified\":\"2025-07-28T11:55:30+00:00\",\"description\":\"Hemogum raspola\u017ee sa CNC ma\u0161inama, glodalicom i erozimatom koji su u potpunosti integrisani u CAD \u2013 CAM - CAE tehnolo\u0161ki system.\",\"breadcrumb\":{\"@id\":\"https:\/\/hemogum.com\/toolroom\/#breadcrumb\"},\"inLanguage\":\"sr-RS\",\"potentialAction\":[{\"@type\":\"ReadAction\",\"target\":[\"https:\/\/hemogum.com\/toolroom\/\"]}]},{\"@type\":\"ImageObject\",\"inLanguage\":\"sr-RS\",\"@id\":\"https:\/\/hemogum.com\/toolroom\/#primaryimage\",\"url\":\"https:\/\/hemogum.com\/wp-content\/uploads\/2024\/02\/IMG_2920-1024x683.webp\",\"contentUrl\":\"https:\/\/hemogum.com\/wp-content\/uploads\/2024\/02\/IMG_2920-1024x683.webp\"},{\"@type\":\"BreadcrumbList\",\"@id\":\"https:\/\/hemogum.com\/toolroom\/#breadcrumb\",\"itemListElement\":[{\"@type\":\"ListItem\",\"position\":1,\"name\":\"Home\",\"item\":\"https:\/\/hemogum.com\/\"},{\"@type\":\"ListItem\",\"position\":2,\"name\":\"Alatnica\"}]},{\"@type\":\"WebSite\",\"@id\":\"https:\/\/hemogum.com\/sr\/#website\",\"url\":\"https:\/\/hemogum.com\/sr\/\",\"name\":\"Hemogum\",\"description\":\"\",\"potentialAction\":[{\"@type\":\"SearchAction\",\"target\":{\"@type\":\"EntryPoint\",\"urlTemplate\":\"https:\/\/hemogum.com\/sr\/?s={search_term_string}\"},\"query-input\":{\"@type\":\"PropertyValueSpecification\",\"valueRequired\":true,\"valueName\":\"search_term_string\"}}],\"inLanguage\":\"sr-RS\"}]}<\/script>\n<!-- \/ Yoast SEO plugin. -->","yoast_head_json":{"title":"Alatnica \u2013 CNC Ma\u0161ine i Alati","description":"Hemogum raspola\u017ee sa CNC ma\u0161inama, glodalicom i erozimatom koji su u potpunosti integrisani u CAD \u2013 CAM - CAE tehnolo\u0161ki system.","robots":{"index":"index","follow":"follow","max-snippet":"max-snippet:-1","max-image-preview":"max-image-preview:large","max-video-preview":"max-video-preview:-1"},"canonical":"https:\/\/hemogum.com\/toolroom\/","og_locale":"sr_RS","og_type":"article","og_title":"Alatnica \u2013 CNC Ma\u0161ine i Alati","og_description":"Hemogum raspola\u017ee sa CNC ma\u0161inama, glodalicom i erozimatom koji su u potpunosti integrisani u CAD \u2013 CAM - CAE tehnolo\u0161ki system.","og_url":"https:\/\/hemogum.com\/toolroom\/","og_site_name":"Hemogum","article_modified_time":"2025-07-28T11:55:30+00:00","og_image":[{"url":"https:\/\/hemogum.com\/wp-content\/uploads\/2024\/02\/IMG_2920-1024x683.webp","type":"","width":"","height":""}],"twitter_card":"summary_large_image","twitter_misc":{"\u041f\u0440\u043e\u0446\u0435\u045a\u0435\u043d\u043e \u0432\u0440\u0435\u043c\u0435 \u0447\u0438\u0442\u0430\u045a\u0430":"2 \u043c\u0438\u043d\u0443\u0442\u0430"},"schema":{"@context":"https:\/\/schema.org","@graph":[{"@type":"WebPage","@id":"https:\/\/hemogum.com\/toolroom\/","url":"https:\/\/hemogum.com\/toolroom\/","name":"Alatnica \u2013 CNC Ma\u0161ine i Alati","isPartOf":{"@id":"https:\/\/hemogum.com\/sr\/#website"},"primaryImageOfPage":{"@id":"https:\/\/hemogum.com\/toolroom\/#primaryimage"},"image":{"@id":"https:\/\/hemogum.com\/toolroom\/#primaryimage"},"thumbnailUrl":"https:\/\/hemogum.com\/wp-content\/uploads\/2024\/02\/IMG_2920-1024x683.webp","datePublished":"2019-04-11T14:55:32+00:00","dateModified":"2025-07-28T11:55:30+00:00","description":"Hemogum raspola\u017ee sa CNC ma\u0161inama, glodalicom i erozimatom koji su u potpunosti integrisani u CAD \u2013 CAM - CAE tehnolo\u0161ki system.","breadcrumb":{"@id":"https:\/\/hemogum.com\/toolroom\/#breadcrumb"},"inLanguage":"sr-RS","potentialAction":[{"@type":"ReadAction","target":["https:\/\/hemogum.com\/toolroom\/"]}]},{"@type":"ImageObject","inLanguage":"sr-RS","@id":"https:\/\/hemogum.com\/toolroom\/#primaryimage","url":"https:\/\/hemogum.com\/wp-content\/uploads\/2024\/02\/IMG_2920-1024x683.webp","contentUrl":"https:\/\/hemogum.com\/wp-content\/uploads\/2024\/02\/IMG_2920-1024x683.webp"},{"@type":"BreadcrumbList","@id":"https:\/\/hemogum.com\/toolroom\/#breadcrumb","itemListElement":[{"@type":"ListItem","position":1,"name":"Home","item":"https:\/\/hemogum.com\/"},{"@type":"ListItem","position":2,"name":"Alatnica"}]},{"@type":"WebSite","@id":"https:\/\/hemogum.com\/sr\/#website","url":"https:\/\/hemogum.com\/sr\/","name":"Hemogum","description":"","potentialAction":[{"@type":"SearchAction","target":{"@type":"EntryPoint","urlTemplate":"https:\/\/hemogum.com\/sr\/?s={search_term_string}"},"query-input":{"@type":"PropertyValueSpecification","valueRequired":true,"valueName":"search_term_string"}}],"inLanguage":"sr-RS"}]}},"_links":{"self":[{"href":"https:\/\/hemogum.com\/sr\/wp-json\/wp\/v2\/pages\/562","targetHints":{"allow":["GET"]}}],"collection":[{"href":"https:\/\/hemogum.com\/sr\/wp-json\/wp\/v2\/pages"}],"about":[{"href":"https:\/\/hemogum.com\/sr\/wp-json\/wp\/v2\/types\/page"}],"author":[{"embeddable":true,"href":"https:\/\/hemogum.com\/sr\/wp-json\/wp\/v2\/users\/1"}],"replies":[{"embeddable":true,"href":"https:\/\/hemogum.com\/sr\/wp-json\/wp\/v2\/comments?post=562"}],"version-history":[{"count":18,"href":"https:\/\/hemogum.com\/sr\/wp-json\/wp\/v2\/pages\/562\/revisions"}],"predecessor-version":[{"id":3578,"href":"https:\/\/hemogum.com\/sr\/wp-json\/wp\/v2\/pages\/562\/revisions\/3578"}],"wp:attachment":[{"href":"https:\/\/hemogum.com\/sr\/wp-json\/wp\/v2\/media?parent=562"}],"curies":[{"name":"wp","href":"https:\/\/api.w.org\/{rel}","templated":true}]}}