{"id":586,"date":"2019-04-12T17:44:27","date_gmt":"2019-04-12T17:44:27","guid":{"rendered":"http:\/\/hemogum.acocvetic.com\/oil-seals\/"},"modified":"2023-12-19T11:36:14","modified_gmt":"2023-12-19T11:36:14","slug":"semerinzi-zaptivni","status":"publish","type":"page","link":"https:\/\/hemogum.com\/sr\/semerinzi-zaptivni\/","title":{"rendered":"Semerinzi"},"content":{"rendered":"\t\t<div data-elementor-type=\"wp-page\" data-elementor-id=\"586\" class=\"elementor elementor-586\">\n\t\t\t\t<div class=\"wd-negative-gap elementor-element elementor-element-9c54959 e-flex e-con-boxed e-con e-parent\" data-id=\"9c54959\" data-element_type=\"container\">\n\t\t\t\t\t<div class=\"e-con-inner\">\n\t\t\t\t<div class=\"elementor-element elementor-element-2a6bae4 elementor-widget elementor-widget-image\" data-id=\"2a6bae4\" data-element_type=\"widget\" data-widget_type=\"image.default\">\n\t\t\t\t<div class=\"elementor-widget-container\">\n\t\t\t\t\t\t\t\t\t\t\t\t\t\t\t<img fetchpriority=\"high\" decoding=\"async\" width=\"960\" height=\"230\" src=\"https:\/\/hemogum.com\/wp-content\/uploads\/2019\/04\/oil-seals.jpg\" class=\"attachment-large size-large wp-image-174\" alt=\"Oil Seals\" srcset=\"https:\/\/hemogum.com\/wp-content\/uploads\/2019\/04\/oil-seals.jpg 960w, https:\/\/hemogum.com\/wp-content\/uploads\/2019\/04\/oil-seals-300x72.jpg 300w, https:\/\/hemogum.com\/wp-content\/uploads\/2019\/04\/oil-seals-768x184.jpg 768w\" sizes=\"(max-width: 960px) 100vw, 960px\" \/>\t\t\t\t\t\t\t\t\t\t\t\t\t\t\t<\/div>\n\t\t\t\t<\/div>\n\t\t\t\t<div class=\"elementor-element elementor-element-5a15894 elementor-widget elementor-widget-heading\" data-id=\"5a15894\" data-element_type=\"widget\" data-widget_type=\"heading.default\">\n\t\t\t\t<div class=\"elementor-widget-container\">\n\t\t\t\t\t<h2 class=\"elementor-heading-title elementor-size-default\">Semerinzi<\/h2>\t\t\t\t<\/div>\n\t\t\t\t<\/div>\n\t\t\t\t<div class=\"elementor-element elementor-element-4510023 color-scheme-inherit text-left elementor-widget elementor-widget-text-editor\" data-id=\"4510023\" data-element_type=\"widget\" data-widget_type=\"text-editor.default\">\n\t\t\t\t<div class=\"elementor-widget-container\">\n\t\t\t\t\t\t\t\t\t<div class=\"text\"><div class=\"text\"><p class=\"tamnoSiviTekst10pt\">Osovinsko-radijalni zaptiva\u010di su elementi sa \u010dvrstim spoljnjim i elasti\u010dnim unutra\u0161njim delom koji se ugra\u0111uje u ma\u0161inske delove sa rotiraju\u0107im elementima. Funkcija dela posti\u017ee se pomo\u0107u elasti\u010dnog dela u koji je ugra\u0111ena spiralna opruga. Slu\u017ee za odvajanje razli\u010ditih medija sa malom razlikom pritiska. Ugra\u0111uju se u automobile, ma\u0161ine i ku\u0107ne aparate. Izra\u0111uju se prema standardima\u00a0<strong>DIN 3760<\/strong>\u00a0u 11 oblika sa oznakama.<\/p><p class=\"tamnoSiviTekst10pt\">Materijali koji se koriste za izradu su :<\/p><p>&#8211; Perbunan (<strong>NBR<\/strong>)<br \/>&#8211; Silikon (<strong>MVQ<\/strong>)<br \/>&#8211; Flour (<strong>FPM<\/strong>)<\/p><p class=\"tamnoSiviTekst10pt\"><strong>Napomena:<\/strong>\u00a0Oblici i kvalitet osovinskih radijalnih zaptiva\u010da koji nisu obuhva\u0107eni ovim programom mogu se izraditi na osnovu tehni\u010dke dokumentacije kupca.<\/p><\/div><\/div>\t\t\t\t\t\t\t\t<\/div>\n\t\t\t\t<\/div>\n\t\t\t\t\t<\/div>\n\t\t\t\t<\/div>\n\t\t<div class=\"wd-negative-gap elementor-element elementor-element-4b055f5 e-flex e-con-boxed e-con e-parent\" data-id=\"4b055f5\" data-element_type=\"container\">\n\t\t\t\t\t<div class=\"e-con-inner\">\n\t\t<div class=\"elementor-element elementor-element-3074f8f e-con-full e-flex e-con e-child\" data-id=\"3074f8f\" data-element_type=\"container\">\n\t\t\t\t<div class=\"elementor-element elementor-element-1a6135c elementor-widget elementor-widget-image\" data-id=\"1a6135c\" data-element_type=\"widget\" data-widget_type=\"image.default\">\n\t\t\t\t<div class=\"elementor-widget-container\">\n\t\t\t\t\t\t\t\t\t\t\t\t\t\t\t<img decoding=\"async\" width=\"500\" height=\"430\" src=\"https:\/\/hemogum.com\/wp-content\/uploads\/2019\/04\/oil-seals-1.jpg\" class=\"attachment-large size-large wp-image-175\" alt=\"\" srcset=\"https:\/\/hemogum.com\/wp-content\/uploads\/2019\/04\/oil-seals-1.jpg 500w, https:\/\/hemogum.com\/wp-content\/uploads\/2019\/04\/oil-seals-1-300x258.jpg 300w\" sizes=\"(max-width: 500px) 100vw, 500px\" \/>\t\t\t\t\t\t\t\t\t\t\t\t\t\t\t<\/div>\n\t\t\t\t<\/div>\n\t\t\t\t<\/div>\n\t\t<div class=\"elementor-element elementor-element-689daaa e-con-full e-flex e-con e-child\" data-id=\"689daaa\" data-element_type=\"container\">\n\t\t\t\t<div class=\"elementor-element elementor-element-ae43b90 elementor-widget elementor-widget-image\" data-id=\"ae43b90\" data-element_type=\"widget\" data-widget_type=\"image.default\">\n\t\t\t\t<div class=\"elementor-widget-container\">\n\t\t\t\t\t\t\t\t\t\t\t\t\t\t\t<img decoding=\"async\" width=\"500\" height=\"430\" src=\"https:\/\/hemogum.com\/wp-content\/uploads\/2019\/04\/oil-seals-2.jpg\" class=\"attachment-large size-large wp-image-176\" alt=\"\" srcset=\"https:\/\/hemogum.com\/wp-content\/uploads\/2019\/04\/oil-seals-2.jpg 500w, https:\/\/hemogum.com\/wp-content\/uploads\/2019\/04\/oil-seals-2-300x258.jpg 300w\" sizes=\"(max-width: 500px) 100vw, 500px\" \/>\t\t\t\t\t\t\t\t\t\t\t\t\t\t\t<\/div>\n\t\t\t\t<\/div>\n\t\t\t\t<\/div>\n\t\t<div class=\"elementor-element elementor-element-98b96a5 e-con-full e-flex e-con e-child\" data-id=\"98b96a5\" data-element_type=\"container\">\n\t\t\t\t<div class=\"elementor-element elementor-element-7561cda elementor-widget elementor-widget-image\" data-id=\"7561cda\" data-element_type=\"widget\" data-widget_type=\"image.default\">\n\t\t\t\t<div class=\"elementor-widget-container\">\n\t\t\t\t\t\t\t\t\t\t\t\t\t\t\t<img loading=\"lazy\" decoding=\"async\" width=\"500\" height=\"430\" src=\"https:\/\/hemogum.com\/wp-content\/uploads\/2019\/04\/oil-seals-3.jpg\" class=\"attachment-large size-large wp-image-177\" alt=\"\" srcset=\"https:\/\/hemogum.com\/wp-content\/uploads\/2019\/04\/oil-seals-3.jpg 500w, https:\/\/hemogum.com\/wp-content\/uploads\/2019\/04\/oil-seals-3-300x258.jpg 300w\" sizes=\"(max-width: 500px) 100vw, 500px\" \/>\t\t\t\t\t\t\t\t\t\t\t\t\t\t\t<\/div>\n\t\t\t\t<\/div>\n\t\t\t\t<\/div>\n\t\t<div class=\"elementor-element elementor-element-062d30f e-con-full e-flex e-con e-child\" data-id=\"062d30f\" data-element_type=\"container\">\n\t\t\t\t<div class=\"elementor-element elementor-element-ab0fa6d elementor-widget elementor-widget-image\" data-id=\"ab0fa6d\" data-element_type=\"widget\" data-widget_type=\"image.default\">\n\t\t\t\t<div class=\"elementor-widget-container\">\n\t\t\t\t\t\t\t\t\t\t\t\t\t\t\t<img loading=\"lazy\" decoding=\"async\" width=\"500\" height=\"430\" src=\"https:\/\/hemogum.com\/wp-content\/uploads\/2019\/04\/oil-seals-4.jpg\" class=\"attachment-large size-large wp-image-178\" alt=\"\" srcset=\"https:\/\/hemogum.com\/wp-content\/uploads\/2019\/04\/oil-seals-4.jpg 500w, https:\/\/hemogum.com\/wp-content\/uploads\/2019\/04\/oil-seals-4-300x258.jpg 300w\" sizes=\"(max-width: 500px) 100vw, 500px\" \/>\t\t\t\t\t\t\t\t\t\t\t\t\t\t\t<\/div>\n\t\t\t\t<\/div>\n\t\t\t\t<\/div>\n\t\t<div class=\"elementor-element elementor-element-24473fe e-con-full e-flex e-con e-child\" data-id=\"24473fe\" data-element_type=\"container\">\n\t\t\t\t<div class=\"elementor-element elementor-element-e469091 elementor-widget elementor-widget-image\" data-id=\"e469091\" data-element_type=\"widget\" data-widget_type=\"image.default\">\n\t\t\t\t<div class=\"elementor-widget-container\">\n\t\t\t\t\t\t\t\t\t\t\t\t\t\t\t<img loading=\"lazy\" decoding=\"async\" width=\"500\" height=\"430\" src=\"https:\/\/hemogum.com\/wp-content\/uploads\/2019\/04\/oil-seals-5.jpg\" class=\"attachment-large size-large wp-image-179\" alt=\"\" srcset=\"https:\/\/hemogum.com\/wp-content\/uploads\/2019\/04\/oil-seals-5.jpg 500w, https:\/\/hemogum.com\/wp-content\/uploads\/2019\/04\/oil-seals-5-300x258.jpg 300w\" sizes=\"(max-width: 500px) 100vw, 500px\" \/>\t\t\t\t\t\t\t\t\t\t\t\t\t\t\t<\/div>\n\t\t\t\t<\/div>\n\t\t\t\t<\/div>\n\t\t<div class=\"elementor-element elementor-element-b72e7e5 e-con-full e-flex e-con e-child\" data-id=\"b72e7e5\" data-element_type=\"container\">\n\t\t\t\t<div class=\"elementor-element elementor-element-379e727 elementor-widget elementor-widget-image\" data-id=\"379e727\" data-element_type=\"widget\" data-widget_type=\"image.default\">\n\t\t\t\t<div class=\"elementor-widget-container\">\n\t\t\t\t\t\t\t\t\t\t\t\t\t\t\t<img loading=\"lazy\" decoding=\"async\" width=\"500\" height=\"430\" src=\"https:\/\/hemogum.com\/wp-content\/uploads\/2019\/04\/oil-seals-6.jpg\" class=\"attachment-large size-large wp-image-180\" alt=\"\" srcset=\"https:\/\/hemogum.com\/wp-content\/uploads\/2019\/04\/oil-seals-6.jpg 500w, https:\/\/hemogum.com\/wp-content\/uploads\/2019\/04\/oil-seals-6-300x258.jpg 300w\" sizes=\"(max-width: 500px) 100vw, 500px\" \/>\t\t\t\t\t\t\t\t\t\t\t\t\t\t\t<\/div>\n\t\t\t\t<\/div>\n\t\t\t\t<\/div>\n\t\t<div class=\"elementor-element elementor-element-c9f1d90 e-con-full e-flex e-con e-child\" data-id=\"c9f1d90\" data-element_type=\"container\">\n\t\t\t\t<div class=\"elementor-element elementor-element-d52e62e elementor-widget elementor-widget-image\" data-id=\"d52e62e\" data-element_type=\"widget\" data-widget_type=\"image.default\">\n\t\t\t\t<div class=\"elementor-widget-container\">\n\t\t\t\t\t\t\t\t\t\t\t\t\t\t\t<img loading=\"lazy\" decoding=\"async\" width=\"500\" height=\"430\" src=\"https:\/\/hemogum.com\/wp-content\/uploads\/2019\/04\/oil-seals-7.jpg\" class=\"attachment-large size-large wp-image-181\" alt=\"\" srcset=\"https:\/\/hemogum.com\/wp-content\/uploads\/2019\/04\/oil-seals-7.jpg 500w, https:\/\/hemogum.com\/wp-content\/uploads\/2019\/04\/oil-seals-7-300x258.jpg 300w\" sizes=\"(max-width: 500px) 100vw, 500px\" \/>\t\t\t\t\t\t\t\t\t\t\t\t\t\t\t<\/div>\n\t\t\t\t<\/div>\n\t\t\t\t<\/div>\n\t\t<div class=\"elementor-element elementor-element-817f6d0 e-con-full e-flex e-con e-child\" data-id=\"817f6d0\" data-element_type=\"container\">\n\t\t\t\t<div class=\"elementor-element elementor-element-3604c4b elementor-widget elementor-widget-image\" data-id=\"3604c4b\" data-element_type=\"widget\" data-widget_type=\"image.default\">\n\t\t\t\t<div class=\"elementor-widget-container\">\n\t\t\t\t\t\t\t\t\t\t\t\t\t\t\t<img loading=\"lazy\" decoding=\"async\" width=\"500\" height=\"430\" src=\"https:\/\/hemogum.com\/wp-content\/uploads\/2019\/04\/oil-seals-8.jpg\" class=\"attachment-large size-large wp-image-182\" alt=\"\" srcset=\"https:\/\/hemogum.com\/wp-content\/uploads\/2019\/04\/oil-seals-8.jpg 500w, https:\/\/hemogum.com\/wp-content\/uploads\/2019\/04\/oil-seals-8-300x258.jpg 300w\" sizes=\"(max-width: 500px) 100vw, 500px\" \/>\t\t\t\t\t\t\t\t\t\t\t\t\t\t\t<\/div>\n\t\t\t\t<\/div>\n\t\t\t\t<\/div>\n\t\t<div class=\"elementor-element elementor-element-3a85587 e-con-full e-flex e-con e-child\" data-id=\"3a85587\" data-element_type=\"container\">\n\t\t\t\t<div class=\"elementor-element elementor-element-18c1783 elementor-widget elementor-widget-image\" data-id=\"18c1783\" data-element_type=\"widget\" data-widget_type=\"image.default\">\n\t\t\t\t<div class=\"elementor-widget-container\">\n\t\t\t\t\t\t\t\t\t\t\t\t\t\t\t<img loading=\"lazy\" decoding=\"async\" width=\"500\" height=\"430\" src=\"https:\/\/hemogum.com\/wp-content\/uploads\/2019\/04\/oil-seals-9.jpg\" class=\"attachment-large size-large wp-image-183\" alt=\"\" srcset=\"https:\/\/hemogum.com\/wp-content\/uploads\/2019\/04\/oil-seals-9.jpg 500w, https:\/\/hemogum.com\/wp-content\/uploads\/2019\/04\/oil-seals-9-300x258.jpg 300w\" sizes=\"(max-width: 500px) 100vw, 500px\" \/>\t\t\t\t\t\t\t\t\t\t\t\t\t\t\t<\/div>\n\t\t\t\t<\/div>\n\t\t\t\t<\/div>\n\t\t<div class=\"elementor-element elementor-element-1f37ac7 e-con-full e-flex e-con e-child\" data-id=\"1f37ac7\" data-element_type=\"container\">\n\t\t\t\t<div class=\"elementor-element elementor-element-2c95a2d elementor-widget elementor-widget-image\" data-id=\"2c95a2d\" data-element_type=\"widget\" data-widget_type=\"image.default\">\n\t\t\t\t<div class=\"elementor-widget-container\">\n\t\t\t\t\t\t\t\t\t\t\t\t\t\t\t<img loading=\"lazy\" decoding=\"async\" width=\"500\" height=\"430\" src=\"https:\/\/hemogum.com\/wp-content\/uploads\/2019\/04\/oil-seals-10.jpg\" class=\"attachment-large size-large wp-image-184\" alt=\"\" srcset=\"https:\/\/hemogum.com\/wp-content\/uploads\/2019\/04\/oil-seals-10.jpg 500w, https:\/\/hemogum.com\/wp-content\/uploads\/2019\/04\/oil-seals-10-300x258.jpg 300w\" sizes=\"(max-width: 500px) 100vw, 500px\" \/>\t\t\t\t\t\t\t\t\t\t\t\t\t\t\t<\/div>\n\t\t\t\t<\/div>\n\t\t\t\t<\/div>\n\t\t<div class=\"elementor-element elementor-element-476e5a2 e-con-full e-flex e-con e-child\" data-id=\"476e5a2\" data-element_type=\"container\">\n\t\t\t\t<div class=\"elementor-element elementor-element-a95840a elementor-widget elementor-widget-image\" data-id=\"a95840a\" data-element_type=\"widget\" data-widget_type=\"image.default\">\n\t\t\t\t<div class=\"elementor-widget-container\">\n\t\t\t\t\t\t\t\t\t\t\t\t\t\t\t<img loading=\"lazy\" decoding=\"async\" width=\"500\" height=\"430\" src=\"https:\/\/hemogum.com\/wp-content\/uploads\/2019\/04\/oil-seals-11.jpg\" class=\"attachment-large size-large wp-image-185\" alt=\"\" srcset=\"https:\/\/hemogum.com\/wp-content\/uploads\/2019\/04\/oil-seals-11.jpg 500w, https:\/\/hemogum.com\/wp-content\/uploads\/2019\/04\/oil-seals-11-300x258.jpg 300w\" sizes=\"(max-width: 500px) 100vw, 500px\" \/>\t\t\t\t\t\t\t\t\t\t\t\t\t\t\t<\/div>\n\t\t\t\t<\/div>\n\t\t\t\t<\/div>\n\t\t<div class=\"elementor-element elementor-element-f6c45e3 e-con-full e-flex e-con e-child\" data-id=\"f6c45e3\" data-element_type=\"container\">\n\t\t\t\t<div class=\"elementor-element elementor-element-fc97fad elementor-widget elementor-widget-image\" data-id=\"fc97fad\" data-element_type=\"widget\" data-widget_type=\"image.default\">\n\t\t\t\t<div class=\"elementor-widget-container\">\n\t\t\t\t\t\t\t\t\t\t\t\t\t\t\t<img loading=\"lazy\" decoding=\"async\" width=\"500\" height=\"430\" src=\"https:\/\/hemogum.com\/wp-content\/uploads\/2019\/04\/oil-seals-12.jpg\" class=\"attachment-large size-large wp-image-186\" alt=\"\" srcset=\"https:\/\/hemogum.com\/wp-content\/uploads\/2019\/04\/oil-seals-12.jpg 500w, https:\/\/hemogum.com\/wp-content\/uploads\/2019\/04\/oil-seals-12-300x258.jpg 300w\" sizes=\"(max-width: 500px) 100vw, 500px\" \/>\t\t\t\t\t\t\t\t\t\t\t\t\t\t\t<\/div>\n\t\t\t\t<\/div>\n\t\t\t\t<\/div>\n\t\t\t\t\t<\/div>\n\t\t\t\t<\/div>\n\t\t\t\t<\/div>\n\t\t","protected":false},"excerpt":{"rendered":"<p>Semerinzi Osovinsko-radijalni zaptiva\u010di su elementi sa \u010dvrstim spoljnjim i elasti\u010dnim unutra\u0161njim delom koji se ugra\u0111uje u ma\u0161inske delove sa rotiraju\u0107im<\/p>\n","protected":false},"author":1,"featured_media":0,"parent":0,"menu_order":0,"comment_status":"closed","ping_status":"closed","template":"","meta":{"footnotes":""},"class_list":["post-586","page","type-page","status-publish","hentry"],"yoast_head":"<!-- This site is optimized with the Yoast SEO plugin v25.5 - https:\/\/yoast.com\/wordpress\/plugins\/seo\/ -->\n<title>Semerinzi \/ Osovinsko Radijalni Zaptiva\u010di<\/title>\n<meta name=\"description\" content=\"Osovinsko-radijalni zaptiva\u010di su elementi sa \u010dvrstim spoljnjim i elasti\u010dnim unutra\u0161njim delom\u2026\" \/>\n<meta name=\"robots\" content=\"index, follow, max-snippet:-1, max-image-preview:large, max-video-preview:-1\" \/>\n<link rel=\"canonical\" href=\"https:\/\/hemogum.com\/oil-seals\/\" \/>\n<meta property=\"og:locale\" content=\"sr_RS\" \/>\n<meta property=\"og:type\" content=\"article\" \/>\n<meta property=\"og:title\" content=\"Semerinzi \/ Osovinsko Radijalni Zaptiva\u010di\" \/>\n<meta property=\"og:description\" content=\"Osovinsko-radijalni zaptiva\u010di su elementi sa \u010dvrstim spoljnjim i elasti\u010dnim unutra\u0161njim delom\u2026\" \/>\n<meta property=\"og:url\" content=\"https:\/\/hemogum.com\/oil-seals\/\" \/>\n<meta property=\"og:site_name\" content=\"Hemogum\" \/>\n<meta property=\"article:modified_time\" content=\"2023-12-19T11:36:14+00:00\" \/>\n<meta property=\"og:image\" content=\"https:\/\/hemogum.com\/wp-content\/uploads\/2019\/04\/oil-seals.jpg\" \/>\n<meta name=\"twitter:card\" content=\"summary_large_image\" \/>\n<meta name=\"twitter:label1\" content=\"\u041f\u0440\u043e\u0446\u0435\u045a\u0435\u043d\u043e \u0432\u0440\u0435\u043c\u0435 \u0447\u0438\u0442\u0430\u045a\u0430\" \/>\n\t<meta name=\"twitter:data1\" content=\"4 \u043c\u0438\u043d\u0443\u0442\u0430\" \/>\n<script type=\"application\/ld+json\" class=\"yoast-schema-graph\">{\"@context\":\"https:\/\/schema.org\",\"@graph\":[{\"@type\":\"WebPage\",\"@id\":\"https:\/\/hemogum.com\/oil-seals\/\",\"url\":\"https:\/\/hemogum.com\/oil-seals\/\",\"name\":\"Semerinzi \/ Osovinsko Radijalni Zaptiva\u010di\",\"isPartOf\":{\"@id\":\"https:\/\/hemogum.com\/sr\/#website\"},\"primaryImageOfPage\":{\"@id\":\"https:\/\/hemogum.com\/oil-seals\/#primaryimage\"},\"image\":{\"@id\":\"https:\/\/hemogum.com\/oil-seals\/#primaryimage\"},\"thumbnailUrl\":\"https:\/\/hemogum.com\/wp-content\/uploads\/2019\/04\/oil-seals.jpg\",\"datePublished\":\"2019-04-12T17:44:27+00:00\",\"dateModified\":\"2023-12-19T11:36:14+00:00\",\"description\":\"Osovinsko-radijalni zaptiva\u010di su elementi sa \u010dvrstim spoljnjim i elasti\u010dnim unutra\u0161njim delom\u2026\",\"breadcrumb\":{\"@id\":\"https:\/\/hemogum.com\/oil-seals\/#breadcrumb\"},\"inLanguage\":\"sr-RS\",\"potentialAction\":[{\"@type\":\"ReadAction\",\"target\":[\"https:\/\/hemogum.com\/oil-seals\/\"]}]},{\"@type\":\"ImageObject\",\"inLanguage\":\"sr-RS\",\"@id\":\"https:\/\/hemogum.com\/oil-seals\/#primaryimage\",\"url\":\"https:\/\/hemogum.com\/wp-content\/uploads\/2019\/04\/oil-seals.jpg\",\"contentUrl\":\"https:\/\/hemogum.com\/wp-content\/uploads\/2019\/04\/oil-seals.jpg\"},{\"@type\":\"BreadcrumbList\",\"@id\":\"https:\/\/hemogum.com\/oil-seals\/#breadcrumb\",\"itemListElement\":[{\"@type\":\"ListItem\",\"position\":1,\"name\":\"Home\",\"item\":\"https:\/\/hemogum.com\/\"},{\"@type\":\"ListItem\",\"position\":2,\"name\":\"Semerinzi\"}]},{\"@type\":\"WebSite\",\"@id\":\"https:\/\/hemogum.com\/sr\/#website\",\"url\":\"https:\/\/hemogum.com\/sr\/\",\"name\":\"Hemogum\",\"description\":\"\",\"potentialAction\":[{\"@type\":\"SearchAction\",\"target\":{\"@type\":\"EntryPoint\",\"urlTemplate\":\"https:\/\/hemogum.com\/sr\/?s={search_term_string}\"},\"query-input\":{\"@type\":\"PropertyValueSpecification\",\"valueRequired\":true,\"valueName\":\"search_term_string\"}}],\"inLanguage\":\"sr-RS\"}]}<\/script>\n<!-- \/ Yoast SEO plugin. -->","yoast_head_json":{"title":"Semerinzi \/ Osovinsko Radijalni Zaptiva\u010di","description":"Osovinsko-radijalni zaptiva\u010di su elementi sa \u010dvrstim spoljnjim i elasti\u010dnim unutra\u0161njim delom\u2026","robots":{"index":"index","follow":"follow","max-snippet":"max-snippet:-1","max-image-preview":"max-image-preview:large","max-video-preview":"max-video-preview:-1"},"canonical":"https:\/\/hemogum.com\/oil-seals\/","og_locale":"sr_RS","og_type":"article","og_title":"Semerinzi \/ Osovinsko Radijalni Zaptiva\u010di","og_description":"Osovinsko-radijalni zaptiva\u010di su elementi sa \u010dvrstim spoljnjim i elasti\u010dnim unutra\u0161njim delom\u2026","og_url":"https:\/\/hemogum.com\/oil-seals\/","og_site_name":"Hemogum","article_modified_time":"2023-12-19T11:36:14+00:00","og_image":[{"url":"https:\/\/hemogum.com\/wp-content\/uploads\/2019\/04\/oil-seals.jpg","type":"","width":"","height":""}],"twitter_card":"summary_large_image","twitter_misc":{"\u041f\u0440\u043e\u0446\u0435\u045a\u0435\u043d\u043e \u0432\u0440\u0435\u043c\u0435 \u0447\u0438\u0442\u0430\u045a\u0430":"4 \u043c\u0438\u043d\u0443\u0442\u0430"},"schema":{"@context":"https:\/\/schema.org","@graph":[{"@type":"WebPage","@id":"https:\/\/hemogum.com\/oil-seals\/","url":"https:\/\/hemogum.com\/oil-seals\/","name":"Semerinzi \/ Osovinsko Radijalni Zaptiva\u010di","isPartOf":{"@id":"https:\/\/hemogum.com\/sr\/#website"},"primaryImageOfPage":{"@id":"https:\/\/hemogum.com\/oil-seals\/#primaryimage"},"image":{"@id":"https:\/\/hemogum.com\/oil-seals\/#primaryimage"},"thumbnailUrl":"https:\/\/hemogum.com\/wp-content\/uploads\/2019\/04\/oil-seals.jpg","datePublished":"2019-04-12T17:44:27+00:00","dateModified":"2023-12-19T11:36:14+00:00","description":"Osovinsko-radijalni zaptiva\u010di su elementi sa \u010dvrstim spoljnjim i elasti\u010dnim unutra\u0161njim delom\u2026","breadcrumb":{"@id":"https:\/\/hemogum.com\/oil-seals\/#breadcrumb"},"inLanguage":"sr-RS","potentialAction":[{"@type":"ReadAction","target":["https:\/\/hemogum.com\/oil-seals\/"]}]},{"@type":"ImageObject","inLanguage":"sr-RS","@id":"https:\/\/hemogum.com\/oil-seals\/#primaryimage","url":"https:\/\/hemogum.com\/wp-content\/uploads\/2019\/04\/oil-seals.jpg","contentUrl":"https:\/\/hemogum.com\/wp-content\/uploads\/2019\/04\/oil-seals.jpg"},{"@type":"BreadcrumbList","@id":"https:\/\/hemogum.com\/oil-seals\/#breadcrumb","itemListElement":[{"@type":"ListItem","position":1,"name":"Home","item":"https:\/\/hemogum.com\/"},{"@type":"ListItem","position":2,"name":"Semerinzi"}]},{"@type":"WebSite","@id":"https:\/\/hemogum.com\/sr\/#website","url":"https:\/\/hemogum.com\/sr\/","name":"Hemogum","description":"","potentialAction":[{"@type":"SearchAction","target":{"@type":"EntryPoint","urlTemplate":"https:\/\/hemogum.com\/sr\/?s={search_term_string}"},"query-input":{"@type":"PropertyValueSpecification","valueRequired":true,"valueName":"search_term_string"}}],"inLanguage":"sr-RS"}]}},"_links":{"self":[{"href":"https:\/\/hemogum.com\/sr\/wp-json\/wp\/v2\/pages\/586","targetHints":{"allow":["GET"]}}],"collection":[{"href":"https:\/\/hemogum.com\/sr\/wp-json\/wp\/v2\/pages"}],"about":[{"href":"https:\/\/hemogum.com\/sr\/wp-json\/wp\/v2\/types\/page"}],"author":[{"embeddable":true,"href":"https:\/\/hemogum.com\/sr\/wp-json\/wp\/v2\/users\/1"}],"replies":[{"embeddable":true,"href":"https:\/\/hemogum.com\/sr\/wp-json\/wp\/v2\/comments?post=586"}],"version-history":[{"count":6,"href":"https:\/\/hemogum.com\/sr\/wp-json\/wp\/v2\/pages\/586\/revisions"}],"predecessor-version":[{"id":1455,"href":"https:\/\/hemogum.com\/sr\/wp-json\/wp\/v2\/pages\/586\/revisions\/1455"}],"wp:attachment":[{"href":"https:\/\/hemogum.com\/sr\/wp-json\/wp\/v2\/media?parent=586"}],"curies":[{"name":"wp","href":"https:\/\/api.w.org\/{rel}","templated":true}]}}