{"id":590,"date":"2019-04-12T17:49:40","date_gmt":"2019-04-12T17:49:40","guid":{"rendered":"http:\/\/hemogum.acocvetic.com\/u-cups\/"},"modified":"2023-12-19T11:38:10","modified_gmt":"2023-12-19T11:38:10","slug":"manzete","status":"publish","type":"page","link":"https:\/\/hemogum.com\/sr\/manzete\/","title":{"rendered":"Man\u017eete"},"content":{"rendered":"\t\t<div data-elementor-type=\"wp-page\" data-elementor-id=\"590\" class=\"elementor elementor-590\">\n\t\t\t\t<div class=\"wd-negative-gap elementor-element elementor-element-c70b2ad e-flex e-con-boxed e-con e-parent\" data-id=\"c70b2ad\" data-element_type=\"container\">\n\t\t\t\t\t<div class=\"e-con-inner\">\n\t\t\t\t<div class=\"elementor-element elementor-element-a87def3 elementor-widget elementor-widget-image\" data-id=\"a87def3\" data-element_type=\"widget\" data-widget_type=\"image.default\">\n\t\t\t\t<div class=\"elementor-widget-container\">\n\t\t\t\t\t\t\t\t\t\t\t\t\t\t\t<img fetchpriority=\"high\" decoding=\"async\" width=\"960\" height=\"230\" src=\"https:\/\/hemogum.com\/wp-content\/uploads\/2019\/04\/u-cups.jpg\" class=\"attachment-large size-large wp-image-191\" alt=\"U cups\" srcset=\"https:\/\/hemogum.com\/wp-content\/uploads\/2019\/04\/u-cups.jpg 960w, https:\/\/hemogum.com\/wp-content\/uploads\/2019\/04\/u-cups-300x72.jpg 300w, https:\/\/hemogum.com\/wp-content\/uploads\/2019\/04\/u-cups-768x184.jpg 768w\" sizes=\"(max-width: 960px) 100vw, 960px\" \/>\t\t\t\t\t\t\t\t\t\t\t\t\t\t\t<\/div>\n\t\t\t\t<\/div>\n\t\t\t\t<div class=\"elementor-element elementor-element-7110f3f elementor-widget elementor-widget-heading\" data-id=\"7110f3f\" data-element_type=\"widget\" data-widget_type=\"heading.default\">\n\t\t\t\t<div class=\"elementor-widget-container\">\n\t\t\t\t\t<h2 class=\"elementor-heading-title elementor-size-default\">Man\u017eete<\/h2>\t\t\t\t<\/div>\n\t\t\t\t<\/div>\n\t\t\t\t<div class=\"elementor-element elementor-element-6c1ac2a color-scheme-inherit text-left elementor-widget elementor-widget-text-editor\" data-id=\"6c1ac2a\" data-element_type=\"widget\" data-widget_type=\"text-editor.default\">\n\t\t\t\t<div class=\"elementor-widget-container\">\n\t\t\t\t\t\t\t\t\t<p class=\"siviTekst10pt\">Man\u017eeta je elasti\u010dni zaptivni element koji slu\u017ei za zaptivanje klipa i cilindra u hidraulici i pneumatici. Funkcija zaptivanja posti\u017ee se pritiskom zaptivne usne na klip i cilindar. Man\u017eete su aksijalni gumeni zaptivni elementi. Izra\u0111uju se u razli\u010ditim oblicima za razli\u010dite namene. Na\u0161 program obuhvata \u0161est oblika.<\/p><p class=\"tamnoSiviTekst10pt\">Materijali koji se koriste za izradu su :<\/p><p>&#8211; Perbunan (<strong>NBR<\/strong>)<br \/>&#8211; Flour (<strong>FPM<\/strong>)<\/p>\t\t\t\t\t\t\t\t<\/div>\n\t\t\t\t<\/div>\n\t\t\t\t\t<\/div>\n\t\t\t\t<\/div>\n\t\t<div class=\"wd-negative-gap elementor-element elementor-element-169677e e-flex e-con-boxed e-con e-parent\" data-id=\"169677e\" data-element_type=\"container\">\n\t\t\t\t\t<div class=\"e-con-inner\">\n\t\t<div class=\"elementor-element elementor-element-e54536a e-con-full e-flex e-con e-child\" data-id=\"e54536a\" data-element_type=\"container\">\n\t\t\t\t<div class=\"elementor-element elementor-element-bfd3887 elementor-widget elementor-widget-image\" data-id=\"bfd3887\" data-element_type=\"widget\" data-widget_type=\"image.default\">\n\t\t\t\t<div class=\"elementor-widget-container\">\n\t\t\t\t\t\t\t\t\t\t\t\t\t\t\t<img decoding=\"async\" width=\"420\" height=\"147\" src=\"https:\/\/hemogum.com\/wp-content\/uploads\/2019\/04\/001.jpg\" class=\"attachment-large size-large wp-image-192\" alt=\"\" srcset=\"https:\/\/hemogum.com\/wp-content\/uploads\/2019\/04\/001.jpg 420w, https:\/\/hemogum.com\/wp-content\/uploads\/2019\/04\/001-300x105.jpg 300w\" sizes=\"(max-width: 420px) 100vw, 420px\" \/>\t\t\t\t\t\t\t\t\t\t\t\t\t\t\t<\/div>\n\t\t\t\t<\/div>\n\t\t\t\t<div class=\"elementor-element elementor-element-0921b94 text-center color-scheme-inherit elementor-widget elementor-widget-text-editor\" data-id=\"0921b94\" data-element_type=\"widget\" data-widget_type=\"text-editor.default\">\n\t\t\t\t<div class=\"elementor-widget-container\">\n\t\t\t\t\t\t\t\t\t<p><strong>Man\u017eeta za cilindar<\/strong><br \/>Maksimalni pritisak:\u00a0<strong>16Mpa<\/strong><\/p>\t\t\t\t\t\t\t\t<\/div>\n\t\t\t\t<\/div>\n\t\t\t\t<\/div>\n\t\t<div class=\"elementor-element elementor-element-0b5212f e-con-full e-flex e-con e-child\" data-id=\"0b5212f\" data-element_type=\"container\">\n\t\t\t\t<div class=\"elementor-element elementor-element-6ba5696 elementor-widget elementor-widget-image\" data-id=\"6ba5696\" data-element_type=\"widget\" data-widget_type=\"image.default\">\n\t\t\t\t<div class=\"elementor-widget-container\">\n\t\t\t\t\t\t\t\t\t\t\t\t\t\t\t<img decoding=\"async\" width=\"420\" height=\"147\" src=\"https:\/\/hemogum.com\/wp-content\/uploads\/2019\/04\/002.jpg\" class=\"attachment-large size-large wp-image-193\" alt=\"\" srcset=\"https:\/\/hemogum.com\/wp-content\/uploads\/2019\/04\/002.jpg 420w, https:\/\/hemogum.com\/wp-content\/uploads\/2019\/04\/002-300x105.jpg 300w\" sizes=\"(max-width: 420px) 100vw, 420px\" \/>\t\t\t\t\t\t\t\t\t\t\t\t\t\t\t<\/div>\n\t\t\t\t<\/div>\n\t\t\t\t<div class=\"elementor-element elementor-element-f8e6086 text-center color-scheme-inherit elementor-widget elementor-widget-text-editor\" data-id=\"f8e6086\" data-element_type=\"widget\" data-widget_type=\"text-editor.default\">\n\t\t\t\t<div class=\"elementor-widget-container\">\n\t\t\t\t\t\t\t\t\t<p><strong>Jednakostrana man\u017eeta<br \/><\/strong>Maksimalni pritisak:\u00a0<strong>16Mpa<\/strong><\/p>\t\t\t\t\t\t\t\t<\/div>\n\t\t\t\t<\/div>\n\t\t\t\t<\/div>\n\t\t\t\t\t<\/div>\n\t\t\t\t<\/div>\n\t\t<div class=\"wd-negative-gap elementor-element elementor-element-d12d83d e-flex e-con-boxed e-con e-parent\" data-id=\"d12d83d\" data-element_type=\"container\">\n\t\t\t\t\t<div class=\"e-con-inner\">\n\t\t<div class=\"elementor-element elementor-element-441930f e-con-full e-flex e-con e-child\" data-id=\"441930f\" data-element_type=\"container\">\n\t\t\t\t<div class=\"elementor-element elementor-element-82640a6 elementor-widget elementor-widget-image\" data-id=\"82640a6\" data-element_type=\"widget\" data-widget_type=\"image.default\">\n\t\t\t\t<div class=\"elementor-widget-container\">\n\t\t\t\t\t\t\t\t\t\t\t\t\t\t\t<img loading=\"lazy\" decoding=\"async\" width=\"420\" height=\"147\" src=\"https:\/\/hemogum.com\/wp-content\/uploads\/2019\/04\/003.jpg\" class=\"attachment-large size-large wp-image-200\" alt=\"\" srcset=\"https:\/\/hemogum.com\/wp-content\/uploads\/2019\/04\/003.jpg 420w, https:\/\/hemogum.com\/wp-content\/uploads\/2019\/04\/003-300x105.jpg 300w\" sizes=\"(max-width: 420px) 100vw, 420px\" \/>\t\t\t\t\t\t\t\t\t\t\t\t\t\t\t<\/div>\n\t\t\t\t<\/div>\n\t\t\t\t<div class=\"elementor-element elementor-element-c9e2be1 text-center color-scheme-inherit elementor-widget elementor-widget-text-editor\" data-id=\"c9e2be1\" data-element_type=\"widget\" data-widget_type=\"text-editor.default\">\n\t\t\t\t<div class=\"elementor-widget-container\">\n\t\t\t\t\t\t\t\t\t<p><strong>Man\u017eeta za klip<br \/><\/strong>Maksimalni pritisak:\u00a0<strong>16Mpa<\/strong>\u00a0<\/p>\t\t\t\t\t\t\t\t<\/div>\n\t\t\t\t<\/div>\n\t\t\t\t<\/div>\n\t\t<div class=\"elementor-element elementor-element-96cd985 e-con-full e-flex e-con e-child\" data-id=\"96cd985\" data-element_type=\"container\">\n\t\t\t\t<div class=\"elementor-element elementor-element-dd26090 elementor-widget elementor-widget-image\" data-id=\"dd26090\" data-element_type=\"widget\" data-widget_type=\"image.default\">\n\t\t\t\t<div class=\"elementor-widget-container\">\n\t\t\t\t\t\t\t\t\t\t\t\t\t\t\t<img loading=\"lazy\" decoding=\"async\" width=\"420\" height=\"147\" src=\"https:\/\/hemogum.com\/wp-content\/uploads\/2019\/04\/004.jpg\" class=\"attachment-large size-large wp-image-201\" alt=\"\" srcset=\"https:\/\/hemogum.com\/wp-content\/uploads\/2019\/04\/004.jpg 420w, https:\/\/hemogum.com\/wp-content\/uploads\/2019\/04\/004-300x105.jpg 300w\" sizes=\"(max-width: 420px) 100vw, 420px\" \/>\t\t\t\t\t\t\t\t\t\t\t\t\t\t\t<\/div>\n\t\t\t\t<\/div>\n\t\t\t\t<div class=\"elementor-element elementor-element-6050c84 text-center color-scheme-inherit elementor-widget elementor-widget-text-editor\" data-id=\"6050c84\" data-element_type=\"widget\" data-widget_type=\"text-editor.default\">\n\t\t\t\t<div class=\"elementor-widget-container\">\n\t\t\t\t\t\t\t\t\t<p><strong>Man\u017eeta za \u201eO\u201c prsten<\/strong>\u00a0<br \/>Maksimalni pritisak:\u00a0<strong>16Mpa<\/strong>\u00a0<\/p>\t\t\t\t\t\t\t\t<\/div>\n\t\t\t\t<\/div>\n\t\t\t\t<\/div>\n\t\t\t\t\t<\/div>\n\t\t\t\t<\/div>\n\t\t<div class=\"wd-negative-gap elementor-element elementor-element-8b61179 e-flex e-con-boxed e-con e-parent\" data-id=\"8b61179\" data-element_type=\"container\">\n\t\t\t\t\t<div class=\"e-con-inner\">\n\t\t<div class=\"elementor-element elementor-element-ab64a76 e-con-full e-flex e-con e-child\" data-id=\"ab64a76\" data-element_type=\"container\">\n\t\t\t\t<div class=\"elementor-element elementor-element-6afd8f7 elementor-widget elementor-widget-image\" data-id=\"6afd8f7\" data-element_type=\"widget\" data-widget_type=\"image.default\">\n\t\t\t\t<div class=\"elementor-widget-container\">\n\t\t\t\t\t\t\t\t\t\t\t\t\t\t\t<img loading=\"lazy\" decoding=\"async\" width=\"420\" height=\"147\" src=\"https:\/\/hemogum.com\/wp-content\/uploads\/2019\/04\/005.jpg\" class=\"attachment-large size-large wp-image-202\" alt=\"\" srcset=\"https:\/\/hemogum.com\/wp-content\/uploads\/2019\/04\/005.jpg 420w, https:\/\/hemogum.com\/wp-content\/uploads\/2019\/04\/005-300x105.jpg 300w\" sizes=\"(max-width: 420px) 100vw, 420px\" \/>\t\t\t\t\t\t\t\t\t\t\t\t\t\t\t<\/div>\n\t\t\t\t<\/div>\n\t\t\t\t<div class=\"elementor-element elementor-element-837e2ad text-center color-scheme-inherit elementor-widget elementor-widget-text-editor\" data-id=\"837e2ad\" data-element_type=\"widget\" data-widget_type=\"text-editor.default\">\n\t\t\t\t<div class=\"elementor-widget-container\">\n\t\t\t\t\t\t\t\t\t<p><strong>Man\u017eeta sa pritisnim prstenom<\/strong><br \/>Maksimalni pritisak:\u00a0<strong>25Mpa<\/strong>\u00a0<\/p>\t\t\t\t\t\t\t\t<\/div>\n\t\t\t\t<\/div>\n\t\t\t\t<\/div>\n\t\t<div class=\"elementor-element elementor-element-56f5444 e-con-full e-flex e-con e-child\" data-id=\"56f5444\" data-element_type=\"container\">\n\t\t\t\t<\/div>\n\t\t\t\t\t<\/div>\n\t\t\t\t<\/div>\n\t\t\t\t<\/div>\n\t\t","protected":false},"excerpt":{"rendered":"<p>Man\u017eete Man\u017eeta je elasti\u010dni zaptivni element koji slu\u017ei za zaptivanje klipa i cilindra u hidraulici i pneumatici. Funkcija zaptivanja posti\u017ee<\/p>\n","protected":false},"author":1,"featured_media":0,"parent":0,"menu_order":0,"comment_status":"closed","ping_status":"closed","template":"","meta":{"footnotes":""},"class_list":["post-590","page","type-page","status-publish","hentry"],"yoast_head":"<!-- This site is optimized with the Yoast SEO plugin v25.5 - https:\/\/yoast.com\/wordpress\/plugins\/seo\/ -->\n<title>Man\u017eete \u2013 Proizvodnja i Prodaja<\/title>\n<meta name=\"description\" content=\"Man\u017eeta je elasti\u010dni zaptivni element koji slu\u017ei za zaptivanje klipa i cilindra u hidraulici i pneumatici...\" \/>\n<meta name=\"robots\" content=\"index, follow, max-snippet:-1, max-image-preview:large, max-video-preview:-1\" \/>\n<link rel=\"canonical\" href=\"https:\/\/hemogum.com\/sr\/manzete\/\" \/>\n<meta property=\"og:locale\" content=\"sr_RS\" \/>\n<meta property=\"og:type\" content=\"article\" \/>\n<meta property=\"og:title\" content=\"Man\u017eete \u2013 Proizvodnja i Prodaja\" \/>\n<meta property=\"og:description\" content=\"Man\u017eeta je elasti\u010dni zaptivni element koji slu\u017ei za zaptivanje klipa i cilindra u hidraulici i pneumatici...\" \/>\n<meta property=\"og:url\" content=\"https:\/\/hemogum.com\/sr\/manzete\/\" \/>\n<meta property=\"og:site_name\" content=\"Hemogum\" \/>\n<meta property=\"article:modified_time\" content=\"2023-12-19T11:38:10+00:00\" \/>\n<meta property=\"og:image\" content=\"https:\/\/hemogum.com\/wp-content\/uploads\/2019\/04\/u-cups.jpg\" \/>\n<meta name=\"twitter:card\" content=\"summary_large_image\" \/>\n<meta name=\"twitter:label1\" content=\"\u041f\u0440\u043e\u0446\u0435\u045a\u0435\u043d\u043e \u0432\u0440\u0435\u043c\u0435 \u0447\u0438\u0442\u0430\u045a\u0430\" \/>\n\t<meta name=\"twitter:data1\" content=\"2 \u043c\u0438\u043d\u0443\u0442\u0430\" \/>\n<script type=\"application\/ld+json\" class=\"yoast-schema-graph\">{\"@context\":\"https:\/\/schema.org\",\"@graph\":[{\"@type\":\"WebPage\",\"@id\":\"https:\/\/hemogum.com\/sr\/manzete\/\",\"url\":\"https:\/\/hemogum.com\/sr\/manzete\/\",\"name\":\"Man\u017eete \u2013 Proizvodnja i Prodaja\",\"isPartOf\":{\"@id\":\"https:\/\/hemogum.com\/sr\/#website\"},\"primaryImageOfPage\":{\"@id\":\"https:\/\/hemogum.com\/sr\/manzete\/#primaryimage\"},\"image\":{\"@id\":\"https:\/\/hemogum.com\/sr\/manzete\/#primaryimage\"},\"thumbnailUrl\":\"https:\/\/hemogum.com\/wp-content\/uploads\/2019\/04\/u-cups.jpg\",\"datePublished\":\"2019-04-12T17:49:40+00:00\",\"dateModified\":\"2023-12-19T11:38:10+00:00\",\"description\":\"Man\u017eeta je elasti\u010dni zaptivni element koji slu\u017ei za zaptivanje klipa i cilindra u hidraulici i pneumatici...\",\"breadcrumb\":{\"@id\":\"https:\/\/hemogum.com\/sr\/manzete\/#breadcrumb\"},\"inLanguage\":\"sr-RS\",\"potentialAction\":[{\"@type\":\"ReadAction\",\"target\":[\"https:\/\/hemogum.com\/sr\/manzete\/\"]}]},{\"@type\":\"ImageObject\",\"inLanguage\":\"sr-RS\",\"@id\":\"https:\/\/hemogum.com\/sr\/manzete\/#primaryimage\",\"url\":\"https:\/\/hemogum.com\/wp-content\/uploads\/2019\/04\/u-cups.jpg\",\"contentUrl\":\"https:\/\/hemogum.com\/wp-content\/uploads\/2019\/04\/u-cups.jpg\"},{\"@type\":\"BreadcrumbList\",\"@id\":\"https:\/\/hemogum.com\/sr\/manzete\/#breadcrumb\",\"itemListElement\":[{\"@type\":\"ListItem\",\"position\":1,\"name\":\"Home\",\"item\":\"https:\/\/hemogum.com\/\"},{\"@type\":\"ListItem\",\"position\":2,\"name\":\"Man\u017eete\"}]},{\"@type\":\"WebSite\",\"@id\":\"https:\/\/hemogum.com\/sr\/#website\",\"url\":\"https:\/\/hemogum.com\/sr\/\",\"name\":\"Hemogum\",\"description\":\"\",\"potentialAction\":[{\"@type\":\"SearchAction\",\"target\":{\"@type\":\"EntryPoint\",\"urlTemplate\":\"https:\/\/hemogum.com\/sr\/?s={search_term_string}\"},\"query-input\":{\"@type\":\"PropertyValueSpecification\",\"valueRequired\":true,\"valueName\":\"search_term_string\"}}],\"inLanguage\":\"sr-RS\"}]}<\/script>\n<!-- \/ Yoast SEO plugin. -->","yoast_head_json":{"title":"Man\u017eete \u2013 Proizvodnja i Prodaja","description":"Man\u017eeta je elasti\u010dni zaptivni element koji slu\u017ei za zaptivanje klipa i cilindra u hidraulici i pneumatici...","robots":{"index":"index","follow":"follow","max-snippet":"max-snippet:-1","max-image-preview":"max-image-preview:large","max-video-preview":"max-video-preview:-1"},"canonical":"https:\/\/hemogum.com\/sr\/manzete\/","og_locale":"sr_RS","og_type":"article","og_title":"Man\u017eete \u2013 Proizvodnja i Prodaja","og_description":"Man\u017eeta je elasti\u010dni zaptivni element koji slu\u017ei za zaptivanje klipa i cilindra u hidraulici i pneumatici...","og_url":"https:\/\/hemogum.com\/sr\/manzete\/","og_site_name":"Hemogum","article_modified_time":"2023-12-19T11:38:10+00:00","og_image":[{"url":"https:\/\/hemogum.com\/wp-content\/uploads\/2019\/04\/u-cups.jpg","type":"","width":"","height":""}],"twitter_card":"summary_large_image","twitter_misc":{"\u041f\u0440\u043e\u0446\u0435\u045a\u0435\u043d\u043e \u0432\u0440\u0435\u043c\u0435 \u0447\u0438\u0442\u0430\u045a\u0430":"2 \u043c\u0438\u043d\u0443\u0442\u0430"},"schema":{"@context":"https:\/\/schema.org","@graph":[{"@type":"WebPage","@id":"https:\/\/hemogum.com\/sr\/manzete\/","url":"https:\/\/hemogum.com\/sr\/manzete\/","name":"Man\u017eete \u2013 Proizvodnja i Prodaja","isPartOf":{"@id":"https:\/\/hemogum.com\/sr\/#website"},"primaryImageOfPage":{"@id":"https:\/\/hemogum.com\/sr\/manzete\/#primaryimage"},"image":{"@id":"https:\/\/hemogum.com\/sr\/manzete\/#primaryimage"},"thumbnailUrl":"https:\/\/hemogum.com\/wp-content\/uploads\/2019\/04\/u-cups.jpg","datePublished":"2019-04-12T17:49:40+00:00","dateModified":"2023-12-19T11:38:10+00:00","description":"Man\u017eeta je elasti\u010dni zaptivni element koji slu\u017ei za zaptivanje klipa i cilindra u hidraulici i pneumatici...","breadcrumb":{"@id":"https:\/\/hemogum.com\/sr\/manzete\/#breadcrumb"},"inLanguage":"sr-RS","potentialAction":[{"@type":"ReadAction","target":["https:\/\/hemogum.com\/sr\/manzete\/"]}]},{"@type":"ImageObject","inLanguage":"sr-RS","@id":"https:\/\/hemogum.com\/sr\/manzete\/#primaryimage","url":"https:\/\/hemogum.com\/wp-content\/uploads\/2019\/04\/u-cups.jpg","contentUrl":"https:\/\/hemogum.com\/wp-content\/uploads\/2019\/04\/u-cups.jpg"},{"@type":"BreadcrumbList","@id":"https:\/\/hemogum.com\/sr\/manzete\/#breadcrumb","itemListElement":[{"@type":"ListItem","position":1,"name":"Home","item":"https:\/\/hemogum.com\/"},{"@type":"ListItem","position":2,"name":"Man\u017eete"}]},{"@type":"WebSite","@id":"https:\/\/hemogum.com\/sr\/#website","url":"https:\/\/hemogum.com\/sr\/","name":"Hemogum","description":"","potentialAction":[{"@type":"SearchAction","target":{"@type":"EntryPoint","urlTemplate":"https:\/\/hemogum.com\/sr\/?s={search_term_string}"},"query-input":{"@type":"PropertyValueSpecification","valueRequired":true,"valueName":"search_term_string"}}],"inLanguage":"sr-RS"}]}},"_links":{"self":[{"href":"https:\/\/hemogum.com\/sr\/wp-json\/wp\/v2\/pages\/590","targetHints":{"allow":["GET"]}}],"collection":[{"href":"https:\/\/hemogum.com\/sr\/wp-json\/wp\/v2\/pages"}],"about":[{"href":"https:\/\/hemogum.com\/sr\/wp-json\/wp\/v2\/types\/page"}],"author":[{"embeddable":true,"href":"https:\/\/hemogum.com\/sr\/wp-json\/wp\/v2\/users\/1"}],"replies":[{"embeddable":true,"href":"https:\/\/hemogum.com\/sr\/wp-json\/wp\/v2\/comments?post=590"}],"version-history":[{"count":3,"href":"https:\/\/hemogum.com\/sr\/wp-json\/wp\/v2\/pages\/590\/revisions"}],"predecessor-version":[{"id":1458,"href":"https:\/\/hemogum.com\/sr\/wp-json\/wp\/v2\/pages\/590\/revisions\/1458"}],"wp:attachment":[{"href":"https:\/\/hemogum.com\/sr\/wp-json\/wp\/v2\/media?parent=590"}],"curies":[{"name":"wp","href":"https:\/\/api.w.org\/{rel}","templated":true}]}}