{"id":597,"date":"2019-04-12T17:56:06","date_gmt":"2019-04-12T17:56:06","guid":{"rendered":"http:\/\/hemogum.acocvetic.com\/o-ring\/"},"modified":"2023-12-19T11:39:11","modified_gmt":"2023-12-19T11:39:11","slug":"o-prsten","status":"publish","type":"page","link":"https:\/\/hemogum.com\/sr\/o-prsten\/","title":{"rendered":"O prsten"},"content":{"rendered":"\t\t<div data-elementor-type=\"wp-page\" data-elementor-id=\"597\" class=\"elementor elementor-597\">\n\t\t\t\t<div class=\"wd-negative-gap elementor-element elementor-element-301c0c6 e-flex e-con-boxed e-con e-parent\" data-id=\"301c0c6\" data-element_type=\"container\">\n\t\t\t\t\t<div class=\"e-con-inner\">\n\t\t\t\t<div class=\"elementor-element elementor-element-481e019 elementor-widget elementor-widget-image\" data-id=\"481e019\" data-element_type=\"widget\" data-widget_type=\"image.default\">\n\t\t\t\t<div class=\"elementor-widget-container\">\n\t\t\t\t\t\t\t\t\t\t\t\t\t\t\t<img fetchpriority=\"high\" decoding=\"async\" width=\"960\" height=\"230\" src=\"https:\/\/hemogum.com\/wp-content\/uploads\/2019\/04\/101433498211.jpg\" class=\"attachment-large size-large wp-image-205\" alt=\"\" srcset=\"https:\/\/hemogum.com\/wp-content\/uploads\/2019\/04\/101433498211.jpg 960w, https:\/\/hemogum.com\/wp-content\/uploads\/2019\/04\/101433498211-300x72.jpg 300w, https:\/\/hemogum.com\/wp-content\/uploads\/2019\/04\/101433498211-768x184.jpg 768w\" sizes=\"(max-width: 960px) 100vw, 960px\" \/>\t\t\t\t\t\t\t\t\t\t\t\t\t\t\t<\/div>\n\t\t\t\t<\/div>\n\t\t\t\t<div class=\"elementor-element elementor-element-e69bc21 elementor-widget elementor-widget-heading\" data-id=\"e69bc21\" data-element_type=\"widget\" data-widget_type=\"heading.default\">\n\t\t\t\t<div class=\"elementor-widget-container\">\n\t\t\t\t\t<h2 class=\"elementor-heading-title elementor-size-default\">\u201eO\u201c prsten<\/h2>\t\t\t\t<\/div>\n\t\t\t\t<\/div>\n\t\t\t\t<div class=\"elementor-element elementor-element-ce6cf9d color-scheme-inherit text-left elementor-widget elementor-widget-text-editor\" data-id=\"ce6cf9d\" data-element_type=\"widget\" data-widget_type=\"text-editor.default\">\n\t\t\t\t<div class=\"elementor-widget-container\">\n\t\t\t\t\t\t\t\t\t<p class=\"siviTekst10pt\">\u201eO\u201c prsten ima \u0161iroku primenu u tehnici zaptivanja zbog jednostavnog oblika, visoke sposobnosti zaptivanja i jednostavnog postupka ugradnje. Funkcija zaptivanja se posti\u017ee mehani\u010dkom deformacijom \u201eO\u201c prstena u za to predvi\u0111enom le\u017ei\u0161tu zaptivnog elementa. Primena \u201eO\u201c prstena mo\u017ee biti stati\u010dka i dinami\u010dka. Izra\u0111uju se prema standardu\u00a0<strong>DIN 3770<\/strong>.<\/p><p class=\"tamnoSiviTekst10pt\">Materijali koji se koriste za izradu su :<\/p><p>&#8211; Perbunan (<strong>NBR<\/strong>)<br \/>&#8211; Silikon (<strong>MVQ<\/strong>)<br \/>&#8211; Flour (<strong>FPM<\/strong>)<br \/>&#8211; Neopren (<strong>CR<\/strong>)<br \/>&#8211; Etilen propilen kau\u010duk (<strong>EPDM<\/strong>)<\/p>\t\t\t\t\t\t\t\t<\/div>\n\t\t\t\t<\/div>\n\t\t\t\t<div class=\"elementor-element elementor-element-f84c8ab elementor-widget elementor-widget-image\" data-id=\"f84c8ab\" data-element_type=\"widget\" data-widget_type=\"image.default\">\n\t\t\t\t<div class=\"elementor-widget-container\">\n\t\t\t\t\t\t\t\t\t\t\t\t\t\t\t<img decoding=\"async\" width=\"453\" height=\"100\" src=\"https:\/\/hemogum.com\/wp-content\/uploads\/2019\/04\/oring.gif\" class=\"attachment-large size-large wp-image-206\" alt=\"\" \/>\t\t\t\t\t\t\t\t\t\t\t\t\t\t\t<\/div>\n\t\t\t\t<\/div>\n\t\t\t\t\t<\/div>\n\t\t\t\t<\/div>\n\t\t\t\t<\/div>\n\t\t","protected":false},"excerpt":{"rendered":"<p>\u201eO\u201c prsten \u201eO\u201c prsten ima \u0161iroku primenu u tehnici zaptivanja zbog jednostavnog oblika, visoke sposobnosti zaptivanja i jednostavnog postupka ugradnje.<\/p>\n","protected":false},"author":1,"featured_media":0,"parent":0,"menu_order":0,"comment_status":"closed","ping_status":"closed","template":"","meta":{"footnotes":""},"class_list":["post-597","page","type-page","status-publish","hentry"],"yoast_head":"<!-- This site is optimized with the Yoast SEO plugin v25.5 - https:\/\/yoast.com\/wordpress\/plugins\/seo\/ -->\n<title>O-Ring \/ O-Prsten<\/title>\n<meta name=\"description\" content=\"O Prsten ima \u0161iroku primenu u tehnici zaptivanja zbog jednostavnog oblika, visoke sposobnosti zaptivanja\u2026\" \/>\n<meta name=\"robots\" content=\"index, follow, max-snippet:-1, max-image-preview:large, max-video-preview:-1\" \/>\n<link rel=\"canonical\" href=\"https:\/\/hemogum.com\/o-ring\/\" \/>\n<meta property=\"og:locale\" content=\"sr_RS\" \/>\n<meta property=\"og:type\" content=\"article\" \/>\n<meta property=\"og:title\" content=\"O-Ring \/ O-Prsten\" \/>\n<meta property=\"og:description\" content=\"O Prsten ima \u0161iroku primenu u tehnici zaptivanja zbog jednostavnog oblika, visoke sposobnosti zaptivanja\u2026\" \/>\n<meta property=\"og:url\" content=\"https:\/\/hemogum.com\/o-ring\/\" \/>\n<meta property=\"og:site_name\" content=\"Hemogum\" \/>\n<meta property=\"article:modified_time\" content=\"2023-12-19T11:39:11+00:00\" \/>\n<meta property=\"og:image\" content=\"https:\/\/hemogum.com\/wp-content\/uploads\/2019\/04\/101433498211.jpg\" \/>\n<meta name=\"twitter:card\" content=\"summary_large_image\" \/>\n<meta name=\"twitter:label1\" content=\"\u041f\u0440\u043e\u0446\u0435\u045a\u0435\u043d\u043e \u0432\u0440\u0435\u043c\u0435 \u0447\u0438\u0442\u0430\u045a\u0430\" \/>\n\t<meta name=\"twitter:data1\" content=\"1 \u043c\u0438\u043d\u0443\u0442\" \/>\n<script type=\"application\/ld+json\" class=\"yoast-schema-graph\">{\"@context\":\"https:\/\/schema.org\",\"@graph\":[{\"@type\":\"WebPage\",\"@id\":\"https:\/\/hemogum.com\/o-ring\/\",\"url\":\"https:\/\/hemogum.com\/o-ring\/\",\"name\":\"O-Ring \/ O-Prsten\",\"isPartOf\":{\"@id\":\"https:\/\/hemogum.com\/sr\/#website\"},\"primaryImageOfPage\":{\"@id\":\"https:\/\/hemogum.com\/o-ring\/#primaryimage\"},\"image\":{\"@id\":\"https:\/\/hemogum.com\/o-ring\/#primaryimage\"},\"thumbnailUrl\":\"https:\/\/hemogum.com\/wp-content\/uploads\/2019\/04\/101433498211.jpg\",\"datePublished\":\"2019-04-12T17:56:06+00:00\",\"dateModified\":\"2023-12-19T11:39:11+00:00\",\"description\":\"O Prsten ima \u0161iroku primenu u tehnici zaptivanja zbog jednostavnog oblika, visoke sposobnosti zaptivanja\u2026\",\"breadcrumb\":{\"@id\":\"https:\/\/hemogum.com\/o-ring\/#breadcrumb\"},\"inLanguage\":\"sr-RS\",\"potentialAction\":[{\"@type\":\"ReadAction\",\"target\":[\"https:\/\/hemogum.com\/o-ring\/\"]}]},{\"@type\":\"ImageObject\",\"inLanguage\":\"sr-RS\",\"@id\":\"https:\/\/hemogum.com\/o-ring\/#primaryimage\",\"url\":\"https:\/\/hemogum.com\/wp-content\/uploads\/2019\/04\/101433498211.jpg\",\"contentUrl\":\"https:\/\/hemogum.com\/wp-content\/uploads\/2019\/04\/101433498211.jpg\"},{\"@type\":\"BreadcrumbList\",\"@id\":\"https:\/\/hemogum.com\/o-ring\/#breadcrumb\",\"itemListElement\":[{\"@type\":\"ListItem\",\"position\":1,\"name\":\"Home\",\"item\":\"https:\/\/hemogum.com\/\"},{\"@type\":\"ListItem\",\"position\":2,\"name\":\"O prsten\"}]},{\"@type\":\"WebSite\",\"@id\":\"https:\/\/hemogum.com\/sr\/#website\",\"url\":\"https:\/\/hemogum.com\/sr\/\",\"name\":\"Hemogum\",\"description\":\"\",\"potentialAction\":[{\"@type\":\"SearchAction\",\"target\":{\"@type\":\"EntryPoint\",\"urlTemplate\":\"https:\/\/hemogum.com\/sr\/?s={search_term_string}\"},\"query-input\":{\"@type\":\"PropertyValueSpecification\",\"valueRequired\":true,\"valueName\":\"search_term_string\"}}],\"inLanguage\":\"sr-RS\"}]}<\/script>\n<!-- \/ Yoast SEO plugin. -->","yoast_head_json":{"title":"O-Ring \/ O-Prsten","description":"O Prsten ima \u0161iroku primenu u tehnici zaptivanja zbog jednostavnog oblika, visoke sposobnosti zaptivanja\u2026","robots":{"index":"index","follow":"follow","max-snippet":"max-snippet:-1","max-image-preview":"max-image-preview:large","max-video-preview":"max-video-preview:-1"},"canonical":"https:\/\/hemogum.com\/o-ring\/","og_locale":"sr_RS","og_type":"article","og_title":"O-Ring \/ O-Prsten","og_description":"O Prsten ima \u0161iroku primenu u tehnici zaptivanja zbog jednostavnog oblika, visoke sposobnosti zaptivanja\u2026","og_url":"https:\/\/hemogum.com\/o-ring\/","og_site_name":"Hemogum","article_modified_time":"2023-12-19T11:39:11+00:00","og_image":[{"url":"https:\/\/hemogum.com\/wp-content\/uploads\/2019\/04\/101433498211.jpg","type":"","width":"","height":""}],"twitter_card":"summary_large_image","twitter_misc":{"\u041f\u0440\u043e\u0446\u0435\u045a\u0435\u043d\u043e \u0432\u0440\u0435\u043c\u0435 \u0447\u0438\u0442\u0430\u045a\u0430":"1 \u043c\u0438\u043d\u0443\u0442"},"schema":{"@context":"https:\/\/schema.org","@graph":[{"@type":"WebPage","@id":"https:\/\/hemogum.com\/o-ring\/","url":"https:\/\/hemogum.com\/o-ring\/","name":"O-Ring \/ O-Prsten","isPartOf":{"@id":"https:\/\/hemogum.com\/sr\/#website"},"primaryImageOfPage":{"@id":"https:\/\/hemogum.com\/o-ring\/#primaryimage"},"image":{"@id":"https:\/\/hemogum.com\/o-ring\/#primaryimage"},"thumbnailUrl":"https:\/\/hemogum.com\/wp-content\/uploads\/2019\/04\/101433498211.jpg","datePublished":"2019-04-12T17:56:06+00:00","dateModified":"2023-12-19T11:39:11+00:00","description":"O Prsten ima \u0161iroku primenu u tehnici zaptivanja zbog jednostavnog oblika, visoke sposobnosti zaptivanja\u2026","breadcrumb":{"@id":"https:\/\/hemogum.com\/o-ring\/#breadcrumb"},"inLanguage":"sr-RS","potentialAction":[{"@type":"ReadAction","target":["https:\/\/hemogum.com\/o-ring\/"]}]},{"@type":"ImageObject","inLanguage":"sr-RS","@id":"https:\/\/hemogum.com\/o-ring\/#primaryimage","url":"https:\/\/hemogum.com\/wp-content\/uploads\/2019\/04\/101433498211.jpg","contentUrl":"https:\/\/hemogum.com\/wp-content\/uploads\/2019\/04\/101433498211.jpg"},{"@type":"BreadcrumbList","@id":"https:\/\/hemogum.com\/o-ring\/#breadcrumb","itemListElement":[{"@type":"ListItem","position":1,"name":"Home","item":"https:\/\/hemogum.com\/"},{"@type":"ListItem","position":2,"name":"O prsten"}]},{"@type":"WebSite","@id":"https:\/\/hemogum.com\/sr\/#website","url":"https:\/\/hemogum.com\/sr\/","name":"Hemogum","description":"","potentialAction":[{"@type":"SearchAction","target":{"@type":"EntryPoint","urlTemplate":"https:\/\/hemogum.com\/sr\/?s={search_term_string}"},"query-input":{"@type":"PropertyValueSpecification","valueRequired":true,"valueName":"search_term_string"}}],"inLanguage":"sr-RS"}]}},"_links":{"self":[{"href":"https:\/\/hemogum.com\/sr\/wp-json\/wp\/v2\/pages\/597","targetHints":{"allow":["GET"]}}],"collection":[{"href":"https:\/\/hemogum.com\/sr\/wp-json\/wp\/v2\/pages"}],"about":[{"href":"https:\/\/hemogum.com\/sr\/wp-json\/wp\/v2\/types\/page"}],"author":[{"embeddable":true,"href":"https:\/\/hemogum.com\/sr\/wp-json\/wp\/v2\/users\/1"}],"replies":[{"embeddable":true,"href":"https:\/\/hemogum.com\/sr\/wp-json\/wp\/v2\/comments?post=597"}],"version-history":[{"count":3,"href":"https:\/\/hemogum.com\/sr\/wp-json\/wp\/v2\/pages\/597\/revisions"}],"predecessor-version":[{"id":1461,"href":"https:\/\/hemogum.com\/sr\/wp-json\/wp\/v2\/pages\/597\/revisions\/1461"}],"wp:attachment":[{"href":"https:\/\/hemogum.com\/sr\/wp-json\/wp\/v2\/media?parent=597"}],"curies":[{"name":"wp","href":"https:\/\/api.w.org\/{rel}","templated":true}]}}