{"id":611,"date":"2019-04-12T19:47:53","date_gmt":"2019-04-12T19:47:53","guid":{"rendered":"http:\/\/hemogum.acocvetic.com\/oil-pump-rubber\/"},"modified":"2023-12-19T12:37:42","modified_gmt":"2023-12-19T12:37:42","slug":"gumice-za-uljne-pumpe","status":"publish","type":"page","link":"https:\/\/hemogum.com\/sr\/gumice-za-uljne-pumpe\/","title":{"rendered":"Gumice za uljne pumpe"},"content":{"rendered":"\t\t<div data-elementor-type=\"wp-page\" data-elementor-id=\"611\" class=\"elementor elementor-611\">\n\t\t\t\t<div class=\"wd-negative-gap elementor-element elementor-element-cac0da8 e-flex e-con-boxed e-con e-parent\" data-id=\"cac0da8\" data-element_type=\"container\">\n\t\t\t\t\t<div class=\"e-con-inner\">\n\t\t<div class=\"elementor-element elementor-element-0ea8b83 e-con-full e-flex e-con e-child\" data-id=\"0ea8b83\" data-element_type=\"container\">\n\t\t\t\t<div class=\"elementor-element elementor-element-07b0a58 elementor-widget elementor-widget-image\" data-id=\"07b0a58\" data-element_type=\"widget\" data-widget_type=\"image.default\">\n\t\t\t\t<div class=\"elementor-widget-container\">\n\t\t\t\t\t\t\t\t\t\t\t\t\t\t\t<img fetchpriority=\"high\" decoding=\"async\" width=\"370\" height=\"222\" src=\"https:\/\/hemogum.com\/wp-content\/uploads\/2019\/04\/101433345558.jpg\" class=\"attachment-large size-large wp-image-380\" alt=\"\" srcset=\"https:\/\/hemogum.com\/wp-content\/uploads\/2019\/04\/101433345558.jpg 370w, https:\/\/hemogum.com\/wp-content\/uploads\/2019\/04\/101433345558-300x180.jpg 300w\" sizes=\"(max-width: 370px) 100vw, 370px\" \/>\t\t\t\t\t\t\t\t\t\t\t\t\t\t\t<\/div>\n\t\t\t\t<\/div>\n\t\t\t\t<div class=\"elementor-element elementor-element-ee1fa1c color-scheme-inherit text-left elementor-widget elementor-widget-text-editor\" data-id=\"ee1fa1c\" data-element_type=\"widget\" data-widget_type=\"text-editor.default\">\n\t\t\t\t<div class=\"elementor-widget-container\">\n\t\t\t\t\t\t\t\t\t<p><span class=\"product-name\">Gumica ku\u0107i\u0161ta uljne pumpe za STIHL<br \/><\/span>Katalo\u0161ki broj:\u00a0<strong>1110 647 9000<br \/><\/strong>Model: 041<br \/>Hemogum \u0161ifra: 58-11-100<\/p>\t\t\t\t\t\t\t\t<\/div>\n\t\t\t\t<\/div>\n\t\t\t\t<\/div>\n\t\t<div class=\"elementor-element elementor-element-efa2f00 e-con-full e-flex e-con e-child\" data-id=\"efa2f00\" data-element_type=\"container\">\n\t\t\t\t<div class=\"elementor-element elementor-element-569cbea elementor-widget elementor-widget-image\" data-id=\"569cbea\" data-element_type=\"widget\" data-widget_type=\"image.default\">\n\t\t\t\t<div class=\"elementor-widget-container\">\n\t\t\t\t\t\t\t\t\t\t\t\t\t\t\t<img decoding=\"async\" width=\"370\" height=\"222\" src=\"https:\/\/hemogum.com\/wp-content\/uploads\/2019\/04\/101433345508.jpg\" class=\"attachment-large size-large wp-image-379\" alt=\"\" srcset=\"https:\/\/hemogum.com\/wp-content\/uploads\/2019\/04\/101433345508.jpg 370w, https:\/\/hemogum.com\/wp-content\/uploads\/2019\/04\/101433345508-300x180.jpg 300w\" sizes=\"(max-width: 370px) 100vw, 370px\" \/>\t\t\t\t\t\t\t\t\t\t\t\t\t\t\t<\/div>\n\t\t\t\t<\/div>\n\t\t\t\t<div class=\"elementor-element elementor-element-c93b60e color-scheme-inherit text-left elementor-widget elementor-widget-text-editor\" data-id=\"c93b60e\" data-element_type=\"widget\" data-widget_type=\"text-editor.default\">\n\t\t\t\t<div class=\"elementor-widget-container\">\n\t\t\t\t\t\t\t\t\t<p><span class=\"product-name\">Gumica ku\u0107i\u0161ta uljne pumpe za STIHL<br \/><\/span>Katalo\u0161ki broj:\u00a0<strong>1111 647 9000<br \/><\/strong>Model: 051<br \/>Hemogum \u0161ifra: 58-11-101<\/p>\t\t\t\t\t\t\t\t<\/div>\n\t\t\t\t<\/div>\n\t\t\t\t<\/div>\n\t\t<div class=\"elementor-element elementor-element-1f53cb0 e-con-full e-flex e-con e-child\" data-id=\"1f53cb0\" data-element_type=\"container\">\n\t\t\t\t<div class=\"elementor-element elementor-element-76e9a54 elementor-widget elementor-widget-image\" data-id=\"76e9a54\" data-element_type=\"widget\" data-widget_type=\"image.default\">\n\t\t\t\t<div class=\"elementor-widget-container\">\n\t\t\t\t\t\t\t\t\t\t\t\t\t\t\t<img decoding=\"async\" width=\"370\" height=\"222\" src=\"https:\/\/hemogum.com\/wp-content\/uploads\/2019\/04\/101433345461.jpg\" class=\"attachment-large size-large wp-image-378\" alt=\"\" srcset=\"https:\/\/hemogum.com\/wp-content\/uploads\/2019\/04\/101433345461.jpg 370w, https:\/\/hemogum.com\/wp-content\/uploads\/2019\/04\/101433345461-300x180.jpg 300w\" sizes=\"(max-width: 370px) 100vw, 370px\" \/>\t\t\t\t\t\t\t\t\t\t\t\t\t\t\t<\/div>\n\t\t\t\t<\/div>\n\t\t\t\t<div class=\"elementor-element elementor-element-ec87f10 color-scheme-inherit text-left elementor-widget elementor-widget-text-editor\" data-id=\"ec87f10\" data-element_type=\"widget\" data-widget_type=\"text-editor.default\">\n\t\t\t\t<div class=\"elementor-widget-container\">\n\t\t\t\t\t\t\t\t\t<p><span class=\"product-name\">Gumica ku\u0107i\u0161ta uljne pumpe za STIHL<br \/><\/span>Katalo\u0161ki broj:\u00a0<strong>1111 647 9001<br \/><\/strong>Model: 051<br \/>Hemogum \u0161ifra: 58-11-102<\/p>\t\t\t\t\t\t\t\t<\/div>\n\t\t\t\t<\/div>\n\t\t\t\t<\/div>\n\t\t<div class=\"elementor-element elementor-element-cf52b8a e-con-full e-flex e-con e-child\" data-id=\"cf52b8a\" data-element_type=\"container\">\n\t\t\t\t<div class=\"elementor-element elementor-element-890a9b5 elementor-widget elementor-widget-image\" data-id=\"890a9b5\" data-element_type=\"widget\" data-widget_type=\"image.default\">\n\t\t\t\t<div class=\"elementor-widget-container\">\n\t\t\t\t\t\t\t\t\t\t\t\t\t\t\t<img loading=\"lazy\" decoding=\"async\" width=\"370\" height=\"222\" src=\"https:\/\/hemogum.com\/wp-content\/uploads\/2019\/04\/101433345415.jpg\" class=\"attachment-large size-large wp-image-377\" alt=\"\" srcset=\"https:\/\/hemogum.com\/wp-content\/uploads\/2019\/04\/101433345415.jpg 370w, https:\/\/hemogum.com\/wp-content\/uploads\/2019\/04\/101433345415-300x180.jpg 300w\" sizes=\"(max-width: 370px) 100vw, 370px\" \/>\t\t\t\t\t\t\t\t\t\t\t\t\t\t\t<\/div>\n\t\t\t\t<\/div>\n\t\t\t\t<div class=\"elementor-element elementor-element-dbb6cd3 color-scheme-inherit text-left elementor-widget elementor-widget-text-editor\" data-id=\"dbb6cd3\" data-element_type=\"widget\" data-widget_type=\"text-editor.default\">\n\t\t\t\t<div class=\"elementor-widget-container\">\n\t\t\t\t\t\t\t\t\t<p><span class=\"product-name\">Gumica ku\u0107i\u0161ta uljne pumpe za STIHL<br \/><\/span>Katalo\u0161ki broj:<br \/>Model: 051-stari tip<br \/>Hemogum \u0161ifra: 58-11-103<\/p>\t\t\t\t\t\t\t\t<\/div>\n\t\t\t\t<\/div>\n\t\t\t\t<\/div>\n\t\t<div class=\"elementor-element elementor-element-a71269e e-con-full e-flex e-con e-child\" data-id=\"a71269e\" data-element_type=\"container\">\n\t\t\t\t<div class=\"elementor-element elementor-element-4540a67 elementor-widget elementor-widget-image\" data-id=\"4540a67\" data-element_type=\"widget\" data-widget_type=\"image.default\">\n\t\t\t\t<div class=\"elementor-widget-container\">\n\t\t\t\t\t\t\t\t\t\t\t\t\t\t\t<img loading=\"lazy\" decoding=\"async\" width=\"370\" height=\"222\" src=\"https:\/\/hemogum.com\/wp-content\/uploads\/2019\/04\/101433345361.jpg\" class=\"attachment-large size-large wp-image-376\" alt=\"\" srcset=\"https:\/\/hemogum.com\/wp-content\/uploads\/2019\/04\/101433345361.jpg 370w, https:\/\/hemogum.com\/wp-content\/uploads\/2019\/04\/101433345361-300x180.jpg 300w\" sizes=\"(max-width: 370px) 100vw, 370px\" \/>\t\t\t\t\t\t\t\t\t\t\t\t\t\t\t<\/div>\n\t\t\t\t<\/div>\n\t\t\t\t<div class=\"elementor-element elementor-element-dcd0287 color-scheme-inherit text-left elementor-widget elementor-widget-text-editor\" data-id=\"dcd0287\" data-element_type=\"widget\" data-widget_type=\"text-editor.default\">\n\t\t\t\t<div class=\"elementor-widget-container\">\n\t\t\t\t\t\t\t\t\t<p><span class=\"product-name\">Gumica ku\u0107i\u0161ta uljne pumpe za HUSQVARNU<br \/><\/span>Katalo\u0161ki broj: <strong>503 85 48-01<br \/><\/strong>Model: Husqvarna 340, 345, 350<br \/>Hemogum \u0161ifra: 58-20-100<\/p>\t\t\t\t\t\t\t\t<\/div>\n\t\t\t\t<\/div>\n\t\t\t\t<\/div>\n\t\t<div class=\"elementor-element elementor-element-5727519 e-con-full e-flex e-con e-child\" data-id=\"5727519\" data-element_type=\"container\">\n\t\t\t\t<div class=\"elementor-element elementor-element-8a30900 elementor-widget elementor-widget-image\" data-id=\"8a30900\" data-element_type=\"widget\" data-widget_type=\"image.default\">\n\t\t\t\t<div class=\"elementor-widget-container\">\n\t\t\t\t\t\t\t\t\t\t\t\t\t\t\t<img loading=\"lazy\" decoding=\"async\" width=\"370\" height=\"222\" src=\"https:\/\/hemogum.com\/wp-content\/uploads\/2019\/04\/101433345307.jpg\" class=\"attachment-large size-large wp-image-375\" alt=\"\" srcset=\"https:\/\/hemogum.com\/wp-content\/uploads\/2019\/04\/101433345307.jpg 370w, https:\/\/hemogum.com\/wp-content\/uploads\/2019\/04\/101433345307-300x180.jpg 300w\" sizes=\"(max-width: 370px) 100vw, 370px\" \/>\t\t\t\t\t\t\t\t\t\t\t\t\t\t\t<\/div>\n\t\t\t\t<\/div>\n\t\t\t\t<div class=\"elementor-element elementor-element-01284fb color-scheme-inherit text-left elementor-widget elementor-widget-text-editor\" data-id=\"01284fb\" data-element_type=\"widget\" data-widget_type=\"text-editor.default\">\n\t\t\t\t<div class=\"elementor-widget-container\">\n\t\t\t\t\t\t\t\t\t<p><span class=\"product-name\">Gumica ku\u0107i\u0161ta uljne pumpe za HUSQVARNU<br \/><\/span>Katalo\u0161ki broj:\u00a0<strong>545 03 71-01<br \/><\/strong>Model: Husqvarna 136, 137, 141, 142<br \/>Hemogum \u0161ifra: 58-20-101<\/p>\t\t\t\t\t\t\t\t<\/div>\n\t\t\t\t<\/div>\n\t\t\t\t<\/div>\n\t\t<div class=\"elementor-element elementor-element-d4add2b e-con-full e-flex e-con e-child\" data-id=\"d4add2b\" data-element_type=\"container\">\n\t\t\t\t<div class=\"elementor-element elementor-element-1d06999 elementor-widget elementor-widget-image\" data-id=\"1d06999\" data-element_type=\"widget\" data-widget_type=\"image.default\">\n\t\t\t\t<div class=\"elementor-widget-container\">\n\t\t\t\t\t\t\t\t\t\t\t\t\t\t\t<img loading=\"lazy\" decoding=\"async\" width=\"370\" height=\"222\" src=\"https:\/\/hemogum.com\/wp-content\/uploads\/2019\/04\/101433345238.jpg\" class=\"attachment-large size-large wp-image-374\" alt=\"\" srcset=\"https:\/\/hemogum.com\/wp-content\/uploads\/2019\/04\/101433345238.jpg 370w, https:\/\/hemogum.com\/wp-content\/uploads\/2019\/04\/101433345238-300x180.jpg 300w\" sizes=\"(max-width: 370px) 100vw, 370px\" \/>\t\t\t\t\t\t\t\t\t\t\t\t\t\t\t<\/div>\n\t\t\t\t<\/div>\n\t\t\t\t<div class=\"elementor-element elementor-element-4d0be50 color-scheme-inherit text-left elementor-widget elementor-widget-text-editor\" data-id=\"4d0be50\" data-element_type=\"widget\" data-widget_type=\"text-editor.default\">\n\t\t\t\t<div class=\"elementor-widget-container\">\n\t\t\t\t\t\t\t\t\t<p><span class=\"product-name\">Gumica ku\u0107i\u0161ta uljne pumpe za OLEO MAC<br \/><\/span>Katalo\u0161ki broj:\u00a0<strong>094600046A<br \/><\/strong>Model: Oleo mac 938, 941, 942, 946, 951,138, 146<br \/>Hemogum \u0161ifra: 58-27-100<\/p>\t\t\t\t\t\t\t\t<\/div>\n\t\t\t\t<\/div>\n\t\t\t\t<\/div>\n\t\t<div class=\"elementor-element elementor-element-b9ac2fd e-con-full e-flex e-con e-child\" data-id=\"b9ac2fd\" data-element_type=\"container\">\n\t\t\t\t<\/div>\n\t\t<div class=\"elementor-element elementor-element-79c7ad1 e-con-full e-flex e-con e-child\" data-id=\"79c7ad1\" data-element_type=\"container\">\n\t\t\t\t<\/div>\n\t\t\t\t\t<\/div>\n\t\t\t\t<\/div>\n\t\t\t\t<\/div>\n\t\t","protected":false},"excerpt":{"rendered":"<p>Gumica ku\u0107i\u0161ta uljne pumpe za STIHLKatalo\u0161ki broj:\u00a01110 647 9000Model: 041Hemogum \u0161ifra: 58-11-100 Gumica ku\u0107i\u0161ta uljne pumpe za STIHLKatalo\u0161ki broj:\u00a01111 647<\/p>\n","protected":false},"author":1,"featured_media":0,"parent":0,"menu_order":0,"comment_status":"closed","ping_status":"closed","template":"","meta":{"footnotes":""},"class_list":["post-611","page","type-page","status-publish","hentry"],"yoast_head":"<!-- This site is optimized with the Yoast SEO plugin v25.5 - https:\/\/yoast.com\/wordpress\/plugins\/seo\/ -->\n<title>Gumice za uljne pumpe - Hemogum<\/title>\n<meta name=\"robots\" content=\"index, follow, max-snippet:-1, max-image-preview:large, max-video-preview:-1\" \/>\n<link rel=\"canonical\" href=\"https:\/\/hemogum.com\/oil-pump-rubber\/\" \/>\n<meta property=\"og:locale\" content=\"sr_RS\" \/>\n<meta property=\"og:type\" content=\"article\" \/>\n<meta property=\"og:title\" content=\"Gumice za uljne pumpe - Hemogum\" \/>\n<meta property=\"og:description\" content=\"Gumica ku\u0107i\u0161ta uljne pumpe za STIHLKatalo\u0161ki broj:\u00a01110 647 9000Model: 041Hemogum \u0161ifra: 58-11-100 Gumica ku\u0107i\u0161ta uljne pumpe za STIHLKatalo\u0161ki broj:\u00a01111 647\" \/>\n<meta property=\"og:url\" content=\"https:\/\/hemogum.com\/oil-pump-rubber\/\" \/>\n<meta property=\"og:site_name\" content=\"Hemogum\" \/>\n<meta property=\"article:modified_time\" content=\"2023-12-19T12:37:42+00:00\" \/>\n<meta property=\"og:image\" content=\"https:\/\/hemogum.com\/wp-content\/uploads\/2019\/04\/101433345558.jpg\" \/>\n<meta name=\"twitter:card\" content=\"summary_large_image\" \/>\n<meta name=\"twitter:label1\" content=\"\u041f\u0440\u043e\u0446\u0435\u045a\u0435\u043d\u043e \u0432\u0440\u0435\u043c\u0435 \u0447\u0438\u0442\u0430\u045a\u0430\" \/>\n\t<meta name=\"twitter:data1\" content=\"2 \u043c\u0438\u043d\u0443\u0442\u0430\" \/>\n<script type=\"application\/ld+json\" class=\"yoast-schema-graph\">{\"@context\":\"https:\/\/schema.org\",\"@graph\":[{\"@type\":\"WebPage\",\"@id\":\"https:\/\/hemogum.com\/oil-pump-rubber\/\",\"url\":\"https:\/\/hemogum.com\/oil-pump-rubber\/\",\"name\":\"Gumice za uljne pumpe - Hemogum\",\"isPartOf\":{\"@id\":\"https:\/\/hemogum.com\/sr\/#website\"},\"primaryImageOfPage\":{\"@id\":\"https:\/\/hemogum.com\/oil-pump-rubber\/#primaryimage\"},\"image\":{\"@id\":\"https:\/\/hemogum.com\/oil-pump-rubber\/#primaryimage\"},\"thumbnailUrl\":\"https:\/\/hemogum.com\/wp-content\/uploads\/2019\/04\/101433345558.jpg\",\"datePublished\":\"2019-04-12T19:47:53+00:00\",\"dateModified\":\"2023-12-19T12:37:42+00:00\",\"breadcrumb\":{\"@id\":\"https:\/\/hemogum.com\/oil-pump-rubber\/#breadcrumb\"},\"inLanguage\":\"sr-RS\",\"potentialAction\":[{\"@type\":\"ReadAction\",\"target\":[\"https:\/\/hemogum.com\/oil-pump-rubber\/\"]}]},{\"@type\":\"ImageObject\",\"inLanguage\":\"sr-RS\",\"@id\":\"https:\/\/hemogum.com\/oil-pump-rubber\/#primaryimage\",\"url\":\"https:\/\/hemogum.com\/wp-content\/uploads\/2019\/04\/101433345558.jpg\",\"contentUrl\":\"https:\/\/hemogum.com\/wp-content\/uploads\/2019\/04\/101433345558.jpg\"},{\"@type\":\"BreadcrumbList\",\"@id\":\"https:\/\/hemogum.com\/oil-pump-rubber\/#breadcrumb\",\"itemListElement\":[{\"@type\":\"ListItem\",\"position\":1,\"name\":\"Home\",\"item\":\"https:\/\/hemogum.com\/\"},{\"@type\":\"ListItem\",\"position\":2,\"name\":\"Gumice za uljne pumpe\"}]},{\"@type\":\"WebSite\",\"@id\":\"https:\/\/hemogum.com\/sr\/#website\",\"url\":\"https:\/\/hemogum.com\/sr\/\",\"name\":\"Hemogum\",\"description\":\"\",\"potentialAction\":[{\"@type\":\"SearchAction\",\"target\":{\"@type\":\"EntryPoint\",\"urlTemplate\":\"https:\/\/hemogum.com\/sr\/?s={search_term_string}\"},\"query-input\":{\"@type\":\"PropertyValueSpecification\",\"valueRequired\":true,\"valueName\":\"search_term_string\"}}],\"inLanguage\":\"sr-RS\"}]}<\/script>\n<!-- \/ Yoast SEO plugin. -->","yoast_head_json":{"title":"Gumice za uljne pumpe - Hemogum","robots":{"index":"index","follow":"follow","max-snippet":"max-snippet:-1","max-image-preview":"max-image-preview:large","max-video-preview":"max-video-preview:-1"},"canonical":"https:\/\/hemogum.com\/oil-pump-rubber\/","og_locale":"sr_RS","og_type":"article","og_title":"Gumice za uljne pumpe - Hemogum","og_description":"Gumica ku\u0107i\u0161ta uljne pumpe za STIHLKatalo\u0161ki broj:\u00a01110 647 9000Model: 041Hemogum \u0161ifra: 58-11-100 Gumica ku\u0107i\u0161ta uljne pumpe za STIHLKatalo\u0161ki broj:\u00a01111 647","og_url":"https:\/\/hemogum.com\/oil-pump-rubber\/","og_site_name":"Hemogum","article_modified_time":"2023-12-19T12:37:42+00:00","og_image":[{"url":"https:\/\/hemogum.com\/wp-content\/uploads\/2019\/04\/101433345558.jpg","type":"","width":"","height":""}],"twitter_card":"summary_large_image","twitter_misc":{"\u041f\u0440\u043e\u0446\u0435\u045a\u0435\u043d\u043e \u0432\u0440\u0435\u043c\u0435 \u0447\u0438\u0442\u0430\u045a\u0430":"2 \u043c\u0438\u043d\u0443\u0442\u0430"},"schema":{"@context":"https:\/\/schema.org","@graph":[{"@type":"WebPage","@id":"https:\/\/hemogum.com\/oil-pump-rubber\/","url":"https:\/\/hemogum.com\/oil-pump-rubber\/","name":"Gumice za uljne pumpe - Hemogum","isPartOf":{"@id":"https:\/\/hemogum.com\/sr\/#website"},"primaryImageOfPage":{"@id":"https:\/\/hemogum.com\/oil-pump-rubber\/#primaryimage"},"image":{"@id":"https:\/\/hemogum.com\/oil-pump-rubber\/#primaryimage"},"thumbnailUrl":"https:\/\/hemogum.com\/wp-content\/uploads\/2019\/04\/101433345558.jpg","datePublished":"2019-04-12T19:47:53+00:00","dateModified":"2023-12-19T12:37:42+00:00","breadcrumb":{"@id":"https:\/\/hemogum.com\/oil-pump-rubber\/#breadcrumb"},"inLanguage":"sr-RS","potentialAction":[{"@type":"ReadAction","target":["https:\/\/hemogum.com\/oil-pump-rubber\/"]}]},{"@type":"ImageObject","inLanguage":"sr-RS","@id":"https:\/\/hemogum.com\/oil-pump-rubber\/#primaryimage","url":"https:\/\/hemogum.com\/wp-content\/uploads\/2019\/04\/101433345558.jpg","contentUrl":"https:\/\/hemogum.com\/wp-content\/uploads\/2019\/04\/101433345558.jpg"},{"@type":"BreadcrumbList","@id":"https:\/\/hemogum.com\/oil-pump-rubber\/#breadcrumb","itemListElement":[{"@type":"ListItem","position":1,"name":"Home","item":"https:\/\/hemogum.com\/"},{"@type":"ListItem","position":2,"name":"Gumice za uljne pumpe"}]},{"@type":"WebSite","@id":"https:\/\/hemogum.com\/sr\/#website","url":"https:\/\/hemogum.com\/sr\/","name":"Hemogum","description":"","potentialAction":[{"@type":"SearchAction","target":{"@type":"EntryPoint","urlTemplate":"https:\/\/hemogum.com\/sr\/?s={search_term_string}"},"query-input":{"@type":"PropertyValueSpecification","valueRequired":true,"valueName":"search_term_string"}}],"inLanguage":"sr-RS"}]}},"_links":{"self":[{"href":"https:\/\/hemogum.com\/sr\/wp-json\/wp\/v2\/pages\/611","targetHints":{"allow":["GET"]}}],"collection":[{"href":"https:\/\/hemogum.com\/sr\/wp-json\/wp\/v2\/pages"}],"about":[{"href":"https:\/\/hemogum.com\/sr\/wp-json\/wp\/v2\/types\/page"}],"author":[{"embeddable":true,"href":"https:\/\/hemogum.com\/sr\/wp-json\/wp\/v2\/users\/1"}],"replies":[{"embeddable":true,"href":"https:\/\/hemogum.com\/sr\/wp-json\/wp\/v2\/comments?post=611"}],"version-history":[{"count":4,"href":"https:\/\/hemogum.com\/sr\/wp-json\/wp\/v2\/pages\/611\/revisions"}],"predecessor-version":[{"id":1499,"href":"https:\/\/hemogum.com\/sr\/wp-json\/wp\/v2\/pages\/611\/revisions\/1499"}],"wp:attachment":[{"href":"https:\/\/hemogum.com\/sr\/wp-json\/wp\/v2\/media?parent=611"}],"curies":[{"name":"wp","href":"https:\/\/api.w.org\/{rel}","templated":true}]}}