{"id":628,"date":"2019-04-12T21:09:31","date_gmt":"2019-04-12T21:09:31","guid":{"rendered":"http:\/\/hemogum.acocvetic.com\/assy-bearing-and-seal\/"},"modified":"2023-12-19T11:37:01","modified_gmt":"2023-12-19T11:37:01","slug":"semerinzi-sa-lezajem","status":"publish","type":"page","link":"https:\/\/hemogum.com\/sr\/semerinzi-sa-lezajem\/","title":{"rendered":"Semerinzi sa le\u017eajem"},"content":{"rendered":"\t\t<div data-elementor-type=\"wp-page\" data-elementor-id=\"628\" class=\"elementor elementor-628\">\n\t\t\t\t<div class=\"wd-negative-gap elementor-element elementor-element-39cfc51 e-flex e-con-boxed e-con e-parent\" data-id=\"39cfc51\" data-element_type=\"container\">\n\t\t\t\t\t<div class=\"e-con-inner\">\n\t\t<div class=\"elementor-element elementor-element-4fc2364 e-con-full e-flex e-con e-child\" data-id=\"4fc2364\" data-element_type=\"container\">\n\t\t\t\t<div class=\"elementor-element elementor-element-ad8389f elementor-widget elementor-widget-image\" data-id=\"ad8389f\" data-element_type=\"widget\" data-widget_type=\"image.default\">\n\t\t\t\t<div class=\"elementor-widget-container\">\n\t\t\t\t\t\t\t\t\t\t\t\t\t\t\t<img fetchpriority=\"high\" decoding=\"async\" width=\"370\" height=\"222\" src=\"https:\/\/hemogum.com\/wp-content\/uploads\/2019\/04\/101433460655.jpg\" class=\"attachment-large size-large wp-image-516\" alt=\"\" srcset=\"https:\/\/hemogum.com\/wp-content\/uploads\/2019\/04\/101433460655.jpg 370w, https:\/\/hemogum.com\/wp-content\/uploads\/2019\/04\/101433460655-300x180.jpg 300w\" sizes=\"(max-width: 370px) 100vw, 370px\" \/>\t\t\t\t\t\t\t\t\t\t\t\t\t\t\t<\/div>\n\t\t\t\t<\/div>\n\t\t\t\t<div class=\"elementor-element elementor-element-80315c0 color-scheme-inherit text-left elementor-widget elementor-widget-text-editor\" data-id=\"80315c0\" data-element_type=\"widget\" data-widget_type=\"text-editor.default\">\n\t\t\t\t<div class=\"elementor-widget-container\">\n\t\t\t\t\t\t\t\t\t<div class=\"product-bottom\"><p><span class=\"product-name\">Semering sa le\u017eajem SKF C3 za HUSQVARNU<br \/><\/span>Katalo\u0161ki broj:\u00a0<strong>503 92 23-02<br \/><\/strong>Model: Husq. 340, 345, 350 Jonserad 2140, 2145, 2150<br \/>Hemogum \u0161ifra: 99-60-100<\/p><\/div>\t\t\t\t\t\t\t\t<\/div>\n\t\t\t\t<\/div>\n\t\t\t\t<\/div>\n\t\t<div class=\"elementor-element elementor-element-d9331e6 e-con-full e-flex e-con e-child\" data-id=\"d9331e6\" data-element_type=\"container\">\n\t\t\t\t<div class=\"elementor-element elementor-element-605e689 elementor-widget elementor-widget-image\" data-id=\"605e689\" data-element_type=\"widget\" data-widget_type=\"image.default\">\n\t\t\t\t<div class=\"elementor-widget-container\">\n\t\t\t\t\t\t\t\t\t\t\t\t\t\t\t<img decoding=\"async\" width=\"370\" height=\"222\" src=\"https:\/\/hemogum.com\/wp-content\/uploads\/2019\/04\/101433460603.jpg\" class=\"attachment-large size-large wp-image-515\" alt=\"\" srcset=\"https:\/\/hemogum.com\/wp-content\/uploads\/2019\/04\/101433460603.jpg 370w, https:\/\/hemogum.com\/wp-content\/uploads\/2019\/04\/101433460603-300x180.jpg 300w\" sizes=\"(max-width: 370px) 100vw, 370px\" \/>\t\t\t\t\t\t\t\t\t\t\t\t\t\t\t<\/div>\n\t\t\t\t<\/div>\n\t\t\t\t<div class=\"elementor-element elementor-element-9336439 color-scheme-inherit text-left elementor-widget elementor-widget-text-editor\" data-id=\"9336439\" data-element_type=\"widget\" data-widget_type=\"text-editor.default\">\n\t\t\t\t<div class=\"elementor-widget-container\">\n\t\t\t\t\t\t\t\t\t<div class=\"product-bottom\"><p><span class=\"product-name\">Semering sa le\u017eajem SKF C3 za HUSQVARNU<br \/><\/span>Katalo\u0161ki broj:\u00a0<strong>503 91 34-01<br \/><\/strong>Model: Husq. 232R, 235R, 240R Jonserad 2136<br \/>Hemogum \u0161ifra: 99-60-101<\/p><\/div>\t\t\t\t\t\t\t\t<\/div>\n\t\t\t\t<\/div>\n\t\t\t\t<\/div>\n\t\t<div class=\"elementor-element elementor-element-05ce4e2 e-con-full e-flex e-con e-child\" data-id=\"05ce4e2\" data-element_type=\"container\">\n\t\t\t\t<div class=\"elementor-element elementor-element-abf2f6b elementor-widget elementor-widget-image\" data-id=\"abf2f6b\" data-element_type=\"widget\" data-widget_type=\"image.default\">\n\t\t\t\t<div class=\"elementor-widget-container\">\n\t\t\t\t\t\t\t\t\t\t\t\t\t\t\t<img decoding=\"async\" width=\"370\" height=\"222\" src=\"https:\/\/hemogum.com\/wp-content\/uploads\/2019\/04\/101433460554.jpg\" class=\"attachment-large size-large wp-image-514\" alt=\"\" srcset=\"https:\/\/hemogum.com\/wp-content\/uploads\/2019\/04\/101433460554.jpg 370w, https:\/\/hemogum.com\/wp-content\/uploads\/2019\/04\/101433460554-300x180.jpg 300w\" sizes=\"(max-width: 370px) 100vw, 370px\" \/>\t\t\t\t\t\t\t\t\t\t\t\t\t\t\t<\/div>\n\t\t\t\t<\/div>\n\t\t\t\t<div class=\"elementor-element elementor-element-bdb6667 color-scheme-inherit text-left elementor-widget elementor-widget-text-editor\" data-id=\"bdb6667\" data-element_type=\"widget\" data-widget_type=\"text-editor.default\">\n\t\t\t\t<div class=\"elementor-widget-container\">\n\t\t\t\t\t\t\t\t\t<div class=\"product-bottom\"><p><span class=\"product-name\">Semering sa le\u017eajem SKF C3 za HUSQVARNU<br \/><\/span>Katalo\u0161ki broj:\u00a0<strong>503 94 02-03<br \/><\/strong>Model: Husq. 323, 325, 326\u00a0Jonserad 2125<br \/>Hemogum \u0161ifra: 99-60-102<\/p><\/div>\t\t\t\t\t\t\t\t<\/div>\n\t\t\t\t<\/div>\n\t\t\t\t<\/div>\n\t\t<div class=\"elementor-element elementor-element-38e6fd0 e-con-full e-flex e-con e-child\" data-id=\"38e6fd0\" data-element_type=\"container\">\n\t\t\t\t<div class=\"elementor-element elementor-element-baef801 elementor-widget elementor-widget-image\" data-id=\"baef801\" data-element_type=\"widget\" data-widget_type=\"image.default\">\n\t\t\t\t<div class=\"elementor-widget-container\">\n\t\t\t\t\t\t\t\t\t\t\t\t\t\t\t<img loading=\"lazy\" decoding=\"async\" width=\"370\" height=\"222\" src=\"https:\/\/hemogum.com\/wp-content\/uploads\/2019\/04\/101433460456.jpg\" class=\"attachment-large size-large wp-image-513\" alt=\"\" srcset=\"https:\/\/hemogum.com\/wp-content\/uploads\/2019\/04\/101433460456.jpg 370w, https:\/\/hemogum.com\/wp-content\/uploads\/2019\/04\/101433460456-300x180.jpg 300w\" sizes=\"(max-width: 370px) 100vw, 370px\" \/>\t\t\t\t\t\t\t\t\t\t\t\t\t\t\t<\/div>\n\t\t\t\t<\/div>\n\t\t\t\t<div class=\"elementor-element elementor-element-fb11fcc color-scheme-inherit text-left elementor-widget elementor-widget-text-editor\" data-id=\"fb11fcc\" data-element_type=\"widget\" data-widget_type=\"text-editor.default\">\n\t\t\t\t<div class=\"elementor-widget-container\">\n\t\t\t\t\t\t\t\t\t<div class=\"product-bottom\"><p><span class=\"product-name\">Semering sa le\u017eajem SKF C3 za HUSQVARNU<br \/><\/span>Katalo\u0161ki broj:\u00a0<strong>530 05 63-03<br \/><\/strong>Model: Husq. 136, 137, 141, 142 Partner 350, 351, 371<br \/>Hemogum \u0161ifra: 99-60-103<\/p><\/div>\t\t\t\t\t\t\t\t<\/div>\n\t\t\t\t<\/div>\n\t\t\t\t<\/div>\n\t\t<div class=\"elementor-element elementor-element-3a3c4cd e-con-full e-flex e-con e-child\" data-id=\"3a3c4cd\" data-element_type=\"container\">\n\t\t\t\t<\/div>\n\t\t<div class=\"elementor-element elementor-element-d482aab e-con-full e-flex e-con e-child\" data-id=\"d482aab\" data-element_type=\"container\">\n\t\t\t\t<\/div>\n\t\t\t\t\t<\/div>\n\t\t\t\t<\/div>\n\t\t\t\t<\/div>\n\t\t","protected":false},"excerpt":{"rendered":"<p>Semering sa le\u017eajem SKF C3 za HUSQVARNUKatalo\u0161ki broj:\u00a0503 92 23-02Model: Husq. 340, 345, 350 Jonserad 2140, 2145, 2150Hemogum \u0161ifra: 99-60-100<\/p>\n","protected":false},"author":1,"featured_media":0,"parent":0,"menu_order":0,"comment_status":"closed","ping_status":"closed","template":"","meta":{"footnotes":""},"class_list":["post-628","page","type-page","status-publish","hentry"],"yoast_head":"<!-- This site is optimized with the Yoast SEO plugin v25.5 - https:\/\/yoast.com\/wordpress\/plugins\/seo\/ -->\n<title>Semerinzi sa le\u017eajem - Hemogum<\/title>\n<meta name=\"robots\" content=\"index, follow, max-snippet:-1, max-image-preview:large, max-video-preview:-1\" \/>\n<link rel=\"canonical\" href=\"https:\/\/hemogum.com\/assy-bearing-and-seal\/\" \/>\n<meta property=\"og:locale\" content=\"sr_RS\" \/>\n<meta property=\"og:type\" content=\"article\" \/>\n<meta property=\"og:title\" content=\"Semerinzi sa le\u017eajem - Hemogum\" \/>\n<meta property=\"og:description\" content=\"Semering sa le\u017eajem SKF C3 za HUSQVARNUKatalo\u0161ki broj:\u00a0503 92 23-02Model: Husq. 340, 345, 350 Jonserad 2140, 2145, 2150Hemogum \u0161ifra: 99-60-100\" \/>\n<meta property=\"og:url\" content=\"https:\/\/hemogum.com\/assy-bearing-and-seal\/\" \/>\n<meta property=\"og:site_name\" content=\"Hemogum\" \/>\n<meta property=\"article:modified_time\" content=\"2023-12-19T11:37:01+00:00\" \/>\n<meta property=\"og:image\" content=\"https:\/\/hemogum.com\/wp-content\/uploads\/2019\/04\/101433460655.jpg\" \/>\n<meta name=\"twitter:card\" content=\"summary_large_image\" \/>\n<meta name=\"twitter:label1\" content=\"\u041f\u0440\u043e\u0446\u0435\u045a\u0435\u043d\u043e \u0432\u0440\u0435\u043c\u0435 \u0447\u0438\u0442\u0430\u045a\u0430\" \/>\n\t<meta name=\"twitter:data1\" content=\"2 \u043c\u0438\u043d\u0443\u0442\u0430\" \/>\n<script type=\"application\/ld+json\" class=\"yoast-schema-graph\">{\"@context\":\"https:\/\/schema.org\",\"@graph\":[{\"@type\":\"WebPage\",\"@id\":\"https:\/\/hemogum.com\/assy-bearing-and-seal\/\",\"url\":\"https:\/\/hemogum.com\/assy-bearing-and-seal\/\",\"name\":\"Semerinzi sa le\u017eajem - Hemogum\",\"isPartOf\":{\"@id\":\"https:\/\/hemogum.com\/sr\/#website\"},\"primaryImageOfPage\":{\"@id\":\"https:\/\/hemogum.com\/assy-bearing-and-seal\/#primaryimage\"},\"image\":{\"@id\":\"https:\/\/hemogum.com\/assy-bearing-and-seal\/#primaryimage\"},\"thumbnailUrl\":\"https:\/\/hemogum.com\/wp-content\/uploads\/2019\/04\/101433460655.jpg\",\"datePublished\":\"2019-04-12T21:09:31+00:00\",\"dateModified\":\"2023-12-19T11:37:01+00:00\",\"breadcrumb\":{\"@id\":\"https:\/\/hemogum.com\/assy-bearing-and-seal\/#breadcrumb\"},\"inLanguage\":\"sr-RS\",\"potentialAction\":[{\"@type\":\"ReadAction\",\"target\":[\"https:\/\/hemogum.com\/assy-bearing-and-seal\/\"]}]},{\"@type\":\"ImageObject\",\"inLanguage\":\"sr-RS\",\"@id\":\"https:\/\/hemogum.com\/assy-bearing-and-seal\/#primaryimage\",\"url\":\"https:\/\/hemogum.com\/wp-content\/uploads\/2019\/04\/101433460655.jpg\",\"contentUrl\":\"https:\/\/hemogum.com\/wp-content\/uploads\/2019\/04\/101433460655.jpg\"},{\"@type\":\"BreadcrumbList\",\"@id\":\"https:\/\/hemogum.com\/assy-bearing-and-seal\/#breadcrumb\",\"itemListElement\":[{\"@type\":\"ListItem\",\"position\":1,\"name\":\"Home\",\"item\":\"https:\/\/hemogum.com\/\"},{\"@type\":\"ListItem\",\"position\":2,\"name\":\"Semerinzi sa le\u017eajem\"}]},{\"@type\":\"WebSite\",\"@id\":\"https:\/\/hemogum.com\/sr\/#website\",\"url\":\"https:\/\/hemogum.com\/sr\/\",\"name\":\"Hemogum\",\"description\":\"\",\"potentialAction\":[{\"@type\":\"SearchAction\",\"target\":{\"@type\":\"EntryPoint\",\"urlTemplate\":\"https:\/\/hemogum.com\/sr\/?s={search_term_string}\"},\"query-input\":{\"@type\":\"PropertyValueSpecification\",\"valueRequired\":true,\"valueName\":\"search_term_string\"}}],\"inLanguage\":\"sr-RS\"}]}<\/script>\n<!-- \/ Yoast SEO plugin. -->","yoast_head_json":{"title":"Semerinzi sa le\u017eajem - Hemogum","robots":{"index":"index","follow":"follow","max-snippet":"max-snippet:-1","max-image-preview":"max-image-preview:large","max-video-preview":"max-video-preview:-1"},"canonical":"https:\/\/hemogum.com\/assy-bearing-and-seal\/","og_locale":"sr_RS","og_type":"article","og_title":"Semerinzi sa le\u017eajem - Hemogum","og_description":"Semering sa le\u017eajem SKF C3 za HUSQVARNUKatalo\u0161ki broj:\u00a0503 92 23-02Model: Husq. 340, 345, 350 Jonserad 2140, 2145, 2150Hemogum \u0161ifra: 99-60-100","og_url":"https:\/\/hemogum.com\/assy-bearing-and-seal\/","og_site_name":"Hemogum","article_modified_time":"2023-12-19T11:37:01+00:00","og_image":[{"url":"https:\/\/hemogum.com\/wp-content\/uploads\/2019\/04\/101433460655.jpg","type":"","width":"","height":""}],"twitter_card":"summary_large_image","twitter_misc":{"\u041f\u0440\u043e\u0446\u0435\u045a\u0435\u043d\u043e \u0432\u0440\u0435\u043c\u0435 \u0447\u0438\u0442\u0430\u045a\u0430":"2 \u043c\u0438\u043d\u0443\u0442\u0430"},"schema":{"@context":"https:\/\/schema.org","@graph":[{"@type":"WebPage","@id":"https:\/\/hemogum.com\/assy-bearing-and-seal\/","url":"https:\/\/hemogum.com\/assy-bearing-and-seal\/","name":"Semerinzi sa le\u017eajem - Hemogum","isPartOf":{"@id":"https:\/\/hemogum.com\/sr\/#website"},"primaryImageOfPage":{"@id":"https:\/\/hemogum.com\/assy-bearing-and-seal\/#primaryimage"},"image":{"@id":"https:\/\/hemogum.com\/assy-bearing-and-seal\/#primaryimage"},"thumbnailUrl":"https:\/\/hemogum.com\/wp-content\/uploads\/2019\/04\/101433460655.jpg","datePublished":"2019-04-12T21:09:31+00:00","dateModified":"2023-12-19T11:37:01+00:00","breadcrumb":{"@id":"https:\/\/hemogum.com\/assy-bearing-and-seal\/#breadcrumb"},"inLanguage":"sr-RS","potentialAction":[{"@type":"ReadAction","target":["https:\/\/hemogum.com\/assy-bearing-and-seal\/"]}]},{"@type":"ImageObject","inLanguage":"sr-RS","@id":"https:\/\/hemogum.com\/assy-bearing-and-seal\/#primaryimage","url":"https:\/\/hemogum.com\/wp-content\/uploads\/2019\/04\/101433460655.jpg","contentUrl":"https:\/\/hemogum.com\/wp-content\/uploads\/2019\/04\/101433460655.jpg"},{"@type":"BreadcrumbList","@id":"https:\/\/hemogum.com\/assy-bearing-and-seal\/#breadcrumb","itemListElement":[{"@type":"ListItem","position":1,"name":"Home","item":"https:\/\/hemogum.com\/"},{"@type":"ListItem","position":2,"name":"Semerinzi sa le\u017eajem"}]},{"@type":"WebSite","@id":"https:\/\/hemogum.com\/sr\/#website","url":"https:\/\/hemogum.com\/sr\/","name":"Hemogum","description":"","potentialAction":[{"@type":"SearchAction","target":{"@type":"EntryPoint","urlTemplate":"https:\/\/hemogum.com\/sr\/?s={search_term_string}"},"query-input":{"@type":"PropertyValueSpecification","valueRequired":true,"valueName":"search_term_string"}}],"inLanguage":"sr-RS"}]}},"_links":{"self":[{"href":"https:\/\/hemogum.com\/sr\/wp-json\/wp\/v2\/pages\/628","targetHints":{"allow":["GET"]}}],"collection":[{"href":"https:\/\/hemogum.com\/sr\/wp-json\/wp\/v2\/pages"}],"about":[{"href":"https:\/\/hemogum.com\/sr\/wp-json\/wp\/v2\/types\/page"}],"author":[{"embeddable":true,"href":"https:\/\/hemogum.com\/sr\/wp-json\/wp\/v2\/users\/1"}],"replies":[{"embeddable":true,"href":"https:\/\/hemogum.com\/sr\/wp-json\/wp\/v2\/comments?post=628"}],"version-history":[{"count":3,"href":"https:\/\/hemogum.com\/sr\/wp-json\/wp\/v2\/pages\/628\/revisions"}],"predecessor-version":[{"id":1488,"href":"https:\/\/hemogum.com\/sr\/wp-json\/wp\/v2\/pages\/628\/revisions\/1488"}],"wp:attachment":[{"href":"https:\/\/hemogum.com\/sr\/wp-json\/wp\/v2\/media?parent=628"}],"curies":[{"name":"wp","href":"https:\/\/api.w.org\/{rel}","templated":true}]}}